{"id":12684,"date":"2022-10-27T13:41:17","date_gmt":"2022-10-27T10:41:17","guid":{"rendered":"https:\/\/www.mandellaistanbul.com\/product\/costume-blanc-a-motifs-de-brosse\/"},"modified":"2024-10-15T20:26:16","modified_gmt":"2024-10-15T17:26:16","slug":"ensemble-de-pinceaux-blancs-a-motifs","status":"publish","type":"product","link":"https:\/\/www.mandellaistanbul.com\/fr\/produit\/ensemble-de-pinceaux-blancs-a-motifs\/","title":{"rendered":"Ensemble de pinceaux blancs \u00e0 motifs"},"content":{"rendered":"<h3>Ensemble de chemises blanches \u00e0 motifs bross\u00e9s\u00a0: le point de rencontre de l&#8217;\u00e9l\u00e9gance et de la sophistication<\/h3>\n<h4>Ensemble de chemises blanches \u00e0 motifs bross\u00e9s<\/h4>\n<p>Les ensembles de chemises blanches \u00e0 motifs bross\u00e9s se composent de pi\u00e8ces sp\u00e9ciales qui s&#8217;adaptent \u00e0 chaque environnement en offrant \u00e0 la fois \u00e9l\u00e9gance et modernit\u00e9. L&#8217;aspect propre et frais du blanc et les touches artistiques des motifs bross\u00e9s font de ces ensembles une option parfaite pour la vie professionnelle et les invitations sp\u00e9ciales. Les ensembles de chemises blanches \u00e0 motifs bross\u00e9s incarnent l&#8217;\u00e9l\u00e9gance et la sophistication dans les moindres d\u00e9tails.<\/p>\n<h4>Prix des ensembles de chemises blanches \u00e0 motifs bross\u00e9s<\/h4>\n<p>Les prix des ensembles de <a href=\"https:\/\/www.mandellaistanbul.com\/toptan-gomlek\/\">chemises en gros<\/a> blanches \u00e0 motifs bross\u00e9s peuvent varier en fonction de la qualit\u00e9 du tissu utilis\u00e9, des d\u00e9tails de conception et de la marque. Les tissus de qualit\u00e9 et les motifs sp\u00e9ciaux se trouvent g\u00e9n\u00e9ralement dans des gammes de prix plus \u00e9lev\u00e9es. Cependant, en tant que Mandella Istanbul, nous vous proposons des produits de la plus haute qualit\u00e9 aux prix les plus abordables dans les achats d&#8217;ensembles de chemises en gros. Vous pouvez nous contacter pour des ensembles de chemises blanches \u00e0 motifs bross\u00e9s qui correspondent \u00e0 votre budget.<\/p>\n<h4>Mod\u00e8les d&#8217;ensembles de chemises blanches \u00e0 motifs bross\u00e9s<\/h4>\n<p>Les mod\u00e8les d&#8217;ensembles de chemises blanches \u00e0 motifs bross\u00e9s sont con\u00e7us pour plaire \u00e0 tous les go\u00fbts avec des coupes et des designs diff\u00e9rents. Propos\u00e9s dans une large gamme allant des mod\u00e8les \u00e0 col classique aux coupes modernes, des mod\u00e8les slim fit aux coupes d\u00e9contract\u00e9es, ces costumes peuvent \u00eatre facilement pr\u00e9f\u00e9r\u00e9s aussi bien dans la vie professionnelle que lors d&#8217;\u00e9v\u00e9nements sociaux. Avec la vari\u00e9t\u00e9 que nous proposons chez Mandella Istanbul pour les achats en gros d&#8217;ensembles de chemises, vous pouvez trouver les mod\u00e8les d&#8217;ensembles de chemises blanches \u00e0 motifs bross\u00e9s les plus \u00e9l\u00e9gants et les plus modernes qui r\u00e9pondent \u00e0 vos besoins.<\/p>\n<h3>Pourquoi devriez-vous pr\u00e9f\u00e9rer un ensemble de chemises blanches \u00e0 motifs bross\u00e9s ?<\/h3>\n<ul>\n<li><strong>\u00c9l\u00e9gance et \u00e9l\u00e9gance :<\/strong> L&#8217;aspect propre et frais du blanc et les touches artistiques des motifs bross\u00e9s cr\u00e9ent un style \u00e9l\u00e9gant et styl\u00e9.<\/li>\n<li><strong>Possibilit\u00e9s de combinaison polyvalentes :<\/strong> Les mod\u00e8les qui s&#8217;adapteront \u00e0 la fois \u00e0 votre vie professionnelle et sociale offrent une utilisation polyvalente.<\/li>\n<li><strong>Qualit\u00e9 et durabilit\u00e9 :<\/strong> Les ensembles de chemises blanches \u00e0 motifs bross\u00e9s propos\u00e9s par Mandella Istanbul offrent une utilisation \u00e0 long terme gr\u00e2ce \u00e0 leurs tissus de qualit\u00e9 et \u00e0 leurs designs \u00e9l\u00e9gants.<\/li>\n<\/ul>\n<h3>Mandella Istanbul : l&#8217;adresse fiable pour l&#8217;achat d&#8217;ensembles de chemises en gros<\/h3>\n<p>En tant que Mandella Istanbul, nous vous proposons des produits de la plus haute qualit\u00e9 et \u00e9l\u00e9gants aux prix les plus abordables pour vos achats en gros d&#8217;ensembles de chemises. Avec nos mod\u00e8les d&#8217;ensembles de chemises blanches \u00e0 motifs bross\u00e9s, vous pouvez \u00e0 la fois cr\u00e9er votre propre style et proposer une large gamme de produits \u00e0 vos clients. Choisissez Mandella Istanbul pour des ensembles de chemises blanches \u00e0 motifs bross\u00e9s de qualit\u00e9, \u00e9l\u00e9gants et modernes et refl\u00e9tez votre style.<\/p>\n","protected":false},"excerpt":{"rendered":"<p>L&#8217;ensemble short et chemise blanche \u00e0 motifs bross\u00e9s, sp\u00e9cialement con\u00e7u par Mandella Istanbul, offre un style original o\u00f9 les motifs et les touches artistiques rencontrent le confort moderne. Une option artistique et \u00e9l\u00e9gante.<\/p>\n","protected":false},"featured_media":12538,"comment_status":"open","ping_status":"closed","template":"","meta":[],"product_brand":[],"product_cat":[142,181],"product_tag":[],"class_list":{"0":"post-12684","1":"product","2":"type-product","3":"status-publish","4":"has-post-thumbnail","6":"product_cat-vente-en-gros-chemises","7":"product_cat-ensemble-short-et-chemise","8":"pa_beden-l-fr","9":"pa_beden-m-fr","10":"pa_beden-xl-fr","11":"pa_beden-xxl-fr","13":"first","14":"outofstock","15":"taxable","16":"shipping-taxable","17":"purchasable","18":"product-type-simple"},"_links":{"self":[{"href":"https:\/\/www.mandellaistanbul.com\/fr\/wp-json\/wp\/v2\/product\/12684","targetHints":{"allow":["GET"]}}],"collection":[{"href":"https:\/\/www.mandellaistanbul.com\/fr\/wp-json\/wp\/v2\/product"}],"about":[{"href":"https:\/\/www.mandellaistanbul.com\/fr\/wp-json\/wp\/v2\/types\/product"}],"replies":[{"embeddable":true,"href":"https:\/\/www.mandellaistanbul.com\/fr\/wp-json\/wp\/v2\/comments?post=12684"}],"version-history":[{"count":3,"href":"https:\/\/www.mandellaistanbul.com\/fr\/wp-json\/wp\/v2\/product\/12684\/revisions"}],"predecessor-version":[{"id":18449,"href":"https:\/\/www.mandellaistanbul.com\/fr\/wp-json\/wp\/v2\/product\/12684\/revisions\/18449"}],"wp:featuredmedia":[{"embeddable":true,"href":"https:\/\/www.mandellaistanbul.com\/fr\/wp-json\/wp\/v2\/media\/12538"}],"wp:attachment":[{"href":"https:\/\/www.mandellaistanbul.com\/fr\/wp-json\/wp\/v2\/media?parent=12684"}],"wp:term":[{"taxonomy":"product_brand","embeddable":true,"href":"https:\/\/www.mandellaistanbul.com\/fr\/wp-json\/wp\/v2\/product_brand?post=12684"},{"taxonomy":"product_cat","embeddable":true,"href":"https:\/\/www.mandellaistanbul.com\/fr\/wp-json\/wp\/v2\/product_cat?post=12684"},{"taxonomy":"product_tag","embeddable":true,"href":"https:\/\/www.mandellaistanbul.com\/fr\/wp-json\/wp\/v2\/product_tag?post=12684"}],"curies":[{"name":"wp","href":"https:\/\/api.w.org\/{rel}","templated":true}]}}