{"id":12683,"date":"2022-10-27T13:41:18","date_gmt":"2022-10-27T10:41:18","guid":{"rendered":"https:\/\/www.mandellaistanbul.com\/product\/costume-blanc-a-motifs-de-feuilles\/"},"modified":"2024-10-15T21:19:47","modified_gmt":"2024-10-15T18:19:47","slug":"costume-blanc-a-motifs-de-feuilles","status":"publish","type":"product","link":"https:\/\/www.mandellaistanbul.com\/fr\/produit\/costume-blanc-a-motifs-de-feuilles\/","title":{"rendered":"Costume blanc \u00e0 motifs de feuilles"},"content":{"rendered":"<p>Mod\u00e8les populaires de shorts et d&#8217;ensembles de chemises de Mandella Istanbul.<br \/>\nFabriqu\u00e9 en tissu 100 % coton.<br \/>\nNos produits sont vendus en s\u00e9rie. Il y a 5 produits dans 1 s\u00e9rie.<br \/>\nTailles des produits de la s\u00e9rie<br \/>\n1 pi\u00e8ce (M) &#8211; 2 pi\u00e8ces (L) &#8211; 1 pi\u00e8ce (XL) &#8211; 1 pi\u00e8ce (XXL)<\/p>\n<p>Une facture sp\u00e9ciale sera \u00e9mise pour toutes vos commandes.<br \/>\nLes frais d&#8217;exp\u00e9dition varient d&#8217;un pays \u00e0 l&#8217;autre. Une fois la commande effectu\u00e9e, les informations relatives au chargement vous seront envoy\u00e9es par Whatsapp.<\/p>\n","protected":false},"excerpt":{"rendered":"<p>1 Produit de s\u00e9rie. (5 PCS)<br \/>\nTailles : M L XL XXL<br \/>\nTissu utilis\u00e9 : 100% coton<br \/>\nVous ne pouvez commander que des s\u00e9ries. ( 5 pi\u00e8ces)<\/p>\n","protected":false},"featured_media":12541,"comment_status":"open","ping_status":"closed","template":"","meta":[],"product_brand":[],"product_cat":[142,181],"product_tag":[],"class_list":{"0":"post-12683","1":"product","2":"type-product","3":"status-publish","4":"has-post-thumbnail","6":"product_cat-vente-en-gros-chemises","7":"product_cat-ensemble-short-et-chemise","8":"pa_beden-l-fr","9":"pa_beden-m-fr","10":"pa_beden-xl-fr","11":"pa_beden-xxl-fr","13":"first","14":"outofstock","15":"taxable","16":"shipping-taxable","17":"purchasable","18":"product-type-simple"},"_links":{"self":[{"href":"https:\/\/www.mandellaistanbul.com\/fr\/wp-json\/wp\/v2\/product\/12683","targetHints":{"allow":["GET"]}}],"collection":[{"href":"https:\/\/www.mandellaistanbul.com\/fr\/wp-json\/wp\/v2\/product"}],"about":[{"href":"https:\/\/www.mandellaistanbul.com\/fr\/wp-json\/wp\/v2\/types\/product"}],"replies":[{"embeddable":true,"href":"https:\/\/www.mandellaistanbul.com\/fr\/wp-json\/wp\/v2\/comments?post=12683"}],"version-history":[{"count":3,"href":"https:\/\/www.mandellaistanbul.com\/fr\/wp-json\/wp\/v2\/product\/12683\/revisions"}],"predecessor-version":[{"id":18518,"href":"https:\/\/www.mandellaistanbul.com\/fr\/wp-json\/wp\/v2\/product\/12683\/revisions\/18518"}],"wp:featuredmedia":[{"embeddable":true,"href":"https:\/\/www.mandellaistanbul.com\/fr\/wp-json\/wp\/v2\/media\/12541"}],"wp:attachment":[{"href":"https:\/\/www.mandellaistanbul.com\/fr\/wp-json\/wp\/v2\/media?parent=12683"}],"wp:term":[{"taxonomy":"product_brand","embeddable":true,"href":"https:\/\/www.mandellaistanbul.com\/fr\/wp-json\/wp\/v2\/product_brand?post=12683"},{"taxonomy":"product_cat","embeddable":true,"href":"https:\/\/www.mandellaistanbul.com\/fr\/wp-json\/wp\/v2\/product_cat?post=12683"},{"taxonomy":"product_tag","embeddable":true,"href":"https:\/\/www.mandellaistanbul.com\/fr\/wp-json\/wp\/v2\/product_tag?post=12683"}],"curies":[{"name":"wp","href":"https:\/\/api.w.org\/{rel}","templated":true}]}}