{"id":12666,"date":"2022-10-27T13:41:20","date_gmt":"2022-10-27T10:41:20","guid":{"rendered":"https:\/\/www.mandellaistanbul.com\/product\/drapeau-usa-chemise-de-couleur-rouge\/"},"modified":"2024-10-13T14:05:05","modified_gmt":"2024-10-13T11:05:05","slug":"t-shirt-rouge-avec-drapeau-americain","status":"publish","type":"product","link":"https:\/\/www.mandellaistanbul.com\/fr\/produit\/t-shirt-rouge-avec-drapeau-americain\/","title":{"rendered":"T-shirt rouge avec drapeau am\u00e9ricain"},"content":{"rendered":"<p>La chemise imprim\u00e9e verte \u00e0 motifs de nuages apporte la paix et la fra\u00eecheur de la nature \u00e0 votre style. De jolis motifs de nuages sur fond vert conf\u00e8rent \u00e0 cette chemise un caract\u00e8re dynamique. Les d\u00e9tails \u00e9crits sur la chemise la rendent sp\u00e9ciale.<\/p>\n<p>  Fabriqu\u00e9e \u00e0 partir de mat\u00e9riaux de haute qualit\u00e9, la chemise imprim\u00e9e Cloud Patterned Green offre un confort tout au long de la journ\u00e9e gr\u00e2ce \u00e0 sa coupe confortable et \u00e0 son tissu respirant. Cette chemise, que vous pouvez facilement choisir pour le quotidien et les moments sp\u00e9ciaux, est un candidat pour devenir le favori de votre garde-robe.<\/p>\n","protected":false},"excerpt":{"rendered":"<p>La chemise imprim\u00e9e verte \u00e0 motifs de nuages refl\u00e8te la nature et la fra\u00eecheur de votre style. Une option remarquable avec de jolis motifs de nuages et des inscriptions sp\u00e9ciales.<\/p>\n","protected":false},"featured_media":12547,"comment_status":"open","ping_status":"closed","template":"","meta":[],"product_brand":[],"product_cat":[142,177],"product_tag":[],"class_list":{"0":"post-12666","1":"product","2":"type-product","3":"status-publish","4":"has-post-thumbnail","6":"product_cat-vente-en-gros-chemises","7":"product_cat-chemise-a-manches-courtes","8":"pa_beden-l-fr","9":"pa_beden-m-fr","10":"pa_beden-xl-fr","11":"pa_beden-xxl-fr","13":"first","14":"instock","15":"taxable","16":"shipping-taxable","17":"purchasable","18":"product-type-simple"},"_links":{"self":[{"href":"https:\/\/www.mandellaistanbul.com\/fr\/wp-json\/wp\/v2\/product\/12666","targetHints":{"allow":["GET"]}}],"collection":[{"href":"https:\/\/www.mandellaistanbul.com\/fr\/wp-json\/wp\/v2\/product"}],"about":[{"href":"https:\/\/www.mandellaistanbul.com\/fr\/wp-json\/wp\/v2\/types\/product"}],"replies":[{"embeddable":true,"href":"https:\/\/www.mandellaistanbul.com\/fr\/wp-json\/wp\/v2\/comments?post=12666"}],"version-history":[{"count":3,"href":"https:\/\/www.mandellaistanbul.com\/fr\/wp-json\/wp\/v2\/product\/12666\/revisions"}],"predecessor-version":[{"id":18311,"href":"https:\/\/www.mandellaistanbul.com\/fr\/wp-json\/wp\/v2\/product\/12666\/revisions\/18311"}],"wp:featuredmedia":[{"embeddable":true,"href":"https:\/\/www.mandellaistanbul.com\/fr\/wp-json\/wp\/v2\/media\/12547"}],"wp:attachment":[{"href":"https:\/\/www.mandellaistanbul.com\/fr\/wp-json\/wp\/v2\/media?parent=12666"}],"wp:term":[{"taxonomy":"product_brand","embeddable":true,"href":"https:\/\/www.mandellaistanbul.com\/fr\/wp-json\/wp\/v2\/product_brand?post=12666"},{"taxonomy":"product_cat","embeddable":true,"href":"https:\/\/www.mandellaistanbul.com\/fr\/wp-json\/wp\/v2\/product_cat?post=12666"},{"taxonomy":"product_tag","embeddable":true,"href":"https:\/\/www.mandellaistanbul.com\/fr\/wp-json\/wp\/v2\/product_tag?post=12666"}],"curies":[{"name":"wp","href":"https:\/\/api.w.org\/{rel}","templated":true}]}}