{"id":12663,"date":"2022-10-27T13:41:28","date_gmt":"2022-10-27T10:41:28","guid":{"rendered":"https:\/\/www.mandellaistanbul.com\/product\/texas-chemise-de-couleur-noire\/"},"modified":"2024-10-15T20:27:12","modified_gmt":"2024-10-15T17:27:12","slug":"chemise-noire-a-motifs-du-texas","status":"publish","type":"product","link":"https:\/\/www.mandellaistanbul.com\/fr\/produit\/chemise-noire-a-motifs-du-texas\/","title":{"rendered":"Chemise noire \u00e0 motifs du Texas"},"content":{"rendered":"<h3>Chemise noire \u00e0 motifs Texas : style audacieux et charismatique<\/h3>\n<p>La <a href=\"https:\/\/www.mandellaistanbul.com\/toptan-gomlek\/\">chemise toptan<\/a> \u00e0 motifs Texas noirs attire l&#8217;attention avec ses motifs originaux qui allient \u00e9l\u00e9gance et courage. Ces chemises sont le choix id\u00e9al pour ceux qui veulent avoir du style aussi bien au quotidien que lors d&#8217;\u00e9v\u00e9nements sp\u00e9ciaux.<\/p>\n<h4>Chemise noire \u00e0 motifs Texas<\/h4>\n<ul>\n<li><strong>Motif original<\/strong>\u00a0: les motifs sur le th\u00e8me du Texas offrent un look audacieux et charismatique sur un fond noir.<\/li>\n<li><strong>Tissu de haute qualit\u00e9<\/strong>\u00a0: fabriqu\u00e9 \u00e0 partir de tissus 100 % coton ou de tissus m\u00e9lang\u00e9s de coton de qualit\u00e9.<\/li>\n<li><strong>Coupe d\u00e9contract\u00e9e<\/strong>\u00a0: offre une utilisation \u00e0 la fois \u00e9l\u00e9gante et confortable.<\/li>\n<\/ul>\n<h4>Mod\u00e8les de chemises \u00e0 motifs Texas<\/h4>\n<p>Les chemises \u00e0 motifs Texas sont propos\u00e9es dans diff\u00e9rentes coupes et designs. Voici quelques-uns des mod\u00e8les les plus populaires\u00a0:<\/p>\n<ul>\n<li><strong>Mod\u00e8les \u00e0 manches courtes\u00a0:<\/strong> Mod\u00e8les \u00e0 manches courtes id\u00e9aux pour les chaudes journ\u00e9es d&#8217;\u00e9t\u00e9.<\/li>\n<li><strong>Mod\u00e8les \u00e0 manches longues\u00a0:<\/strong> Options \u00e0 manches longues qui offrent de l&#8217;\u00e9l\u00e9gance aussi bien pour le travail que pour un usage quotidien.<\/li>\n<li><strong>Coupe Slim Fit\u00a0:<\/strong> Mod\u00e8les \u00e0 coupe slim pour un look moderne et \u00e9l\u00e9gant.<\/li>\n<li><strong>Coupe Regular Fit\u00a0:<\/strong> Coupes classiques pour une utilisation plus confortable.<\/li>\n<\/ul>\n<h3>\u00c9l\u00e9ments \u00e0 prendre en compte lors du choix d&#8217;une chemise \u00e0 motifs texans<\/h3>\n<ul>\n<li><strong>Qualit\u00e9 du tissu\u00a0:<\/strong> Choisissez des tissus de haute qualit\u00e9 et respirants.<\/li>\n<li><strong>Assortiment des motifs et des couleurs\u00a0:<\/strong> Choisissez des motifs et des couleurs compatibles avec d&#8217;autres pi\u00e8ces de votre garde-robe.<\/li>\n<li><strong>Taille et coupe\u00a0:<\/strong> Il est important de choisir la bonne taille et la bonne coupe pour un look \u00e0 la fois \u00e9l\u00e9gant et confortable Regardez.<\/li>\n<\/ul>\n<p>Mandella As Istanbul, nous vous proposons les mod\u00e8les de chemises noires \u00e0 motifs Texas les plus \u00e9l\u00e9gants et de la plus haute qualit\u00e9. Jetez un \u0153il \u00e0 notre collection et trouvez d\u00e8s maintenant la chemise qui correspond \u00e0 votre style\u00a0!<\/p>\n","protected":false},"excerpt":{"rendered":"<p>La chemise noire \u00e0 motifs du Texas pr\u00e9sente le style western dans une perspective moderne. Il ajoute du caract\u00e8re \u00e0 votre style gr\u00e2ce \u00e0 sa couleur noire et \u00e0 son design unique.<\/p>\n","protected":false},"featured_media":12559,"comment_status":"open","ping_status":"closed","template":"","meta":[],"product_brand":[],"product_cat":[142,177],"product_tag":[],"class_list":{"0":"post-12663","1":"product","2":"type-product","3":"status-publish","4":"has-post-thumbnail","6":"product_cat-vente-en-gros-chemises","7":"product_cat-chemise-a-manches-courtes","8":"pa_beden-l-fr","9":"pa_beden-m-fr","10":"pa_beden-xl-fr","11":"pa_beden-xxl-fr","13":"first","14":"instock","15":"taxable","16":"shipping-taxable","17":"purchasable","18":"product-type-simple"},"_links":{"self":[{"href":"https:\/\/www.mandellaistanbul.com\/fr\/wp-json\/wp\/v2\/product\/12663","targetHints":{"allow":["GET"]}}],"collection":[{"href":"https:\/\/www.mandellaistanbul.com\/fr\/wp-json\/wp\/v2\/product"}],"about":[{"href":"https:\/\/www.mandellaistanbul.com\/fr\/wp-json\/wp\/v2\/types\/product"}],"replies":[{"embeddable":true,"href":"https:\/\/www.mandellaistanbul.com\/fr\/wp-json\/wp\/v2\/comments?post=12663"}],"version-history":[{"count":3,"href":"https:\/\/www.mandellaistanbul.com\/fr\/wp-json\/wp\/v2\/product\/12663\/revisions"}],"predecessor-version":[{"id":18451,"href":"https:\/\/www.mandellaistanbul.com\/fr\/wp-json\/wp\/v2\/product\/12663\/revisions\/18451"}],"wp:featuredmedia":[{"embeddable":true,"href":"https:\/\/www.mandellaistanbul.com\/fr\/wp-json\/wp\/v2\/media\/12559"}],"wp:attachment":[{"href":"https:\/\/www.mandellaistanbul.com\/fr\/wp-json\/wp\/v2\/media?parent=12663"}],"wp:term":[{"taxonomy":"product_brand","embeddable":true,"href":"https:\/\/www.mandellaistanbul.com\/fr\/wp-json\/wp\/v2\/product_brand?post=12663"},{"taxonomy":"product_cat","embeddable":true,"href":"https:\/\/www.mandellaistanbul.com\/fr\/wp-json\/wp\/v2\/product_cat?post=12663"},{"taxonomy":"product_tag","embeddable":true,"href":"https:\/\/www.mandellaistanbul.com\/fr\/wp-json\/wp\/v2\/product_tag?post=12663"}],"curies":[{"name":"wp","href":"https:\/\/api.w.org\/{rel}","templated":true}]}}