{"id":12661,"date":"2022-10-27T13:41:29","date_gmt":"2022-10-27T10:41:29","guid":{"rendered":"https:\/\/www.mandellaistanbul.com\/product\/ligne-large-jaune-noir\/"},"modified":"2024-10-15T22:22:47","modified_gmt":"2024-10-15T19:22:47","slug":"chemise-noire-a-rayures-epaisses-jaunes","status":"publish","type":"product","link":"https:\/\/www.mandellaistanbul.com\/fr\/produit\/chemise-noire-a-rayures-epaisses-jaunes\/","title":{"rendered":"Chemise Noire \u00c0 Rayures \u00c9paisses Jaunes"},"content":{"rendered":"<h3>Chemise \u00e0 rayures \u00e9paisses jaune et noir : un style vivant et \u00e9nergique<\/h3>\n<h4>Collection de chemises \u00e0 rayures \u00e9paisses jaune et noir de Mandella Istanbul<\/h4>\n<p>Mandella Istanbul est l\u00e0 avec sa collection de chemises \u00e0 rayures \u00e9paisses jaune et noir en gros qui ajoutera un air \u00e9nergique aux \u00e9tag\u00e8res de votre magasin. Con\u00e7ues avec des couleurs vives et des lignes accrocheuses, ces chemises offrent \u00e0 vos clients un look moderne et dynamique. Voici ce que vous devez savoir sur ces chemises accrocheuses :<\/p>\n<h3>Mod\u00e8les de chemises \u00e0 rayures \u00e9paisses jaune et noir<\/h3>\n<p>Mandella Istanbul propose une large gamme de mod\u00e8les de <a href=\"https:\/\/www.mandellaistanbul.com\/toptan-gomlek\/\">chemises toptan<\/a> \u00e0 rayures \u00e9paisses jaune et noir. S\u00e9duisant tous les go\u00fbts avec diff\u00e9rentes options de motifs et de design, ces chemises enrichissent les garde-robes. Parfaits pour un usage quotidien, ces mod\u00e8les mettent \u00e9galement en valeur votre style lors d&#8217;\u00e9v\u00e9nements sp\u00e9ciaux. Con\u00e7ues avec la position \u00e9nergique des lignes \u00e9paisses jaunes et noires, ces chemises attirent l&#8217;attention de chaque client et soulignent son style. Les designs innovants de Mandella Istanbul \u00e9largissent la gamme de produits de votre magasin et augmentent la satisfaction de vos clients.<\/p>\n<h3>Qualit\u00e9 et confort<\/h3>\n<p>En tant que Mandella Istanbul, nous accordons la priorit\u00e9 \u00e0 la qualit\u00e9 et \u00e0 la satisfaction de nos clients dans chacun de nos produits. Nos chemises jaunes et noires \u00e0 rayures \u00e9paisses sont le reflet de cette compr\u00e9hension. Fabriqu\u00e9es avec des tissus de haute qualit\u00e9 et une finition m\u00e9ticuleuse, ces chemises offrent une utilisation durable et confortable. Gr\u00e2ce aux tissus respirants et doux pour la peau, vos clients se sentent \u00e0 l&#8217;aise toute la journ\u00e9e. Ces chemises, faciles \u00e0 repasser et \u00e0 entretenir, offrent une utilisation pratique et sont id\u00e9ales pour vos clients qui souhaitent se pr\u00e9parer rapidement. Offrant \u00e0 la fois \u00e9l\u00e9gance et confort, ces chemises seront l&#8217;un des produits les plus populaires de votre magasin.<\/p>\n<h3>Prix des chemises jaunes et noires \u00e0 rayures \u00e9paisses<\/h3>\n<p>Mandella Istanbul propose des chemises jaunes et noires \u00e0 rayures \u00e9paisses \u00e0 des prix de gros abordables. Sans compromettre la qualit\u00e9, nous offrons \u00e0 nos clients commerciaux la possibilit\u00e9 de saisir l&#8217;\u00e9l\u00e9gance avec des options adapt\u00e9es \u00e0 leur budget. Dans notre collection, vous pouvez trouver une large gamme dans diff\u00e9rentes gammes de prix et choisir les chemises qui conviennent le mieux au style de votre magasin. Avec des remises et des campagnes effectu\u00e9es pendant certaines p\u00e9riodes, vous pouvez acheter ces chemises \u00e9l\u00e9gantes \u00e0 des prix encore plus abordables. Vous pouvez suivre r\u00e9guli\u00e8rement notre site Web pour les campagnes en cours et les offres sp\u00e9ciales. Mandella Istanbul allie une qualit\u00e9 \u00e9lev\u00e9e \u00e0 des prix abordables et vous permet d&#8217;offrir les meilleurs produits \u00e0 vos clients.<\/p>\n<h3>Commandez maintenant<\/h3>\n<p>Vous pouvez apporter l&#8217;\u00e9nergie et la vivacit\u00e9 des chemises \u00e0 rayures \u00e9paisses jaunes et noires \u00e0 votre magasin en commandant imm\u00e9diatement des chemises en gros sur notre site Web. N&#8217;oubliez pas, ayez toujours une longueur d&#8217;avance avec Mandella Istanbul et offrez les meilleurs produits \u00e0 vos clients. Avec l&#8217;importance que nous accordons \u00e0 la satisfaction du client, nous vous livrons vos commandes rapidement et en toute s\u00e9curit\u00e9. Renouvelez votre magasin et soyez toujours \u00e0 votre meilleur en faisant des achats en gros chez Mandella Istanbul, o\u00f9 qualit\u00e9 et \u00e9l\u00e9gance se rencontrent !<\/p>\n","protected":false},"excerpt":{"rendered":"<p>1 Produit de s\u00e9rie. (5 PCS)<br \/>\n  Tailles : M L XL XXL<br \/>\n  Tissu utilis\u00e9 : 100% coton<br \/>\n  Vous ne pouvez commander que des s\u00e9ries. ( 5 pi\u00e8ces)<\/p>\n","protected":false},"featured_media":12562,"comment_status":"open","ping_status":"closed","template":"","meta":[],"product_brand":[],"product_cat":[142,177],"product_tag":[],"class_list":{"0":"post-12661","1":"product","2":"type-product","3":"status-publish","4":"has-post-thumbnail","6":"product_cat-vente-en-gros-chemises","7":"product_cat-chemise-a-manches-courtes","8":"pa_beden-l-fr","9":"pa_beden-m-fr","10":"pa_beden-xl-fr","11":"pa_beden-xxl-fr","13":"first","14":"outofstock","15":"taxable","16":"shipping-taxable","17":"purchasable","18":"product-type-simple"},"_links":{"self":[{"href":"https:\/\/www.mandellaistanbul.com\/fr\/wp-json\/wp\/v2\/product\/12661","targetHints":{"allow":["GET"]}}],"collection":[{"href":"https:\/\/www.mandellaistanbul.com\/fr\/wp-json\/wp\/v2\/product"}],"about":[{"href":"https:\/\/www.mandellaistanbul.com\/fr\/wp-json\/wp\/v2\/types\/product"}],"replies":[{"embeddable":true,"href":"https:\/\/www.mandellaistanbul.com\/fr\/wp-json\/wp\/v2\/comments?post=12661"}],"version-history":[{"count":3,"href":"https:\/\/www.mandellaistanbul.com\/fr\/wp-json\/wp\/v2\/product\/12661\/revisions"}],"predecessor-version":[{"id":18638,"href":"https:\/\/www.mandellaistanbul.com\/fr\/wp-json\/wp\/v2\/product\/12661\/revisions\/18638"}],"wp:featuredmedia":[{"embeddable":true,"href":"https:\/\/www.mandellaistanbul.com\/fr\/wp-json\/wp\/v2\/media\/12562"}],"wp:attachment":[{"href":"https:\/\/www.mandellaistanbul.com\/fr\/wp-json\/wp\/v2\/media?parent=12661"}],"wp:term":[{"taxonomy":"product_brand","embeddable":true,"href":"https:\/\/www.mandellaistanbul.com\/fr\/wp-json\/wp\/v2\/product_brand?post=12661"},{"taxonomy":"product_cat","embeddable":true,"href":"https:\/\/www.mandellaistanbul.com\/fr\/wp-json\/wp\/v2\/product_cat?post=12661"},{"taxonomy":"product_tag","embeddable":true,"href":"https:\/\/www.mandellaistanbul.com\/fr\/wp-json\/wp\/v2\/product_tag?post=12661"}],"curies":[{"name":"wp","href":"https:\/\/api.w.org\/{rel}","templated":true}]}}