{"id":12660,"date":"2022-10-27T13:41:30","date_gmt":"2022-10-27T10:41:30","guid":{"rendered":"https:\/\/www.mandellaistanbul.com\/product\/ligne-large-orange-noir\/"},"modified":"2024-10-15T22:09:17","modified_gmt":"2024-10-15T19:09:17","slug":"chemise-noire-a-rayures-epaisses-orange","status":"publish","type":"product","link":"https:\/\/www.mandellaistanbul.com\/fr\/produit\/chemise-noire-a-rayures-epaisses-orange\/","title":{"rendered":"Chemise Noire \u00c0 Rayures \u00c9paisses Orange"},"content":{"rendered":"<h3>Chemise Orange Noir Ray\u00e9e \u00c9paisse : Style Audacieux et Dynamique<\/h3>\n<h4>Collection de Chemises Orange Noir Ray\u00e9e \u00c9paisse de Mandella Istanbul<\/h4>\n<p>Mandella Istanbul est l\u00e0 avec sa collection de chemises en gros con\u00e7ue avec de superbes rayures orange et noires \u00e9paisses. Voici ce que vous devez savoir sur ces chemises qui gagneront l&#8217;appr\u00e9ciation de vos clients commerciaux qui souhaitent ajouter une atmosph\u00e8re moderne et dynamique aux vitrines de votre magasin :<\/p>\n<h3>Mod\u00e8les de Chemises Orange Noir Ray\u00e9e \u00c9paisse<\/h3>\n<p>Mandella Istanbul propose une large gamme de mod\u00e8les de <a href=\"https:\/\/www.mandellaistanbul.com\/toptan-gomlek\/\">chemises toptan<\/a> \u00e0 rayures \u00e9paisses orange noir. Con\u00e7ues avec diff\u00e9rentes combinaisons de couleurs et de motifs, ces chemises plaisent \u00e0 tous les go\u00fbts et enrichissent les garde-robes. Adapt\u00e9es \u00e0 la fois \u00e0 un usage quotidien et \u00e0 des \u00e9v\u00e9nements sp\u00e9ciaux, ces mod\u00e8les mettent en valeur votre style avec leurs lignes audacieuses. Con\u00e7ues avec la position dynamique et \u00e9nergique des rayures orange et noires \u00e9paisses, ces chemises soulignent l&#8217;\u00e9l\u00e9gance et la gr\u00e2ce de chaque client. Ces chemises, qui augmentent la vari\u00e9t\u00e9 de produits de votre magasin, sont un choix parfait pour les clients qui suivent de pr\u00e8s la mode.<\/p>\n<h3>Qualit\u00e9 et confort<\/h3>\n<p>En tant que Mandella Istanbul, nous accordons la priorit\u00e9 \u00e0 la qualit\u00e9 et \u00e0 la satisfaction du client dans chacun de nos produits. Nos chemises \u00e0 rayures \u00e9paisses orange et noires sont le reflet de cette compr\u00e9hension. Fabriqu\u00e9es avec des tissus de haute qualit\u00e9 et une finition m\u00e9ticuleuse, ces chemises offrent une utilisation durable et confortable. Gr\u00e2ce aux tissus respirants et doux pour la peau, vos clients se sentent \u00e0 l&#8217;aise toute la journ\u00e9e. Ces chemises, faciles \u00e0 repasser et \u00e0 entretenir, offrent une utilisation pratique et sont id\u00e9ales pour vos clients qui souhaitent se pr\u00e9parer rapidement.<\/p>\n<h3>Prix des chemises \u00e0 rayures orange et noires audacieuses<\/h3>\n<p>Mandella Istanbul propose des chemises \u00e0 rayures \u00e9paisses orange et noires \u00e0 des prix de gros abordables. Sans compromettre la qualit\u00e9, nous offrons \u00e0 nos clients commerciaux la possibilit\u00e9 de saisir l&#8217;\u00e9l\u00e9gance avec des options adapt\u00e9es \u00e0 leur budget. Dans notre collection, vous pouvez trouver une large gamme dans diff\u00e9rentes gammes de prix et choisir les chemises qui conviennent le mieux au style de votre magasin. Vous pouvez acheter ces chemises \u00e9l\u00e9gantes \u00e0 des prix encore plus abordables gr\u00e2ce aux remises et aux campagnes r\u00e9alis\u00e9es pendant certaines p\u00e9riodes. Vous pouvez suivre r\u00e9guli\u00e8rement notre site Web pour conna\u00eetre les campagnes en cours et les offres sp\u00e9ciales.<\/p>\n<h3>Commandez maintenant<\/h3>\n<p>Vous pouvez apporter le dynamisme et la modernit\u00e9 des chemises \u00e0 rayures \u00e9paisses orange et noires \u00e0 votre magasin en commandant imm\u00e9diatement des chemises en gros sur notre site Web. N&#8217;oubliez pas, ayez toujours une longueur d&#8217;avance avec Mandella Istanbul et offrez \u00e0 vos clients les meilleurs produits. Avec l&#8217;importance que nous accordons \u00e0 la satisfaction de nos clients, nous vous livrons vos commandes rapidement et en toute s\u00e9curit\u00e9. Renouvelez votre magasin et soyez toujours \u00e0 votre meilleur en achetant en gros chez Mandella Istanbul, o\u00f9 qualit\u00e9 et \u00e9l\u00e9gance se rencontrent !<\/p>\n","protected":false},"excerpt":{"rendered":"<p>La chemise noire \u00e0 larges rayures orange est id\u00e9ale pour ceux qui recherchent un style audacieux et original. Ajoutez de l&#8217;\u00e9nergie \u00e0 votre style avec des rayures orange et noires.<\/p>\n","protected":false},"featured_media":12565,"comment_status":"open","ping_status":"closed","template":"","meta":[],"product_brand":[],"product_cat":[142,177],"product_tag":[],"class_list":{"0":"post-12660","1":"product","2":"type-product","3":"status-publish","4":"has-post-thumbnail","6":"product_cat-vente-en-gros-chemises","7":"product_cat-chemise-a-manches-courtes","8":"pa_beden-l-fr","9":"pa_beden-m-fr","10":"pa_beden-xl-fr","11":"pa_beden-xxl-fr","13":"first","14":"outofstock","15":"taxable","16":"shipping-taxable","17":"purchasable","18":"product-type-simple"},"_links":{"self":[{"href":"https:\/\/www.mandellaistanbul.com\/fr\/wp-json\/wp\/v2\/product\/12660","targetHints":{"allow":["GET"]}}],"collection":[{"href":"https:\/\/www.mandellaistanbul.com\/fr\/wp-json\/wp\/v2\/product"}],"about":[{"href":"https:\/\/www.mandellaistanbul.com\/fr\/wp-json\/wp\/v2\/types\/product"}],"replies":[{"embeddable":true,"href":"https:\/\/www.mandellaistanbul.com\/fr\/wp-json\/wp\/v2\/comments?post=12660"}],"version-history":[{"count":3,"href":"https:\/\/www.mandellaistanbul.com\/fr\/wp-json\/wp\/v2\/product\/12660\/revisions"}],"predecessor-version":[{"id":18624,"href":"https:\/\/www.mandellaistanbul.com\/fr\/wp-json\/wp\/v2\/product\/12660\/revisions\/18624"}],"wp:featuredmedia":[{"embeddable":true,"href":"https:\/\/www.mandellaistanbul.com\/fr\/wp-json\/wp\/v2\/media\/12565"}],"wp:attachment":[{"href":"https:\/\/www.mandellaistanbul.com\/fr\/wp-json\/wp\/v2\/media?parent=12660"}],"wp:term":[{"taxonomy":"product_brand","embeddable":true,"href":"https:\/\/www.mandellaistanbul.com\/fr\/wp-json\/wp\/v2\/product_brand?post=12660"},{"taxonomy":"product_cat","embeddable":true,"href":"https:\/\/www.mandellaistanbul.com\/fr\/wp-json\/wp\/v2\/product_cat?post=12660"},{"taxonomy":"product_tag","embeddable":true,"href":"https:\/\/www.mandellaistanbul.com\/fr\/wp-json\/wp\/v2\/product_tag?post=12660"}],"curies":[{"name":"wp","href":"https:\/\/api.w.org\/{rel}","templated":true}]}}