{"id":12646,"date":"2022-10-27T13:41:35","date_gmt":"2022-10-27T10:41:35","guid":{"rendered":"https:\/\/www.mandellaistanbul.com\/product\/chemise-en-lin-a-manches-longues-v3\/"},"modified":"2024-10-15T20:49:55","modified_gmt":"2024-10-15T17:49:55","slug":"chemise-a-manches-longues-a-rayures-bleues","status":"publish","type":"product","link":"https:\/\/www.mandellaistanbul.com\/fr\/produit\/chemise-a-manches-longues-a-rayures-bleues\/","title":{"rendered":"Chemise \u00e0 manches longues \u00e0 rayures bleues"},"content":{"rendered":"<h2>Chemise ray\u00e9e bleue \u00e0 manches longues en gros : des options cool et \u00e9l\u00e9gantes<\/h2>\n<p>Mandella Istanbul vous pr\u00e9sente sa collection de chemises ray\u00e9es bleues \u00e0 manches longues en gros con\u00e7ues avec des touches cool et \u00e9l\u00e9gantes. \u00c0 la fois accrocheuses et confortables, ces chemises mettront en valeur votre style. Voici ce que vous devez savoir sur les chemises ray\u00e9es bleues \u00e0 manches longues en gros :<\/p>\n<h3>Ensembles de chemises ray\u00e9es bleues \u00e0 manches longues en gros<\/h3>\n<p><strong>Combinaisons uniques :<\/strong> Les ensembles de chemises ray\u00e9es bleues \u00e0 manches longues offrent une harmonie parfaite avec une chemise et un pantalon ou un short. Ces ensembles sont con\u00e7us aussi bien pour un usage quotidien que pour des occasions sp\u00e9ciales.<\/p>\n<p><strong>Confortables et \u00e9l\u00e9gants :<\/strong> Refl\u00e9tant le style ray\u00e9, ces ensembles offrent une utilisation \u00e0 la fois confortable et \u00e9l\u00e9gante. Fabriqu\u00e9s avec des tissus respirants et une finition soign\u00e9e, ces costumes vous assurent une journ\u00e9e confortable.<\/p>\n<h3>Mod\u00e8les de chemises pour hommes \u00e0 rayures bleues<\/h3>\n<p><strong>Divers mod\u00e8les\u00a0:<\/strong> Mandella Istanbul propose une large gamme de mod\u00e8les de <a href=\"https:\/\/www.mandellaistanbul.com\/toptan-gomlek\/\">chemises en gros<\/a> pour hommes \u00e0 rayures bleues. Des mod\u00e8les qui plaisent \u00e0 tous les go\u00fbts avec diff\u00e9rentes options de col et de coupe enrichissent votre garde-robe.<\/p>\n<p><strong>Style intemporel\u00a0:<\/strong> les chemises pour hommes \u00e0 rayures bleues maintiennent votre \u00e9l\u00e9gance \u00e0 chaque \u00e9poque avec leurs designs intemporels. Ces chemises, que vous pouvez utiliser aussi bien au quotidien que lors d&#8217;occasions sp\u00e9ciales, compl\u00e8tent votre style.<\/p>\n<h3>Chemises pour hommes \u00e0 rayures bleues en gros<\/h3>\n<p><strong>Classique et moderne\u00a0:<\/strong> les chemises pour hommes \u00e0 manches longues \u00e0 rayures bleues offrent des d\u00e9tails classiques et modernes \u00e0 la fois. Combinant l&#8217;\u00e9l\u00e9gance du pass\u00e9 avec le confort d&#8217;aujourd&#8217;hui, ces chemises mettent en valeur votre style.<\/p>\n<p><strong>Facilit\u00e9 d&#8217;utilisation :<\/strong> Faciles \u00e0 repasser et \u00e0 entretenir, les chemises \u00e0 rayures bleues \u00e0 manches longues pour hommes offrent une utilisation pratique. Elles seront votre sauveur lorsque vous voudrez vous pr\u00e9parer rapidement.<\/p>\n<h3>Prix de gros des chemises \u00e0 rayures bleues<\/h3>\n<p><strong>Prix abordables :<\/strong> Mandella Istanbul propose des chemises \u00e0 rayures bleues \u00e0 des prix abordables. Vous pouvez atteindre l&#8217;\u00e9l\u00e9gance avec des options adapt\u00e9es \u00e0 votre budget sans compromettre la qualit\u00e9.<\/p>\n<p><strong>Remises et campagnes :<\/strong> Vous pouvez acheter des chemises \u00e0 rayures bleues \u00e0 des prix encore plus abordables avec des remises et des campagnes organis\u00e9es pendant certaines p\u00e9riodes. Vous pouvez suivre notre site Web pour les campagnes en cours.<\/p>\n<h3>Qualit\u00e9 Mandella Istanbul<\/h3>\n<p>En tant que Mandella Istanbul, nous accordons la priorit\u00e9 \u00e0 la qualit\u00e9 et \u00e0 la satisfaction du client dans chacun de nos produits. Nos chemises \u00e0 rayures bleues \u00e0 manches longues sont le reflet de cette compr\u00e9hension. Ces chemises, fabriqu\u00e9es avec des tissus soigneusement s\u00e9lectionn\u00e9s et une finition soign\u00e9e, offrent une utilisation durable et confortable.<\/p>\n<p>Vous pouvez porter l&#8217;\u00e9l\u00e9gance des chemises \u00e0 rayures bleues \u00e0 manches longues dans votre magasin en passant imm\u00e9diatement une commande en gros sur notre site Web. N&#8217;oubliez pas que votre \u00e9l\u00e9gance a toujours une longueur d&#8217;avance avec Mandella Istanbul !<\/p>\n","protected":false},"excerpt":{"rendered":"<p>La chemise \u00e0 manches longues en lin V3 combine l&#8217;effet rafra\u00eechissant du lin et la fonctionnalit\u00e9 d&#8217;un mod\u00e8le \u00e0 manches longues. Soyez \u00e9l\u00e9gant en toute saison.<\/p>\n","protected":false},"featured_media":12577,"comment_status":"open","ping_status":"closed","template":"","meta":[],"product_brand":[],"product_cat":[142,221],"product_tag":[],"class_list":{"0":"post-12646","1":"product","2":"type-product","3":"status-publish","4":"has-post-thumbnail","6":"product_cat-vente-en-gros-chemises","7":"product_cat-chemise-en-lin-a-manches-longues","8":"pa_beden-l-fr","9":"pa_beden-m-fr","10":"pa_beden-xl-fr","11":"pa_beden-xxl-fr","13":"first","14":"outofstock","15":"taxable","16":"shipping-taxable","17":"purchasable","18":"product-type-simple"},"_links":{"self":[{"href":"https:\/\/www.mandellaistanbul.com\/fr\/wp-json\/wp\/v2\/product\/12646","targetHints":{"allow":["GET"]}}],"collection":[{"href":"https:\/\/www.mandellaistanbul.com\/fr\/wp-json\/wp\/v2\/product"}],"about":[{"href":"https:\/\/www.mandellaistanbul.com\/fr\/wp-json\/wp\/v2\/types\/product"}],"replies":[{"embeddable":true,"href":"https:\/\/www.mandellaistanbul.com\/fr\/wp-json\/wp\/v2\/comments?post=12646"}],"version-history":[{"count":3,"href":"https:\/\/www.mandellaistanbul.com\/fr\/wp-json\/wp\/v2\/product\/12646\/revisions"}],"predecessor-version":[{"id":18466,"href":"https:\/\/www.mandellaistanbul.com\/fr\/wp-json\/wp\/v2\/product\/12646\/revisions\/18466"}],"wp:featuredmedia":[{"embeddable":true,"href":"https:\/\/www.mandellaistanbul.com\/fr\/wp-json\/wp\/v2\/media\/12577"}],"wp:attachment":[{"href":"https:\/\/www.mandellaistanbul.com\/fr\/wp-json\/wp\/v2\/media?parent=12646"}],"wp:term":[{"taxonomy":"product_brand","embeddable":true,"href":"https:\/\/www.mandellaistanbul.com\/fr\/wp-json\/wp\/v2\/product_brand?post=12646"},{"taxonomy":"product_cat","embeddable":true,"href":"https:\/\/www.mandellaistanbul.com\/fr\/wp-json\/wp\/v2\/product_cat?post=12646"},{"taxonomy":"product_tag","embeddable":true,"href":"https:\/\/www.mandellaistanbul.com\/fr\/wp-json\/wp\/v2\/product_tag?post=12646"}],"curies":[{"name":"wp","href":"https:\/\/api.w.org\/{rel}","templated":true}]}}