{"id":12645,"date":"2022-10-27T13:41:36","date_gmt":"2022-10-27T10:41:36","guid":{"rendered":"https:\/\/www.mandellaistanbul.com\/product\/chemise-en-lin-a-manches-longues-v4\/"},"modified":"2024-10-15T21:05:27","modified_gmt":"2024-10-15T18:05:27","slug":"chemise-a-manches-longues-a-rayures-rouges","status":"publish","type":"product","link":"https:\/\/www.mandellaistanbul.com\/fr\/produit\/chemise-a-manches-longues-a-rayures-rouges\/","title":{"rendered":"Chemise \u00e0 manches longues \u00e0 rayures rouges"},"content":{"rendered":"<h2>Chemise \u00e0 manches longues \u00e0 rayures rouges en gros : des options \u00e9nergiques et \u00e9l\u00e9gantes<\/h2>\n<p>Mandella Istanbul vous pr\u00e9sente sa collection de chemises \u00e0 manches longues \u00e0 rayures rouges en gros, con\u00e7ue avec des touches \u00e9nergiques et \u00e9l\u00e9gantes. \u00c0 la fois accrocheuses et confortables, ces chemises mettront en valeur votre style. Voici ce que vous devez savoir sur les chemises \u00e0 manches longues \u00e0 rayures rouges en gros :<\/p>\n<h3>Ensembles de chemises \u00e0 manches longues \u00e0 rayures rouges en gros<\/h3>\n<p><strong>Combinaisons uniques :<\/strong> les ensembles de chemises \u00e0 manches longues \u00e0 rayures rouges s&#8217;associent parfaitement avec des chemises et des pantalons ou des shorts. Ces ensembles sont con\u00e7us aussi bien pour un usage quotidien que pour des occasions sp\u00e9ciales.<\/p>\n<p><strong>Confortables et \u00e9l\u00e9gants :<\/strong> refl\u00e9tant le style ray\u00e9, ces ensembles offrent une utilisation \u00e0 la fois confortable et \u00e9l\u00e9gante. Fabriqu\u00e9s avec des tissus respirants et une finition soign\u00e9e, ces costumes vous permettent de passer une journ\u00e9e confortable.<\/p>\n<h3>Mod\u00e8les de chemises pour hommes \u00e0 rayures rouges<\/h3>\n<p><strong>Divers mod\u00e8les :<\/strong> Mandella Istanbul propose une large gamme de mod\u00e8les de chemises pour hommes \u00e0 rayures rouges. Des mod\u00e8les qui plaisent \u00e0 tous les go\u00fbts avec diff\u00e9rentes options de col et de coupe enrichissent votre garde-robe.<\/p>\n<p><strong>Style intemporel :<\/strong> Les chemises pour hommes \u00e0 rayures rouges maintiennent votre \u00e9l\u00e9gance \u00e0 chaque \u00e9poque avec leurs designs intemporels. Ces chemises, que vous pouvez utiliser aussi bien au quotidien que lors d&#8217;occasions sp\u00e9ciales, compl\u00e8tent votre style.<\/p>\n<h3>Chemises pour hommes \u00e0 rayures rouges en gros<\/h3>\n<p><strong>Classique et moderne :<\/strong> Les chemises pour hommes \u00e0 manches longues \u00e0 rayures rouges offrent des d\u00e9tails classiques et modernes \u00e0 la fois. Combinant l&#8217;\u00e9l\u00e9gance du pass\u00e9 avec le confort d&#8217;aujourd&#8217;hui, ces chemises mettent en valeur votre style.<\/p>\n<p><strong>Facilit\u00e9 d&#8217;utilisation :<\/strong> les chemises \u00e0 rayures rouges \u00e0 manches longues pour hommes faciles \u00e0 repasser et \u00e0 entretenir offrent une utilisation pratique. Ce sera votre sauveur lorsque vous voudrez vous pr\u00e9parer rapidement.<\/p>\n<h3>Prix de gros des chemises \u00e0 rayures rouges<\/h3>\n<p><strong>Prix abordables :<\/strong> Mandella Istanbul propose des chemises \u00e0 rayures rouges \u00e0 des prix abordables. Vous pouvez attraper l&#8217;\u00e9l\u00e9gance avec des options qui conviennent \u00e0 votre budget sans compromettre la qualit\u00e9.<\/p>\n<p><strong>Remises et campagnes :<\/strong> vous pouvez acheter des chemises \u00e0 rayures rouges \u00e0 des prix encore plus abordables avec des remises et des campagnes organis\u00e9es pendant certaines p\u00e9riodes. Vous pouvez suivre notre site Web pour les campagnes en cours.<\/p>\n<h3>Qualit\u00e9 Mandella Istanbul<\/h3>\n<p>En tant que Mandella Istanbul, nous accordons la priorit\u00e9 \u00e0 la qualit\u00e9 et \u00e0 la satisfaction du client dans chacun de nos produits. Nos chemises \u00e0 rayures rouges \u00e0 manches longues sont le reflet de cette compr\u00e9hension. Ces chemises, fabriqu\u00e9es avec des tissus soigneusement s\u00e9lectionn\u00e9s et une finition soign\u00e9e, offrent une utilisation durable et confortable.<\/p>\n<p>Vous pouvez porter l&#8217;\u00e9l\u00e9gance des chemises \u00e0 rayures rouges \u00e0 manches longues dans votre magasin en passant une commande en gros imm\u00e9diatement sur notre site Web. N&#8217;oubliez pas, votre \u00e9l\u00e9gance a toujours une longueur d&#8217;avance avec Mandella Istanbul !<\/p>\n","protected":false},"excerpt":{"rendered":"<p>La chemise \u00e0 manches longues en lin V4 associe la fra\u00eecheur naturelle du lin \u00e0 l&#8217;\u00e9l\u00e9gance des manches longues. Compl\u00e9tez votre style pour les quatre saisons.<\/p>\n","protected":false},"featured_media":12580,"comment_status":"open","ping_status":"closed","template":"","meta":[],"product_brand":[],"product_cat":[142,221],"product_tag":[],"class_list":{"0":"post-12645","1":"product","2":"type-product","3":"status-publish","4":"has-post-thumbnail","6":"product_cat-vente-en-gros-chemises","7":"product_cat-chemise-en-lin-a-manches-longues","8":"pa_beden-l-fr","9":"pa_beden-m-fr","10":"pa_beden-xl-fr","11":"pa_beden-xxl-fr","13":"first","14":"outofstock","15":"taxable","16":"shipping-taxable","17":"purchasable","18":"product-type-simple"},"_links":{"self":[{"href":"https:\/\/www.mandellaistanbul.com\/fr\/wp-json\/wp\/v2\/product\/12645","targetHints":{"allow":["GET"]}}],"collection":[{"href":"https:\/\/www.mandellaistanbul.com\/fr\/wp-json\/wp\/v2\/product"}],"about":[{"href":"https:\/\/www.mandellaistanbul.com\/fr\/wp-json\/wp\/v2\/types\/product"}],"replies":[{"embeddable":true,"href":"https:\/\/www.mandellaistanbul.com\/fr\/wp-json\/wp\/v2\/comments?post=12645"}],"version-history":[{"count":3,"href":"https:\/\/www.mandellaistanbul.com\/fr\/wp-json\/wp\/v2\/product\/12645\/revisions"}],"predecessor-version":[{"id":18481,"href":"https:\/\/www.mandellaistanbul.com\/fr\/wp-json\/wp\/v2\/product\/12645\/revisions\/18481"}],"wp:featuredmedia":[{"embeddable":true,"href":"https:\/\/www.mandellaistanbul.com\/fr\/wp-json\/wp\/v2\/media\/12580"}],"wp:attachment":[{"href":"https:\/\/www.mandellaistanbul.com\/fr\/wp-json\/wp\/v2\/media?parent=12645"}],"wp:term":[{"taxonomy":"product_brand","embeddable":true,"href":"https:\/\/www.mandellaistanbul.com\/fr\/wp-json\/wp\/v2\/product_brand?post=12645"},{"taxonomy":"product_cat","embeddable":true,"href":"https:\/\/www.mandellaistanbul.com\/fr\/wp-json\/wp\/v2\/product_cat?post=12645"},{"taxonomy":"product_tag","embeddable":true,"href":"https:\/\/www.mandellaistanbul.com\/fr\/wp-json\/wp\/v2\/product_tag?post=12645"}],"curies":[{"name":"wp","href":"https:\/\/api.w.org\/{rel}","templated":true}]}}