{"id":12644,"date":"2022-10-27T13:41:39","date_gmt":"2022-10-27T10:41:39","guid":{"rendered":"https:\/\/www.mandellaistanbul.com\/product\/chemise-en-lin-a-manches-longues-v6\/"},"modified":"2024-10-15T21:25:01","modified_gmt":"2024-10-15T18:25:01","slug":"chemise-a-manches-longues-vert-bleu","status":"publish","type":"product","link":"https:\/\/www.mandellaistanbul.com\/fr\/produit\/chemise-a-manches-longues-vert-bleu\/","title":{"rendered":"Chemise \u00c0 Manches Longues Vert Bleu"},"content":{"rendered":"<h2>Chemise en lin \u00e0 motifs vert bleu \u00e0 manches longues : attrapez l&#8217;\u00e9l\u00e9gance avec les couleurs de la nature<\/h2>\n<p>Les chemises en lin \u00e0 motifs vert bleu \u00e0 manches longues sont des pi\u00e8ces sp\u00e9ciales qui apportent la fra\u00eecheur et l&#8217;\u00e9l\u00e9gance de la nature \u00e0 votre vie quotidienne. Dans cet article, vous d\u00e9couvrirez la collection et les prix des <a href=\"https:\/\/www.mandellaistanbul.com\/toptan-gomlek\/\">chemises toptan<\/a> vertes et bleues \u00e0 manches longues de Mandella Istanbul.<\/p>\n<h3>Mod\u00e8les de chemises en lin \u00e0 motifs vert bleu \u00e0 manches longues<\/h3>\n<p>Les chemises en lin \u00e0 motifs vert bleu \u00e0 manches longues de Mandella Istanbul combinent les couleurs et les motifs de la nature avec des designs modernes. Les tissus en lin l\u00e9gers et respirants offrent une utilisation confortable en \u00e9t\u00e9. Notre collection, enrichie de diff\u00e9rents motifs et d\u00e9tails, offre des options adapt\u00e9es \u00e0 chaque style.<\/p>\n<h3>Mod\u00e8les de chemises en lin vert bleu \u00e0 manches longues<\/h3>\n<p>Les chemises de couleur vert bleu repr\u00e9sentent un style qui refl\u00e8te la fra\u00eecheur de la nature et la brise marine. La collection de chemises vertes et bleues \u00e0 manches longues de Mandella Istanbul comprend diverses options dans diff\u00e9rentes tonalit\u00e9s et coupes. Nos mod\u00e8les, que vous pouvez facilement choisir au travail et dans la vie quotidienne, ajouteront de la valeur \u00e0 votre style.<\/p>\n<h3>Mod\u00e8les de chemises en lin vert bleu<\/h3>\n<p>Les chemises en lin font partie des v\u00eatements indispensables des mois d&#8217;\u00e9t\u00e9 avec leur structure naturelle et durable. Les chemises en lin vert bleu de Mandella Istanbul se distinguent par leurs tissus en lin de qualit\u00e9 et leurs d\u00e9tails soigneusement travaill\u00e9s. Elles offrent des options \u00e9l\u00e9gantes et confortables que vous pouvez choisir aussi bien pour un usage quotidien que pour des occasions sp\u00e9ciales.<\/p>\n<h3>Prix des chemises en lin<\/h3>\n<p>Les chemises en lin sont propos\u00e9es chez Mandella Istanbul avec une politique de prix abordable. Les prix avantageux propos\u00e9s dans les achats en gros vous aident \u00e0 optimiser les co\u00fbts de votre entreprise sans sacrifier la qualit\u00e9.<\/p>\n<h3>Pourquoi Mandella Istanbul ?<\/h3>\n<p>Mandella Istanbul se distingue par ses produits de qualit\u00e9 et son approche de service ax\u00e9e sur la satisfaction du client. En suivant de pr\u00e8s les tendances du monde de la mode, elle vise toujours \u00e0 offrir \u00e0 ses clients les produits les plus r\u00e9cents et de la plus haute qualit\u00e9.<\/p>\n","protected":false},"excerpt":{"rendered":"<p>La chemise \u00e0 manches longues en lin allie \u00e9l\u00e9gance et confort. Vous pouvez le porter en toute saison gr\u00e2ce \u00e0 sa coupe moderne et \u00e0 sa structure respirante.<\/p>\n","protected":false},"featured_media":12586,"comment_status":"open","ping_status":"closed","template":"","meta":[],"product_brand":[],"product_cat":[142,221],"product_tag":[],"class_list":{"0":"post-12644","1":"product","2":"type-product","3":"status-publish","4":"has-post-thumbnail","6":"product_cat-vente-en-gros-chemises","7":"product_cat-chemise-en-lin-a-manches-longues","8":"pa_beden-l-fr","9":"pa_beden-m-fr","10":"pa_beden-xl-fr","11":"pa_beden-xxl-fr","13":"first","14":"outofstock","15":"taxable","16":"shipping-taxable","17":"purchasable","18":"product-type-simple"},"_links":{"self":[{"href":"https:\/\/www.mandellaistanbul.com\/fr\/wp-json\/wp\/v2\/product\/12644","targetHints":{"allow":["GET"]}}],"collection":[{"href":"https:\/\/www.mandellaistanbul.com\/fr\/wp-json\/wp\/v2\/product"}],"about":[{"href":"https:\/\/www.mandellaistanbul.com\/fr\/wp-json\/wp\/v2\/types\/product"}],"replies":[{"embeddable":true,"href":"https:\/\/www.mandellaistanbul.com\/fr\/wp-json\/wp\/v2\/comments?post=12644"}],"version-history":[{"count":3,"href":"https:\/\/www.mandellaistanbul.com\/fr\/wp-json\/wp\/v2\/product\/12644\/revisions"}],"predecessor-version":[{"id":18526,"href":"https:\/\/www.mandellaistanbul.com\/fr\/wp-json\/wp\/v2\/product\/12644\/revisions\/18526"}],"wp:featuredmedia":[{"embeddable":true,"href":"https:\/\/www.mandellaistanbul.com\/fr\/wp-json\/wp\/v2\/media\/12586"}],"wp:attachment":[{"href":"https:\/\/www.mandellaistanbul.com\/fr\/wp-json\/wp\/v2\/media?parent=12644"}],"wp:term":[{"taxonomy":"product_brand","embeddable":true,"href":"https:\/\/www.mandellaistanbul.com\/fr\/wp-json\/wp\/v2\/product_brand?post=12644"},{"taxonomy":"product_cat","embeddable":true,"href":"https:\/\/www.mandellaistanbul.com\/fr\/wp-json\/wp\/v2\/product_cat?post=12644"},{"taxonomy":"product_tag","embeddable":true,"href":"https:\/\/www.mandellaistanbul.com\/fr\/wp-json\/wp\/v2\/product_tag?post=12644"}],"curies":[{"name":"wp","href":"https:\/\/api.w.org\/{rel}","templated":true}]}}