{"id":11013,"date":"2022-10-01T12:25:38","date_gmt":"2022-10-01T09:25:38","guid":{"rendered":"https:\/\/www.mandellaistanbul.com\/product\/chemise-a-rayures-blanches-orange-classique\/"},"modified":"2024-10-15T20:31:05","modified_gmt":"2024-10-15T17:31:05","slug":"chemise-blanche-a-rayures-orange","status":"publish","type":"product","link":"https:\/\/www.mandellaistanbul.com\/fr\/produit\/chemise-blanche-a-rayures-orange\/","title":{"rendered":"Chemise blanche \u00e0 rayures orange"},"content":{"rendered":"<h2>Chemise blanche \u00e0 rayures orange : un m\u00e9lange d&#8217;\u00e9nergie et d&#8217;\u00e9l\u00e9gance<\/h2>\n<h3>Collection de chemises blanches \u00e0 rayures orange en gros de Mandella Istanbul<\/h3>\n<p>Mandella Istanbul vous propose sa collection de chemises blanches \u00e0 rayures orange en gros qui allie \u00e9nergie et \u00e9l\u00e9gance. Voici ce que vous devez savoir sur ces chemises qui sauront s\u00e9duire vos clients commerciaux qui souhaitent ajouter une touche dynamique et \u00e9l\u00e9gante aux vitrines de votre magasin :<\/p>\n<h3>Mod\u00e8les de chemises blanches \u00e0 rayures orange<\/h3>\n<p>Mandella Istanbul propose une large gamme de mod\u00e8les de chemises blanches \u00e0 rayures orange. Ces chemises, o\u00f9 les lignes orange vibrantes rencontrent la puret\u00e9 du blanc, plaisent \u00e0 tous les go\u00fbts et enrichissent les garde-robes. Con\u00e7us avec des touches \u00e0 la fois classiques et modernes, ces mod\u00e8les augmentent la gamme de produits de votre magasin et aident vos clients \u00e0 exprimer leur style de la meilleure fa\u00e7on. L&#8217;aspect \u00e9nergique et frappant des lignes orange et l&#8217;\u00e9l\u00e9gance de la couleur blanche se combinent, garantissant que chaque client est dynamique et \u00e9l\u00e9gant.<\/p>\n<h3>Qualit\u00e9 et confort<\/h3>\n<p>En tant que Mandella Istanbul, nous accordons la priorit\u00e9 \u00e0 la qualit\u00e9 et \u00e0 la satisfaction du client dans chacun de nos produits. Nos chemises blanches \u00e0 rayures orange sont le reflet de cette compr\u00e9hension. Fabriqu\u00e9es avec des tissus de haute qualit\u00e9 et une finition m\u00e9ticuleuse, ces chemises offrent une utilisation \u00e0 la fois durable et confortable. Gr\u00e2ce aux tissus respirants et doux pour la peau, vos clients se sentent \u00e0 l&#8217;aise toute la journ\u00e9e. Ces chemises, faciles \u00e0 repasser et \u00e0 entretenir, offrent une utilisation pratique et sont id\u00e9ales pour vos clients qui souhaitent se pr\u00e9parer rapidement. En m\u00eame temps, ces chemises sont con\u00e7ues pour diverses conditions m\u00e9t\u00e9orologiques, de sorte qu&#8217;elles peuvent \u00eatre port\u00e9es confortablement en toute saison.<\/p>\n<h3>Prix des chemises blanches \u00e0 rayures orange<\/h3>\n<p>Mandella Istanbul propose des chemises blanches \u00e0 rayures orange \u00e0 des prix de gros abordables. Sans compromettre la qualit\u00e9, nous offrons \u00e0 nos clients commerciaux la possibilit\u00e9 de saisir l&#8217;\u00e9l\u00e9gance avec des options adapt\u00e9es \u00e0 leur budget. Dans notre collection, vous pouvez trouver une large gamme dans diff\u00e9rentes gammes de prix et choisir les chemises qui conviennent le mieux au style de votre magasin. Avec des remises et des campagnes effectu\u00e9es pendant certaines p\u00e9riodes, vous pouvez acheter ces chemises \u00e9l\u00e9gantes \u00e0 des prix encore plus abordables. Vous pouvez suivre r\u00e9guli\u00e8rement notre site Web pour les campagnes en cours et les offres sp\u00e9ciales. Vous pouvez \u00e9galement b\u00e9n\u00e9ficier de remises et d&#8217;avantages sp\u00e9ciaux en rejoignant notre programme d&#8217;adh\u00e9sion.<\/p>\n<h3>Commander maintenant<\/h3>\n<p>Vous pouvez apporter l&#8217;\u00e9nergie et l&#8217;\u00e9l\u00e9gance des chemises blanches \u00e0 rayures orange \u00e0 votre magasin en passant imm\u00e9diatement une commande en gros sur notre site Web. N&#8217;oubliez pas, ayez toujours une longueur d&#8217;avance avec Mandella Istanbul et offrez \u00e0 vos clients les meilleurs produits. Avec l&#8217;importance que nous accordons \u00e0 la satisfaction du client, nous vous livrons vos commandes rapidement et en toute s\u00e9curit\u00e9. Renouvelez votre magasin et soyez toujours \u00e0 votre meilleur en faisant des achats en gros chez Mandella Istanbul, o\u00f9 qualit\u00e9 et \u00e9l\u00e9gance se rencontrent !<\/p>\n","protected":false},"excerpt":{"rendered":"<p>La chemise ray\u00e9e classique orange et blanche ajoute de l&#8217;\u00e9nergie \u00e0 votre style gr\u00e2ce \u00e0 ses couleurs vibrantes. Une option \u00e0 la fois \u00e9l\u00e9gante et confortable.<\/p>\n","protected":false},"featured_media":11985,"comment_status":"open","ping_status":"closed","template":"","meta":[],"product_brand":[],"product_cat":[142,177],"product_tag":[],"class_list":{"0":"post-11013","1":"product","2":"type-product","3":"status-publish","4":"has-post-thumbnail","6":"product_cat-vente-en-gros-chemises","7":"product_cat-chemise-a-manches-courtes","8":"pa_beden-l-fr","9":"pa_beden-m-fr","10":"pa_beden-xl-fr","11":"pa_beden-xxl-fr","13":"first","14":"instock","15":"taxable","16":"shipping-taxable","17":"purchasable","18":"product-type-simple"},"_links":{"self":[{"href":"https:\/\/www.mandellaistanbul.com\/fr\/wp-json\/wp\/v2\/product\/11013","targetHints":{"allow":["GET"]}}],"collection":[{"href":"https:\/\/www.mandellaistanbul.com\/fr\/wp-json\/wp\/v2\/product"}],"about":[{"href":"https:\/\/www.mandellaistanbul.com\/fr\/wp-json\/wp\/v2\/types\/product"}],"replies":[{"embeddable":true,"href":"https:\/\/www.mandellaistanbul.com\/fr\/wp-json\/wp\/v2\/comments?post=11013"}],"version-history":[{"count":3,"href":"https:\/\/www.mandellaistanbul.com\/fr\/wp-json\/wp\/v2\/product\/11013\/revisions"}],"predecessor-version":[{"id":18455,"href":"https:\/\/www.mandellaistanbul.com\/fr\/wp-json\/wp\/v2\/product\/11013\/revisions\/18455"}],"wp:featuredmedia":[{"embeddable":true,"href":"https:\/\/www.mandellaistanbul.com\/fr\/wp-json\/wp\/v2\/media\/11985"}],"wp:attachment":[{"href":"https:\/\/www.mandellaistanbul.com\/fr\/wp-json\/wp\/v2\/media?parent=11013"}],"wp:term":[{"taxonomy":"product_brand","embeddable":true,"href":"https:\/\/www.mandellaistanbul.com\/fr\/wp-json\/wp\/v2\/product_brand?post=11013"},{"taxonomy":"product_cat","embeddable":true,"href":"https:\/\/www.mandellaistanbul.com\/fr\/wp-json\/wp\/v2\/product_cat?post=11013"},{"taxonomy":"product_tag","embeddable":true,"href":"https:\/\/www.mandellaistanbul.com\/fr\/wp-json\/wp\/v2\/product_tag?post=11013"}],"curies":[{"name":"wp","href":"https:\/\/api.w.org\/{rel}","templated":true}]}}