{"id":11004,"date":"2022-10-01T12:25:25","date_gmt":"2022-10-01T09:25:25","guid":{"rendered":"https:\/\/www.mandellaistanbul.com\/product\/ensemble-short-et-chemise-a-motifs-palmiers-rouge-vert-jaune\/"},"modified":"2024-10-08T22:09:35","modified_gmt":"2024-10-08T19:09:35","slug":"ensemble-short-et-chemise-rouge-a-motifs-de-palmiers-et-diles","status":"publish","type":"product","link":"https:\/\/www.mandellaistanbul.com\/fr\/produit\/ensemble-short-et-chemise-rouge-a-motifs-de-palmiers-et-diles\/","title":{"rendered":"Ensemble short et chemise rouge \u00e0 motifs de palmiers et d&#8217;\u00eeles"},"content":{"rendered":"<h2>Ensemble short-chemise rouge \u00e0 motifs palmiers et \u00eeles : une option vivante et tropicale<\/h2>\n<h3>Collection en gros d&#8217;ensembles shorts-chemise rouges \u00e0 motifs palmiers et \u00eeles de Mandella Istanbul<\/h3>\n<p>Mandella Istanbul est l\u00e0 avec sa collection en gros d&#8217;ensembles shorts-chemise rouges \u00e0 motifs palmiers et \u00eeles qui offre un style vivant et tropical. Ces ensembles, qui enrichiront les vitrines de votre magasin d&#8217;une touche \u00e9nergique et accrocheuse, gagneront l&#8217;appr\u00e9ciation de vos clients commerciaux. Voici ce que vous devez savoir sur les ensembles shorts-chemise rouges \u00e0 motifs palmiers et \u00eeles :<\/p>\n<h3>Mod\u00e8les d&#8217;ensembles shorts-chemise rouges \u00e0 motifs palmiers et \u00eeles<\/h3>\n<p>Mandella Istanbul propose une large gamme de mod\u00e8les d&#8217;ensembles shorts-chemise rouges \u00e0 motifs palmiers et \u00eeles. Con\u00e7us avec des tons rouges vibrants et des motifs de palmiers et d&#8217;\u00eeles tropicales, ces costumes plaisent \u00e0 tous les go\u00fbts et enrichissent les garde-robes. Ces mod\u00e8les, qui peuvent \u00eatre utilis\u00e9s confortablement dans chaque environnement avec diff\u00e9rentes options de col et de coupe, augmentent la vari\u00e9t\u00e9 de produits de votre magasin. Con\u00e7us avec l&#8217;aspect \u00e9nergique et exotique des motifs de palmiers et d&#8217;\u00eeles, ces costumes mettent en valeur l&#8217;\u00e9l\u00e9gance et la gr\u00e2ce de chaque client. Con\u00e7us avec des touches \u00e0 la fois classiques et modernes, ces costumes aident \u00e0 exprimer le style de la meilleure fa\u00e7on.<\/p>\n<h3>Qualit\u00e9 et confort<\/h3>\n<p>En tant que Mandella Istanbul, nous accordons la priorit\u00e9 \u00e0 la qualit\u00e9 et \u00e0 la satisfaction du client dans chacun de nos produits. Nos ensembles de chemises courtes rouges \u00e0 motifs de palmiers et d&#8217;\u00eeles sont le reflet de cette compr\u00e9hension. Fabriqu\u00e9s avec des tissus de haute qualit\u00e9 et une finition m\u00e9ticuleuse, ces costumes offrent une utilisation \u00e0 la fois durable et confortable. Vos clients se sentent \u00e0 l&#8217;aise toute la journ\u00e9e gr\u00e2ce aux tissus respirants et doux pour la peau. Ces costumes, faciles \u00e0 repasser et \u00e0 entretenir, offrent une utilisation pratique et sont id\u00e9aux pour vos clients qui souhaitent se pr\u00e9parer rapidement. En m\u00eame temps, ces costumes sont con\u00e7us pour diverses conditions m\u00e9t\u00e9orologiques, de sorte qu&#8217;ils peuvent \u00eatre port\u00e9s confortablement en toutes saisons.<\/p>\n<h3>Prix des ensembles de chemises courtes rouges \u00e0 motifs de palmiers<\/h3>\n<p>Mandella Istanbul propose des ensembles de chemises courtes rouges \u00e0 motifs de palmiers \u00e0 des prix de gros abordables. Sans compromettre la qualit\u00e9, nous offrons \u00e0 nos clients commerciaux la possibilit\u00e9 d&#8217;atteindre l&#8217;\u00e9l\u00e9gance avec des options adapt\u00e9es \u00e0 leur budget. Dans notre collection, vous pouvez trouver une large gamme dans diff\u00e9rentes gammes de prix et choisir les costumes qui conviennent le mieux au style de votre magasin. Vous pouvez acheter ces costumes \u00e9l\u00e9gants \u00e0 des prix encore plus abordables avec des remises et des campagnes effectu\u00e9es pendant certaines p\u00e9riodes. Vous pouvez suivre r\u00e9guli\u00e8rement notre site Web pour les campagnes en cours et les offres sp\u00e9ciales. De plus, vous pouvez b\u00e9n\u00e9ficier de remises et d&#8217;avantages sp\u00e9ciaux en rejoignant notre programme d&#8217;adh\u00e9sion.<\/p>\n<h3>Commandez maintenant<\/h3>\n<p>Vous pouvez apporter l&#8217;\u00e9l\u00e9gance vibrante et tropicale des ensembles de chemises courtes rouges \u00e0 motifs de palmiers et d&#8217;\u00eeles dans votre magasin en passant imm\u00e9diatement une commande en gros sur notre site Web. N&#8217;oubliez pas, ayez toujours une longueur d&#8217;avance avec Mandella Istanbul et offrez \u00e0 vos clients les meilleurs produits. Avec l&#8217;importance que nous accordons \u00e0 la satisfaction de nos clients, nous vous livrons vos commandes rapidement et en toute s\u00e9curit\u00e9. Renouvelez votre boutique et soyez toujours \u00e0 votre meilleur en achetant en gros chez Mandella Istanbul, o\u00f9 qualit\u00e9 et \u00e9l\u00e9gance se rencontrent !<\/p>\n","protected":false},"excerpt":{"rendered":"<p>L&#8217;ensemble short et chemise \u00e0 imprim\u00e9 palmier (rouge &#8211; vert &#8211; jaune), sp\u00e9cialement con\u00e7u par Mandella Istanbul, apporte l&#8217;\u00e9nergie et les couleurs de l&#8217;\u00e9t\u00e9 \u00e0 votre style. Une option vivante et dynamique.<\/p>\n","protected":false},"featured_media":11467,"comment_status":"open","ping_status":"closed","template":"","meta":[],"product_brand":[],"product_cat":[142,181],"product_tag":[],"class_list":{"0":"post-11004","1":"product","2":"type-product","3":"status-publish","4":"has-post-thumbnail","6":"product_cat-vente-en-gros-chemises","7":"product_cat-ensemble-short-et-chemise","8":"pa_beden-l-fr","9":"pa_beden-m-fr","10":"pa_beden-xl-fr","11":"pa_beden-xxl-fr","13":"first","14":"instock","15":"taxable","16":"shipping-taxable","17":"purchasable","18":"product-type-simple"},"_links":{"self":[{"href":"https:\/\/www.mandellaistanbul.com\/fr\/wp-json\/wp\/v2\/product\/11004","targetHints":{"allow":["GET"]}}],"collection":[{"href":"https:\/\/www.mandellaistanbul.com\/fr\/wp-json\/wp\/v2\/product"}],"about":[{"href":"https:\/\/www.mandellaistanbul.com\/fr\/wp-json\/wp\/v2\/types\/product"}],"replies":[{"embeddable":true,"href":"https:\/\/www.mandellaistanbul.com\/fr\/wp-json\/wp\/v2\/comments?post=11004"}],"version-history":[{"count":3,"href":"https:\/\/www.mandellaistanbul.com\/fr\/wp-json\/wp\/v2\/product\/11004\/revisions"}],"predecessor-version":[{"id":18205,"href":"https:\/\/www.mandellaistanbul.com\/fr\/wp-json\/wp\/v2\/product\/11004\/revisions\/18205"}],"wp:featuredmedia":[{"embeddable":true,"href":"https:\/\/www.mandellaistanbul.com\/fr\/wp-json\/wp\/v2\/media\/11467"}],"wp:attachment":[{"href":"https:\/\/www.mandellaistanbul.com\/fr\/wp-json\/wp\/v2\/media?parent=11004"}],"wp:term":[{"taxonomy":"product_brand","embeddable":true,"href":"https:\/\/www.mandellaistanbul.com\/fr\/wp-json\/wp\/v2\/product_brand?post=11004"},{"taxonomy":"product_cat","embeddable":true,"href":"https:\/\/www.mandellaistanbul.com\/fr\/wp-json\/wp\/v2\/product_cat?post=11004"},{"taxonomy":"product_tag","embeddable":true,"href":"https:\/\/www.mandellaistanbul.com\/fr\/wp-json\/wp\/v2\/product_tag?post=11004"}],"curies":[{"name":"wp","href":"https:\/\/api.w.org\/{rel}","templated":true}]}}