{"id":10688,"date":"2022-09-14T13:18:08","date_gmt":"2022-09-14T10:18:08","guid":{"rendered":"https:\/\/www.mandellaistanbul.com\/product\/chemise-a-motifs-surfing-man\/"},"modified":"2024-10-15T21:28:06","modified_gmt":"2024-10-15T18:28:06","slug":"chemise-a-motifs-homme-surfeur","status":"publish","type":"product","link":"https:\/\/www.mandellaistanbul.com\/fr\/produit\/chemise-a-motifs-homme-surfeur\/","title":{"rendered":"Chemise \u00c0 Motifs Homme Surfeur"},"content":{"rendered":"<h3>Chemise \u00e0 th\u00e8me surf : un choix dynamique et confortable<\/h3>\n<p>Les chemises \u00e0 th\u00e8me surf se distinguent par leurs designs \u00e9nergiques et confortables qui apportent l&#8217;esprit de la mer et de la plage \u00e0 votre garde-robe. Ces <a href=\"https:\/\/www.mandellaistanbul.com\/toptan-gomlek\/\">chemises toptan<\/a> sont particuli\u00e8rement appr\u00e9ci\u00e9es pendant les mois d&#8217;\u00e9t\u00e9 et dans les stations baln\u00e9aires.<\/p>\n<h4>Caract\u00e9ristiques des chemises \u00e0 th\u00e8me surf<\/h4>\n<ul>\n<li><strong>Motifs vifs :<\/strong> D\u00e9cor\u00e9es de motifs tels que des planches de surf, des vagues et des vues sur la plage.<\/li>\n<li><strong>Tissu respirant :<\/strong> Fabriqu\u00e9 en 100 % coton ou en viscose l\u00e9g\u00e8re.<\/li>\n<li><strong>Coupe d\u00e9contract\u00e9e :<\/strong> Coupes larges et confortables qui offrent un confort tout au long de la journ\u00e9e.<\/li>\n<\/ul>\n<h4>Mod\u00e8les de chemises \u00e0 th\u00e8me surf<\/h4>\n<p>Les chemises \u00e0 th\u00e8me surf sont propos\u00e9es dans diff\u00e9rents styles et coupes. Voici quelques-uns des mod\u00e8les les plus populaires :<\/p>\n<ul>\n<li><strong>Mod\u00e8les \u00e0 manches courtes :<\/strong> Mod\u00e8les \u00e0 manches courtes, id\u00e9aux pour les chaudes journ\u00e9es d&#8217;\u00e9t\u00e9.<\/li>\n<li><strong>Style hawa\u00efen :<\/strong> Chemises \u00e0 col large et aux couleurs vives de style hawa\u00efen.<\/li>\n<li><strong>Coupe Slim Fit :<\/strong> Mod\u00e8les \u00e0 coupe slim pour un look moderne et \u00e9l\u00e9gant.<\/li>\n<li><strong>Coupe Regular Fit :<\/strong> Coupes classiques pour ceux qui recherchent un style plus confortable et d\u00e9contract\u00e9.<\/li>\n<\/ul>\n<h4>Chemise pour homme \u00e0 th\u00e8me surf<\/h4>\n<p>Les chemises \u00e0 th\u00e8me surf sp\u00e9cialement con\u00e7ues pour les hommes peuvent \u00eatre utilis\u00e9es confortablement aussi bien \u00e0 la plage qu&#8217;en ville. Voici quelques mod\u00e8les de chemises pour hommes populaires :<\/p>\n<ul>\n<li><strong>Col classique :<\/strong> Chemises \u00e0 col classique adapt\u00e9es \u00e0 un usage quotidien.<\/li>\n<li><strong>Style d\u00e9contract\u00e9 :<\/strong> Mod\u00e8les de coupe d\u00e9contract\u00e9e pour un look plus confortable et sportif.<\/li>\n<li><strong>Mod\u00e8les avec poches :<\/strong> Mod\u00e8les \u00e0 poches fonctionnels et \u00e9l\u00e9gants.<\/li>\n<\/ul>\n<h3>\u00c9l\u00e9ments \u00e0 prendre en compte lors du choix d&#8217;une chemise sur le th\u00e8me du surf<\/h3>\n<ul>\n<li><strong>Qualit\u00e9 du tissu :<\/strong> Choisissez des tissus de haute qualit\u00e9 et respirants.<\/li>\n<li><strong>Correspondance des motifs et des couleurs :<\/strong> Choisissez des motifs et des couleurs compatibles avec les autres pi\u00e8ces de votre garde-robe.<\/li>\n<li><strong>Taille et coupe :<\/strong> Il est important de choisir la bonne taille et la bonne coupe pour un look \u00e0 la fois \u00e9l\u00e9gant et confortable.<\/li>\n<\/ul>\n<p>En tant que Mandella Istanbul, nous vous proposons des mod\u00e8les de chemises sur le th\u00e8me du surf de la plus haute qualit\u00e9 et du plus grand style. Parcourez notre collection et trouvez imm\u00e9diatement la chemise qui correspond \u00e0 votre style !<\/p>\n<p>Les mod\u00e8les attrayants de chemises \u00e0 manches courtes de Mandella Istanbul.<br \/>\nChemise \u00e0 manches courtes 100 % coton.<br \/>\nNos produits sont vendus en s\u00e9rie. Il y a 5 produits dans 1 s\u00e9rie.<br \/>\nTailles des produits dans la s\u00e9rie<br \/>\n1 pi\u00e8ce (M) &#8211; 2 pi\u00e8ces ( L ) &#8211; 1 pi\u00e8ce (XL) &#8211; 1 pi\u00e8ce (XXL)<\/p>\n<p>Une facture sp\u00e9ciale sera \u00e9mise pour toutes vos commandes.<br \/>\nLes frais d&#8217;exp\u00e9dition sont diff\u00e9rents pour chaque pays. Une fois la commande termin\u00e9e, des informations sur la cargaison vous seront envoy\u00e9es via Whatsapp.<\/p>\n","protected":false},"excerpt":{"rendered":"<p>1 Produit de s\u00e9rie. (5 PCS)<br \/>\n  Tailles : M L XL XXL<br \/>\n  Tissu utilis\u00e9 : 100% coton<br \/>\n  Vous ne pouvez commander que des s\u00e9ries. ( 5 pi\u00e8ces)<\/p>\n","protected":false},"featured_media":11961,"comment_status":"open","ping_status":"closed","template":"","meta":[],"product_brand":[],"product_cat":[142,177],"product_tag":[],"class_list":{"0":"post-10688","1":"product","2":"type-product","3":"status-publish","4":"has-post-thumbnail","6":"product_cat-vente-en-gros-chemises","7":"product_cat-chemise-a-manches-courtes","8":"pa_beden-l-fr","9":"pa_beden-m-fr","10":"pa_beden-xl-fr","11":"pa_beden-xxl-fr","13":"first","14":"outofstock","15":"taxable","16":"shipping-taxable","17":"purchasable","18":"product-type-simple"},"_links":{"self":[{"href":"https:\/\/www.mandellaistanbul.com\/fr\/wp-json\/wp\/v2\/product\/10688","targetHints":{"allow":["GET"]}}],"collection":[{"href":"https:\/\/www.mandellaistanbul.com\/fr\/wp-json\/wp\/v2\/product"}],"about":[{"href":"https:\/\/www.mandellaistanbul.com\/fr\/wp-json\/wp\/v2\/types\/product"}],"replies":[{"embeddable":true,"href":"https:\/\/www.mandellaistanbul.com\/fr\/wp-json\/wp\/v2\/comments?post=10688"}],"version-history":[{"count":3,"href":"https:\/\/www.mandellaistanbul.com\/fr\/wp-json\/wp\/v2\/product\/10688\/revisions"}],"predecessor-version":[{"id":18532,"href":"https:\/\/www.mandellaistanbul.com\/fr\/wp-json\/wp\/v2\/product\/10688\/revisions\/18532"}],"wp:featuredmedia":[{"embeddable":true,"href":"https:\/\/www.mandellaistanbul.com\/fr\/wp-json\/wp\/v2\/media\/11961"}],"wp:attachment":[{"href":"https:\/\/www.mandellaistanbul.com\/fr\/wp-json\/wp\/v2\/media?parent=10688"}],"wp:term":[{"taxonomy":"product_brand","embeddable":true,"href":"https:\/\/www.mandellaistanbul.com\/fr\/wp-json\/wp\/v2\/product_brand?post=10688"},{"taxonomy":"product_cat","embeddable":true,"href":"https:\/\/www.mandellaistanbul.com\/fr\/wp-json\/wp\/v2\/product_cat?post=10688"},{"taxonomy":"product_tag","embeddable":true,"href":"https:\/\/www.mandellaistanbul.com\/fr\/wp-json\/wp\/v2\/product_tag?post=10688"}],"curies":[{"name":"wp","href":"https:\/\/api.w.org\/{rel}","templated":true}]}}