{"id":10586,"date":"2022-09-07T11:49:32","date_gmt":"2022-09-07T08:49:32","guid":{"rendered":"https:\/\/www.mandellaistanbul.com\/product\/palmier-blanc-chemise-bleue\/"},"modified":"2024-10-15T21:34:52","modified_gmt":"2024-10-15T18:34:52","slug":"chemise-blanche-et-bleue-avec-palmiers","status":"publish","type":"product","link":"https:\/\/www.mandellaistanbul.com\/fr\/produit\/chemise-blanche-et-bleue-avec-palmiers\/","title":{"rendered":"Chemise Blanche Et Bleue Avec Palmiers"},"content":{"rendered":"<h2>Chemise blanche bleu avec palmiers : fra\u00eecheur et brise tropicale<\/h2>\n<h3>Collection de chemises blanches bleu avec palmiers en gros de Mandella Istanbul<\/h3>\n<p>Mandella Istanbul est l\u00e0 avec sa collection de chemises blanches bleu avec palmiers en gros qui allient fra\u00eecheur et brise tropicale. Voici ce que vous devez savoir sur ces chemises qui gagneront l&#8217;appr\u00e9ciation de vos clients commerciaux qui souhaitent ajouter une touche \u00e9l\u00e9gante et accrocheuse aux vitrines de votre magasin :<\/p>\n<h3>Mod\u00e8les de chemises blanches bleu avec palmiers<\/h3>\n<p>Mandella Istanbul propose une large gamme de mod\u00e8les de <a href=\"https:\/\/www.mandellaistanbul.com\/toptan-gomlek\/\">chemises blanches bleu avec palmiers en gros<\/a>. Con\u00e7ues avec des motifs de palmiers tropicaux, ces chemises plaisent \u00e0 tous les go\u00fbts et enrichissent les garde-robes. Combinant la puret\u00e9 du blanc avec les tons rafra\u00eechissants du bleu, ces mod\u00e8les peuvent \u00eatre utilis\u00e9s confortablement dans n&#8217;importe quel environnement et augmentent la vari\u00e9t\u00e9 des produits de votre magasin. Con\u00e7ues avec l&#8217;apparence \u00e9nergique et exotique des palmiers, ces chemises mettent en valeur l&#8217;\u00e9l\u00e9gance et la gr\u00e2ce de chaque client. Con\u00e7ues avec des touches \u00e0 la fois classiques et modernes, ces chemises aident \u00e0 exprimer le style de la meilleure fa\u00e7on.<\/p>\n<h3>Qualit\u00e9 et confort<\/h3>\n<p>En tant que Mandella Istanbul, nous accordons la priorit\u00e9 \u00e0 la qualit\u00e9 et \u00e0 la satisfaction du client dans chacun de nos produits. Nos chemises blanches et bleues avec des palmiers sont le reflet de cette compr\u00e9hension. Fabriqu\u00e9es avec des tissus de haute qualit\u00e9 et une finition m\u00e9ticuleuse, ces chemises offrent une utilisation \u00e0 la fois durable et confortable. Gr\u00e2ce \u00e0 des tissus respirants et doux pour la peau, vos clients se sentent \u00e0 l&#8217;aise toute la journ\u00e9e. Faciles \u00e0 repasser et \u00e0 entretenir, ces chemises offrent une utilisation pratique et sont id\u00e9ales pour vos clients qui souhaitent se pr\u00e9parer rapidement. En m\u00eame temps, ces chemises sont con\u00e7ues pour s&#8217;adapter \u00e0 diverses conditions m\u00e9t\u00e9orologiques, de sorte qu&#8217;elles peuvent \u00eatre port\u00e9es confortablement en toutes saisons.<\/p>\n<h3>Prix des chemises blanches et bleues avec des palmiers<\/h3>\n<p>Mandella Istanbul propose des chemises blanches et bleues avec des palmiers \u00e0 des prix de gros abordables. Sans faire de compromis sur la qualit\u00e9, nous offrons \u00e0 nos clients commerciaux la possibilit\u00e9 d&#8217;atteindre l&#8217;\u00e9l\u00e9gance avec des options adapt\u00e9es \u00e0 leur budget. Dans notre collection, vous pouvez trouver une large gamme dans diff\u00e9rentes gammes de prix et choisir les chemises qui conviennent le mieux au style de votre magasin. Vous pouvez acheter ces chemises \u00e9l\u00e9gantes \u00e0 des prix encore plus abordables avec des remises et des campagnes effectu\u00e9es pendant certaines p\u00e9riodes. Vous pouvez suivre r\u00e9guli\u00e8rement notre site Web pour les campagnes en cours et les offres sp\u00e9ciales. Vous pouvez \u00e9galement b\u00e9n\u00e9ficier de remises et d&#8217;avantages sp\u00e9ciaux en rejoignant notre programme d&#8217;adh\u00e9sion.<\/p>\n<h3>Commandez maintenant<\/h3>\n<p>Vous pouvez apporter la fra\u00eecheur et la brise tropicale des chemises blanches et bleues avec des palmiers dans votre magasin en passant imm\u00e9diatement une commande en gros sur notre site Web. N&#8217;oubliez pas, ayez toujours une longueur d&#8217;avance avec Mandella Istanbul et offrez \u00e0 vos clients les meilleurs produits. Avec l&#8217;importance que nous accordons \u00e0 la satisfaction du client, nous vous livrons vos commandes rapidement et en toute s\u00e9curit\u00e9. Renouvelez votre magasin et soyez toujours \u00e0 votre meilleur en faisant des achats en gros chez Mandella Istanbul, o\u00f9 qualit\u00e9 et \u00e9l\u00e9gance se rencontrent !<\/p>\n","protected":false},"excerpt":{"rendered":"<p>1 Produit de s\u00e9rie. (5 PCS)<br \/>\n  Tailles : M L XL XXL<br \/>\n  Tissu utilis\u00e9 : 100% coton<br \/>\n  Vous ne pouvez commander que des s\u00e9ries. ( 5 pi\u00e8ces)<\/p>\n","protected":false},"featured_media":11482,"comment_status":"open","ping_status":"closed","template":"","meta":[],"product_brand":[],"product_cat":[142,177],"product_tag":[],"class_list":{"0":"post-10586","1":"product","2":"type-product","3":"status-publish","4":"has-post-thumbnail","6":"product_cat-vente-en-gros-chemises","7":"product_cat-chemise-a-manches-courtes","8":"pa_beden-l-fr","9":"pa_beden-m-fr","10":"pa_beden-xl-fr","11":"pa_beden-xxl-fr","13":"first","14":"outofstock","15":"taxable","16":"shipping-taxable","17":"purchasable","18":"product-type-simple"},"_links":{"self":[{"href":"https:\/\/www.mandellaistanbul.com\/fr\/wp-json\/wp\/v2\/product\/10586","targetHints":{"allow":["GET"]}}],"collection":[{"href":"https:\/\/www.mandellaistanbul.com\/fr\/wp-json\/wp\/v2\/product"}],"about":[{"href":"https:\/\/www.mandellaistanbul.com\/fr\/wp-json\/wp\/v2\/types\/product"}],"replies":[{"embeddable":true,"href":"https:\/\/www.mandellaistanbul.com\/fr\/wp-json\/wp\/v2\/comments?post=10586"}],"version-history":[{"count":2,"href":"https:\/\/www.mandellaistanbul.com\/fr\/wp-json\/wp\/v2\/product\/10586\/revisions"}],"predecessor-version":[{"id":18551,"href":"https:\/\/www.mandellaistanbul.com\/fr\/wp-json\/wp\/v2\/product\/10586\/revisions\/18551"}],"wp:featuredmedia":[{"embeddable":true,"href":"https:\/\/www.mandellaistanbul.com\/fr\/wp-json\/wp\/v2\/media\/11482"}],"wp:attachment":[{"href":"https:\/\/www.mandellaistanbul.com\/fr\/wp-json\/wp\/v2\/media?parent=10586"}],"wp:term":[{"taxonomy":"product_brand","embeddable":true,"href":"https:\/\/www.mandellaistanbul.com\/fr\/wp-json\/wp\/v2\/product_brand?post=10586"},{"taxonomy":"product_cat","embeddable":true,"href":"https:\/\/www.mandellaistanbul.com\/fr\/wp-json\/wp\/v2\/product_cat?post=10586"},{"taxonomy":"product_tag","embeddable":true,"href":"https:\/\/www.mandellaistanbul.com\/fr\/wp-json\/wp\/v2\/product_tag?post=10586"}],"curies":[{"name":"wp","href":"https:\/\/api.w.org\/{rel}","templated":true}]}}