{"id":10581,"date":"2022-09-07T11:49:34","date_gmt":"2022-09-07T08:49:34","guid":{"rendered":"https:\/\/www.mandellaistanbul.com\/product\/chemise-bleue-a-motifs-palmiers-et-iles\/"},"modified":"2024-10-15T22:31:26","modified_gmt":"2024-10-15T19:31:26","slug":"chemise-bleue-a-motifs-palmiers-et-iles","status":"publish","type":"product","link":"https:\/\/www.mandellaistanbul.com\/fr\/produit\/chemise-bleue-a-motifs-palmiers-et-iles\/","title":{"rendered":"Chemise Bleue \u00c0 Motifs Palmiers Et \u00celes"},"content":{"rendered":"<div class=\"flex flex-grow flex-col max-w-full\">\n<div class=\"min-h-[20px] text-message flex flex-col items-start whitespace-pre-wrap break-words [ .text-message+&#038;]:mt-5 juice:w-full juice:items-end overflow-x-auto gap-2\" data-message-author-role=\"assistant\" data-message-id=\"feff715a-a635-41b1-a19a-9fc4ac6070d1\" dir=\"auto\">\n<div class=\"flex w-full flex-col gap-1 juice:empty:hidden juice:first:pt-[3px]\">\n<div class=\" markdown prose w-full break-words dark:prose-invert dark\">\n<h2>Chemise bleue \u00e0 motifs palmiers et \u00eeles\u00a0: une option tropicale et fra\u00eeche<\/h2>\n<h3>Chemise bleue \u00e0 motifs palmiers de Mandella Istanbul en gros Collection<\/h3>\n<p>Mandella Istanbul est l\u00e0 avec sa collection de chemises bleues \u00e0 motifs de palmiers et d&#8217;\u00eeles en gros qui offre un style tropical et frais. Rendez vos vitrines \u00e9nergiques et ces chemises, qui enrichiront votre entreprise d&#8217;une touche paisible, seront appr\u00e9ci\u00e9es par vos clients commerciaux. Voici ce que vous devez savoir sur les chemises bleues \u00e0 motifs de palmiers et d&#8217;\u00eeles :<\/p>\n<h3>Mod\u00e8les de chemises bleues \u00e0 motifs de palmiers et d&#8217;\u00eeles<\/h3>\n<p>Mandella Istanbul, la chemise bleue \u00e0 motifs de palmiers et d&#8217;\u00eeles <a href=\"https:\/\/www.mandellaistanbul.com\/toptan-gomlek\/\">toptan<\/a> propose une large gamme de mod\u00e8les. Con\u00e7ues avec des tons bleus frais et des motifs tropicaux de palmiers et d&#8217;\u00eeles, ces chemises conviennent \u00e0 tous les go\u00fbts. plaisent \u00e0 tout le monde et enrichissent leur garde-robe. Ces mod\u00e8les, qui peuvent \u00eatre utilis\u00e9s confortablement dans n&#8217;importe quel environnement avec diff\u00e9rentes options de col et de coupe, augmentent la vari\u00e9t\u00e9 de produits de votre magasin. Con\u00e7ues avec l&#8217;aspect \u00e9nergique et exotique des motifs de palmiers et d&#8217;\u00eeles, ces chemises mettent en valeur l&#8217;\u00e9l\u00e9gance et la gr\u00e2ce de chaque client. Con\u00e7ues avec des touches \u00e0 la fois classiques et modernes, ces chemises aident \u00e0 exprimer le style de la meilleure fa\u00e7on.<\/p>\n<h3>Qualit\u00e9 et confort<\/h3>\n<p>En tant que Mandella Istanbul, nous accordons la priorit\u00e9 \u00e0 la qualit\u00e9 et \u00e0 la satisfaction du client dans chacun de nos produits. Nos chemises bleues \u00e0 motifs de palmiers et d&#8217;\u00eeles sont le reflet de cette compr\u00e9hension. Fabriqu\u00e9es avec des tissus de haute qualit\u00e9 et une finition m\u00e9ticuleuse, ces chemises sont \u00e0 la fois durables et offrent une utilisation confortable. Gr\u00e2ce aux tissus respirants et doux pour la peau, vos clients se sentent \u00e0 l&#8217;aise toute la journ\u00e9e. Ces chemises, faciles \u00e0 repasser et \u00e0 entretenir, offrent une utilisation pratique et sont id\u00e9ales pour vos clients qui souhaitent se pr\u00e9parer rapidement. En m\u00eame temps, ces chemises sont con\u00e7ues pour s&#8217;adapter \u00e0 diverses conditions m\u00e9t\u00e9orologiques. , afin qu&#8217;elles puissent \u00eatre port\u00e9es confortablement en toutes saisons.<\/p>\n<h3>Prix des chemises bleues \u00e0 motifs de palmiers<\/h3>\n<p>Mandella Istanbul propose des chemises bleues \u00e0 motifs de palmiers \u00e0 des prix de gros abordables. Sans compromettre la qualit\u00e9, nous offrons \u00e0 nos clients commerciaux la possibilit\u00e9 d&#8217;atteindre l&#8217;\u00e9l\u00e9gance avec des options adapt\u00e9es \u00e0 leur budget. Dans notre collection, vous pouvez trouver une large gamme dans diff\u00e9rentes gammes de prix et choisir les chemises qui conviennent le mieux au style de votre magasin. Vous pouvez acheter ces chemises \u00e9l\u00e9gantes \u00e0 des prix encore plus abordables avec des remises et des campagnes organis\u00e9es pendant certaines p\u00e9riodes. Campagnes en cours et vous pouvez suivre r\u00e9guli\u00e8rement notre site Web pour des offres sp\u00e9ciales. Vous pouvez \u00e9galement b\u00e9n\u00e9ficier de remises et d&#8217;avantages sp\u00e9ciaux en rejoignant notre programme d&#8217;adh\u00e9sion.<\/p>\n<h3>Commandez maintenant<\/h3>\n<p>Commandez en gros imm\u00e9diatement sur notre site Web et obtenez des motifs de palmiers bleus et d&#8217;\u00eeles Vous pouvez apporter l&#8217;\u00e9l\u00e9gance tropicale et fra\u00eeche des chemises dans votre magasin. N&#8217;oubliez pas, ayez toujours une longueur d&#8217;avance avec Mandella Istanbul et offrez les meilleurs produits \u00e0 vos clients. Avec l&#8217;importance que nous accordons \u00e0 la satisfaction du client, nous vous livrons vos commandes rapidement et en toute s\u00e9curit\u00e9. Achats en gros de Mandella Istanbul, o\u00f9 la qualit\u00e9 et l&#8217;\u00e9l\u00e9gance se rencontrent Rafra\u00eechissez votre magasin et soyez toujours \u00e0 votre meilleur !<\/p>\n<\/div>\n<\/div>\n<\/div>\n<\/div>\n","protected":false},"excerpt":{"rendered":"<p>La chemise bleue \u00e0 motifs de palmiers et d&#8217;\u00eeles, sp\u00e9cialement con\u00e7ue par Mandella Istanbul, allie l&#8217;ambiance des vacances et les tons froids d&#8217;une mani\u00e8re moderne. Une option spacieuse et originale.<\/p>\n","protected":false},"featured_media":11518,"comment_status":"open","ping_status":"closed","template":"","meta":[],"product_brand":[],"product_cat":[142,177],"product_tag":[],"class_list":{"0":"post-10581","1":"product","2":"type-product","3":"status-publish","4":"has-post-thumbnail","6":"product_cat-vente-en-gros-chemises","7":"product_cat-chemise-a-manches-courtes","8":"pa_beden-l-fr","9":"pa_beden-m-fr","10":"pa_beden-xl-fr","11":"pa_beden-xxl-fr","13":"first","14":"instock","15":"taxable","16":"shipping-taxable","17":"purchasable","18":"product-type-simple"},"_links":{"self":[{"href":"https:\/\/www.mandellaistanbul.com\/fr\/wp-json\/wp\/v2\/product\/10581","targetHints":{"allow":["GET"]}}],"collection":[{"href":"https:\/\/www.mandellaistanbul.com\/fr\/wp-json\/wp\/v2\/product"}],"about":[{"href":"https:\/\/www.mandellaistanbul.com\/fr\/wp-json\/wp\/v2\/types\/product"}],"replies":[{"embeddable":true,"href":"https:\/\/www.mandellaistanbul.com\/fr\/wp-json\/wp\/v2\/comments?post=10581"}],"version-history":[{"count":3,"href":"https:\/\/www.mandellaistanbul.com\/fr\/wp-json\/wp\/v2\/product\/10581\/revisions"}],"predecessor-version":[{"id":18658,"href":"https:\/\/www.mandellaistanbul.com\/fr\/wp-json\/wp\/v2\/product\/10581\/revisions\/18658"}],"wp:featuredmedia":[{"embeddable":true,"href":"https:\/\/www.mandellaistanbul.com\/fr\/wp-json\/wp\/v2\/media\/11518"}],"wp:attachment":[{"href":"https:\/\/www.mandellaistanbul.com\/fr\/wp-json\/wp\/v2\/media?parent=10581"}],"wp:term":[{"taxonomy":"product_brand","embeddable":true,"href":"https:\/\/www.mandellaistanbul.com\/fr\/wp-json\/wp\/v2\/product_brand?post=10581"},{"taxonomy":"product_cat","embeddable":true,"href":"https:\/\/www.mandellaistanbul.com\/fr\/wp-json\/wp\/v2\/product_cat?post=10581"},{"taxonomy":"product_tag","embeddable":true,"href":"https:\/\/www.mandellaistanbul.com\/fr\/wp-json\/wp\/v2\/product_tag?post=10581"}],"curies":[{"name":"wp","href":"https:\/\/api.w.org\/{rel}","templated":true}]}}