{"id":10580,"date":"2022-09-07T11:49:35","date_gmt":"2022-09-07T08:49:35","guid":{"rendered":"https:\/\/www.mandellaistanbul.com\/product\/chemise-orange-a-motifs-palmiers-et-iles\/"},"modified":"2024-10-15T22:39:53","modified_gmt":"2024-10-15T19:39:53","slug":"chemise-orange-a-motifs-de-palmiers-et-diles","status":"publish","type":"product","link":"https:\/\/www.mandellaistanbul.com\/fr\/produit\/chemise-orange-a-motifs-de-palmiers-et-diles\/","title":{"rendered":"Chemise Orange \u00c0 Motifs De Palmiers Et D&#8217;\u00celes"},"content":{"rendered":"<h2>Chemise orange \u00e0 motifs palmiers et \u00eeles : l&#8217;\u00e9l\u00e9gance avec une brise tropicale<\/h2>\n<p>Mandella Istanbul renouvelle votre style avec sa collection de chemises orange \u00e0 motifs palmiers et \u00eeles qui apporte une brise tropicale \u00e0 votre garde-robe. Se d\u00e9marquant par leurs designs vibrants et frais, ces chemises refl\u00e9teront l&#8217;\u00e9nergie de l&#8217;\u00e9t\u00e9. Voici ce que vous devez savoir sur les chemises orange \u00e0 motifs palmiers et \u00eeles :<\/p>\n<h3>Chemise orange \u00e0 motifs palmiers et \u00eeles<\/h3>\n<p><strong>\u00c9l\u00e9gance tropicale :<\/strong> les <a href=\"https:\/\/www.mandellaistanbul.com\/toptan-gomlek\/\">chemises toptan<\/a> orange \u00e0 motifs palmiers et \u00eeles seront un \u00e9l\u00e9ment indispensable des mois d&#8217;\u00e9t\u00e9. Avec ses motifs vibrants et ses couleurs fra\u00eeches, elle convient aussi bien \u00e0 un usage quotidien qu&#8217;au chic des vacances.<\/p>\n<p><strong>Confortable et respirante :<\/strong> ces chemises sont faites de tissus l\u00e9gers et respirants. Elle offre un confort d&#8217;utilisation m\u00eame pendant les chaudes journ\u00e9es d&#8217;\u00e9t\u00e9 et vous garde au frais.<\/p>\n<h3>Mod\u00e8les de chemises orange \u00e0 motifs palmiers<\/h3>\n<p><strong>Divers mod\u00e8les :<\/strong> Mandella Istanbul propose une large gamme de mod\u00e8les de chemises orange \u00e0 motifs palmiers. Des mod\u00e8les qui plaisent \u00e0 tous les go\u00fbts avec diff\u00e9rentes options de col et de coupe enrichissent votre garde-robe.<\/p>\n<p><strong>Style intemporel :<\/strong> Les chemises \u00e0 motifs palmiers maintiennent votre \u00e9l\u00e9gance \u00e0 chaque \u00e9poque avec leurs designs intemporels. Ces chemises, que vous pouvez utiliser aussi bien au quotidien que lors d&#8217;occasions sp\u00e9ciales, compl\u00e8tent votre style.<\/p>\n<h3>Prix des chemises orange \u00e0 motifs palmiers<\/h3>\n<p><strong>Prix abordables :<\/strong> Mandella Istanbul propose des chemises orange \u00e0 motifs palmiers \u00e0 des prix abordables. Vous pouvez attraper l&#8217;\u00e9l\u00e9gance avec des options qui conviennent \u00e0 votre budget sans compromettre la qualit\u00e9.<\/p>\n<p><strong>Remises et campagnes :<\/strong> Vous pouvez acheter des chemises orange \u00e0 motifs palmiers \u00e0 des prix encore plus abordables gr\u00e2ce aux remises et aux campagnes effectu\u00e9es \u00e0 certaines p\u00e9riodes. Vous pouvez suivre notre site Web pour conna\u00eetre les campagnes en cours.<\/p>\n<h3>Qualit\u00e9 Mandella Istanbul<\/h3>\n<p>En tant que Mandella Istanbul, nous accordons la priorit\u00e9 \u00e0 la qualit\u00e9 et \u00e0 la satisfaction du client dans chacun de nos produits. Nos chemises orange aux motifs de palmiers et d&#8217;\u00eeles sont le reflet de cette compr\u00e9hension. Ces chemises, produites avec des tissus soigneusement s\u00e9lectionn\u00e9s et une finition m\u00e9ticuleuse, offrent une utilisation durable et confortable.<\/p>\n<p>Vous pouvez apporter l&#8217;\u00e9l\u00e9gance tropicale des chemises \u00e0 motifs de palmiers et d&#8217;\u00eeles dans votre magasin en passant imm\u00e9diatement une commande en gros sur notre site Web. N&#8217;oubliez pas que votre \u00e9l\u00e9gance a toujours une longueur d&#8217;avance avec Mandella Istanbul !<\/p>\n","protected":false},"excerpt":{"rendered":"<p>La chemise orange \u00e0 motifs de palmiers et d&#8217;\u00eeles, sp\u00e9cialement con\u00e7ue par Mandella Istanbul, allie \u00e9nergie et vitalit\u00e9 de mani\u00e8re moderne. Une option vivante et originale.<\/p>\n","protected":false},"featured_media":11533,"comment_status":"open","ping_status":"closed","template":"","meta":[],"product_brand":[],"product_cat":[142,177],"product_tag":[],"class_list":{"0":"post-10580","1":"product","2":"type-product","3":"status-publish","4":"has-post-thumbnail","6":"product_cat-vente-en-gros-chemises","7":"product_cat-chemise-a-manches-courtes","8":"pa_beden-l-fr","9":"pa_beden-m-fr","10":"pa_beden-xl-fr","11":"pa_beden-xxl-fr","13":"first","14":"instock","15":"taxable","16":"shipping-taxable","17":"purchasable","18":"product-type-simple"},"_links":{"self":[{"href":"https:\/\/www.mandellaistanbul.com\/fr\/wp-json\/wp\/v2\/product\/10580","targetHints":{"allow":["GET"]}}],"collection":[{"href":"https:\/\/www.mandellaistanbul.com\/fr\/wp-json\/wp\/v2\/product"}],"about":[{"href":"https:\/\/www.mandellaistanbul.com\/fr\/wp-json\/wp\/v2\/types\/product"}],"replies":[{"embeddable":true,"href":"https:\/\/www.mandellaistanbul.com\/fr\/wp-json\/wp\/v2\/comments?post=10580"}],"version-history":[{"count":2,"href":"https:\/\/www.mandellaistanbul.com\/fr\/wp-json\/wp\/v2\/product\/10580\/revisions"}],"predecessor-version":[{"id":18684,"href":"https:\/\/www.mandellaistanbul.com\/fr\/wp-json\/wp\/v2\/product\/10580\/revisions\/18684"}],"wp:featuredmedia":[{"embeddable":true,"href":"https:\/\/www.mandellaistanbul.com\/fr\/wp-json\/wp\/v2\/media\/11533"}],"wp:attachment":[{"href":"https:\/\/www.mandellaistanbul.com\/fr\/wp-json\/wp\/v2\/media?parent=10580"}],"wp:term":[{"taxonomy":"product_brand","embeddable":true,"href":"https:\/\/www.mandellaistanbul.com\/fr\/wp-json\/wp\/v2\/product_brand?post=10580"},{"taxonomy":"product_cat","embeddable":true,"href":"https:\/\/www.mandellaistanbul.com\/fr\/wp-json\/wp\/v2\/product_cat?post=10580"},{"taxonomy":"product_tag","embeddable":true,"href":"https:\/\/www.mandellaistanbul.com\/fr\/wp-json\/wp\/v2\/product_tag?post=10580"}],"curies":[{"name":"wp","href":"https:\/\/api.w.org\/{rel}","templated":true}]}}