{"id":10568,"date":"2022-09-07T11:49:35","date_gmt":"2022-09-07T08:49:35","guid":{"rendered":"https:\/\/www.mandellaistanbul.com\/product\/chemise-jaune-a-motifs-palmiers-et-iles\/"},"modified":"2024-10-15T22:35:54","modified_gmt":"2024-10-15T19:35:54","slug":"chemise-jaune-a-motifs-de-palmiers-et-diles","status":"publish","type":"product","link":"https:\/\/www.mandellaistanbul.com\/fr\/produit\/chemise-jaune-a-motifs-de-palmiers-et-diles\/","title":{"rendered":"Chemise Jaune \u00c0 Motifs De Palmiers Et D&#8217;\u00celes"},"content":{"rendered":"<h2>Chemise Jaune \u00e0 Motifs Palmiers et \u00celes : Portez l&#8217;\u00c9nergie du Soleil sur Vous<\/h2>\n<p>Mandella Istanbul renouvelle votre style avec sa collection de chemises jaunes \u00e0 motifs palmiers et \u00eeles qui apporte l&#8217;\u00e9nergie du soleil et la vivacit\u00e9 des \u00eeles tropicales \u00e0 votre garde-robe. Ces chemises, qui attirent l&#8217;attention avec leur couleur jaune vibrante et leurs motifs palmiers, refl\u00e9teront votre \u00e9l\u00e9gance dans chaque environnement. Voici ce que vous devez savoir sur les chemises jaunes \u00e0 motifs palmiers et \u00eeles :<\/p>\n<h3>Chemise Jaune \u00e0 Motifs Palmiers et \u00celes<\/h3>\n<p><strong>Chic Tropical :<\/strong> Les chemises jaunes \u00e0 motifs palmiers et \u00eeles refl\u00e9teront la vivacit\u00e9 et l&#8217;\u00e9nergie des \u00eeles tropicales dans votre style. Elle prot\u00e8ge votre \u00e9l\u00e9gance aussi bien au quotidien que dans vos moments sp\u00e9ciaux.<\/p>\n<p><strong>Confortable et Respirante :<\/strong> Ces chemises sont fabriqu\u00e9es \u00e0 partir de tissus l\u00e9gers et respirants. Elle offre un confort d&#8217;utilisation m\u00eame lors des chaudes journ\u00e9es d&#8217;\u00e9t\u00e9 et vous garde au frais.<\/p>\n<h3>Mod\u00e8les de chemises jaunes \u00e0 motifs de palmiers<\/h3>\n<p><strong>Divers mod\u00e8les :<\/strong> Mandella Istanbul propose une large gamme de mod\u00e8les de chemises jaunes \u00e0 motifs de palmiers. Des mod\u00e8les qui plaisent \u00e0 tous les go\u00fbts avec diff\u00e9rentes options de col et de coupe enrichissent votre garde-robe.<\/p>\n<p><strong>Style intemporel :<\/strong> la <a href=\"https:\/\/www.mandellaistanbul.com\/toptan-gomlek\/\">chemise toptan<\/a> \u00e0 motifs de palmiers maintient votre \u00e9l\u00e9gance \u00e0 chaque p\u00e9riode avec ses designs intemporels. Ces chemises, que vous pouvez utiliser aussi bien au quotidien que lors d&#8217;occasions sp\u00e9ciales, compl\u00e8tent votre style.<\/p>\n<h3>Prix des chemises jaunes \u00e0 motifs de palmiers<\/h3>\n<p><strong>Prix abordables :<\/strong> Mandella Istanbul propose des chemises jaunes \u00e0 motifs de palmiers \u00e0 des prix abordables. Vous pouvez atteindre l&#8217;\u00e9l\u00e9gance avec des options qui conviennent \u00e0 votre budget sans compromettre la qualit\u00e9.<\/p>\n<p><strong>Remises et campagnes\u00a0:<\/strong> vous pouvez acheter des chemises jaunes \u00e0 motifs de palmiers \u00e0 des prix encore plus abordables gr\u00e2ce aux remises et aux campagnes organis\u00e9es pendant certaines p\u00e9riodes. Vous pouvez suivre notre site Web pour les campagnes en cours.<\/p>\n<h3>Qualit\u00e9 Mandella Istanbul<\/h3>\n<p>En tant que Mandella Istanbul, nous accordons la priorit\u00e9 \u00e0 la qualit\u00e9 et \u00e0 la satisfaction du client dans chacun de nos produits. Nos chemises jaunes \u00e0 motifs de palmiers et d&#8217;\u00eeles sont le reflet de cette compr\u00e9hension. Fabriqu\u00e9es avec des tissus soigneusement s\u00e9lectionn\u00e9s et une finition m\u00e9ticuleuse, ces chemises offrent une utilisation durable et confortable.<\/p>\n<p>Vous pouvez apporter la vivacit\u00e9 tropicale des chemises \u00e0 motifs de palmiers et d&#8217;\u00eeles dans votre magasin en passant une commande en gros imm\u00e9diatement depuis notre site Web. N&#8217;oubliez pas que votre \u00e9l\u00e9gance a toujours une longueur d&#8217;avance avec Mandella Istanbul\u00a0!<\/p>\n","protected":false},"excerpt":{"rendered":"<p>La chemise jaune \u00e0 motifs de palmiers et d&#8217;\u00eeles, sp\u00e9cialement con\u00e7ue par Mandella Istanbul, allie \u00e9nergie et vitalit\u00e9 de mani\u00e8re moderne. Une option positive et originale.<\/p>\n","protected":false},"featured_media":11527,"comment_status":"open","ping_status":"closed","template":"","meta":[],"product_brand":[],"product_cat":[142,177],"product_tag":[],"class_list":{"0":"post-10568","1":"product","2":"type-product","3":"status-publish","4":"has-post-thumbnail","6":"product_cat-vente-en-gros-chemises","7":"product_cat-chemise-a-manches-courtes","8":"pa_beden-l-fr","9":"pa_beden-m-fr","10":"pa_beden-xl-fr","11":"pa_beden-xxl-fr","13":"first","14":"instock","15":"taxable","16":"shipping-taxable","17":"purchasable","18":"product-type-simple"},"_links":{"self":[{"href":"https:\/\/www.mandellaistanbul.com\/fr\/wp-json\/wp\/v2\/product\/10568","targetHints":{"allow":["GET"]}}],"collection":[{"href":"https:\/\/www.mandellaistanbul.com\/fr\/wp-json\/wp\/v2\/product"}],"about":[{"href":"https:\/\/www.mandellaistanbul.com\/fr\/wp-json\/wp\/v2\/types\/product"}],"replies":[{"embeddable":true,"href":"https:\/\/www.mandellaistanbul.com\/fr\/wp-json\/wp\/v2\/comments?post=10568"}],"version-history":[{"count":3,"href":"https:\/\/www.mandellaistanbul.com\/fr\/wp-json\/wp\/v2\/product\/10568\/revisions"}],"predecessor-version":[{"id":18674,"href":"https:\/\/www.mandellaistanbul.com\/fr\/wp-json\/wp\/v2\/product\/10568\/revisions\/18674"}],"wp:featuredmedia":[{"embeddable":true,"href":"https:\/\/www.mandellaistanbul.com\/fr\/wp-json\/wp\/v2\/media\/11527"}],"wp:attachment":[{"href":"https:\/\/www.mandellaistanbul.com\/fr\/wp-json\/wp\/v2\/media?parent=10568"}],"wp:term":[{"taxonomy":"product_brand","embeddable":true,"href":"https:\/\/www.mandellaistanbul.com\/fr\/wp-json\/wp\/v2\/product_brand?post=10568"},{"taxonomy":"product_cat","embeddable":true,"href":"https:\/\/www.mandellaistanbul.com\/fr\/wp-json\/wp\/v2\/product_cat?post=10568"},{"taxonomy":"product_tag","embeddable":true,"href":"https:\/\/www.mandellaistanbul.com\/fr\/wp-json\/wp\/v2\/product_tag?post=10568"}],"curies":[{"name":"wp","href":"https:\/\/api.w.org\/{rel}","templated":true}]}}