{"id":10560,"date":"2022-09-07T11:49:37","date_gmt":"2022-09-07T08:49:37","guid":{"rendered":"https:\/\/www.mandellaistanbul.com\/product\/chemise-jaune-fleurie-a-rayures\/"},"modified":"2024-10-15T20:06:44","modified_gmt":"2024-10-15T17:06:44","slug":"chemise-fleurie-jaune","status":"publish","type":"product","link":"https:\/\/www.mandellaistanbul.com\/fr\/produit\/chemise-fleurie-jaune\/","title":{"rendered":"Chemise fleurie jaune"},"content":{"rendered":"<h3>Chemise jaune fleurie : un style color\u00e9 et vivant<\/h3>\n<h4>Chemise jaune fleurie<\/h4>\n<p>Les chemises jaunes fleuries ajoutent de la vivacit\u00e9 \u00e0 n&#8217;importe quel environnement en offrant un look \u00e9nergique et joyeux. Les tons vifs et chauds de la couleur jaune se combinent avec des motifs floraux pour cr\u00e9er un style unique et accrocheur. Les chemises jaunes fleuries sont un choix parfait pour refl\u00e9ter votre style et se faire remarquer aussi bien au quotidien que lors d&#8217;\u00e9v\u00e9nements sp\u00e9ciaux.<\/p>\n<h4>Prix des chemises jaunes fleuries<\/h4>\n<p>Les prix de gros des <a href=\"https:\/\/www.mandellaistanbul.com\/toptan-gomlek\/\">chemises jaunes fleuries<\/a> peuvent varier en fonction de la qualit\u00e9 du tissu utilis\u00e9, des d\u00e9tails de conception et de la marque. Les tissus de qualit\u00e9 et les designs sp\u00e9ciaux se trouvent g\u00e9n\u00e9ralement dans des gammes de prix plus \u00e9lev\u00e9es. Cependant, en tant que Mandella Istanbul, nous vous proposons des produits de la plus haute qualit\u00e9 aux prix les plus abordables pour les achats de chemises en gros. Vous pouvez nous contacter pour des chemises jaunes fleuries qui correspondent \u00e0 votre budget.<\/p>\n<h4>Mod\u00e8les de chemises jaunes fleuries<\/h4>\n<p>Les mod\u00e8les de chemises jaunes fleuries sont con\u00e7us pour plaire \u00e0 tous les go\u00fbts avec des coupes et des designs vari\u00e9s. Propos\u00e9es dans une large gamme allant des mod\u00e8les \u00e0 col classique aux coupes modernes, des mod\u00e8les slim fit aux coupes d\u00e9contract\u00e9es, ces chemises peuvent \u00eatre facilement pr\u00e9f\u00e9r\u00e9es aussi bien dans la vie professionnelle que lors d&#8217;\u00e9v\u00e9nements sociaux. Avec la vari\u00e9t\u00e9 que nous proposons chez Mandella Istanbul pour les achats de chemises en gros, vous pouvez trouver les mod\u00e8les de chemises jaunes \u00e0 fleurs les plus \u00e9l\u00e9gants et les plus modernes qui r\u00e9pondent \u00e0 vos besoins.<\/p>\n<h3>Pourquoi devriez-vous pr\u00e9f\u00e9rer une chemise jaune \u00e0 fleurs ?<\/h3>\n<ul>\n<li><strong>Color\u00e9 et dynamique :<\/strong> les tons vifs et chauds de la couleur jaune se combinent avec des motifs floraux pour cr\u00e9er un style \u00e9nergique et dynamique.<\/li>\n<li><strong>Possibilit\u00e9s de combinaison polyvalentes :<\/strong> les mod\u00e8les compatibles avec les combinaisons quotidiennes et sp\u00e9ciales offrent une utilisation polyvalente.<\/li>\n<li><strong>Qualit\u00e9 et confort :<\/strong> les chemises jaunes \u00e0 fleurs propos\u00e9es par Mandella Istanbul offrent une utilisation \u00e0 long terme avec leurs tissus de qualit\u00e9 et leurs coupes confortables.<\/li>\n<\/ul>\n<h3>Mandella Istanbul : une adresse fiable pour l&#8217;achat de chemises en gros<\/h3>\n<p>En tant que Mandella Istanbul, nous vous proposons des produits de la plus haute qualit\u00e9 et \u00e9l\u00e9gants aux prix les plus abordables pour vos achats de chemises en gros. Avec nos mod\u00e8les de chemises jaunes \u00e0 fleurs, vous pouvez \u00e0 la fois cr\u00e9er votre propre style et proposer une large gamme de produits \u00e0 vos clients. Choisissez Mandella Istanbul pour des chemises jaunes fleuries de qualit\u00e9, color\u00e9es et modernes et refl\u00e9tez votre style.<\/p>\n","protected":false},"excerpt":{"rendered":"<p>La chemise jaune ray\u00e9e et fleurie, sp\u00e9cialement con\u00e7ue par Mandella Istanbul, allie \u00e9l\u00e9gance et couleurs \u00e9nergiques de mani\u00e8re moderne. Une option \u00e9l\u00e9gante et vivante.<\/p>\n","protected":false},"featured_media":11554,"comment_status":"open","ping_status":"closed","template":"","meta":[],"product_brand":[],"product_cat":[142,177],"product_tag":[],"class_list":{"0":"post-10560","1":"product","2":"type-product","3":"status-publish","4":"has-post-thumbnail","6":"product_cat-vente-en-gros-chemises","7":"product_cat-chemise-a-manches-courtes","8":"pa_beden-l-fr","9":"pa_beden-m-fr","10":"pa_beden-xl-fr","11":"pa_beden-xxl-fr","13":"first","14":"instock","15":"taxable","16":"shipping-taxable","17":"purchasable","18":"product-type-simple"},"_links":{"self":[{"href":"https:\/\/www.mandellaistanbul.com\/fr\/wp-json\/wp\/v2\/product\/10560","targetHints":{"allow":["GET"]}}],"collection":[{"href":"https:\/\/www.mandellaistanbul.com\/fr\/wp-json\/wp\/v2\/product"}],"about":[{"href":"https:\/\/www.mandellaistanbul.com\/fr\/wp-json\/wp\/v2\/types\/product"}],"replies":[{"embeddable":true,"href":"https:\/\/www.mandellaistanbul.com\/fr\/wp-json\/wp\/v2\/comments?post=10560"}],"version-history":[{"count":2,"href":"https:\/\/www.mandellaistanbul.com\/fr\/wp-json\/wp\/v2\/product\/10560\/revisions"}],"predecessor-version":[{"id":18416,"href":"https:\/\/www.mandellaistanbul.com\/fr\/wp-json\/wp\/v2\/product\/10560\/revisions\/18416"}],"wp:featuredmedia":[{"embeddable":true,"href":"https:\/\/www.mandellaistanbul.com\/fr\/wp-json\/wp\/v2\/media\/11554"}],"wp:attachment":[{"href":"https:\/\/www.mandellaistanbul.com\/fr\/wp-json\/wp\/v2\/media?parent=10560"}],"wp:term":[{"taxonomy":"product_brand","embeddable":true,"href":"https:\/\/www.mandellaistanbul.com\/fr\/wp-json\/wp\/v2\/product_brand?post=10560"},{"taxonomy":"product_cat","embeddable":true,"href":"https:\/\/www.mandellaistanbul.com\/fr\/wp-json\/wp\/v2\/product_cat?post=10560"},{"taxonomy":"product_tag","embeddable":true,"href":"https:\/\/www.mandellaistanbul.com\/fr\/wp-json\/wp\/v2\/product_tag?post=10560"}],"curies":[{"name":"wp","href":"https:\/\/api.w.org\/{rel}","templated":true}]}}