{"id":10559,"date":"2022-09-07T11:49:37","date_gmt":"2022-09-07T08:49:37","guid":{"rendered":"https:\/\/www.mandellaistanbul.com\/product\/chemise-creme-rayee-a-fleurs\/"},"modified":"2024-10-15T19:47:41","modified_gmt":"2024-10-15T16:47:41","slug":"chemise-creme-fleurie","status":"publish","type":"product","link":"https:\/\/www.mandellaistanbul.com\/fr\/produit\/chemise-creme-fleurie\/","title":{"rendered":"Chemise cr\u00e8me fleurie"},"content":{"rendered":"<h3>Chemise cr\u00e8me fleurie : expression d&#8217;\u00e9l\u00e9gance et de naturel<\/h3>\n<h4>Chemise cr\u00e8me fleurie<\/h4>\n<p>Les chemises cr\u00e8me fleuries cr\u00e9ent un look sophistiqu\u00e9 en alliant \u00e9l\u00e9gance et naturel. Les tons doux et naturels de la couleur cr\u00e8me se combinent \u00e0 la fra\u00eecheur des motifs floraux, mettant en valeur votre \u00e9l\u00e9gance au quotidien et lors d&#8217;\u00e9v\u00e9nements sp\u00e9ciaux. Les chemises cr\u00e8me fleuries sont un choix id\u00e9al pour ajouter une touche classique et moderne \u00e0 votre garde-robe.<\/p>\n<h4>Prix des chemises cr\u00e8me fleuries<\/h4>\n<p>Les prix des chemises cr\u00e8me fleuries peuvent varier en fonction de la qualit\u00e9 du tissu utilis\u00e9, des d\u00e9tails de conception et de la marque. Les tissus de qualit\u00e9 et les designs originaux se trouvent g\u00e9n\u00e9ralement dans des gammes de prix plus \u00e9lev\u00e9es. Cependant, en tant que Mandella Istanbul, nous vous proposons des produits de la plus haute qualit\u00e9 aux prix les plus abordables dans les achats <a href=\"https:\/\/www.mandellaistanbul.com\/toptan-gomlek\/\">toptan G\u00f6mlek<\/a>. Vous pouvez nous contacter pour des chemises cr\u00e8me fleuries qui correspondent \u00e0 votre budget.<\/p>\n<h4>Mod\u00e8les de chemises cr\u00e8me fleuries<\/h4>\n<p>Les mod\u00e8les de chemises cr\u00e8me fleuries sont con\u00e7us pour plaire \u00e0 tous les go\u00fbts avec des coupes et des designs vari\u00e9s. Propos\u00e9es dans une large gamme allant des mod\u00e8les \u00e0 col classique aux coupes modernes, des mod\u00e8les slim fit aux coupes d\u00e9contract\u00e9es, ces chemises peuvent \u00eatre facilement pr\u00e9f\u00e9r\u00e9es aussi bien dans la vie professionnelle que lors d&#8217;\u00e9v\u00e9nements sociaux. Avec la vari\u00e9t\u00e9 que nous proposons chez Mandella Istanbul pour les achats de chemises en gros, vous pouvez trouver les mod\u00e8les de chemises cr\u00e8me fleuries les plus \u00e9l\u00e9gants et les plus modernes qui r\u00e9pondent \u00e0 vos besoins.<\/p>\n<h3>Pourquoi devriez-vous pr\u00e9f\u00e9rer une chemise cr\u00e8me fleurie ?<\/h3>\n<ul>\n<li><strong>\u00c9l\u00e9gante et naturelle :<\/strong> cr\u00e9ez un style \u00e9l\u00e9gant et naturel avec les tons doux de la couleur cr\u00e8me et la fra\u00eecheur des motifs floraux.<\/li>\n<li><strong>Possibilit\u00e9s de combinaison polyvalentes :<\/strong> les mod\u00e8les compatibles avec les combinaisons quotidiennes et sp\u00e9ciales offrent une utilisation polyvalente.<\/li>\n<li><strong>Qualit\u00e9 et confort :<\/strong> les chemises cr\u00e8me fleuries propos\u00e9es par Mandella Istanbul offrent une utilisation \u00e0 long terme avec leurs tissus de qualit\u00e9 et leurs coupes confortables.<\/li>\n<\/ul>\n<h3>Mandella Istanbul : l&#8217;adresse fiable pour l&#8217;achat de chemises en gros<\/h3>\n<p>En tant que Mandella Istanbul, nous vous proposons des produits de la plus haute qualit\u00e9 et \u00e9l\u00e9gants aux prix les plus abordables pour vos achats de chemises en gros. Avec nos mod\u00e8les de chemises cr\u00e8me fleuries, vous pouvez \u00e0 la fois cr\u00e9er votre propre style et proposer une large gamme de produits \u00e0 vos clients. Choisissez Mandella Istanbul pour des chemises cr\u00e8me fleuries de qualit\u00e9, \u00e9l\u00e9gantes et modernes et refl\u00e9tez votre style.<\/p>\n","protected":false},"excerpt":{"rendered":"<p>La chemise cr\u00e8me \u00e0 fleurs ray\u00e9es, sp\u00e9cialement con\u00e7ue par Mandella Istanbul, allie \u00e9l\u00e9gance et couleurs paisibles de mani\u00e8re moderne. Une option \u00e9l\u00e9gante et calme.<\/p>\n","protected":false},"featured_media":11557,"comment_status":"open","ping_status":"closed","template":"","meta":[],"product_brand":[],"product_cat":[142,177],"product_tag":[],"class_list":{"0":"post-10559","1":"product","2":"type-product","3":"status-publish","4":"has-post-thumbnail","6":"product_cat-vente-en-gros-chemises","7":"product_cat-chemise-a-manches-courtes","8":"pa_beden-l-fr","9":"pa_beden-m-fr","10":"pa_beden-xl-fr","11":"pa_beden-xxl-fr","13":"first","14":"instock","15":"taxable","16":"shipping-taxable","17":"purchasable","18":"product-type-simple"},"_links":{"self":[{"href":"https:\/\/www.mandellaistanbul.com\/fr\/wp-json\/wp\/v2\/product\/10559","targetHints":{"allow":["GET"]}}],"collection":[{"href":"https:\/\/www.mandellaistanbul.com\/fr\/wp-json\/wp\/v2\/product"}],"about":[{"href":"https:\/\/www.mandellaistanbul.com\/fr\/wp-json\/wp\/v2\/types\/product"}],"replies":[{"embeddable":true,"href":"https:\/\/www.mandellaistanbul.com\/fr\/wp-json\/wp\/v2\/comments?post=10559"}],"version-history":[{"count":2,"href":"https:\/\/www.mandellaistanbul.com\/fr\/wp-json\/wp\/v2\/product\/10559\/revisions"}],"predecessor-version":[{"id":18397,"href":"https:\/\/www.mandellaistanbul.com\/fr\/wp-json\/wp\/v2\/product\/10559\/revisions\/18397"}],"wp:featuredmedia":[{"embeddable":true,"href":"https:\/\/www.mandellaistanbul.com\/fr\/wp-json\/wp\/v2\/media\/11557"}],"wp:attachment":[{"href":"https:\/\/www.mandellaistanbul.com\/fr\/wp-json\/wp\/v2\/media?parent=10559"}],"wp:term":[{"taxonomy":"product_brand","embeddable":true,"href":"https:\/\/www.mandellaistanbul.com\/fr\/wp-json\/wp\/v2\/product_brand?post=10559"},{"taxonomy":"product_cat","embeddable":true,"href":"https:\/\/www.mandellaistanbul.com\/fr\/wp-json\/wp\/v2\/product_cat?post=10559"},{"taxonomy":"product_tag","embeddable":true,"href":"https:\/\/www.mandellaistanbul.com\/fr\/wp-json\/wp\/v2\/product_tag?post=10559"}],"curies":[{"name":"wp","href":"https:\/\/api.w.org\/{rel}","templated":true}]}}