{"id":10555,"date":"2022-09-07T11:49:38","date_gmt":"2022-09-07T08:49:38","guid":{"rendered":"https:\/\/www.mandellaistanbul.com\/product\/chemise-rayee-a-fleurs-rouge\/"},"modified":"2024-10-15T19:46:19","modified_gmt":"2024-10-15T16:46:19","slug":"chemise-fleurie-rouge","status":"publish","type":"product","link":"https:\/\/www.mandellaistanbul.com\/fr\/produit\/chemise-fleurie-rouge\/","title":{"rendered":"Chemise fleurie rouge"},"content":{"rendered":"<h3>Chemise rouge fleurie : un style vif et \u00e9nergique<\/h3>\n<h4>Chemise rouge fleurie<\/h4>\n<p>Les chemises rouges fleuries ajoutent une atmosph\u00e8re dynamique \u00e0 n&#8217;importe quel environnement en offrant un look vif et \u00e9nergique. Les tons audacieux de la couleur rouge se combinent \u00e0 l&#8217;\u00e9l\u00e9gance des motifs floraux pour cr\u00e9er un style unique et accrocheur. Les chemises rouges fleuries sont un choix parfait pour se faire remarquer et refl\u00e9ter votre style aussi bien au quotidien que lors d&#8217;\u00e9v\u00e9nements sp\u00e9ciaux.<\/p>\n<h4>Prix des chemises rouges fleuries<\/h4>\n<p>Les prix des <a href=\"https:\/\/www.mandellaistanbul.com\/toptan-gomlek\/\">chemises en gros<\/a> rouges fleuries peuvent varier en fonction de la qualit\u00e9 du tissu utilis\u00e9, des d\u00e9tails de conception et de la marque. Les tissus de qualit\u00e9 et les designs originaux se trouvent g\u00e9n\u00e9ralement dans des gammes de prix plus \u00e9lev\u00e9es. Cependant, en tant que Mandella Istanbul, nous vous proposons des produits de la plus haute qualit\u00e9 aux prix les plus abordables pour les achats de chemises en gros. Vous pouvez nous contacter pour des chemises rouges fleuries qui correspondent \u00e0 votre budget.<\/p>\n<h4>Mod\u00e8les de chemises rouges fleuries<\/h4>\n<p>Les mod\u00e8les de chemises rouges fleuries sont con\u00e7us pour plaire \u00e0 tous les go\u00fbts avec des coupes et des designs vari\u00e9s. Propos\u00e9es dans une large gamme allant des mod\u00e8les \u00e0 col classique aux coupes modernes, des mod\u00e8les slim fit aux coupes d\u00e9contract\u00e9es, ces chemises peuvent \u00eatre facilement pr\u00e9f\u00e9r\u00e9es aussi bien dans la vie professionnelle que lors d&#8217;\u00e9v\u00e9nements sociaux. Avec la vari\u00e9t\u00e9 que nous proposons chez Mandella Istanbul pour les achats de chemises en gros, vous pouvez trouver les mod\u00e8les de chemises rouges \u00e0 fleurs les plus \u00e9l\u00e9gants et les plus modernes qui r\u00e9pondent \u00e0 vos besoins.<\/p>\n<h3>Pourquoi devriez-vous pr\u00e9f\u00e9rer une chemise rouge \u00e0 fleurs ?<\/h3>\n<ul>\n<li><strong>Vif et \u00e9nergique :<\/strong> cr\u00e9ez un style vibrant et \u00e9nergique avec les tons audacieux du rouge et l&#8217;\u00e9l\u00e9gance des motifs floraux.<\/li>\n<li><strong>Possibilit\u00e9s de combinaison polyvalentes :<\/strong> les mod\u00e8les compatibles avec les combinaisons quotidiennes et sp\u00e9ciales offrent une utilisation polyvalente.<\/li>\n<li><strong>Qualit\u00e9 et confort :<\/strong> les chemises rouges \u00e0 fleurs propos\u00e9es par Mandella Istanbul offrent une utilisation \u00e0 long terme avec leurs tissus de qualit\u00e9 et leurs coupes confortables.<\/li>\n<\/ul>\n<h3>Mandella Istanbul : l&#8217;adresse fiable pour l&#8217;achat de chemises en gros<\/h3>\n<p>En tant que Mandella Istanbul, nous vous proposons des produits de la plus haute qualit\u00e9 et \u00e9l\u00e9gants aux prix les plus abordables pour vos achats de chemises en gros. Avec nos mod\u00e8les de chemises rouges \u00e0 fleurs, vous pouvez \u00e0 la fois cr\u00e9er votre propre style et proposer une large gamme de produits \u00e0 vos clients. Choisissez Mandella Istanbul pour des chemises rouges \u00e0 fleurs de haute qualit\u00e9, vibrantes et modernes et refl\u00e9tez votre style.<\/p>\n","protected":false},"excerpt":{"rendered":"<p>La chemise ray\u00e9e rouge \u00e0 fleurs, sp\u00e9cialement con\u00e7ue par Mandella Istanbul, allie \u00e9l\u00e9gance et couleurs vives de mani\u00e8re moderne. Une option \u00e9l\u00e9gante et \u00e9nergique.<\/p>\n","protected":false},"featured_media":11566,"comment_status":"open","ping_status":"closed","template":"","meta":[],"product_brand":[],"product_cat":[142,177],"product_tag":[],"class_list":{"0":"post-10555","1":"product","2":"type-product","3":"status-publish","4":"has-post-thumbnail","6":"product_cat-vente-en-gros-chemises","7":"product_cat-chemise-a-manches-courtes","8":"pa_beden-l-fr","9":"pa_beden-m-fr","10":"pa_beden-xl-fr","11":"pa_beden-xxl-fr","13":"first","14":"instock","15":"taxable","16":"shipping-taxable","17":"purchasable","18":"product-type-simple"},"_links":{"self":[{"href":"https:\/\/www.mandellaistanbul.com\/fr\/wp-json\/wp\/v2\/product\/10555","targetHints":{"allow":["GET"]}}],"collection":[{"href":"https:\/\/www.mandellaistanbul.com\/fr\/wp-json\/wp\/v2\/product"}],"about":[{"href":"https:\/\/www.mandellaistanbul.com\/fr\/wp-json\/wp\/v2\/types\/product"}],"replies":[{"embeddable":true,"href":"https:\/\/www.mandellaistanbul.com\/fr\/wp-json\/wp\/v2\/comments?post=10555"}],"version-history":[{"count":3,"href":"https:\/\/www.mandellaistanbul.com\/fr\/wp-json\/wp\/v2\/product\/10555\/revisions"}],"predecessor-version":[{"id":18396,"href":"https:\/\/www.mandellaistanbul.com\/fr\/wp-json\/wp\/v2\/product\/10555\/revisions\/18396"}],"wp:featuredmedia":[{"embeddable":true,"href":"https:\/\/www.mandellaistanbul.com\/fr\/wp-json\/wp\/v2\/media\/11566"}],"wp:attachment":[{"href":"https:\/\/www.mandellaistanbul.com\/fr\/wp-json\/wp\/v2\/media?parent=10555"}],"wp:term":[{"taxonomy":"product_brand","embeddable":true,"href":"https:\/\/www.mandellaistanbul.com\/fr\/wp-json\/wp\/v2\/product_brand?post=10555"},{"taxonomy":"product_cat","embeddable":true,"href":"https:\/\/www.mandellaistanbul.com\/fr\/wp-json\/wp\/v2\/product_cat?post=10555"},{"taxonomy":"product_tag","embeddable":true,"href":"https:\/\/www.mandellaistanbul.com\/fr\/wp-json\/wp\/v2\/product_tag?post=10555"}],"curies":[{"name":"wp","href":"https:\/\/api.w.org\/{rel}","templated":true}]}}