{"id":10553,"date":"2022-09-07T11:49:39","date_gmt":"2022-09-07T08:49:39","guid":{"rendered":"https:\/\/www.mandellaistanbul.com\/product\/chemise-de-couleur-violette-unie\/"},"modified":"2024-10-07T21:23:32","modified_gmt":"2024-10-07T18:23:32","slug":"chemise-violette-a-manches-courtes","status":"publish","type":"product","link":"https:\/\/www.mandellaistanbul.com\/fr\/produit\/chemise-violette-a-manches-courtes\/","title":{"rendered":"Chemise violette \u00e0 manches courtes"},"content":{"rendered":"<h3>Chemise violette \u00e0 manches courtes : couleurs vives et motifs modernes<\/h3>\n<p><strong>Collection de chemises violettes \u00e0 manches courtes de Mandella Istanbul<\/strong><\/p>\n<p>Mandella Istanbul est l\u00e0 avec sa collection de <a href=\"https:\/\/www.mandellaistanbul.com\/toptan-gomlek\/\">chemises toptan<\/a> violettes \u00e0 manches courtes qui r\u00e9unit des couleurs vives et des motifs modernes. Ces chemises, qui gagneront l&#8217;appr\u00e9ciation de vos clients commerciaux, ajouteront une atmosph\u00e8re dynamique \u00e0 la gamme de produits de votre magasin. Voici ce que vous devez savoir sur les chemises violettes \u00e0 manches courtes :<\/p>\n<h4>Mod\u00e8les de chemises violettes \u00e0 manches courtes<\/h4>\n<p>Mandella Istanbul propose une grande vari\u00e9t\u00e9 de mod\u00e8les de chemises violettes \u00e0 manches courtes. Cette collection, o\u00f9 se rencontrent \u00e0 la fois des coupes classiques et modernes, ajoutera de la couleur et du style aux garde-robes. Ces chemises, particuli\u00e8rement appr\u00e9ci\u00e9es pendant les mois d&#8217;\u00e9t\u00e9, offrent du confort \u00e0 leurs utilisateurs gr\u00e2ce \u00e0 leurs tissus l\u00e9gers et respirants. Con\u00e7us avec des nuances \u00e9l\u00e9gantes de violet, ces mod\u00e8les peuvent \u00eatre utilis\u00e9s confortablement dans n&#8217;importe quel environnement et mettent en valeur le style de vos clients.<\/p>\n<h4>Qualit\u00e9 et confort<\/h4>\n<p>En tant que Mandella Istanbul, nous accordons la priorit\u00e9 \u00e0 la qualit\u00e9 et \u00e0 la satisfaction du client dans nos produits. Nos chemises violettes \u00e0 manches courtes sont fabriqu\u00e9es avec des tissus de haute qualit\u00e9 et une finition soign\u00e9e. Gr\u00e2ce aux tissus respirants qui n&#8217;irritent pas la peau, vos clients se sentiront \u00e0 l&#8217;aise toute la journ\u00e9e. Ces chemises, faciles \u00e0 repasser et \u00e0 entretenir, offrent une utilisation pratique. Ces chemises, qui peuvent \u00eatre pr\u00e9f\u00e9r\u00e9es aussi bien dans la vie quotidienne que lors d&#8217;\u00e9v\u00e9nements sp\u00e9ciaux, sont con\u00e7ues pour s&#8217;adapter \u00e0 toutes les saisons.<\/p>\n<h4>Prix des chemises violettes \u00e0 manches courtes<\/h4>\n<p>Mandella Istanbul propose des chemises violettes \u00e0 manches courtes \u00e0 des prix de gros abordables, offrant des options avantageuses \u00e0 nos clients commerciaux. Nous proposons une large gamme de produits qui s&#8217;adaptent \u00e0 votre budget sans compromettre la qualit\u00e9. Gr\u00e2ce aux remises et aux campagnes organis\u00e9es \u00e0 certaines p\u00e9riodes, vous pouvez avoir la possibilit\u00e9 d&#8217;acheter des chemises violettes \u00e0 manches courtes \u00e0 des prix plus abordables. Nous vous conseillons de suivre r\u00e9guli\u00e8rement notre site Web pour conna\u00eetre les campagnes en cours et les offres sp\u00e9ciales.<\/p>\n<h4>Commandez maintenant<\/h4>\n<p>Vous pouvez afficher les designs vibrants et modernes des chemises \u00e0 manches courtes violettes dans votre magasin en passant imm\u00e9diatement une commande en gros sur notre site Web. N&#8217;oubliez pas, ayez toujours une longueur d&#8217;avance avec Mandella Istanbul et offrez \u00e0 vos clients les meilleurs produits. Gr\u00e2ce \u00e0 l&#8217;importance que nous accordons \u00e0 la satisfaction de nos clients, nous vous livrons vos commandes rapidement et en toute s\u00e9curit\u00e9. Renouvelez votre magasin et soyez toujours \u00e0 votre meilleur en achetant en gros chez Mandella Istanbul, o\u00f9 qualit\u00e9 et \u00e9l\u00e9gance se rencontrent !<\/p>\n","protected":false},"excerpt":{"rendered":"<p>La chemise de couleur violette unie, sp\u00e9cialement con\u00e7ue par Mandella Istanbul, refl\u00e8te parfaitement un style \u00e9l\u00e9gant et myst\u00e9rieux. Une option sophistiqu\u00e9e et attrayante.<\/p>\n","protected":false},"featured_media":11587,"comment_status":"open","ping_status":"closed","template":"","meta":[],"product_brand":[],"product_cat":[142,177],"product_tag":[],"class_list":{"0":"post-10553","1":"product","2":"type-product","3":"status-publish","4":"has-post-thumbnail","6":"product_cat-vente-en-gros-chemises","7":"product_cat-chemise-a-manches-courtes","8":"pa_beden-l-fr","9":"pa_beden-m-fr","10":"pa_beden-xl-fr","11":"pa_beden-xxl-fr","13":"first","14":"instock","15":"taxable","16":"shipping-taxable","17":"purchasable","18":"product-type-simple"},"_links":{"self":[{"href":"https:\/\/www.mandellaistanbul.com\/fr\/wp-json\/wp\/v2\/product\/10553","targetHints":{"allow":["GET"]}}],"collection":[{"href":"https:\/\/www.mandellaistanbul.com\/fr\/wp-json\/wp\/v2\/product"}],"about":[{"href":"https:\/\/www.mandellaistanbul.com\/fr\/wp-json\/wp\/v2\/types\/product"}],"replies":[{"embeddable":true,"href":"https:\/\/www.mandellaistanbul.com\/fr\/wp-json\/wp\/v2\/comments?post=10553"}],"version-history":[{"count":2,"href":"https:\/\/www.mandellaistanbul.com\/fr\/wp-json\/wp\/v2\/product\/10553\/revisions"}],"predecessor-version":[{"id":18100,"href":"https:\/\/www.mandellaistanbul.com\/fr\/wp-json\/wp\/v2\/product\/10553\/revisions\/18100"}],"wp:featuredmedia":[{"embeddable":true,"href":"https:\/\/www.mandellaistanbul.com\/fr\/wp-json\/wp\/v2\/media\/11587"}],"wp:attachment":[{"href":"https:\/\/www.mandellaistanbul.com\/fr\/wp-json\/wp\/v2\/media?parent=10553"}],"wp:term":[{"taxonomy":"product_brand","embeddable":true,"href":"https:\/\/www.mandellaistanbul.com\/fr\/wp-json\/wp\/v2\/product_brand?post=10553"},{"taxonomy":"product_cat","embeddable":true,"href":"https:\/\/www.mandellaistanbul.com\/fr\/wp-json\/wp\/v2\/product_cat?post=10553"},{"taxonomy":"product_tag","embeddable":true,"href":"https:\/\/www.mandellaistanbul.com\/fr\/wp-json\/wp\/v2\/product_tag?post=10553"}],"curies":[{"name":"wp","href":"https:\/\/api.w.org\/{rel}","templated":true}]}}