{"id":10552,"date":"2022-09-07T11:49:39","date_gmt":"2022-09-07T08:49:39","guid":{"rendered":"https:\/\/www.mandellaistanbul.com\/product\/chemise-de-couleur-rose-unie\/"},"modified":"2024-10-08T22:14:04","modified_gmt":"2024-10-08T19:14:04","slug":"chemise-rose-a-manches-courtes","status":"publish","type":"product","link":"https:\/\/www.mandellaistanbul.com\/fr\/produit\/chemise-rose-a-manches-courtes\/","title":{"rendered":"Chemise rose \u00e0 manches courtes"},"content":{"rendered":"<h3>Chemise rose \u00e0 manches courtes : un style vivant et dynamique<\/h3>\n<p><strong>Collection de chemises roses \u00e0 manches courtes en gros de Mandella Istanbul<\/strong><\/p>\n<p>Mandella Istanbul propose sa collection de <a href=\"https:\/\/www.mandellaistanbul.com\/toptan-gomlek\/\">chemises toptan<\/a> roses \u00e0 manches courtes pour vos clients \u00e0 la recherche d&#8217;un style vivant et dynamique. Ces chemises accrocheuses ajouteront de la couleur \u00e0 la vitrine de votre magasin et attireront l&#8217;attention de vos clients. Ce que vous devez savoir sur les chemises roses \u00e0 manches courtes :<\/p>\n<h4>Mod\u00e8les de chemises roses \u00e0 manches courtes<\/h4>\n<p>Mandella Istanbul propose une large gamme d&#8217;options dans les mod\u00e8les de chemises roses \u00e0 manches courtes. Id\u00e9als pour un usage professionnel et quotidien, ces mod\u00e8les plaisent \u00e0 diff\u00e9rents styles et ajoutent de l&#8217;\u00e9nergie aux garde-robes. La vari\u00e9t\u00e9, allant des coupes modernes aux d\u00e9tails classiques, offre un style adapt\u00e9 \u00e0 chaque client. Les nuances \u00e9nergiques et rafra\u00eechissantes du rose peuvent \u00eatre utilis\u00e9es confortablement dans n&#8217;importe quel environnement et augmentent la vari\u00e9t\u00e9 de produits de votre magasin.<\/p>\n<h4>Qualit\u00e9 et confort<\/h4>\n<p>En tant que Mandella Istanbul, nous accordons la priorit\u00e9 \u00e0 la qualit\u00e9 et \u00e0 la satisfaction du client dans chaque produit. Nos chemises roses \u00e0 manches courtes sont fabriqu\u00e9es avec des tissus de haute qualit\u00e9 et une finition m\u00e9ticuleuse. Gr\u00e2ce aux tissus respirants et doux pour la peau, vos clients se sentiront \u00e0 l&#8217;aise toute la journ\u00e9e. Ces chemises, faciles \u00e0 repasser et \u00e0 entretenir, offrent une utilisation pratique. Con\u00e7ues pour s&#8217;adapter \u00e0 toutes les saisons, les chemises roses \u00e0 manches courtes peuvent \u00eatre port\u00e9es confortablement par temps chaud comme par temps froid.<\/p>\n<h4>Prix des chemises roses \u00e0 manches courtes<\/h4>\n<p>Mandella Istanbul offre des options avantageuses aux propri\u00e9taires de magasins en proposant des chemises roses \u00e0 manches courtes \u00e0 des prix de gros abordables. Nous proposons \u00e0 nos clients commerciaux une large gamme de produits adapt\u00e9s \u00e0 leur budget sans compromettre la qualit\u00e9. Gr\u00e2ce aux remises et aux campagnes organis\u00e9es \u00e0 certaines p\u00e9riodes, vous pouvez avoir la possibilit\u00e9 d&#8217;acheter des chemises roses \u00e0 manches courtes \u00e0 des prix encore plus abordables. Nous vous conseillons de suivre r\u00e9guli\u00e8rement notre site Web pour conna\u00eetre les campagnes en cours et les offres sp\u00e9ciales.<\/p>\n<h4>Commandez maintenant<\/h4>\n<p>Vous pouvez afficher le style vibrant et dynamique des chemises \u00e0 manches courtes roses dans votre magasin en passant imm\u00e9diatement une commande en gros sur notre site Web. N&#8217;oubliez pas, ayez toujours une longueur d&#8217;avance avec Mandella Istanbul et offrez \u00e0 vos clients les meilleurs produits. Gr\u00e2ce \u00e0 l&#8217;importance que nous accordons \u00e0 la satisfaction de nos clients, nous vous livrons vos commandes rapidement et en toute s\u00e9curit\u00e9. Renouvelez votre magasin et soyez toujours \u00e0 votre meilleur en achetant en gros chez Mandella Istanbul, o\u00f9 qualit\u00e9 et \u00e9l\u00e9gance se rencontrent !<\/p>\n","protected":false},"excerpt":{"rendered":"<p>La chemise rose unie, sp\u00e9cialement con\u00e7ue par Mandella Istanbul, refl\u00e8te parfaitement un style simple et \u00e9l\u00e9gant. Une option minimale et impressionnante.<\/p>\n","protected":false},"featured_media":11581,"comment_status":"open","ping_status":"closed","template":"","meta":[],"product_brand":[],"product_cat":[142,177],"product_tag":[],"class_list":{"0":"post-10552","1":"product","2":"type-product","3":"status-publish","4":"has-post-thumbnail","6":"product_cat-vente-en-gros-chemises","7":"product_cat-chemise-a-manches-courtes","8":"pa_beden-l-fr","9":"pa_beden-m-fr","10":"pa_beden-xl-fr","11":"pa_beden-xxl-fr","13":"first","14":"outofstock","15":"taxable","16":"shipping-taxable","17":"purchasable","18":"product-type-simple"},"_links":{"self":[{"href":"https:\/\/www.mandellaistanbul.com\/fr\/wp-json\/wp\/v2\/product\/10552","targetHints":{"allow":["GET"]}}],"collection":[{"href":"https:\/\/www.mandellaistanbul.com\/fr\/wp-json\/wp\/v2\/product"}],"about":[{"href":"https:\/\/www.mandellaistanbul.com\/fr\/wp-json\/wp\/v2\/types\/product"}],"replies":[{"embeddable":true,"href":"https:\/\/www.mandellaistanbul.com\/fr\/wp-json\/wp\/v2\/comments?post=10552"}],"version-history":[{"count":3,"href":"https:\/\/www.mandellaistanbul.com\/fr\/wp-json\/wp\/v2\/product\/10552\/revisions"}],"predecessor-version":[{"id":18208,"href":"https:\/\/www.mandellaistanbul.com\/fr\/wp-json\/wp\/v2\/product\/10552\/revisions\/18208"}],"wp:featuredmedia":[{"embeddable":true,"href":"https:\/\/www.mandellaistanbul.com\/fr\/wp-json\/wp\/v2\/media\/11581"}],"wp:attachment":[{"href":"https:\/\/www.mandellaistanbul.com\/fr\/wp-json\/wp\/v2\/media?parent=10552"}],"wp:term":[{"taxonomy":"product_brand","embeddable":true,"href":"https:\/\/www.mandellaistanbul.com\/fr\/wp-json\/wp\/v2\/product_brand?post=10552"},{"taxonomy":"product_cat","embeddable":true,"href":"https:\/\/www.mandellaistanbul.com\/fr\/wp-json\/wp\/v2\/product_cat?post=10552"},{"taxonomy":"product_tag","embeddable":true,"href":"https:\/\/www.mandellaistanbul.com\/fr\/wp-json\/wp\/v2\/product_tag?post=10552"}],"curies":[{"name":"wp","href":"https:\/\/api.w.org\/{rel}","templated":true}]}}