{"id":10529,"date":"2022-09-07T11:49:43","date_gmt":"2022-09-07T08:49:43","guid":{"rendered":"https:\/\/www.mandellaistanbul.com\/product\/chemise-de-couleur-bleue-unie\/"},"modified":"2024-10-07T21:09:39","modified_gmt":"2024-10-07T18:09:39","slug":"chemise-bleue-a-manches-courtes","status":"publish","type":"product","link":"https:\/\/www.mandellaistanbul.com\/fr\/produit\/chemise-bleue-a-manches-courtes\/","title":{"rendered":"Chemise bleue \u00e0 manches courtes"},"content":{"rendered":"<h3>Chemise bleue \u00e0 manches courtes : emportez avec vous la fra\u00eecheur de l&#8217;\u00e9t\u00e9<\/h3>\n<p><strong>Collection de chemises bleues \u00e0 manches courtes en gros de Mandella Istanbul<\/strong><\/p>\n<p>Mandella Istanbul vous propose une collection de chemises bleues \u00e0 manches courtes qui refl\u00e8te la fra\u00eecheur et l&#8217;\u00e9nergie de l&#8217;\u00e9t\u00e9. Cette collection ajoutera de la fra\u00eecheur \u00e0 la gamme de produits de votre magasin et sera \u00e9galement appr\u00e9ci\u00e9e par vos clients commerciaux. Examinons ensemble les d\u00e9tails des chemises bleues \u00e0 manches courtes :<\/p>\n<h4>Mod\u00e8les de chemises bleues \u00e0 manches courtes<\/h4>\n<p>Mandella Istanbul propose une grande vari\u00e9t\u00e9 de mod\u00e8les de <a href=\"https:\/\/www.mandellaistanbul.com\/toptan-gomlek\/\">chemises bleues \u00e0 manches courtes en gros<\/a>. Cette collection, qui s&#8217;\u00e9tend des coupes classiques aux designs modernes et sportifs, pla\u00eet \u00e0 tous les go\u00fbts. Con\u00e7ues avec la s\u00e9r\u00e9nit\u00e9 et la fra\u00eecheur du bleu, ces chemises sont id\u00e9ales aussi bien pour un usage quotidien que pour des \u00e9v\u00e9nements sp\u00e9ciaux. Ces mod\u00e8les, qui ajouteront de l&#8217;\u00e9l\u00e9gance \u00e0 la garde-robe de vos clients, sont compatibles avec toutes sortes de combinaisons.<\/p>\n<h4>Qualit\u00e9 et confort<\/h4>\n<p>En tant que Mandella Istanbul, nous accordons toujours la priorit\u00e9 \u00e0 la qualit\u00e9 et \u00e0 la satisfaction du client. Nos chemises bleues \u00e0 manches courtes sont fabriqu\u00e9es \u00e0 partir de tissus de haute qualit\u00e9 et d&#8217;une finition soign\u00e9e. Gr\u00e2ce aux tissus respirants et irritants pour la peau, vos clients profiteront d&#8217;un confort tout au long de la journ\u00e9e. Ces chemises, faciles \u00e0 repasser et \u00e0 entretenir, offrent une utilisation pratique. Ces chemises, particuli\u00e8rement appr\u00e9ci\u00e9es pendant les mois d&#8217;\u00e9t\u00e9, vous permettent de vous sentir frais et \u00e0 l&#8217;aise par temps chaud.<\/p>\n<h4>Prix des chemises bleues \u00e0 manches courtes<\/h4>\n<p>Mandella Istanbul propose des chemises bleues \u00e0 manches courtes \u00e0 des prix de gros abordables, offrant des options \u00e9conomiques \u00e0 ses clients commerciaux. Vous pouvez trouver des mod\u00e8les adapt\u00e9s \u00e0 tous les besoins avec une large gamme de prix sans compromettre la qualit\u00e9. Vous pouvez obtenir ces chemises \u00e9l\u00e9gantes \u00e0 des prix plus abordables avec des remises et des campagnes saisonni\u00e8res. Vous pouvez suivre r\u00e9guli\u00e8rement notre site Web pour conna\u00eetre les campagnes en cours et les opportunit\u00e9s sp\u00e9ciales et b\u00e9n\u00e9ficier de prix avantageux.<\/p>\n<h4>Commander maintenant<\/h4>\n<p>Vous pouvez apporter la fra\u00eecheur des chemises bleues \u00e0 manches courtes \u00e0 votre magasin en passant une commande en gros imm\u00e9diatement via notre site Web. Ayez toujours une longueur d&#8217;avance avec Mandella Istanbul et proposez les meilleurs produits \u00e0 vos clients. Avec l&#8217;importance que nous accordons \u00e0 la satisfaction client, nous livrons vos commandes rapidement et en toute s\u00e9curit\u00e9. Renouvelez votre magasin en achetant en gros chez Mandella Istanbul, o\u00f9 qualit\u00e9 et \u00e9l\u00e9gance se rencontrent, et soyez toujours \u00e0 votre meilleur !<\/p>\n<p>Chemise \u00e0 manches courtes 100 % coton.<br \/> Nos produits sont vendus en s\u00e9rie. Il y a 5 produits dans 1 s\u00e9rie.<br \/> Tailles des produits dans la s\u00e9rie<br \/> 1 pi\u00e8ce (M) &#8211; 2 pi\u00e8ces (L) &#8211; 1 pi\u00e8ce (XL) &#8211; 1 pi\u00e8ce (XXL)<\/p>\n<p>Une facture sp\u00e9ciale sera \u00e9mise pour toutes vos commandes.<br \/> Il existe des frais d&#8217;exp\u00e9dition diff\u00e9rents pour chaque pays. Une fois la commande termin\u00e9e, des informations sur la cargaison vous seront envoy\u00e9es via Whatsapp.<\/p>\n","protected":false},"excerpt":{"rendered":"<p>1 Produit de s\u00e9rie. (5 PCS)<br \/>\n  Tailles : M L XL XXL<br \/>\n  Tissu utilis\u00e9 : 100% coton<br \/>\n  Vous ne pouvez commander que des s\u00e9ries. ( 5 pi\u00e8ces)<\/p>\n","protected":false},"featured_media":11619,"comment_status":"open","ping_status":"closed","template":"","meta":[],"product_brand":[],"product_cat":[142,177],"product_tag":[],"class_list":{"0":"post-10529","1":"product","2":"type-product","3":"status-publish","4":"has-post-thumbnail","6":"product_cat-vente-en-gros-chemises","7":"product_cat-chemise-a-manches-courtes","8":"pa_beden-l-fr","9":"pa_beden-m-fr","10":"pa_beden-xl-fr","11":"pa_beden-xxl-fr","13":"first","14":"outofstock","15":"taxable","16":"shipping-taxable","17":"purchasable","18":"product-type-simple"},"_links":{"self":[{"href":"https:\/\/www.mandellaistanbul.com\/fr\/wp-json\/wp\/v2\/product\/10529","targetHints":{"allow":["GET"]}}],"collection":[{"href":"https:\/\/www.mandellaistanbul.com\/fr\/wp-json\/wp\/v2\/product"}],"about":[{"href":"https:\/\/www.mandellaistanbul.com\/fr\/wp-json\/wp\/v2\/types\/product"}],"replies":[{"embeddable":true,"href":"https:\/\/www.mandellaistanbul.com\/fr\/wp-json\/wp\/v2\/comments?post=10529"}],"version-history":[{"count":2,"href":"https:\/\/www.mandellaistanbul.com\/fr\/wp-json\/wp\/v2\/product\/10529\/revisions"}],"predecessor-version":[{"id":18086,"href":"https:\/\/www.mandellaistanbul.com\/fr\/wp-json\/wp\/v2\/product\/10529\/revisions\/18086"}],"wp:featuredmedia":[{"embeddable":true,"href":"https:\/\/www.mandellaistanbul.com\/fr\/wp-json\/wp\/v2\/media\/11619"}],"wp:attachment":[{"href":"https:\/\/www.mandellaistanbul.com\/fr\/wp-json\/wp\/v2\/media?parent=10529"}],"wp:term":[{"taxonomy":"product_brand","embeddable":true,"href":"https:\/\/www.mandellaistanbul.com\/fr\/wp-json\/wp\/v2\/product_brand?post=10529"},{"taxonomy":"product_cat","embeddable":true,"href":"https:\/\/www.mandellaistanbul.com\/fr\/wp-json\/wp\/v2\/product_cat?post=10529"},{"taxonomy":"product_tag","embeddable":true,"href":"https:\/\/www.mandellaistanbul.com\/fr\/wp-json\/wp\/v2\/product_tag?post=10529"}],"curies":[{"name":"wp","href":"https:\/\/api.w.org\/{rel}","templated":true}]}}