{"id":10528,"date":"2022-09-07T11:49:45","date_gmt":"2022-09-07T08:49:45","guid":{"rendered":"https:\/\/www.mandellaistanbul.com\/product\/chemise-rayee-de-couleur-jaune-noir\/"},"modified":"2024-10-08T22:26:18","modified_gmt":"2024-10-08T19:26:18","slug":"chemise-rayee-jaune-et-noire","status":"publish","type":"product","link":"https:\/\/www.mandellaistanbul.com\/fr\/produit\/chemise-rayee-jaune-et-noire\/","title":{"rendered":"Chemise ray\u00e9e jaune et noire"},"content":{"rendered":"<h2>Chemise \u00e0 rayures jaunes et noires : un choix dynamique et vivant<\/h2>\n<h3>Collection de chemises \u00e0 rayures jaunes et noires de Mandella Istanbul<\/h3>\n<p>Mandella Istanbul vous pr\u00e9sente sa collection de chemises \u00e0 rayures jaunes et noires qui offre un style audacieux et dynamique. Ces chemises, que vous pourrez facilement utiliser aussi bien au travail que dans la vie quotidienne, ajouteront une touche \u00e9nergique \u00e0 votre garde-robe. Voici ce que vous devez savoir sur les chemises \u00e0 rayures jaunes et noires :<\/p>\n<h3>Mod\u00e8les de chemises \u00e0 rayures jaunes et noires<\/h3>\n<p>Mandella Istanbul propose une large gamme de mod\u00e8les de chemises \u00e0 rayures jaunes et noires. Ces mod\u00e8les, qui plaisent \u00e0 tous les go\u00fbts avec leurs options de rayures fines et \u00e9paisses, enrichissent votre garde-robe. Les rayures jaunes et noires cr\u00e9ent un contraste saisissant et vivant, mettant en valeur votre \u00e9l\u00e9gance. Ces chemises, que vous pourrez facilement utiliser dans n&#8217;importe quel environnement avec leurs diff\u00e9rentes options de col et de coupe, compl\u00e8tent votre style. Con\u00e7ues avec des touches \u00e0 la fois classiques et modernes, ces chemises expriment votre style de la meilleure fa\u00e7on.<\/p>\n<h3>Qualit\u00e9 et confort<\/h3>\n<p>En tant que Mandella Istanbul, nous accordons la priorit\u00e9 \u00e0 la qualit\u00e9 et \u00e0 la satisfaction du client dans chacun de nos produits. Nos chemises \u00e0 rayures jaunes et noires sont le reflet de cette compr\u00e9hension. Fabriqu\u00e9es avec des tissus de haute qualit\u00e9 et une finition m\u00e9ticuleuse, ces chemises offrent une utilisation \u00e0 la fois durable et confortable. Vous vous sentez \u00e0 l&#8217;aise toute la journ\u00e9e gr\u00e2ce aux tissus respirants. Ces chemises, faciles \u00e0 repasser et \u00e0 entretenir, offrent une utilisation pratique et sont votre sauveur lorsque vous souhaitez vous pr\u00e9parer rapidement. En m\u00eame temps, ces chemises sont con\u00e7ues pour diverses conditions m\u00e9t\u00e9orologiques, vous pouvez donc les porter confortablement en toute saison.<\/p>\n<h3>Prix des chemises \u00e0 rayures jaunes et noires<\/h3>\n<p>Mandella Istanbul propose des chemises \u00e0 rayures jaunes et noires \u00e0 des prix abordables. Vous pouvez attraper l&#8217;\u00e9l\u00e9gance avec des options qui conviennent \u00e0 votre budget sans compromettre la qualit\u00e9. Vous pouvez trouver une large gamme dans notre collection \u00e0 diff\u00e9rentes gammes de prix et choisir la chemise qui convient le mieux \u00e0 votre style. Vous pouvez acheter ces chemises \u00e9l\u00e9gantes \u00e0 des prix encore plus abordables gr\u00e2ce aux remises et aux campagnes r\u00e9alis\u00e9es pendant certaines p\u00e9riodes. Vous pouvez suivre r\u00e9guli\u00e8rement notre site Web pour conna\u00eetre les campagnes en cours et les offres sp\u00e9ciales. Vous pouvez \u00e9galement b\u00e9n\u00e9ficier de remises et d&#8217;avantages sp\u00e9ciaux en rejoignant notre programme d&#8217;adh\u00e9sion.<\/p>\n<h3>Commandez maintenant<\/h3>\n<p>Vous pouvez porter l&#8217;\u00e9l\u00e9gance \u00e9nergique et frappante des chemises \u00e0 rayures jaunes et noires en commandant imm\u00e9diatement sur notre site Web. N&#8217;oubliez pas, ayez toujours une longueur d&#8217;avance avec Mandella Istanbul et exprimez votre style de la meilleure fa\u00e7on. Gr\u00e2ce \u00e0 l&#8217;importance que nous accordons \u00e0 la satisfaction de nos clients, nous vous livrons vos commandes rapidement et en toute s\u00e9curit\u00e9. Renouvelez votre garde-robe et soyez toujours \u00e0 votre meilleur en achetant chez Mandella Istanbul, o\u00f9 qualit\u00e9 et \u00e9l\u00e9gance se rencontrent !<\/p>\n","protected":false},"excerpt":{"rendered":"<p>1 Produit de s\u00e9rie. (5 PCS)<br \/>\n  Tailles : M L XL XXL<br \/>\n  Tissu utilis\u00e9 : 100% coton<br \/>\n  Vous ne pouvez commander que des s\u00e9ries. ( 5 pi\u00e8ces)<\/p>\n","protected":false},"featured_media":11631,"comment_status":"open","ping_status":"closed","template":"","meta":[],"product_brand":[],"product_cat":[142,177],"product_tag":[],"class_list":{"0":"post-10528","1":"product","2":"type-product","3":"status-publish","4":"has-post-thumbnail","6":"product_cat-vente-en-gros-chemises","7":"product_cat-chemise-a-manches-courtes","8":"pa_beden-l-fr","9":"pa_beden-m-fr","10":"pa_beden-xl-fr","11":"pa_beden-xxl-fr","13":"first","14":"outofstock","15":"taxable","16":"shipping-taxable","17":"purchasable","18":"product-type-simple"},"_links":{"self":[{"href":"https:\/\/www.mandellaistanbul.com\/fr\/wp-json\/wp\/v2\/product\/10528","targetHints":{"allow":["GET"]}}],"collection":[{"href":"https:\/\/www.mandellaistanbul.com\/fr\/wp-json\/wp\/v2\/product"}],"about":[{"href":"https:\/\/www.mandellaistanbul.com\/fr\/wp-json\/wp\/v2\/types\/product"}],"replies":[{"embeddable":true,"href":"https:\/\/www.mandellaistanbul.com\/fr\/wp-json\/wp\/v2\/comments?post=10528"}],"version-history":[{"count":2,"href":"https:\/\/www.mandellaistanbul.com\/fr\/wp-json\/wp\/v2\/product\/10528\/revisions"}],"predecessor-version":[{"id":18219,"href":"https:\/\/www.mandellaistanbul.com\/fr\/wp-json\/wp\/v2\/product\/10528\/revisions\/18219"}],"wp:featuredmedia":[{"embeddable":true,"href":"https:\/\/www.mandellaistanbul.com\/fr\/wp-json\/wp\/v2\/media\/11631"}],"wp:attachment":[{"href":"https:\/\/www.mandellaistanbul.com\/fr\/wp-json\/wp\/v2\/media?parent=10528"}],"wp:term":[{"taxonomy":"product_brand","embeddable":true,"href":"https:\/\/www.mandellaistanbul.com\/fr\/wp-json\/wp\/v2\/product_brand?post=10528"},{"taxonomy":"product_cat","embeddable":true,"href":"https:\/\/www.mandellaistanbul.com\/fr\/wp-json\/wp\/v2\/product_cat?post=10528"},{"taxonomy":"product_tag","embeddable":true,"href":"https:\/\/www.mandellaistanbul.com\/fr\/wp-json\/wp\/v2\/product_tag?post=10528"}],"curies":[{"name":"wp","href":"https:\/\/api.w.org\/{rel}","templated":true}]}}