{"id":10527,"date":"2022-09-07T11:49:44","date_gmt":"2022-09-07T08:49:44","guid":{"rendered":"https:\/\/www.mandellaistanbul.com\/product\/chemise-de-couleur-blanche-unie\/"},"modified":"2024-10-15T22:09:20","modified_gmt":"2024-10-15T19:09:20","slug":"chemise-blanche-a-manches-courtes","status":"publish","type":"product","link":"https:\/\/www.mandellaistanbul.com\/fr\/produit\/chemise-blanche-a-manches-courtes\/","title":{"rendered":"Chemise Blanche \u00c0 Manches Courtes"},"content":{"rendered":"<h3>Chemise blanche \u00e0 manches courtes : classique et rafra\u00eechissante<\/h3>\n<h4>Collection de chemises blanches \u00e0 manches courtes en gros de Mandella Istanbul<\/h4>\n<p>Mandella Istanbul propose la pi\u00e8ce indispensable des mois d&#8217;\u00e9t\u00e9 avec sa collection de chemises blanches \u00e0 manches courtes. Offrant \u00e9l\u00e9gance et fra\u00eecheur \u00e0 la fois, ces chemises offrent un look confortable et \u00e9l\u00e9gant dans n&#8217;importe quel environnement. Voici ce que vous devez savoir sur les chemises blanches \u00e0 manches courtes :<\/p>\n<h3>Mod\u00e8les de chemises blanches \u00e0 manches courtes<\/h3>\n<p><strong>Divers mod\u00e8les :<\/strong> Mandella Istanbul propose une large gamme de mod\u00e8les de <a href=\"https:\/\/www.mandellaistanbul.com\/toptan-gomlek\/\">chemises toptan<\/a> blanches \u00e0 manches courtes. Il existe des options qui plaisent \u00e0 tous les go\u00fbts, des coupes classiques aux designs modernes. Il existe des mod\u00e8les adapt\u00e9s \u00e0 chaque style avec des d\u00e9tails de boutons, des styles de col et diff\u00e9rentes options de tissu.<\/p>\n<p><strong>Tissus de qualit\u00e9 :<\/strong> nos chemises blanches \u00e0 manches courtes sont fabriqu\u00e9es \u00e0 partir de tissus de qualit\u00e9 qui sont respirants et ne provoquent pas de transpiration. Ces chemises, qui vous gardent au frais, l\u00e9g\u00e8res et confortables pendant les mois d&#8217;\u00e9t\u00e9, garantissent l&#8217;\u00e9l\u00e9gance aussi bien au quotidien que lors d&#8217;invitations sp\u00e9ciales.<\/p>\n<h3>Chemise blanche \u00e0 manches courtes<\/h3>\n<p><strong>Combinaisons \u00e9l\u00e9gantes\u00a0:<\/strong> les chemises blanches \u00e0 manches courtes s&#8217;associent parfaitement \u00e0 toutes sortes de bas, des jeans aux shorts. Elles peuvent \u00eatre utilis\u00e9es confortablement dans des combinaisons formelles et d\u00e9contract\u00e9es. La meilleure fa\u00e7on de rester au frais et \u00e9l\u00e9gant pendant les mois d&#8217;\u00e9t\u00e9 est de porter des chemises blanches \u00e0 manches courtes.<\/p>\n<p><strong>Entretien facile\u00a0:<\/strong> nos chemises blanches \u00e0 manches courtes sont faciles \u00e0 repasser et tr\u00e8s pratiques \u00e0 entretenir. Elles offrent une grande commodit\u00e9 dans les situations o\u00f9 vous devez vous pr\u00e9parer rapidement. Offrant \u00e0 la fois \u00e9l\u00e9gance et confort, ces chemises seront l&#8217;une des pi\u00e8ces indispensables de votre garde-robe.<\/p>\n<h3>Prix des chemises blanches \u00e0 manches courtes<\/h3>\n<p><strong>Prix de gros abordables\u00a0:<\/strong> Mandella Istanbul propose des chemises blanches \u00e0 manches courtes \u00e0 des prix de gros abordables. Nous offrons la possibilit\u00e9 d&#8217;atteindre l&#8217;\u00e9l\u00e9gance avec des options adapt\u00e9es \u00e0 votre budget sans compromettre la qualit\u00e9. Vous pouvez b\u00e9n\u00e9ficier de l&#8217;avantage de prix abordables lors de vos achats de chemises en gros.<\/p>\n<p><strong>Campagnes et remises :<\/strong> Nous proposons des prix encore plus avantageux avec des campagnes et des remises effectu\u00e9es \u00e0 certaines p\u00e9riodes sur les chemises blanches \u00e0 manches courtes. Vous pouvez suivre r\u00e9guli\u00e8rement notre site Web pour les campagnes en cours et les offres sp\u00e9ciales. Vous pouvez obtenir des produits de qualit\u00e9 \u00e0 des prix abordables avec Mandella Istanbul.<\/p>\n<h3>La qualit\u00e9 Mandella Istanbul<\/h3>\n<p>Mandella Istanbul accorde la priorit\u00e9 \u00e0 la qualit\u00e9 et \u00e0 la satisfaction du client dans chaque produit. Nos chemises blanches \u00e0 manches courtes sont le reflet de cette compr\u00e9hension. Ces chemises, produites avec des tissus soigneusement s\u00e9lectionn\u00e9s et une finition m\u00e9ticuleuse, offrent une utilisation durable et confortable. Faites la diff\u00e9rence dans votre magasin en respectant la qualit\u00e9 Mandella Istanbul dans vos commandes de chemises en gros.<\/p>\n<h3>Commandez maintenant<\/h3>\n<p>Vous pouvez apporter la fra\u00eecheur et l&#8217;\u00e9l\u00e9gance des chemises blanches \u00e0 manches courtes \u00e0 votre magasin en commandant imm\u00e9diatement des chemises en gros sur notre site Web. N&#8217;oubliez pas, ayez toujours une longueur d&#8217;avance avec Mandella Istanbul et offrez les meilleurs produits \u00e0 vos clients. Renouvelez votre boutique et soyez toujours \u00e0 votre meilleur en achetant en gros chez Mandella Istanbul, o\u00f9 qualit\u00e9 et \u00e9l\u00e9gance se rencontrent\u00a0!<\/p>\n","protected":false},"excerpt":{"rendered":"<p>La chemise blanche unie, sp\u00e9cialement con\u00e7ue par Mandella Istanbul, refl\u00e8te parfaitement un style minimaliste et \u00e9l\u00e9gant. Une option \u00e9l\u00e9gante et sophistiqu\u00e9e.<\/p>\n","protected":false},"featured_media":11622,"comment_status":"open","ping_status":"closed","template":"","meta":[],"product_brand":[],"product_cat":[142,177],"product_tag":[],"class_list":{"0":"post-10527","1":"product","2":"type-product","3":"status-publish","4":"has-post-thumbnail","6":"product_cat-vente-en-gros-chemises","7":"product_cat-chemise-a-manches-courtes","8":"pa_beden-l-fr","9":"pa_beden-m-fr","10":"pa_beden-xl-fr","11":"pa_beden-xxl-fr","13":"first","14":"outofstock","15":"taxable","16":"shipping-taxable","17":"purchasable","18":"product-type-simple"},"_links":{"self":[{"href":"https:\/\/www.mandellaistanbul.com\/fr\/wp-json\/wp\/v2\/product\/10527","targetHints":{"allow":["GET"]}}],"collection":[{"href":"https:\/\/www.mandellaistanbul.com\/fr\/wp-json\/wp\/v2\/product"}],"about":[{"href":"https:\/\/www.mandellaistanbul.com\/fr\/wp-json\/wp\/v2\/types\/product"}],"replies":[{"embeddable":true,"href":"https:\/\/www.mandellaistanbul.com\/fr\/wp-json\/wp\/v2\/comments?post=10527"}],"version-history":[{"count":2,"href":"https:\/\/www.mandellaistanbul.com\/fr\/wp-json\/wp\/v2\/product\/10527\/revisions"}],"predecessor-version":[{"id":18625,"href":"https:\/\/www.mandellaistanbul.com\/fr\/wp-json\/wp\/v2\/product\/10527\/revisions\/18625"}],"wp:featuredmedia":[{"embeddable":true,"href":"https:\/\/www.mandellaistanbul.com\/fr\/wp-json\/wp\/v2\/media\/11622"}],"wp:attachment":[{"href":"https:\/\/www.mandellaistanbul.com\/fr\/wp-json\/wp\/v2\/media?parent=10527"}],"wp:term":[{"taxonomy":"product_brand","embeddable":true,"href":"https:\/\/www.mandellaistanbul.com\/fr\/wp-json\/wp\/v2\/product_brand?post=10527"},{"taxonomy":"product_cat","embeddable":true,"href":"https:\/\/www.mandellaistanbul.com\/fr\/wp-json\/wp\/v2\/product_cat?post=10527"},{"taxonomy":"product_tag","embeddable":true,"href":"https:\/\/www.mandellaistanbul.com\/fr\/wp-json\/wp\/v2\/product_tag?post=10527"}],"curies":[{"name":"wp","href":"https:\/\/api.w.org\/{rel}","templated":true}]}}