{"id":10523,"date":"2022-09-07T11:49:44","date_gmt":"2022-09-07T08:49:44","guid":{"rendered":"https:\/\/www.mandellaistanbul.com\/product\/chemise-uni-couleur-ciel\/"},"modified":"2024-10-15T20:29:16","modified_gmt":"2024-10-15T17:29:16","slug":"chemise-bleu-ciel","status":"publish","type":"product","link":"https:\/\/www.mandellaistanbul.com\/fr\/produit\/chemise-bleu-ciel\/","title":{"rendered":"Chemise bleu ciel"},"content":{"rendered":"<h3>Chemise bleu ciel : symbole de fra\u00eecheur et d&#8217;\u00e9l\u00e9gance<\/h3>\n<h4>Collection de chemises bleu ciel en gros de Mandella Istanbul<\/h4>\n<p>Mandella Istanbul allie fra\u00eecheur et \u00e9l\u00e9gance avec sa collection de chemises bleu ciel. Ces chemises offrent un look frappant et sophistiqu\u00e9 dans n&#8217;importe quel environnement. Voici ce que vous devez savoir sur les chemises bleu ciel :<\/p>\n<h3>Mod\u00e8les de chemises bleu ciel<\/h3>\n<p><strong>Divers mod\u00e8les :<\/strong> Mandella Istanbul propose une grande vari\u00e9t\u00e9 de mod\u00e8les de <a href=\"https:\/\/www.mandellaistanbul.com\/toptan-gomlek\/\">chemises bleu ciel en gros<\/a>. Il existe des mod\u00e8les qui plaisent \u00e0 tous les go\u00fbts avec des coupes classiques et modernes, diff\u00e9rentes options de col et de poignet. Ces chemises garantissent l&#8217;\u00e9l\u00e9gance aussi bien au quotidien que lors d&#8217;occasions sp\u00e9ciales.<\/p>\n<p><strong>Tissus de haute qualit\u00e9 :<\/strong> nos chemises bleu ciel sont fabriqu\u00e9es \u00e0 partir de tissus respirants et l\u00e9gers. Ces chemises, qui gardent la fra\u00eecheur en \u00e9t\u00e9 et sont confortables en hiver, peuvent \u00eatre utilis\u00e9es confortablement en toute saison. Gr\u00e2ce \u00e0 leur structure durable, elles peuvent \u00eatre port\u00e9es avec plaisir pendant longtemps.<\/p>\n<h3>Chemise bleu ciel<\/h3>\n<p><strong>Combinaisons \u00e9l\u00e9gantes :<\/strong> les chemises bleu ciel peuvent \u00eatre utilis\u00e9es dans diverses combinaisons. Elles s&#8217;associent parfaitement \u00e0 tous les types de bas, du jean au pantalon classique. Elles mettent en valeur votre style dans tous les environnements, des r\u00e9unions d&#8217;affaires aux invitations en soir\u00e9e.<\/p>\n<p><strong>Entretien facile :<\/strong> nos chemises bleu ciel peuvent \u00eatre facilement repass\u00e9es et sont tr\u00e8s pratiques \u00e0 entretenir. Elles offrent une grande commodit\u00e9 dans les situations o\u00f9 vous devez vous pr\u00e9parer rapidement. Offrant \u00e0 la fois \u00e9l\u00e9gance et confort, ces chemises seront l&#8217;une des pi\u00e8ces indispensables de votre garde-robe.<\/p>\n<h3>Prix des chemises bleu ciel<\/h3>\n<p><strong>Prix de gros abordables :<\/strong> Mandella Istanbul propose des chemises bleu ciel \u00e0 des prix de gros abordables. Nous vous offrons la possibilit\u00e9 d&#8217;atteindre l&#8217;\u00e9l\u00e9gance avec des options adapt\u00e9es \u00e0 votre budget sans compromettre la qualit\u00e9. Vous pouvez b\u00e9n\u00e9ficier de l&#8217;avantage de prix abordables lors de vos achats de chemises en gros.<\/p>\n<p><strong>Campagnes et remises :<\/strong> Nous proposons des prix encore plus avantageux avec des campagnes et des remises effectu\u00e9es \u00e0 certaines p\u00e9riodes sur les chemises bleu ciel. Vous pouvez suivre r\u00e9guli\u00e8rement notre site Web pour les campagnes en cours et les offres sp\u00e9ciales. Vous pouvez obtenir des produits de qualit\u00e9 \u00e0 des prix abordables avec Mandella Istanbul.<\/p>\n<h3>La qualit\u00e9 Mandella Istanbul<\/h3>\n<p>Mandella Istanbul accorde la priorit\u00e9 \u00e0 la qualit\u00e9 et \u00e0 la satisfaction du client dans chaque produit. Nos chemises bleu ciel sont le reflet de cette compr\u00e9hension. Ces chemises, produites avec des tissus soigneusement s\u00e9lectionn\u00e9s et une finition m\u00e9ticuleuse, offrent une utilisation durable et confortable. Faites la diff\u00e9rence dans votre magasin en respectant la qualit\u00e9 Mandella Istanbul dans vos commandes de chemises en gros.<\/p>\n<h3>Commandez maintenant<\/h3>\n<p>Vous pouvez apporter l&#8217;\u00e9l\u00e9gance et le style des chemises bleu ciel \u00e0 votre magasin en commandant imm\u00e9diatement des chemises en gros sur notre site Web. N&#8217;oubliez pas, ayez toujours une longueur d&#8217;avance avec Mandella Istanbul et offrez les meilleurs produits \u00e0 vos clients. Renouvelez votre boutique et soyez toujours au top en achetant en gros chez Mandella Istanbul, o\u00f9 qualit\u00e9 et \u00e9l\u00e9gance se rencontrent !<\/p>\n<p>Chemise \u00e0 manches courtes 100 % coton.<br \/>\nNos produits sont vendus en s\u00e9rie. Il y a 5 produits dans 1 s\u00e9rie.<br \/>\nTailles des produits dans la s\u00e9rie<br \/>\n1 pi\u00e8ce (M) \u2013 2 pi\u00e8ces (L) \u2013 1 pi\u00e8ce (XL) \u2013 1 pi\u00e8ce (XXL)<\/p>\n<p>Une facture sp\u00e9ciale sera \u00e9mise pour toutes vos commandes.<br \/>\nLes frais d&#8217;exp\u00e9dition sont diff\u00e9rents pour chaque pays. Une fois la commande termin\u00e9e, des informations sur la cargaison vous seront envoy\u00e9es via Whatsapp.<\/p>\n","protected":false},"excerpt":{"rendered":"<p>1 Produit de s\u00e9rie. (5 PCS)<br \/>\nTailles : M L XL XXL<br \/>\nTissu utilis\u00e9 : 100% coton<br \/>\nVous ne pouvez commander que des s\u00e9ries. ( 5 pi\u00e8ces)<\/p>\n","protected":false},"featured_media":11625,"comment_status":"open","ping_status":"closed","template":"","meta":[],"product_brand":[],"product_cat":[142,177],"product_tag":[],"class_list":{"0":"post-10523","1":"product","2":"type-product","3":"status-publish","4":"has-post-thumbnail","6":"product_cat-vente-en-gros-chemises","7":"product_cat-chemise-a-manches-courtes","8":"pa_beden-l-fr","9":"pa_beden-m-fr","10":"pa_beden-xl-fr","11":"pa_beden-xxl-fr","13":"first","14":"outofstock","15":"taxable","16":"shipping-taxable","17":"purchasable","18":"product-type-simple"},"_links":{"self":[{"href":"https:\/\/www.mandellaistanbul.com\/fr\/wp-json\/wp\/v2\/product\/10523","targetHints":{"allow":["GET"]}}],"collection":[{"href":"https:\/\/www.mandellaistanbul.com\/fr\/wp-json\/wp\/v2\/product"}],"about":[{"href":"https:\/\/www.mandellaistanbul.com\/fr\/wp-json\/wp\/v2\/types\/product"}],"replies":[{"embeddable":true,"href":"https:\/\/www.mandellaistanbul.com\/fr\/wp-json\/wp\/v2\/comments?post=10523"}],"version-history":[{"count":2,"href":"https:\/\/www.mandellaistanbul.com\/fr\/wp-json\/wp\/v2\/product\/10523\/revisions"}],"predecessor-version":[{"id":18454,"href":"https:\/\/www.mandellaistanbul.com\/fr\/wp-json\/wp\/v2\/product\/10523\/revisions\/18454"}],"wp:featuredmedia":[{"embeddable":true,"href":"https:\/\/www.mandellaistanbul.com\/fr\/wp-json\/wp\/v2\/media\/11625"}],"wp:attachment":[{"href":"https:\/\/www.mandellaistanbul.com\/fr\/wp-json\/wp\/v2\/media?parent=10523"}],"wp:term":[{"taxonomy":"product_brand","embeddable":true,"href":"https:\/\/www.mandellaistanbul.com\/fr\/wp-json\/wp\/v2\/product_brand?post=10523"},{"taxonomy":"product_cat","embeddable":true,"href":"https:\/\/www.mandellaistanbul.com\/fr\/wp-json\/wp\/v2\/product_cat?post=10523"},{"taxonomy":"product_tag","embeddable":true,"href":"https:\/\/www.mandellaistanbul.com\/fr\/wp-json\/wp\/v2\/product_tag?post=10523"}],"curies":[{"name":"wp","href":"https:\/\/api.w.org\/{rel}","templated":true}]}}