{"id":10518,"date":"2022-09-07T11:49:46","date_gmt":"2022-09-07T08:49:46","guid":{"rendered":"https:\/\/www.mandellaistanbul.com\/product\/chemise-droite-rayee-bleue\/"},"modified":"2024-10-15T21:08:46","modified_gmt":"2024-10-15T18:08:46","slug":"chemise-rayee-unie-bleue","status":"publish","type":"product","link":"https:\/\/www.mandellaistanbul.com\/fr\/produit\/chemise-rayee-unie-bleue\/","title":{"rendered":"Chemise ray\u00e9e unie bleue"},"content":{"rendered":"<div class=\"flex-shrink-0 flex flex-col relative items-end\">\n<div>\n<div class=\"pt-0.5 juice:pt-0\">\n<div class=\"gizmo-bot-avatar flex h -6 w-6 items-center justifier-centre d\u00e9bordement-masqu\u00e9 arrondi-plein juice:h-8 juice:w-8\">\n<div class=\"relative p-1 rounded-sm flex items-center justifier-centre bg- token-main-surface-primary text-token-text-primary h-8 w-8\"><\/div>\n<\/div>\n<\/div>\n<\/div>\n<\/div>\n<div class=\"group\/conversation -turn relative flex w-full min-w-0 flex-col agent-turn\">\n<div class=\"flex-col gap-1 md:gap-3\">\n<div class=\"flex flex-grow flex-col max-w-full\">\n<div class=\"min-h-[20px] text-message flex flex-col items-start whitespace-pre-wrap break-words [.text-message+&#038;]:mt-5 juice:w-full juice:items-end overflow-x-auto gap-2\" data -message-author-role=\"assistant\" data-message-id=\"17b28a9b-a118-466d-b7a6-21f54179c091\" dir=\"auto\">\n<div class=\"flex w-full flex-col gap-1 juice: empty:hidden juice:first:pt-[3px]\">\n<div class=\"markdown prose w-full break-words dark:prose-invert dark\">\n<h3>Chemise \u00e0 rayures unies bleues : le symbole de l&#8217;\u00e9l\u00e9gance et du chic<\/h3 >\n<p>Collection de vente en gros de chemises \u00e0 rayures unies bleues de Mandella Istanbul Mandella Istanbul r\u00e9unit des d\u00e9tails classiques et modernes avec sa collection de vente en gros de chemises \u00e0 rayures unies bleues. Voici ce que vous devez savoir sur ces chemises qui seront appr\u00e9ci\u00e9es par vos clients commerciaux qui souhaitent ajouter de l&#8217;\u00e9l\u00e9gance et du style \u00e0 vos vitrines :<\/p>\n<h4>Mod\u00e8les de chemises \u00e0 rayures unies bleues<\/h4>\n<p>Mandella Istanbul, la chemise \u00e0 rayures unies bleues <a href=\"https :\/\/www.mandellaistanbul.com\/toptan-gomlek\/\">toptan<\/a> propose une large gamme de mod\u00e8les. Con\u00e7ues avec diff\u00e9rentes options de coupe et de col, ces chemises plaisent \u00e0 tous les go\u00fbts et enrichissent les garde-robes. Ces mod\u00e8les peuvent \u00eatre utilis\u00e9s confortablement dans n&#8217;importe quel environnement et augmentent la vari\u00e9t\u00e9 de produits de votre magasin. Offrant \u00e9l\u00e9gance et confort \u00e0 la fois dans les affaires et dans la vie quotidienne, ces chemises aident chaque client \u00e0 refl\u00e9ter son style de la meilleure fa\u00e7on.<\/p>\n<h4>Qualit\u00e9 et confort<\/h4>\n<p>En tant que Mandella Istanbul, nous accordons la priorit\u00e9 \u00e0 la qualit\u00e9 et \u00e0 la satisfaction du client dans chacun de nos produits. Nos chemises \u00e0 rayures unies bleues sont le reflet de cette compr\u00e9hension. Fabriqu\u00e9es avec des tissus de haute qualit\u00e9 et une finition m\u00e9ticuleuse, ces chemises offrent une utilisation \u00e0 la fois durable et confortable. Gr\u00e2ce aux tissus respirants et doux pour la peau, vos clients se sentiront \u00e0 l&#8217;aise toute la journ\u00e9e. Faciles \u00e0 repasser et \u00e0 entretenir, ces chemises offrent une utilisation pratique et conviennent \u00e0 ceux qui veulent se pr\u00e9parer rapidement. id\u00e9al pour vos clients. En m\u00eame temps, ces chemises sont con\u00e7ues pour s&#8217;adapter \u00e0 une vari\u00e9t\u00e9 de conditions m\u00e9t\u00e9orologiques, de sorte qu&#8217;elles peuvent \u00eatre port\u00e9es confortablement en toutes saisons.<\/p>\n<h4>Prix des chemises \u00e0 rayures unies bleues<\/h4>\n<p>Mandella Istanbul, les chemises \u00e0 rayures unies bleues sont disponibles \u00e0 des prix de gros. Sans compromettre la qualit\u00e9, nous offrons \u00e0 nos clients commerciaux la possibilit\u00e9 d&#8217;atteindre l&#8217;\u00e9l\u00e9gance avec des options adapt\u00e9es \u00e0 leur budget. Dans notre collection, vous pouvez trouver une large gamme dans diff\u00e9rentes gammes de prix et choisir les chemises qui conviennent le mieux au style de votre magasin. Vous pouvez acheter ces chemises \u00e9l\u00e9gantes \u00e0 des prix encore plus abordables avec des remises et des campagnes effectu\u00e9es pendant certaines p\u00e9riodes. . Vous pouvez suivre r\u00e9guli\u00e8rement notre site Web pour conna\u00eetre les campagnes en cours et les offres sp\u00e9ciales. Vous pouvez \u00e9galement b\u00e9n\u00e9ficier de remises et d&#8217;avantages sp\u00e9ciaux en rejoignant notre programme d&#8217;adh\u00e9sion.<\/p>\n<h4>Commandez maintenant<\/h4>\n<p>Vous pouvez apporter l&#8217;\u00e9l\u00e9gance et le style des chemises \u00e0 rayures unies bleues dans votre magasin en passant imm\u00e9diatement une commande en gros sur notre site Web. N&#8217;oubliez pas, avec Mandella Istanbul, ayez toujours une longueur d&#8217;avance et proposez les meilleurs produits \u00e0 vos clients. Avec l&#8217;importance que nous accordons \u00e0 la satisfaction client, nous vous livrons vos commandes rapidement et en toute s\u00e9curit\u00e9. Renouvelez votre boutique et soyez toujours \u00e0 votre meilleur en achetant en gros chez Mandella Istanbul, o\u00f9 qualit\u00e9 et \u00e9l\u00e9gance se rencontrent !<\/p ><\/div>\n<\/div>\n<\/div>\n<\/div>\n<\/div>\n<\/div>\n<p>Chemise \u00e0 manches courtes 100 % coton.<br \/> Nos produits sont vendus en s\u00e9rie. Il y a 5 produits dans 1 s\u00e9rie. .<br \/> Tailles des produits dans la s\u00e9rie<br \/> 1 pi\u00e8ce (M) \u2013 2 pi\u00e8ces (L) \u2013 1 pi\u00e8ce (XL) \u2013 1 pi\u00e8ce (XXL)<\/p>\n<p>Une facture sp\u00e9ciale sera \u00e9mise pour toutes vos commandes.<br > Les frais de port sont diff\u00e9rents pour chaque pays. Une fois la commande termin\u00e9e, les informations sur la cargaison vous seront envoy\u00e9es via Whatsapp.<\/p>\n","protected":false},"excerpt":{"rendered":"<p>1 Produit de s\u00e9rie. (5 PCS)<br \/>\n  Tailles : M L XL XXL<br \/>\n  Tissu utilis\u00e9 : 100% coton<br \/>\n  Vous ne pouvez commander que des s\u00e9ries. ( 5 pi\u00e8ces)<\/p>\n","protected":false},"featured_media":11640,"comment_status":"open","ping_status":"closed","template":"","meta":[],"product_brand":[],"product_cat":[142,177],"product_tag":[],"class_list":{"0":"post-10518","1":"product","2":"type-product","3":"status-publish","4":"has-post-thumbnail","6":"product_cat-vente-en-gros-chemises","7":"product_cat-chemise-a-manches-courtes","8":"pa_beden-l-fr","9":"pa_beden-m-fr","10":"pa_beden-xl-fr","11":"pa_beden-xxl-fr","13":"first","14":"outofstock","15":"taxable","16":"shipping-taxable","17":"purchasable","18":"product-type-simple"},"_links":{"self":[{"href":"https:\/\/www.mandellaistanbul.com\/fr\/wp-json\/wp\/v2\/product\/10518","targetHints":{"allow":["GET"]}}],"collection":[{"href":"https:\/\/www.mandellaistanbul.com\/fr\/wp-json\/wp\/v2\/product"}],"about":[{"href":"https:\/\/www.mandellaistanbul.com\/fr\/wp-json\/wp\/v2\/types\/product"}],"replies":[{"embeddable":true,"href":"https:\/\/www.mandellaistanbul.com\/fr\/wp-json\/wp\/v2\/comments?post=10518"}],"version-history":[{"count":3,"href":"https:\/\/www.mandellaistanbul.com\/fr\/wp-json\/wp\/v2\/product\/10518\/revisions"}],"predecessor-version":[{"id":18488,"href":"https:\/\/www.mandellaistanbul.com\/fr\/wp-json\/wp\/v2\/product\/10518\/revisions\/18488"}],"wp:featuredmedia":[{"embeddable":true,"href":"https:\/\/www.mandellaistanbul.com\/fr\/wp-json\/wp\/v2\/media\/11640"}],"wp:attachment":[{"href":"https:\/\/www.mandellaistanbul.com\/fr\/wp-json\/wp\/v2\/media?parent=10518"}],"wp:term":[{"taxonomy":"product_brand","embeddable":true,"href":"https:\/\/www.mandellaistanbul.com\/fr\/wp-json\/wp\/v2\/product_brand?post=10518"},{"taxonomy":"product_cat","embeddable":true,"href":"https:\/\/www.mandellaistanbul.com\/fr\/wp-json\/wp\/v2\/product_cat?post=10518"},{"taxonomy":"product_tag","embeddable":true,"href":"https:\/\/www.mandellaistanbul.com\/fr\/wp-json\/wp\/v2\/product_tag?post=10518"}],"curies":[{"name":"wp","href":"https:\/\/api.w.org\/{rel}","templated":true}]}}