{"id":10515,"date":"2022-09-07T11:49:47","date_gmt":"2022-09-07T08:49:47","guid":{"rendered":"https:\/\/www.mandellaistanbul.com\/product\/chemise-blanche-a-motifs-pinceaux\/"},"modified":"2024-10-07T19:45:51","modified_gmt":"2024-10-07T16:45:51","slug":"chemise-blanche-a-motifs-brosses","status":"publish","type":"product","link":"https:\/\/www.mandellaistanbul.com\/fr\/produit\/chemise-blanche-a-motifs-brosses\/","title":{"rendered":"Chemise blanche \u00e0 motifs bross\u00e9s"},"content":{"rendered":"<h3>Chemise blanche \u00e0 motifs bross\u00e9s : un choix \u00e9l\u00e9gant et moderne<\/h3>\n<h4>Chemise blanche \u00e0 motifs bross\u00e9s<\/h4>\n<p>Les chemises blanches \u00e0 motifs bross\u00e9s font partie des pi\u00e8ces indispensables de la garde-robe, alliant simplicit\u00e9 et \u00e9l\u00e9gance. L&#8217;aspect propre et frais du blanc et les touches artistiques des motifs bross\u00e9s font de ces chemises une option parfaite aussi bien dans la vie quotidienne que pour les invitations sp\u00e9ciales. Les chemises blanches \u00e0 motifs bross\u00e9s offrent un look frappant et sophistiqu\u00e9 dans chaque environnement.<\/p>\n<h4>Prix des chemises blanches \u00e0 motifs bross\u00e9s<\/h4>\n<p>Les prix des <a href=\"https:\/\/www.mandellaistanbul.com\/toptan-gomlek\/\">chemises en gros<\/a> peuvent varier en fonction de la qualit\u00e9, de la fabrication et de la marque du tissu utilis\u00e9. Les mod\u00e8les fabriqu\u00e9s \u00e0 partir de tissus de qualit\u00e9 et aux motifs sp\u00e9ciaux se trouvent g\u00e9n\u00e9ralement dans des gammes de prix plus \u00e9lev\u00e9es. Cependant, en tant que Mandella Istanbul, nous vous proposons des produits de la plus haute qualit\u00e9 aux prix les plus abordables pour les achats de chemises en gros. Vous pouvez nous contacter pour des chemises blanches \u00e0 motifs bross\u00e9s qui correspondent \u00e0 votre budget.<\/p>\n<h4>Mod\u00e8les de chemises blanches \u00e0 motifs bross\u00e9s<\/h4>\n<p>Les mod\u00e8les de chemises blanches \u00e0 motifs bross\u00e9s sont con\u00e7us pour plaire \u00e0 tous les go\u00fbts avec diff\u00e9rentes coupes et designs. Propos\u00e9es dans une large gamme allant des mod\u00e8les \u00e0 col classique aux coupes modernes, ces chemises peuvent \u00eatre facilement pr\u00e9f\u00e9r\u00e9es aussi bien dans la vie professionnelle que lors d&#8217;\u00e9v\u00e9nements sociaux. Fran\u00e7ais : Lors des achats en gros de chemises, vous pouvez trouver les mod\u00e8les de chemises blanches \u00e0 motifs bross\u00e9s les plus \u00e9l\u00e9gants et les plus modernes qui r\u00e9pondent \u00e0 vos besoins gr\u00e2ce \u00e0 la vari\u00e9t\u00e9 que nous proposons chez Mandella Istanbul.<\/p>\n<h3>Pourquoi devriez-vous pr\u00e9f\u00e9rer les chemises blanches \u00e0 motifs bross\u00e9s ?<\/h3>\n<ul>\n<li><strong>\u00c9l\u00e9gance et propret\u00e9 :<\/strong> L&#8217;apparence propre et fra\u00eeche du blanc et les touches artistiques des motifs bross\u00e9s cr\u00e9ent un style \u00e9l\u00e9gant.<\/li>\n<li><strong>Possibilit\u00e9s de combinaison polyvalentes :<\/strong> Les mod\u00e8les compatibles avec les combinaisons classiques et modernes offrent une utilisation polyvalente.<\/li>\n<li><strong>Qualit\u00e9 et durabilit\u00e9 :<\/strong> Les chemises blanches \u00e0 motifs bross\u00e9s propos\u00e9es par Mandella Istanbul offrent une utilisation \u00e0 long terme gr\u00e2ce \u00e0 leurs tissus de qualit\u00e9 et \u00e0 leurs designs \u00e9l\u00e9gants.<\/li>\n<\/ul>\n<h3>Mandella Istanbul : l&#8217;adresse fiable pour l&#8217;achat de chemises en gros<\/h3>\n<p>Lors des achats en gros de chemises, nous vous proposons des produits de la plus haute qualit\u00e9 et \u00e9l\u00e9gants aux prix les plus abordables de Mandella Istanbul. Avec nos mod\u00e8les de chemises blanches \u00e0 motifs bross\u00e9s, vous pouvez \u00e0 la fois cr\u00e9er votre propre style et proposer une large gamme de produits \u00e0 vos clients. Choisissez Mandella Istanbul pour des chemises blanches \u00e0 motifs bross\u00e9s de qualit\u00e9, \u00e9l\u00e9gantes et modernes et refl\u00e9tez votre style.<\/p>\n<p>Chemise \u00e0 manches courtes 100 % coton.<br \/> Nos produits sont vendus en s\u00e9rie. Il y a 5 produits dans 1 s\u00e9rie.<br \/> Tailles des produits dans la s\u00e9rie<br \/> 1 pi\u00e8ce (M) \u2013 2 pi\u00e8ces (L) \u2013 1 pi\u00e8ce (XL) \u2013 1 pi\u00e8ce (XXL)<\/p>\n<p> Une facture sp\u00e9ciale sera \u00e9mise pour toutes vos commandes.<br \/> Il existe des frais d&#8217;exp\u00e9dition diff\u00e9rents pour chaque pays. Une fois la commande termin\u00e9e, des informations sur la cargaison vous seront envoy\u00e9es via Whatsapp.<\/p>\n","protected":false},"excerpt":{"rendered":"<p>1 Produit de s\u00e9rie. (5 PCS)<br \/>\n  Tailles : M L XL XXL<br \/>\n  Tissu utilis\u00e9 : 100% coton<br \/>\n  Vous ne pouvez commander que des s\u00e9ries. ( 5 pi\u00e8ces)<\/p>\n","protected":false},"featured_media":11655,"comment_status":"open","ping_status":"closed","template":"","meta":[],"product_brand":[],"product_cat":[142,177],"product_tag":[],"class_list":{"0":"post-10515","1":"product","2":"type-product","3":"status-publish","4":"has-post-thumbnail","6":"product_cat-vente-en-gros-chemises","7":"product_cat-chemise-a-manches-courtes","8":"pa_beden-l-fr","9":"pa_beden-m-fr","10":"pa_beden-xl-fr","11":"pa_beden-xxl-fr","13":"first","14":"outofstock","15":"taxable","16":"shipping-taxable","17":"purchasable","18":"product-type-simple"},"_links":{"self":[{"href":"https:\/\/www.mandellaistanbul.com\/fr\/wp-json\/wp\/v2\/product\/10515","targetHints":{"allow":["GET"]}}],"collection":[{"href":"https:\/\/www.mandellaistanbul.com\/fr\/wp-json\/wp\/v2\/product"}],"about":[{"href":"https:\/\/www.mandellaistanbul.com\/fr\/wp-json\/wp\/v2\/types\/product"}],"replies":[{"embeddable":true,"href":"https:\/\/www.mandellaistanbul.com\/fr\/wp-json\/wp\/v2\/comments?post=10515"}],"version-history":[{"count":3,"href":"https:\/\/www.mandellaistanbul.com\/fr\/wp-json\/wp\/v2\/product\/10515\/revisions"}],"predecessor-version":[{"id":18051,"href":"https:\/\/www.mandellaistanbul.com\/fr\/wp-json\/wp\/v2\/product\/10515\/revisions\/18051"}],"wp:featuredmedia":[{"embeddable":true,"href":"https:\/\/www.mandellaistanbul.com\/fr\/wp-json\/wp\/v2\/media\/11655"}],"wp:attachment":[{"href":"https:\/\/www.mandellaistanbul.com\/fr\/wp-json\/wp\/v2\/media?parent=10515"}],"wp:term":[{"taxonomy":"product_brand","embeddable":true,"href":"https:\/\/www.mandellaistanbul.com\/fr\/wp-json\/wp\/v2\/product_brand?post=10515"},{"taxonomy":"product_cat","embeddable":true,"href":"https:\/\/www.mandellaistanbul.com\/fr\/wp-json\/wp\/v2\/product_cat?post=10515"},{"taxonomy":"product_tag","embeddable":true,"href":"https:\/\/www.mandellaistanbul.com\/fr\/wp-json\/wp\/v2\/product_tag?post=10515"}],"curies":[{"name":"wp","href":"https:\/\/api.w.org\/{rel}","templated":true}]}}