{"id":10514,"date":"2022-09-07T11:49:47","date_gmt":"2022-09-07T08:49:47","guid":{"rendered":"https:\/\/www.mandellaistanbul.com\/product\/chemise-palmier-jaune-bleu\/"},"modified":"2024-10-08T21:24:44","modified_gmt":"2024-10-08T18:24:44","slug":"chemise-jaune-avec-palmiers","status":"publish","type":"product","link":"https:\/\/www.mandellaistanbul.com\/fr\/produit\/chemise-jaune-avec-palmiers\/","title":{"rendered":"Chemise jaune avec palmiers"},"content":{"rendered":"<h2>Chemise Jaune \u00e0 Palmiers : Vivacit\u00e9 et Brise Tropicale<\/h2>\n<h3>Collection de Chemises Jaunes \u00e0 Palmiers en Gros de Mandella Istanbul<\/h3>\n<p>Mandella Istanbul est l\u00e0 avec sa collection de chemises jaunes \u00e0 palmiers en gros qui allie vivacit\u00e9 et brise tropicale. Voici ce que vous devez savoir sur ces chemises qui gagneront l&#8217;appr\u00e9ciation de vos clients commerciaux qui souhaitent ajouter une touche \u00e9nergique et accrocheuse aux vitrines de votre magasin :<\/p>\n<h3>Mod\u00e8les de Chemises Jaunes \u00e0 Palmiers<\/h3>\n<p>Mandella Istanbul propose une large gamme de mod\u00e8les de <a href=\"https:\/\/www.mandellaistanbul.com\/toptan-gomlek\/\">chemises jaunes \u00e0 palmiers en gros<\/a>. Con\u00e7ues avec des motifs de palmiers tropicaux, ces chemises plaisent \u00e0 tous les go\u00fbts et enrichissent les garde-robes. Con\u00e7us avec des nuances vibrantes de jaune, ces mod\u00e8les peuvent \u00eatre utilis\u00e9s confortablement dans n&#8217;importe quel environnement et augmentent la gamme de produits de votre magasin. Con\u00e7ues avec l&#8217;apparence \u00e9nergique et exotique des palmiers, ces chemises mettent en valeur l&#8217;\u00e9l\u00e9gance et la gr\u00e2ce de chaque client. Con\u00e7ues avec des touches \u00e0 la fois classiques et modernes, ces chemises aident \u00e0 exprimer le style de la meilleure fa\u00e7on.<\/p>\n<h3>Qualit\u00e9 et confort<\/h3>\n<p>En tant que Mandella Istanbul, nous accordons la priorit\u00e9 \u00e0 la qualit\u00e9 et \u00e0 la satisfaction du client dans chacun de nos produits. Nos chemises jaunes avec des palmiers sont le reflet de cette compr\u00e9hension. Fabriqu\u00e9es avec des tissus de haute qualit\u00e9 et une finition m\u00e9ticuleuse, ces chemises offrent une utilisation \u00e0 la fois durable et confortable. Gr\u00e2ce \u00e0 des tissus respirants et doux pour la peau, vos clients se sentent \u00e0 l&#8217;aise toute la journ\u00e9e. Faciles \u00e0 repasser et \u00e0 entretenir, ces chemises offrent une utilisation pratique et sont id\u00e9ales pour vos clients qui souhaitent se pr\u00e9parer rapidement. En m\u00eame temps, ces chemises sont con\u00e7ues pour s&#8217;adapter \u00e0 diverses conditions m\u00e9t\u00e9orologiques, de sorte qu&#8217;elles peuvent \u00eatre port\u00e9es confortablement en toutes saisons.<\/p>\n<h3>Prix des chemises jaunes avec des palmiers<\/h3>\n<p>Mandella Istanbul propose des chemises jaunes avec des palmiers \u00e0 des prix de gros abordables. Sans faire de compromis sur la qualit\u00e9, nous offrons \u00e0 nos clients commerciaux la possibilit\u00e9 d&#8217;atteindre l&#8217;\u00e9l\u00e9gance avec des options adapt\u00e9es \u00e0 leur budget. Dans notre collection, vous pouvez trouver une large gamme dans diff\u00e9rentes gammes de prix et choisir les chemises qui conviennent le mieux au style de votre magasin. Vous pouvez acheter ces chemises \u00e9l\u00e9gantes \u00e0 des prix encore plus abordables avec des remises et des campagnes effectu\u00e9es pendant certaines p\u00e9riodes. Vous pouvez suivre r\u00e9guli\u00e8rement notre site Web pour les campagnes en cours et les offres sp\u00e9ciales. Vous pouvez \u00e9galement b\u00e9n\u00e9ficier de remises et d&#8217;avantages sp\u00e9ciaux en rejoignant notre programme d&#8217;adh\u00e9sion.<\/p>\n<h3>Commandez maintenant<\/h3>\n<p>Vous pouvez apporter la vivacit\u00e9 et la brise tropicale des chemises jaunes avec des palmiers dans votre magasin en passant imm\u00e9diatement une commande en gros sur notre site Web. N&#8217;oubliez pas, ayez toujours une longueur d&#8217;avance avec Mandella Istanbul et offrez \u00e0 vos clients les meilleurs produits. Avec l&#8217;importance que nous accordons \u00e0 la satisfaction du client, nous vous livrons vos commandes rapidement et en toute s\u00e9curit\u00e9. Renouvelez votre magasin et soyez toujours \u00e0 votre meilleur en faisant des achats en gros chez Mandella Istanbul, o\u00f9 qualit\u00e9 et \u00e9l\u00e9gance se rencontrent !<\/p>\n","protected":false},"excerpt":{"rendered":"<p>La chemise jaune-bleu avec des palmiers, sp\u00e9cialement con\u00e7ue par Mandella Istanbul, refl\u00e8te parfaitement un style tropical et vibrant. Une option \u00e9nergique et sophistiqu\u00e9e.<\/p>\n","protected":false},"featured_media":11652,"comment_status":"open","ping_status":"closed","template":"","meta":[],"product_brand":[],"product_cat":[142,177],"product_tag":[],"class_list":{"0":"post-10514","1":"product","2":"type-product","3":"status-publish","4":"has-post-thumbnail","6":"product_cat-vente-en-gros-chemises","7":"product_cat-chemise-a-manches-courtes","8":"pa_beden-l-fr","9":"pa_beden-m-fr","10":"pa_beden-xl-fr","11":"pa_beden-xxl-fr","13":"first","14":"instock","15":"taxable","16":"shipping-taxable","17":"purchasable","18":"product-type-simple"},"_links":{"self":[{"href":"https:\/\/www.mandellaistanbul.com\/fr\/wp-json\/wp\/v2\/product\/10514","targetHints":{"allow":["GET"]}}],"collection":[{"href":"https:\/\/www.mandellaistanbul.com\/fr\/wp-json\/wp\/v2\/product"}],"about":[{"href":"https:\/\/www.mandellaistanbul.com\/fr\/wp-json\/wp\/v2\/types\/product"}],"replies":[{"embeddable":true,"href":"https:\/\/www.mandellaistanbul.com\/fr\/wp-json\/wp\/v2\/comments?post=10514"}],"version-history":[{"count":4,"href":"https:\/\/www.mandellaistanbul.com\/fr\/wp-json\/wp\/v2\/product\/10514\/revisions"}],"predecessor-version":[{"id":18179,"href":"https:\/\/www.mandellaistanbul.com\/fr\/wp-json\/wp\/v2\/product\/10514\/revisions\/18179"}],"wp:featuredmedia":[{"embeddable":true,"href":"https:\/\/www.mandellaistanbul.com\/fr\/wp-json\/wp\/v2\/media\/11652"}],"wp:attachment":[{"href":"https:\/\/www.mandellaistanbul.com\/fr\/wp-json\/wp\/v2\/media?parent=10514"}],"wp:term":[{"taxonomy":"product_brand","embeddable":true,"href":"https:\/\/www.mandellaistanbul.com\/fr\/wp-json\/wp\/v2\/product_brand?post=10514"},{"taxonomy":"product_cat","embeddable":true,"href":"https:\/\/www.mandellaistanbul.com\/fr\/wp-json\/wp\/v2\/product_cat?post=10514"},{"taxonomy":"product_tag","embeddable":true,"href":"https:\/\/www.mandellaistanbul.com\/fr\/wp-json\/wp\/v2\/product_tag?post=10514"}],"curies":[{"name":"wp","href":"https:\/\/api.w.org\/{rel}","templated":true}]}}