{"id":10513,"date":"2022-09-07T11:49:48","date_gmt":"2022-09-07T08:49:48","guid":{"rendered":"https:\/\/www.mandellaistanbul.com\/product\/chemise-noire-a-motif-pinceau\/"},"modified":"2024-10-07T20:44:12","modified_gmt":"2024-10-07T17:44:12","slug":"chemise-noire-a-motifs-brosses","status":"publish","type":"product","link":"https:\/\/www.mandellaistanbul.com\/fr\/produit\/chemise-noire-a-motifs-brosses\/","title":{"rendered":"Chemise noire \u00e0 motifs bross\u00e9s"},"content":{"rendered":"<h3>Chemise \u00e0 motifs bross\u00e9s : le point de rencontre entre la mode et le style<\/h3>\n<h4>Chemise \u00e0 motifs bross\u00e9s<\/h4>\n<p>Les chemises \u00e0 motifs bross\u00e9s font partie des pi\u00e8ces indispensables de la garde-robe, alliant \u00e9l\u00e9gance et modernit\u00e9. Ces chemises attirent l&#8217;attention avec leurs mod\u00e8les qui peuvent \u00eatre facilement pr\u00e9f\u00e9r\u00e9s aussi bien dans la vie quotidienne que lors d&#8217;invitations sp\u00e9ciales. Les motifs diff\u00e9rents et frappants offerts par les motifs bross\u00e9s attirent l&#8217;attention des personnes \u00e9l\u00e9gantes.<\/p>\n<h4>Prix des chemises \u00e0 motifs bross\u00e9s<\/h4>\n<p>Les prix des chemises \u00e0 motifs bross\u00e9s varient en fonction de la qualit\u00e9, de la marque et du design du tissu utilis\u00e9. Les mod\u00e8les fabriqu\u00e9s \u00e0 partir de tissus de qualit\u00e9 et pr\u00e9sentant des motifs sp\u00e9ciaux peuvent \u00eatre l\u00e9g\u00e8rement plus chers. Cependant, vous pouvez trouver des prix beaucoup plus avantageux dans les achats de chemises en gros. Chez Mandella Istanbul, nous vous proposons des mod\u00e8les de chemises \u00e0 motifs bross\u00e9s de la plus haute qualit\u00e9 aux prix les plus abordables.<\/p>\n<h4>Mod\u00e8les de chemises \u00e0 motifs bross\u00e9s<\/h4>\n<p>Les mod\u00e8les de <a href=\"https:\/\/www.mandellaistanbul.com\/toptan-gomlek\/\">chemises toptan<\/a> \u00e0 motifs bross\u00e9s plaisent \u00e0 tous les go\u00fbts avec diff\u00e9rentes options de couleurs et de motifs. Propos\u00e9s dans une large gamme allant des coupes classiques aux designs modernes, ces mod\u00e8les vous permettent de refl\u00e9ter votre style aussi bien dans la vie professionnelle que sociale. Fran\u00e7ais : Lors des achats en gros de chemises, vous pouvez avoir les mod\u00e8les de chemises \u00e0 motifs bross\u00e9s les plus \u00e9l\u00e9gants et les plus modernes qui r\u00e9pondent \u00e0 vos besoins gr\u00e2ce \u00e0 la large gamme de produits que nous proposons chez Mandella Istanbul.<\/p>\n<h3>Pourquoi devriez-vous pr\u00e9f\u00e9rer les chemises \u00e0 motifs bross\u00e9s ?<\/h3>\n<ul>\n<li><strong>\u00c9l\u00e9gance et modernit\u00e9 :<\/strong> Les motifs bross\u00e9s ajoutent une touche diff\u00e9rente aux chemises et offrent \u00e0 la fois \u00e9l\u00e9gance et modernit\u00e9.<\/li>\n<li><strong>Diverses possibilit\u00e9s de combinaison :<\/strong> Ces chemises offrent une utilisation polyvalente en \u00e9tant compatibles avec les combinaisons classiques et sportives.<\/li>\n<li><strong>Tissus de qualit\u00e9 :<\/strong> Les chemises \u00e0 motifs bross\u00e9s propos\u00e9es par Mandella Istanbul sont fabriqu\u00e9es \u00e0 partir de tissus de qualit\u00e9 et offrent une utilisation \u00e0 long terme.<\/li>\n<\/ul>\n<h3>Mandella Istanbul : Adresse fiable pour l&#8217;achat de chemises en gros<\/h3>\n<p>Lors des achats en gros de chemises, nous vous proposons les produits de la plus haute qualit\u00e9 aux prix les plus abordables comme Mandella Istanbul. Avec nos mod\u00e8les de chemises \u00e0 motifs bross\u00e9s, vous pouvez \u00e0 la fois cr\u00e9er votre propre style et proposer une large gamme de produits \u00e0 vos clients. Choisissez Mandella Istanbul pour des chemises \u00e0 motifs bross\u00e9s de qualit\u00e9, \u00e9l\u00e9gantes et modernes, refl\u00e9tant votre style.<\/p>\n<p>Chemise \u00e0 manches courtes 100 % coton.<br \/> Nos produits sont vendus en s\u00e9rie. Il y a 5 produits dans 1 s\u00e9rie.<br \/> Tailles des produits dans la s\u00e9rie<br \/> 1 pi\u00e8ce (M) \u2013 2 pi\u00e8ces (L) \u2013 1 pi\u00e8ce (XL) \u2013 1 pi\u00e8ce (XXL)<\/p>\n<p> Une facture sp\u00e9ciale sera \u00e9mise pour toutes vos commandes.<br \/> Il existe des frais d&#8217;exp\u00e9dition diff\u00e9rents pour chaque pays. Une fois la commande termin\u00e9e, des informations sur la cargaison vous seront envoy\u00e9es via Whatsapp.<\/p>\n","protected":false},"excerpt":{"rendered":"<p>1 Produit de s\u00e9rie. (5 PCS)<br \/>\n  Tailles : M L XL XXL<br \/>\n  Tissu utilis\u00e9 : 100% coton<br \/>\n  Vous ne pouvez commander que des s\u00e9ries. ( 5 pi\u00e8ces)<\/p>\n","protected":false},"featured_media":11664,"comment_status":"open","ping_status":"closed","template":"","meta":[],"product_brand":[],"product_cat":[142,177],"product_tag":[],"class_list":{"0":"post-10513","1":"product","2":"type-product","3":"status-publish","4":"has-post-thumbnail","6":"product_cat-vente-en-gros-chemises","7":"product_cat-chemise-a-manches-courtes","8":"pa_beden-l-fr","9":"pa_beden-m-fr","10":"pa_beden-xl-fr","11":"pa_beden-xxl-fr","13":"first","14":"outofstock","15":"taxable","16":"shipping-taxable","17":"purchasable","18":"product-type-simple"},"_links":{"self":[{"href":"https:\/\/www.mandellaistanbul.com\/fr\/wp-json\/wp\/v2\/product\/10513","targetHints":{"allow":["GET"]}}],"collection":[{"href":"https:\/\/www.mandellaistanbul.com\/fr\/wp-json\/wp\/v2\/product"}],"about":[{"href":"https:\/\/www.mandellaistanbul.com\/fr\/wp-json\/wp\/v2\/types\/product"}],"replies":[{"embeddable":true,"href":"https:\/\/www.mandellaistanbul.com\/fr\/wp-json\/wp\/v2\/comments?post=10513"}],"version-history":[{"count":3,"href":"https:\/\/www.mandellaistanbul.com\/fr\/wp-json\/wp\/v2\/product\/10513\/revisions"}],"predecessor-version":[{"id":18064,"href":"https:\/\/www.mandellaistanbul.com\/fr\/wp-json\/wp\/v2\/product\/10513\/revisions\/18064"}],"wp:featuredmedia":[{"embeddable":true,"href":"https:\/\/www.mandellaistanbul.com\/fr\/wp-json\/wp\/v2\/media\/11664"}],"wp:attachment":[{"href":"https:\/\/www.mandellaistanbul.com\/fr\/wp-json\/wp\/v2\/media?parent=10513"}],"wp:term":[{"taxonomy":"product_brand","embeddable":true,"href":"https:\/\/www.mandellaistanbul.com\/fr\/wp-json\/wp\/v2\/product_brand?post=10513"},{"taxonomy":"product_cat","embeddable":true,"href":"https:\/\/www.mandellaistanbul.com\/fr\/wp-json\/wp\/v2\/product_cat?post=10513"},{"taxonomy":"product_tag","embeddable":true,"href":"https:\/\/www.mandellaistanbul.com\/fr\/wp-json\/wp\/v2\/product_tag?post=10513"}],"curies":[{"name":"wp","href":"https:\/\/api.w.org\/{rel}","templated":true}]}}