{"id":10490,"date":"2022-09-07T11:49:49","date_gmt":"2022-09-07T08:49:49","guid":{"rendered":"https:\/\/www.mandellaistanbul.com\/product\/chemise-rayee-jaune-vert-motif-chaine\/"},"modified":"2024-10-15T20:51:51","modified_gmt":"2024-10-15T17:51:51","slug":"chemise-rayee-jaune-vert-a-motifs-de-chaine","status":"publish","type":"product","link":"https:\/\/www.mandellaistanbul.com\/fr\/produit\/chemise-rayee-jaune-vert-a-motifs-de-chaine\/","title":{"rendered":"Chemise ray\u00e9e jaune-vert \u00e0 motifs de cha\u00eene"},"content":{"rendered":"<p><strong>Chemises \u00e0 motifs de cha\u00eene : des options qui inspirent votre style<\/strong><\/p>\n<p>Les chemises \u00e0 motifs de cha\u00eene sont des pi\u00e8ces sp\u00e9ciales qui occupent une place importante dans le monde de la mode et ajoutent une touche moderne \u00e0 votre style. Les chemises \u00e0 motifs de cha\u00eene, particuli\u00e8rement enrichies de tons jaunes et verts, sont propos\u00e9es dans diff\u00e9rents styles dans la collection sp\u00e9ciale de Mandella Istanbul. Voici ce que vous devez savoir sur les chemises \u00e0 motifs de cha\u00eene :<\/p>\n<p><strong>Chemise jaune et verte \u00e0 motifs de cha\u00eene : portez l&#8217;\u00e9nergie de l&#8217;\u00e9t\u00e9 sur vous<\/strong><\/p>\n<p>Combinant l&#8217;\u00e9nergie des tons jaunes et verts avec des motifs de cha\u00eene, ces chemises offrent un look vibrant et accrocheur pendant les mois d&#8217;\u00e9t\u00e9. Fabriqu\u00e9es en coton ou en lin fin, ces chemises sont id\u00e9ales pour le quotidien comme pour les occasions sp\u00e9ciales.<\/p>\n<p><strong>Mod\u00e8les de chemises \u00e0 motifs en cha\u00eene : une combinaison de diversit\u00e9 et d&#8217;esth\u00e9tique<\/strong><\/p>\n<p>La vari\u00e9t\u00e9 de la collection de <a href=\"https:\/\/www.mandellaistanbul.com\/toptan-gomlek\/\">chemises toptan<\/a> \u00e0 motifs en cha\u00eene de Mandella Istanbul est accrocheuse. Propos\u00e9es dans diff\u00e9rentes coupes, cols et d\u00e9tails de boutons, ces chemises sont con\u00e7ues pour plaire \u00e0 tous les go\u00fbts et \u00e0 tous les besoins. Vous pouvez choisir parmi des mod\u00e8les de diff\u00e9rentes couleurs ou enrichis de motifs color\u00e9s.<\/p>\n<p><strong>Prix des chemises \u00e0 motifs en cha\u00eene : l&#8217;\u00e9quilibre entre qualit\u00e9 et prix abordable<\/strong><\/p>\n<p>Les chemises \u00e0 motifs en cha\u00eene de Mandella Istanbul sont fabriqu\u00e9es avec des mat\u00e9riaux de qualit\u00e9 et propos\u00e9es \u00e0 des prix abordables. Ces chemises refl\u00e8tent votre style tout en pensant \u00e0 votre porte-monnaie.<\/p>\n<p><strong>Combinaisons de chemises \u00e0 motifs de cha\u00eene : compl\u00e9tez votre style<\/strong><\/p>\n<p>Les combinaisons qui peuvent \u00eatre faites avec des chemises \u00e0 motifs de cha\u00eene vous permettent d&#8217;exprimer librement votre style. Voici quelques suggestions de combinaisons :<\/p>\n<ul>\n<li><strong>Style classique :<\/strong> vous pouvez obtenir un look professionnel \u00e9l\u00e9gant en combinant une chemise \u00e0 motifs de cha\u00eene avec un pantalon noir ou blanc. Cette combinaison peut \u00e9galement \u00eatre facilement pr\u00e9f\u00e9r\u00e9e dans des environnements formels.<\/li>\n<li><strong>Style d\u00e9contract\u00e9 :<\/strong> pour un usage quotidien, vous pouvez obtenir un look confortable et \u00e9l\u00e9gant en combinant une chemise \u00e0 motifs de cha\u00eene avec un jean ou un short chino. Cette combinaison convient aussi bien aux promenades en ville qu&#8217;aux rencontres entre amis.<\/li>\n<li><strong>Pour les occasions sp\u00e9ciales :<\/strong> vous pouvez compl\u00e9ter votre \u00e9l\u00e9gance en combinant une chemise \u00e0 motifs de cha\u00eene avec une veste blazer de coupe classique pour des occasions sp\u00e9ciales ou des invitations. Cette combinaison vous donne un look sophistiqu\u00e9.<\/li>\n<\/ul>\n<p><strong>Assurance Mandella Istanbul : Qualit\u00e9 et satisfaction<\/strong><\/p>\n<p>Mandella Istanbul accorde la priorit\u00e9 \u00e0 la qualit\u00e9 et \u00e0 la satisfaction du client dans chaque produit. Chaque chemise est fabriqu\u00e9e avec des mat\u00e9riaux soigneusement s\u00e9lectionn\u00e9s et une finition soign\u00e9e. Id\u00e9ales pour les entreprises, ces chemises r\u00e9pondent \u00e0 la fois aux attentes des utilisateurs et renforcent l&#8217;image de votre entreprise.<\/p>\n","protected":false},"excerpt":{"rendered":"<p>La chemise jaune verte ray\u00e9e avec motif de cha\u00eenes, sp\u00e9cialement con\u00e7ue par Mandella Istanbul, refl\u00e8te parfaitement un style audacieux et accrocheur. Une option audacieuse et \u00e9nergique.<\/p>\n","protected":false},"featured_media":11688,"comment_status":"open","ping_status":"closed","template":"","meta":[],"product_brand":[],"product_cat":[142,177],"product_tag":[],"class_list":{"0":"post-10490","1":"product","2":"type-product","3":"status-publish","4":"has-post-thumbnail","6":"product_cat-vente-en-gros-chemises","7":"product_cat-chemise-a-manches-courtes","8":"pa_beden-l-fr","9":"pa_beden-m-fr","10":"pa_beden-xl-fr","11":"pa_beden-xxl-fr","13":"first","14":"instock","15":"taxable","16":"shipping-taxable","17":"purchasable","18":"product-type-simple"},"_links":{"self":[{"href":"https:\/\/www.mandellaistanbul.com\/fr\/wp-json\/wp\/v2\/product\/10490","targetHints":{"allow":["GET"]}}],"collection":[{"href":"https:\/\/www.mandellaistanbul.com\/fr\/wp-json\/wp\/v2\/product"}],"about":[{"href":"https:\/\/www.mandellaistanbul.com\/fr\/wp-json\/wp\/v2\/types\/product"}],"replies":[{"embeddable":true,"href":"https:\/\/www.mandellaistanbul.com\/fr\/wp-json\/wp\/v2\/comments?post=10490"}],"version-history":[{"count":3,"href":"https:\/\/www.mandellaistanbul.com\/fr\/wp-json\/wp\/v2\/product\/10490\/revisions"}],"predecessor-version":[{"id":18468,"href":"https:\/\/www.mandellaistanbul.com\/fr\/wp-json\/wp\/v2\/product\/10490\/revisions\/18468"}],"wp:featuredmedia":[{"embeddable":true,"href":"https:\/\/www.mandellaistanbul.com\/fr\/wp-json\/wp\/v2\/media\/11688"}],"wp:attachment":[{"href":"https:\/\/www.mandellaistanbul.com\/fr\/wp-json\/wp\/v2\/media?parent=10490"}],"wp:term":[{"taxonomy":"product_brand","embeddable":true,"href":"https:\/\/www.mandellaistanbul.com\/fr\/wp-json\/wp\/v2\/product_brand?post=10490"},{"taxonomy":"product_cat","embeddable":true,"href":"https:\/\/www.mandellaistanbul.com\/fr\/wp-json\/wp\/v2\/product_cat?post=10490"},{"taxonomy":"product_tag","embeddable":true,"href":"https:\/\/www.mandellaistanbul.com\/fr\/wp-json\/wp\/v2\/product_tag?post=10490"}],"curies":[{"name":"wp","href":"https:\/\/api.w.org\/{rel}","templated":true}]}}