{"id":10486,"date":"2022-09-07T11:49:50","date_gmt":"2022-09-07T08:49:50","guid":{"rendered":"https:\/\/www.mandellaistanbul.com\/product\/chemise-orange-motif-zebre\/"},"modified":"2024-10-15T21:02:26","modified_gmt":"2024-10-15T18:02:26","slug":"chemise-orange-motif-zebre","status":"publish","type":"product","link":"https:\/\/www.mandellaistanbul.com\/fr\/produit\/chemise-orange-motif-zebre\/","title":{"rendered":"Chemise Orange Motif Z\u00e8bre"},"content":{"rendered":"<div class=\"flex flex-grow flex-col max-w-full\">\n<div class=\"min-h-[20px] text-message flex flex-col items-start whitespace-pre-wrap break-words [ .text-message+&amp;]:mt-5 juice:w-full juice:items-end overflow-x-auto gap-2\" dir=\"auto\" data-message-author-role=\"assistant\" data-message-id=\"fad6d7c4- f68b-4336-8427-3f4ed2e40a72\">\n<div class=\"flex w-full flex-col gap-1 juice:empty:hidden juice:first:pt-[3px]\">\n<div class=\" markdown prose w-full break-words dark:prose-invert dark\">\n<h2>Chemise orange \u00e0 motifs z\u00e9br\u00e9s\u00a0: Brave and Eye Buyer<\/h2>\n<h3>Vente en gros de chemises \u00e0 motifs z\u00e9br\u00e9s de Mandella Istanbul Collection<\/h3>\n<p>Mandella Istanbul est l\u00e0 avec sa collection de chemises orange \u00e0 motifs z\u00e9br\u00e9s en gros qui offre un style audacieux et accrocheur. Rendez les vitrines de votre magasin \u00e9nergiques et accrocheuses Ces chemises, qui enrichiront votre entreprise d&#8217;une touche, seront appr\u00e9ci\u00e9es par vos clients commerciaux. Voici ce que vous devez savoir sur les chemises orange \u00e0 motifs z\u00e9br\u00e9s :<\/p>\n<h3>Mod\u00e8les de chemises orange \u00e0 motifs z\u00e9br\u00e9s<\/h3>\n<p>Mandella Istanbul, la chemise orange \u00e0 motifs z\u00e9br\u00e9s <a href=\" https:\/\/www.mandellaistanbul.com\/toptan-gomlek\/\">toptan<\/a> propose une large gamme de mod\u00e8les. Con\u00e7ues avec des motifs z\u00e9br\u00e9s dynamiques et des tons orange \u00e9nergiques, ces chemises plaisent \u00e0 tous les go\u00fbts et \u00e9gayent les garde-robes. Diff\u00e9rents cols et Ces mod\u00e8les, qui peuvent \u00eatre utilis\u00e9s confortablement dans n&#8217;importe quel environnement avec leurs options de coupe, augmentent la vari\u00e9t\u00e9 de produits de votre magasin. Con\u00e7ues avec l&#8217;aspect audacieux et moderne des motifs z\u00e9br\u00e9s, ces chemises mettent en valeur le style et l&#8217;\u00e9nergie de chaque client. Con\u00e7ues avec des touches \u00e0 la fois classiques et modernes, ces chemises aident \u00e0 exprimer le style de la meilleure fa\u00e7on.<\/p>\n<h3>Qualit\u00e9 et confort<\/h3>\n<p>En tant que Mandella Istanbul, nous accordons la priorit\u00e9 \u00e0 la qualit\u00e9 et \u00e0 la satisfaction du client dans chacun de nos produits. Nos chemises orange \u00e0 motifs z\u00e9br\u00e9s sont le reflet de cette compr\u00e9hension. Fabriqu\u00e9es avec des tissus de haute qualit\u00e9 et une finition m\u00e9ticuleuse, ces chemises offrent une utilisation \u00e0 la fois durable et confortable. Vos clients se sentiront \u00e0 l&#8217;aise toute la journ\u00e9e gr\u00e2ce aux tissus respirants et doux pour la peau. Faciles \u00e0 repasser et faciles \u00e0 entretenir Ces chemises sont pratiques et id\u00e9ales pour vos clients qui veulent se pr\u00e9parer rapidement. En m\u00eame temps, ces chemises sont con\u00e7ues pour s&#8217;adapter \u00e0 diverses conditions m\u00e9t\u00e9orologiques, de sorte qu&#8217;elles peuvent \u00eatre port\u00e9es confortablement en toutes saisons.<\/p>\n<h3>Prix des chemises orange \u00e0 motifs z\u00e9br\u00e9s<\/h3>\n<p>&lt; p&gt;Mandella Istanbul propose des chemises orange \u00e0 motifs z\u00e9br\u00e9s \u00e0 des prix de gros abordables. Sans compromettre la qualit\u00e9, nous offrons \u00e0 nos clients commerciaux la possibilit\u00e9 d&#8217;atteindre l&#8217;\u00e9l\u00e9gance avec des options adapt\u00e9es \u00e0 leur budget. Dans notre collection, vous pouvez trouver une large gamme de chemises \u00e0 diff\u00e9rentes gammes de prix et choisir les chemises qui conviennent le mieux au style de votre magasin. Vous pouvez acheter ces chemises \u00e9l\u00e9gantes \u00e0 des prix encore plus abordables avec des remises et des campagnes organis\u00e9es pendant certaines p\u00e9riodes. Vous pouvez suivre r\u00e9guli\u00e8rement notre site Web pour les campagnes en cours et les offres sp\u00e9ciales. Vous pouvez \u00e9galement b\u00e9n\u00e9ficier de remises et d&#8217;avantages sp\u00e9ciaux en rejoignant notre programme d&#8217;adh\u00e9sion.<\/p>\n<h3>Commander maintenant Offrir<\/h3>\n<p>Vous pouvez apporter l&#8217;\u00e9l\u00e9gance audacieuse et accrocheuse des chemises orange \u00e0 motifs z\u00e9br\u00e9s \u00e0 votre magasin en passant imm\u00e9diatement une commande en gros sur notre site Web. N&#8217;oubliez pas, ayez toujours une longueur d&#8217;avance avec Mandella Istanbul et offrez les meilleurs produits \u00e0 vos clients. Avec l&#8217;importance que nous accordons \u00e0 la satisfaction du client, nous vous livrons rapidement et en toute s\u00e9curit\u00e9. Renouvelez votre magasin et soyez toujours \u00e0 votre meilleur en faisant des achats en gros chez Mandella Istanbul, o\u00f9 qualit\u00e9 et \u00e9l\u00e9gance se rencontrent !<\/p>\n<\/div>\n<\/div>\n<\/div>\n<\/div>\n","protected":false},"excerpt":{"rendered":"<p>La chemise orange \u00e0 imprim\u00e9 z\u00e9br\u00e9, sp\u00e9cialement con\u00e7ue par Mandella Istanbul, refl\u00e8te parfaitement un style audacieux et saisissant. Une option audacieuse et \u00e9nergique.<\/p>\n","protected":false},"featured_media":11712,"comment_status":"open","ping_status":"closed","template":"","meta":[],"product_brand":[],"product_cat":[142,177],"product_tag":[],"class_list":{"0":"post-10486","1":"product","2":"type-product","3":"status-publish","4":"has-post-thumbnail","6":"product_cat-vente-en-gros-chemises","7":"product_cat-chemise-a-manches-courtes","8":"pa_beden-l-fr","9":"pa_beden-m-fr","10":"pa_beden-xl-fr","11":"pa_beden-xxl-fr","13":"first","14":"instock","15":"taxable","16":"shipping-taxable","17":"purchasable","18":"product-type-simple"},"_links":{"self":[{"href":"https:\/\/www.mandellaistanbul.com\/fr\/wp-json\/wp\/v2\/product\/10486","targetHints":{"allow":["GET"]}}],"collection":[{"href":"https:\/\/www.mandellaistanbul.com\/fr\/wp-json\/wp\/v2\/product"}],"about":[{"href":"https:\/\/www.mandellaistanbul.com\/fr\/wp-json\/wp\/v2\/types\/product"}],"replies":[{"embeddable":true,"href":"https:\/\/www.mandellaistanbul.com\/fr\/wp-json\/wp\/v2\/comments?post=10486"}],"version-history":[{"count":2,"href":"https:\/\/www.mandellaistanbul.com\/fr\/wp-json\/wp\/v2\/product\/10486\/revisions"}],"predecessor-version":[{"id":18477,"href":"https:\/\/www.mandellaistanbul.com\/fr\/wp-json\/wp\/v2\/product\/10486\/revisions\/18477"}],"wp:featuredmedia":[{"embeddable":true,"href":"https:\/\/www.mandellaistanbul.com\/fr\/wp-json\/wp\/v2\/media\/11712"}],"wp:attachment":[{"href":"https:\/\/www.mandellaistanbul.com\/fr\/wp-json\/wp\/v2\/media?parent=10486"}],"wp:term":[{"taxonomy":"product_brand","embeddable":true,"href":"https:\/\/www.mandellaistanbul.com\/fr\/wp-json\/wp\/v2\/product_brand?post=10486"},{"taxonomy":"product_cat","embeddable":true,"href":"https:\/\/www.mandellaistanbul.com\/fr\/wp-json\/wp\/v2\/product_cat?post=10486"},{"taxonomy":"product_tag","embeddable":true,"href":"https:\/\/www.mandellaistanbul.com\/fr\/wp-json\/wp\/v2\/product_tag?post=10486"}],"curies":[{"name":"wp","href":"https:\/\/api.w.org\/{rel}","templated":true}]}}