{"id":10485,"date":"2022-09-07T11:49:50","date_gmt":"2022-09-07T08:49:50","guid":{"rendered":"https:\/\/www.mandellaistanbul.com\/product\/chemise-epaisse-double-couche-a-motifs-floraux\/"},"modified":"2024-10-15T19:39:17","modified_gmt":"2024-10-15T16:39:17","slug":"chemise-epaisse-a-motifs-floraux","status":"publish","type":"product","link":"https:\/\/www.mandellaistanbul.com\/fr\/produit\/chemise-epaisse-a-motifs-floraux\/","title":{"rendered":"Chemise \u00e9paisse \u00e0 motifs floraux"},"content":{"rendered":"<h3>Chemise \u00e9paisse \u00e0 motifs floraux : l&#8217;alliance du confort et de l&#8217;\u00e9l\u00e9gance<\/h3>\n<p><strong>Collection de chemises \u00e9paisses \u00e0 motifs floraux en gros de Mandella Istanbul<\/strong><\/p>\n<p>Mandella Istanbul est l\u00e0 avec sa collection de chemises \u00e9paisses \u00e0 motifs floraux qui allie confort et \u00e9l\u00e9gance. Ces chemises, indispensables par temps froid, cr\u00e9eront une ambiance chaleureuse dans les rayons de votre magasin. Voici les d\u00e9tails de notre collection de <a href=\"https:\/\/www.mandellaistanbul.com\/toptan-gomlek\/\">chemises \u00e9paisses \u00e0 motifs floraux en gros<\/a> :<\/p>\n<h4>Mod\u00e8les de chemises \u00e9paisses \u00e0 motifs floraux<\/h4>\n<p>Mandella Istanbul propose une large gamme de produits qui plaisent \u00e0 diff\u00e9rents styles et go\u00fbts avec ses mod\u00e8les de chemises \u00e9paisses \u00e0 motifs floraux. Elle permet une utilisation chaude par temps froid gr\u00e2ce \u00e0 sa structure en tissu \u00e9pais et met en valeur l&#8217;\u00e9l\u00e9gance avec ses motifs floraux vibrants. Les chemises peuvent \u00eatre facilement pr\u00e9f\u00e9r\u00e9es dans la vie quotidienne et pour les \u00e9v\u00e9nements sp\u00e9ciaux. Ces mod\u00e8les, qui devraient figurer dans la garde-robe de chaque client, sont la cl\u00e9 pour \u00eatre \u00e9l\u00e9gant.<\/p>\n<h4>Qualit\u00e9 et confort<\/h4>\n<p>En tant que Mandella Istanbul, nous accordons toujours la priorit\u00e9 \u00e0 la qualit\u00e9 et \u00e0 la satisfaction du client dans nos produits. Nos chemises \u00e9paisses \u00e0 motifs floraux sont fabriqu\u00e9es \u00e0 partir de tissus de haute qualit\u00e9 et durables. Elles offrent un confort tout au long de la journ\u00e9e gr\u00e2ce \u00e0 leur texture respirante et douce. Elles vous gardent au chaud pendant les mois d&#8217;hiver gr\u00e2ce \u00e0 leur structure \u00e9paisse qui assure une isolation thermique. Gr\u00e2ce \u00e0 leurs caract\u00e9ristiques faciles d&#8217;entretien, elles facilitent la vie de vos clients et offrent une exp\u00e9rience d&#8217;utilisation durable.<\/p>\n<h4>Prix des chemises \u00e9paisses \u00e0 motifs floraux<\/h4>\n<p>Mandella Istanbul propose des chemises \u00e9paisses \u00e0 motifs floraux \u00e0 des prix de gros abordables. Nous offrons \u00e0 nos clients commerciaux la possibilit\u00e9 de proposer des produits de qualit\u00e9 et \u00e9l\u00e9gants avec des options adapt\u00e9es \u00e0 leur budget. Vous pouvez trouver une large gamme dans diff\u00e9rentes gammes de prix dans notre collection et choisir les chemises qui conviennent le mieux au style de votre magasin. Gr\u00e2ce aux remises et aux campagnes que nous proposons \u00e0 certaines p\u00e9riodes, vous pouvez acheter ces chemises \u00e9l\u00e9gantes \u00e0 des prix plus abordables. Visitez r\u00e9guli\u00e8rement notre site Web pour conna\u00eetre les campagnes en cours et les offres sp\u00e9ciales.<\/p>\n<h4>Commandez maintenant<\/h4>\n<p>Vous pouvez apporter le confort et l&#8217;\u00e9l\u00e9gance des chemises \u00e9paisses \u00e0 motifs floraux \u00e0 votre magasin en passant imm\u00e9diatement une commande en gros sur notre site Web. Ayez toujours une longueur d&#8217;avance avec Mandella Istanbul et offrez \u00e0 vos clients les meilleurs produits. Avec l&#8217;importance que nous accordons \u00e0 la satisfaction du client, nous vous livrons vos commandes rapidement et en toute s\u00e9curit\u00e9. Renouvelez votre magasin et soyez toujours \u00e0 votre meilleur en achetant en gros chez Mandella Istanbul, o\u00f9 qualit\u00e9 et style se rencontrent !<\/p>\n<p>Chemise \u00e0 manches courtes 100 % coton.<br \/>\nNos produits sont vendus en s\u00e9rie. Il y a 5 produits dans 1 s\u00e9rie.<br \/>\nTailles des produits dans la s\u00e9rie<br \/>\n1 pi\u00e8ce (M) &#8211; 2 pi\u00e8ces (L) &#8211; 1 pi\u00e8ce (XL) &#8211; 1 pi\u00e8ce (XXL)<\/p>\n<p>Une facture sp\u00e9ciale sera \u00e9mise pour toutes vos commandes.<br \/>\nIl existe des frais d&#8217;exp\u00e9dition diff\u00e9rents pour chaque pays. Une fois la commande termin\u00e9e, des informations sur la cargaison vous seront envoy\u00e9es via Whatsapp.<\/p>\n","protected":false},"excerpt":{"rendered":"<p>1 Produit de s\u00e9rie. (5 PCS)<br \/>\nTailles : M L XL XXL<br \/>\nTissu utilis\u00e9 : 100% coton<br \/>\nVous ne pouvez commander que des s\u00e9ries. ( 5 pi\u00e8ces)<\/p>\n","protected":false},"featured_media":11697,"comment_status":"open","ping_status":"closed","template":"","meta":[],"product_brand":[],"product_cat":[142,177],"product_tag":[],"class_list":{"0":"post-10485","1":"product","2":"type-product","3":"status-publish","4":"has-post-thumbnail","6":"product_cat-vente-en-gros-chemises","7":"product_cat-chemise-a-manches-courtes","8":"pa_beden-l-fr","9":"pa_beden-m-fr","10":"pa_beden-xl-fr","11":"pa_beden-xxl-fr","13":"first","14":"outofstock","15":"taxable","16":"shipping-taxable","17":"purchasable","18":"product-type-simple"},"_links":{"self":[{"href":"https:\/\/www.mandellaistanbul.com\/fr\/wp-json\/wp\/v2\/product\/10485","targetHints":{"allow":["GET"]}}],"collection":[{"href":"https:\/\/www.mandellaistanbul.com\/fr\/wp-json\/wp\/v2\/product"}],"about":[{"href":"https:\/\/www.mandellaistanbul.com\/fr\/wp-json\/wp\/v2\/types\/product"}],"replies":[{"embeddable":true,"href":"https:\/\/www.mandellaistanbul.com\/fr\/wp-json\/wp\/v2\/comments?post=10485"}],"version-history":[{"count":2,"href":"https:\/\/www.mandellaistanbul.com\/fr\/wp-json\/wp\/v2\/product\/10485\/revisions"}],"predecessor-version":[{"id":18385,"href":"https:\/\/www.mandellaistanbul.com\/fr\/wp-json\/wp\/v2\/product\/10485\/revisions\/18385"}],"wp:featuredmedia":[{"embeddable":true,"href":"https:\/\/www.mandellaistanbul.com\/fr\/wp-json\/wp\/v2\/media\/11697"}],"wp:attachment":[{"href":"https:\/\/www.mandellaistanbul.com\/fr\/wp-json\/wp\/v2\/media?parent=10485"}],"wp:term":[{"taxonomy":"product_brand","embeddable":true,"href":"https:\/\/www.mandellaistanbul.com\/fr\/wp-json\/wp\/v2\/product_brand?post=10485"},{"taxonomy":"product_cat","embeddable":true,"href":"https:\/\/www.mandellaistanbul.com\/fr\/wp-json\/wp\/v2\/product_cat?post=10485"},{"taxonomy":"product_tag","embeddable":true,"href":"https:\/\/www.mandellaistanbul.com\/fr\/wp-json\/wp\/v2\/product_tag?post=10485"}],"curies":[{"name":"wp","href":"https:\/\/api.w.org\/{rel}","templated":true}]}}