{"id":10471,"date":"2022-09-07T11:49:56","date_gmt":"2022-09-07T08:49:56","guid":{"rendered":"https:\/\/www.mandellaistanbul.com\/product\/chemise-bleu-fonce-unie\/"},"modified":"2024-10-15T22:00:53","modified_gmt":"2024-10-15T19:00:53","slug":"chemise-bleu-fonce","status":"publish","type":"product","link":"https:\/\/www.mandellaistanbul.com\/fr\/produit\/chemise-bleu-fonce\/","title":{"rendered":"Chemise Bleu Fonc\u00e9"},"content":{"rendered":"<h3>Chemise bleu fonc\u00e9 : le symbole de l&#8217;\u00e9l\u00e9gance et de la sophistication<\/h3>\n<h4>Collection de chemises bleu fonc\u00e9 en gros de Mandella Istanbul<\/h4>\n<p>Mandella Istanbul allie \u00e9l\u00e9gance et raffinement avec sa collection de <a href=\"https:\/\/www.mandellaistanbul.com\/toptan-gomlek\/\">chemises toptan<\/a> bleu fonc\u00e9. Ces chemises compl\u00e8tent votre style en offrant un look sophistiqu\u00e9. Voici ce que vous devez savoir sur les chemises bleu fonc\u00e9 :<\/p>\n<h3>Mod\u00e8les de chemises bleu fonc\u00e9<\/h3>\n<p><strong>Riches options de conception :<\/strong> Mandella Istanbul propose une large gamme de mod\u00e8les de chemises bleu fonc\u00e9. Il existe des mod\u00e8les adapt\u00e9s \u00e0 chaque style avec divers designs allant des coupes classiques aux d\u00e9tails modernes. Enrichies de diff\u00e9rentes options de col et de poignet, ces chemises attirent l&#8217;attention dans chaque environnement.<\/p>\n<p><strong>Tissus de qualit\u00e9 :<\/strong> Nos chemises bleu fonc\u00e9 sont fabriqu\u00e9es \u00e0 partir de tissus de haute qualit\u00e9. Avec sa structure respirante et l\u00e9g\u00e8re, elle offre une utilisation confortable en toutes saisons. Gr\u00e2ce \u00e0 leurs mat\u00e9riaux durables, vous pourrez profiter longtemps de ces chemises.<\/p>\n<h3>Chemise bleu fonc\u00e9<\/h3>\n<p><strong>Combinaisons \u00e9l\u00e9gantes :<\/strong> les chemises bleu fonc\u00e9 peuvent \u00eatre utilis\u00e9es dans diverses combinaisons. Id\u00e9ales pour l&#8217;\u00e9l\u00e9gance quotidienne et les invitations sp\u00e9ciales, ces chemises s&#8217;associent parfaitement avec un jean ou un pantalon classique. Elles mettront en valeur votre style lors de r\u00e9unions d&#8217;affaires ou d&#8217;invitations en soir\u00e9e.<\/p>\n<p><strong>Facile \u00e0 utiliser :<\/strong> nos chemises bleu fonc\u00e9 sont faciles \u00e0 repasser et \u00e0 entretenir. Gr\u00e2ce \u00e0 leur utilisation pratique, elles seront votre sauveur dans les situations o\u00f9 vous devez vous pr\u00e9parer rapidement. Offrant \u00e0 la fois \u00e9l\u00e9gance et confort, ces chemises seront l&#8217;une des pi\u00e8ces indispensables de votre garde-robe.<\/p>\n<h3>Prix des chemises bleu fonc\u00e9<\/h3>\n<p><strong>Prix de gros abordables :<\/strong> Mandella Istanbul propose des chemises bleu fonc\u00e9 \u00e0 des prix de gros abordables. Nous offrons la possibilit\u00e9 d&#8217;atteindre l&#8217;\u00e9l\u00e9gance avec des options adapt\u00e9es \u00e0 votre budget sans compromettre la qualit\u00e9. Avec des remises et des campagnes effectu\u00e9es pendant certaines p\u00e9riodes, vous pouvez acheter ces chemises \u00e9l\u00e9gantes \u00e0 des prix encore plus abordables.<\/p>\n<p><strong>Campagnes et remises\u00a0:<\/strong> Nous proposons des prix encore plus avantageux avec des campagnes et des remises effectu\u00e9es pendant certaines p\u00e9riodes sur les chemises bleu fonc\u00e9. Vous pouvez suivre r\u00e9guli\u00e8rement notre site Web pour conna\u00eetre les campagnes en cours et les offres sp\u00e9ciales. Vous pouvez obtenir des produits de qualit\u00e9 \u00e0 des prix abordables avec Mandella Istanbul.<\/p>\n<h3>Qualit\u00e9 Mandella Istanbul<\/h3>\n<p>Mandella Istanbul accorde la priorit\u00e9 \u00e0 la qualit\u00e9 et \u00e0 la satisfaction du client dans chaque produit. Nos chemises bleu fonc\u00e9 sont le reflet de cette compr\u00e9hension. Ces chemises, produites avec des tissus soigneusement s\u00e9lectionn\u00e9s et une finition m\u00e9ticuleuse, offrent une utilisation durable et confortable. Faites la diff\u00e9rence dans votre magasin en respectant la qualit\u00e9 Mandella Istanbul dans vos commandes de chemises en gros.<\/p>\n<h3>Commandez maintenant<\/h3>\n<p>Vous pouvez apporter l&#8217;\u00e9l\u00e9gance et l&#8217;\u00e9l\u00e9gance des chemises bleu fonc\u00e9 \u00e0 votre magasin en commandant imm\u00e9diatement des chemises en gros sur notre site Web. N&#8217;oubliez pas, ayez toujours une longueur d&#8217;avance avec Mandella Istanbul et offrez les meilleurs produits \u00e0 vos clients. Renouvelez votre boutique et soyez toujours au top en achetant en gros chez Mandella Istanbul, o\u00f9 qualit\u00e9 et \u00e9l\u00e9gance se rencontrent !<\/p>\n<p>Chemise \u00e0 manches courtes 100 % coton.<br \/> Nos produits sont vendus en s\u00e9rie. Il y a 5 produits dans 1 s\u00e9rie.<br \/> Tailles des produits dans la s\u00e9rie<br \/> 1 pi\u00e8ce (M) \u2013 2 pi\u00e8ces (L) \u2013 1 pi\u00e8ce (XL) \u2013 1 pi\u00e8ce (XXL)<\/p>\n<p> Une facture sp\u00e9ciale sera \u00e9mise pour toutes vos commandes.<br \/> Les frais d&#8217;exp\u00e9dition sont diff\u00e9rents pour chaque pays. Une fois la commande termin\u00e9e, des informations sur la cargaison vous seront envoy\u00e9es via Whatsapp.<\/p>\n","protected":false},"excerpt":{"rendered":"<p>1 Produit de s\u00e9rie. (5 PCS)<br \/>\n  Tailles : M L XL XXL<br \/>\n  Tissu utilis\u00e9 : 100% coton<br \/>\n  Vous ne pouvez commander que des s\u00e9ries. ( 5 pi\u00e8ces)<\/p>\n","protected":false},"featured_media":11769,"comment_status":"open","ping_status":"closed","template":"","meta":[],"product_brand":[],"product_cat":[142,177],"product_tag":[],"class_list":{"0":"post-10471","1":"product","2":"type-product","3":"status-publish","4":"has-post-thumbnail","6":"product_cat-vente-en-gros-chemises","7":"product_cat-chemise-a-manches-courtes","8":"pa_beden-l-fr","9":"pa_beden-m-fr","10":"pa_beden-xl-fr","11":"pa_beden-xxl-fr","13":"first","14":"outofstock","15":"taxable","16":"shipping-taxable","17":"purchasable","18":"product-type-simple"},"_links":{"self":[{"href":"https:\/\/www.mandellaistanbul.com\/fr\/wp-json\/wp\/v2\/product\/10471","targetHints":{"allow":["GET"]}}],"collection":[{"href":"https:\/\/www.mandellaistanbul.com\/fr\/wp-json\/wp\/v2\/product"}],"about":[{"href":"https:\/\/www.mandellaistanbul.com\/fr\/wp-json\/wp\/v2\/types\/product"}],"replies":[{"embeddable":true,"href":"https:\/\/www.mandellaistanbul.com\/fr\/wp-json\/wp\/v2\/comments?post=10471"}],"version-history":[{"count":3,"href":"https:\/\/www.mandellaistanbul.com\/fr\/wp-json\/wp\/v2\/product\/10471\/revisions"}],"predecessor-version":[{"id":18599,"href":"https:\/\/www.mandellaistanbul.com\/fr\/wp-json\/wp\/v2\/product\/10471\/revisions\/18599"}],"wp:featuredmedia":[{"embeddable":true,"href":"https:\/\/www.mandellaistanbul.com\/fr\/wp-json\/wp\/v2\/media\/11769"}],"wp:attachment":[{"href":"https:\/\/www.mandellaistanbul.com\/fr\/wp-json\/wp\/v2\/media?parent=10471"}],"wp:term":[{"taxonomy":"product_brand","embeddable":true,"href":"https:\/\/www.mandellaistanbul.com\/fr\/wp-json\/wp\/v2\/product_brand?post=10471"},{"taxonomy":"product_cat","embeddable":true,"href":"https:\/\/www.mandellaistanbul.com\/fr\/wp-json\/wp\/v2\/product_cat?post=10471"},{"taxonomy":"product_tag","embeddable":true,"href":"https:\/\/www.mandellaistanbul.com\/fr\/wp-json\/wp\/v2\/product_tag?post=10471"}],"curies":[{"name":"wp","href":"https:\/\/api.w.org\/{rel}","templated":true}]}}