{"id":10449,"date":"2022-09-07T11:49:57","date_gmt":"2022-09-07T08:49:57","guid":{"rendered":"https:\/\/www.mandellaistanbul.com\/product\/chemise-rayee-noire-et-blanche\/"},"modified":"2024-10-15T21:59:18","modified_gmt":"2024-10-15T18:59:18","slug":"chemise-rayee-noire-et-blanche","status":"publish","type":"product","link":"https:\/\/www.mandellaistanbul.com\/fr\/produit\/chemise-rayee-noire-et-blanche\/","title":{"rendered":"Chemise Ray\u00e9e Noire Et Blanche"},"content":{"rendered":"<h2>Chemise \u00e0 rayures pointill\u00e9es noires et blanches\u00a0: repr\u00e9sentant un style moderne et chic<\/h2>\n<p>Mandella Istanbul vous pr\u00e9sente sa collection de chemises \u00e0 rayures pointill\u00e9es noires et blanches con\u00e7ues avec des touches modernes et \u00e9l\u00e9gantes. Alliant \u00e9l\u00e9gance intemporelle et style sophistiqu\u00e9, ces chemises mettront en valeur votre style. Voici ce que vous devez savoir sur les chemises \u00e0 rayures pointill\u00e9es noires et blanches\u00a0:<\/p>\n<h3>Ensembles de chemises \u00e0 rayures pointill\u00e9es noires et blanches<\/h3>\n<p><strong>Combinaisons uniques\u00a0:<\/strong> les ensembles de <a href=\"https:\/\/www.mandellaistanbul.com\/toptan-gomlek\/\">chemises toptan<\/a> \u00e0 rayures pointill\u00e9es noires et blanches s&#8217;associent parfaitement \u00e0 une chemise et \u00e0 un pantalon ou \u00e0 un short. Ces ensembles offrent un look saisissant pour les occasions sp\u00e9ciales et les invitations.<\/p>\n<p><strong>Confortables et chics\u00a0:<\/strong> refl\u00e9tant le style \u00e0 rayures pointill\u00e9es, ces ensembles offrent une utilisation \u00e0 la fois confortable et \u00e9l\u00e9gante. Fabriqu\u00e9s avec des tissus respirants et une finition soign\u00e9e, ces costumes vous assurent une journ\u00e9e confortable.<\/p>\n<h3>Mod\u00e8les de chemises \u00e0 rayures en pointill\u00e9s noires et blanches<\/h3>\n<p><strong>Divers mod\u00e8les :<\/strong> Mandella Istanbul propose une large gamme de mod\u00e8les de chemises \u00e0 rayures en pointill\u00e9s noires et blanches. Des mod\u00e8les qui plaisent \u00e0 tous les go\u00fbts avec diff\u00e9rentes options de col et de coupe enrichissent votre garde-robe.<\/p>\n<p><strong>Style intemporel :<\/strong> Les chemises \u00e0 rayures en pointill\u00e9s noires et blanches maintiennent votre \u00e9l\u00e9gance \u00e0 chaque \u00e9poque avec leurs designs intemporels. Ces chemises, que vous pouvez porter aussi bien au quotidien que pour des occasions sp\u00e9ciales, compl\u00e8tent votre style.<\/p>\n<h3>Chemise \u00e0 rayures en pointill\u00e9s noires et blanches<\/h3>\n<p><strong>Classique et moderne :<\/strong> Les chemises \u00e0 rayures en pointill\u00e9s noires et blanches offrent des d\u00e9tails classiques et modernes \u00e0 la fois. Combinant l&#8217;\u00e9l\u00e9gance du pass\u00e9 avec le confort d&#8217;aujourd&#8217;hui, ces chemises mettent en valeur votre style.<\/p>\n<p><strong>Facilit\u00e9 d&#8217;utilisation :<\/strong> Les chemises \u00e0 rayures noires et blanches faciles \u00e0 repasser et \u00e0 entretenir offrent une utilisation pratique. Elles seront votre sauveur lorsque vous voudrez vous pr\u00e9parer rapidement.<\/p>\n<h3>Prix des chemises noires et blanches<\/h3>\n<p><strong>Prix abordables :<\/strong> Mandella Istanbul propose des chemises \u00e0 rayures noires et blanches \u00e0 des prix abordables. Vous pouvez atteindre l&#8217;\u00e9l\u00e9gance avec des options adapt\u00e9es \u00e0 votre budget sans compromettre la qualit\u00e9.<\/p>\n<p><strong>Remises et campagnes :<\/strong> Vous pouvez acheter des chemises \u00e0 rayures noires et blanches \u00e0 des prix encore plus abordables gr\u00e2ce aux remises et aux campagnes organis\u00e9es pendant certaines p\u00e9riodes. Vous pouvez suivre notre site Web pour conna\u00eetre les campagnes en cours.<\/p>\n<h3>Qualit\u00e9 Mandella Istanbul<\/h3>\n<p>En tant que Mandella Istanbul, nous accordons la priorit\u00e9 \u00e0 la qualit\u00e9 et \u00e0 la satisfaction du client dans chacun de nos produits. Nos chemises \u00e0 rayures noires et blanches sont le reflet de cette compr\u00e9hension. Fabriqu\u00e9es avec des tissus soigneusement s\u00e9lectionn\u00e9s et une finition soign\u00e9e, ces chemises offrent une utilisation durable et confortable.<\/p>\n<p>Vous pouvez porter l&#8217;\u00e9l\u00e9gance des chemises \u00e0 rayures noires et blanches en commandant imm\u00e9diatement sur notre site Web. N&#8217;oubliez pas, votre \u00e9l\u00e9gance a toujours une longueur d&#8217;avance avec Mandella Istanbul !<\/p>\n","protected":false},"excerpt":{"rendered":"<p>1 Produit de s\u00e9rie. (5 PCS)<br \/>\n  Tailles : M L XL XXL<br \/>\n  Tissu utilis\u00e9 : 100% coton<br \/>\n  Vous ne pouvez commander que des s\u00e9ries. ( 5 pi\u00e8ces)<\/p>\n","protected":false},"featured_media":11784,"comment_status":"open","ping_status":"closed","template":"","meta":[],"product_brand":[],"product_cat":[142,177],"product_tag":[],"class_list":{"0":"post-10449","1":"product","2":"type-product","3":"status-publish","4":"has-post-thumbnail","6":"product_cat-vente-en-gros-chemises","7":"product_cat-chemise-a-manches-courtes","8":"pa_beden-l-fr","9":"pa_beden-m-fr","10":"pa_beden-xl-fr","11":"pa_beden-xxl-fr","13":"first","14":"outofstock","15":"taxable","16":"shipping-taxable","17":"purchasable","18":"product-type-simple"},"_links":{"self":[{"href":"https:\/\/www.mandellaistanbul.com\/fr\/wp-json\/wp\/v2\/product\/10449","targetHints":{"allow":["GET"]}}],"collection":[{"href":"https:\/\/www.mandellaistanbul.com\/fr\/wp-json\/wp\/v2\/product"}],"about":[{"href":"https:\/\/www.mandellaistanbul.com\/fr\/wp-json\/wp\/v2\/types\/product"}],"replies":[{"embeddable":true,"href":"https:\/\/www.mandellaistanbul.com\/fr\/wp-json\/wp\/v2\/comments?post=10449"}],"version-history":[{"count":3,"href":"https:\/\/www.mandellaistanbul.com\/fr\/wp-json\/wp\/v2\/product\/10449\/revisions"}],"predecessor-version":[{"id":18592,"href":"https:\/\/www.mandellaistanbul.com\/fr\/wp-json\/wp\/v2\/product\/10449\/revisions\/18592"}],"wp:featuredmedia":[{"embeddable":true,"href":"https:\/\/www.mandellaistanbul.com\/fr\/wp-json\/wp\/v2\/media\/11784"}],"wp:attachment":[{"href":"https:\/\/www.mandellaistanbul.com\/fr\/wp-json\/wp\/v2\/media?parent=10449"}],"wp:term":[{"taxonomy":"product_brand","embeddable":true,"href":"https:\/\/www.mandellaistanbul.com\/fr\/wp-json\/wp\/v2\/product_brand?post=10449"},{"taxonomy":"product_cat","embeddable":true,"href":"https:\/\/www.mandellaistanbul.com\/fr\/wp-json\/wp\/v2\/product_cat?post=10449"},{"taxonomy":"product_tag","embeddable":true,"href":"https:\/\/www.mandellaistanbul.com\/fr\/wp-json\/wp\/v2\/product_tag?post=10449"}],"curies":[{"name":"wp","href":"https:\/\/api.w.org\/{rel}","templated":true}]}}