{"id":10443,"date":"2022-09-07T11:49:58","date_gmt":"2022-09-07T08:49:58","guid":{"rendered":"https:\/\/www.mandellaistanbul.com\/product\/chemise-noire-a-motifs-blancs\/"},"modified":"2024-10-13T13:19:48","modified_gmt":"2024-10-13T10:19:48","slug":"chemise-noire-a-motifs-blancs","status":"publish","type":"product","link":"https:\/\/www.mandellaistanbul.com\/fr\/produit\/chemise-noire-a-motifs-blancs\/","title":{"rendered":"Chemise noire \u00e0 motifs blancs"},"content":{"rendered":"<p><strong>Expression d&#8217;\u00e9l\u00e9gance : la collection de chemises blanches \u00e0 motifs de Mandella Istanbul<\/strong><\/p>\n<p>Mandella Istanbul allie \u00e9l\u00e9gance et qualit\u00e9 avec des chemises blanches \u00e0 motifs. Offrant des options adapt\u00e9es \u00e0 tous les styles, cette collection attire l&#8217;attention avec ses designs modernes et est candidate pour devenir une pi\u00e8ce indispensable de votre garde-robe.<\/p>\n<p><strong>Chemises \u00e0 motifs z\u00e9br\u00e9s : les choix audacieux de Mandella Istanbul<\/strong><\/p>\n<p>Les chemises \u00e0 motifs z\u00e9br\u00e9s de Mandella Istanbul refl\u00e8tent l&#8217;harmonie parfaite du noir et du blanc. Ce motif offre une option frappante, en particulier pour les invitations sp\u00e9ciales et les combinaisons nocturnes. Les chemises \u00e0 motifs z\u00e9br\u00e9s de la collection offrent \u00e0 la fois \u00e9l\u00e9gance et confort avec leurs coupes modernes.<\/p>\n<p><strong>Chemises blanches \u00e0 motifs : les touches \u00e9l\u00e9gantes de Mandella Istanbul<\/strong><\/p>\n<p>Les chemises blanches \u00e0 motifs sont l&#8217;une des pi\u00e8ces o\u00f9 Mandella Istanbul allie \u00e9l\u00e9gance et esth\u00e9tique. Contrairement aux chemises blanches classiques, ces chemises, d\u00e9cor\u00e9es de motifs floraux, de motifs g\u00e9om\u00e9triques ou de textures minimalistes, plaisent \u00e0 tous les styles et \u00e0 tous les go\u00fbts. Elles offrent des options polyvalentes que vous pouvez utiliser au quotidien ou lors d&#8217;occasions sp\u00e9ciales.<\/p>\n<p><strong>Chemises blanches \u00e0 motifs pour hommes : les choix \u00e9l\u00e9gants de Mandella Istanbul<\/strong><\/p>\n<p>Pour les hommes, Mandella Istanbul vous permet de compl\u00e9ter votre style avec des chemises blanches \u00e0 motifs. Ces chemises, qui peuvent \u00eatre pr\u00e9f\u00e9r\u00e9es dans la vie professionnelle ou lors d&#8217;occasions sp\u00e9ciales, se distinguent par leurs tissus de qualit\u00e9 et leurs coutures soign\u00e9es. Les diff\u00e9rents motifs de la collection incluent des motifs ray\u00e9s, \u00e0 pois ou minimalistes, offrant ainsi une option adapt\u00e9e au style de chaque homme.<\/p>\n<p><strong>Refl\u00e9tez votre style avec Mandella Istanbul<\/strong><\/p>\n<p>La collection de chemises blanches \u00e0 motifs de Mandella Istanbul offre \u00e0 ses utilisateurs un large \u00e9ventail d&#8217;options en privil\u00e9giant l&#8217;\u00e9l\u00e9gance et l&#8217;esth\u00e9tique. Ces chemises offrent des options id\u00e9ales aussi bien pour ceux qui suivent les tendances de la mode que pour ceux qui adoptent un style classique. En parcourant les produits de Mandella Istanbul, vous pouvez choisir la chemise qui convient \u00e0 votre style et vous sentir sp\u00e9cial.<\/p>\n<p>Les mod\u00e8les attrayants de chemises \u00e0 manches courtes de Mandella Istanbul.<br \/>\nChemise \u00e0 manches courtes 100 % coton.<br \/>\nNos produits sont vendus en s\u00e9rie. Il y a 5 produits dans 1 s\u00e9rie.<br \/>\nTailles des produits dans la s\u00e9rie<br \/>\n1 pi\u00e8ce (M) &#8211; 2 pi\u00e8ces ( L ) &#8211; 1 pi\u00e8ce (XL) &#8211; 1 pi\u00e8ce (XXL)<\/p>\n<p>Une facture sp\u00e9ciale sera \u00e9mise pour toutes vos commandes.<br \/>\nLes frais d&#8217;exp\u00e9dition sont diff\u00e9rents pour chaque pays. Une fois la commande termin\u00e9e, des informations sur la cargaison vous seront envoy\u00e9es via Whatsapp.<\/p>\n","protected":false},"excerpt":{"rendered":"<p>1 Produit de s\u00e9rie. (5 PCS)<br \/>\nTailles : M L XL XXL<br \/>\nTissu utilis\u00e9 : 100% coton<br \/>\nVous ne pouvez commander que des s\u00e9ries. ( 5 pi\u00e8ces)<\/p>\n","protected":false},"featured_media":11796,"comment_status":"open","ping_status":"closed","template":"","meta":[],"product_brand":[],"product_cat":[142,177],"product_tag":[],"class_list":{"0":"post-10443","1":"product","2":"type-product","3":"status-publish","4":"has-post-thumbnail","6":"product_cat-vente-en-gros-chemises","7":"product_cat-chemise-a-manches-courtes","8":"pa_beden-l-fr","9":"pa_beden-m-fr","10":"pa_beden-xl-fr","11":"pa_beden-xxl-fr","13":"first","14":"outofstock","15":"taxable","16":"shipping-taxable","17":"purchasable","18":"product-type-simple"},"_links":{"self":[{"href":"https:\/\/www.mandellaistanbul.com\/fr\/wp-json\/wp\/v2\/product\/10443","targetHints":{"allow":["GET"]}}],"collection":[{"href":"https:\/\/www.mandellaistanbul.com\/fr\/wp-json\/wp\/v2\/product"}],"about":[{"href":"https:\/\/www.mandellaistanbul.com\/fr\/wp-json\/wp\/v2\/types\/product"}],"replies":[{"embeddable":true,"href":"https:\/\/www.mandellaistanbul.com\/fr\/wp-json\/wp\/v2\/comments?post=10443"}],"version-history":[{"count":2,"href":"https:\/\/www.mandellaistanbul.com\/fr\/wp-json\/wp\/v2\/product\/10443\/revisions"}],"predecessor-version":[{"id":18270,"href":"https:\/\/www.mandellaistanbul.com\/fr\/wp-json\/wp\/v2\/product\/10443\/revisions\/18270"}],"wp:featuredmedia":[{"embeddable":true,"href":"https:\/\/www.mandellaistanbul.com\/fr\/wp-json\/wp\/v2\/media\/11796"}],"wp:attachment":[{"href":"https:\/\/www.mandellaistanbul.com\/fr\/wp-json\/wp\/v2\/media?parent=10443"}],"wp:term":[{"taxonomy":"product_brand","embeddable":true,"href":"https:\/\/www.mandellaistanbul.com\/fr\/wp-json\/wp\/v2\/product_brand?post=10443"},{"taxonomy":"product_cat","embeddable":true,"href":"https:\/\/www.mandellaistanbul.com\/fr\/wp-json\/wp\/v2\/product_cat?post=10443"},{"taxonomy":"product_tag","embeddable":true,"href":"https:\/\/www.mandellaistanbul.com\/fr\/wp-json\/wp\/v2\/product_tag?post=10443"}],"curies":[{"name":"wp","href":"https:\/\/api.w.org\/{rel}","templated":true}]}}