{"id":10441,"date":"2022-09-07T11:49:59","date_gmt":"2022-09-07T08:49:59","guid":{"rendered":"https:\/\/www.mandellaistanbul.com\/product\/chemise-violette-hawaienne\/"},"modified":"2024-10-15T21:18:09","modified_gmt":"2024-10-15T18:18:09","slug":"chemise-violette-de-style-hawaien","status":"publish","type":"product","link":"https:\/\/www.mandellaistanbul.com\/fr\/produit\/chemise-violette-de-style-hawaien\/","title":{"rendered":"Chemise violette de style hawa\u00efen"},"content":{"rendered":"<h3>Chemise violette style hawa\u00efen : un style exotique et vivant<\/h3>\n<h4>Collection de chemises violettes style hawa\u00efen en gros de Mandella Istanbul<\/h4>\n<p>Mandella Istanbul est l\u00e0 avec sa collection de chemises violettes style hawa\u00efen en gros, orn\u00e9es de motifs exotiques et frappantes avec ses tons violets vibrants. Voici ce que vous devez savoir sur ces chemises, qui attireront l&#8217;attention de vos clients commerciaux qui souhaitent ajouter une touche exotique aux vitrines de votre magasin :<\/p>\n<h3>Mod\u00e8les de chemises violettes style hawa\u00efen<\/h3>\n<p>Mandella Istanbul propose une large gamme de mod\u00e8les de <a href=\"https:\/\/www.mandellaistanbul.com\/toptan-gomlek\/\">chemises toptan<\/a> violettes style hawa\u00efen. Con\u00e7ues avec des motifs tropicaux, ces chemises plaisent \u00e0 tous les go\u00fbts avec leurs diff\u00e9rentes coupes et styles de col. Id\u00e9ales aussi bien pour un usage quotidien que pour des \u00e9v\u00e9nements sp\u00e9ciaux, ces mod\u00e8les enrichissent les garde-robes et mettent en valeur l&#8217;\u00e9l\u00e9gance. Ces chemises, qui sont un choix parfait pour ceux qui veulent vivre l&#8217;esprit des f\u00eates \u00e0 chaque instant, augmentent la vari\u00e9t\u00e9 de produits de votre magasin.<\/p>\n<h3>Qualit\u00e9 et confort<\/h3>\n<p>En tant que Mandella Istanbul, nous accordons la priorit\u00e9 \u00e0 la qualit\u00e9 et \u00e0 la satisfaction du client dans chacun de nos produits. Nos chemises violettes de style hawa\u00efen sont le reflet de cette compr\u00e9hension. Fabriqu\u00e9es avec des tissus de haute qualit\u00e9 et une finition m\u00e9ticuleuse, ces chemises offrent une utilisation durable et confortable. Gr\u00e2ce aux tissus respirants et doux pour la peau, vos clients se sentent \u00e0 l&#8217;aise toute la journ\u00e9e. Ces chemises, faciles \u00e0 repasser et \u00e0 entretenir, offrent une utilisation pratique et sont id\u00e9ales pour vos clients qui souhaitent se pr\u00e9parer rapidement.<\/p>\n<h3>Prix des chemises violettes de style hawa\u00efen<\/h3>\n<p>Mandella Istanbul propose des chemises violettes de style hawa\u00efen \u00e0 des prix de gros abordables. Sans compromettre la qualit\u00e9, nous offrons \u00e0 nos clients commerciaux la possibilit\u00e9 de saisir l&#8217;\u00e9l\u00e9gance avec des options adapt\u00e9es \u00e0 leur budget. Vous pouvez trouver une large gamme dans notre collection \u00e0 diff\u00e9rentes gammes de prix et choisir les chemises qui conviennent le mieux au style de votre magasin. Vous pouvez acheter ces chemises \u00e9l\u00e9gantes \u00e0 des prix encore plus abordables avec des remises et des campagnes effectu\u00e9es pendant certaines p\u00e9riodes. Vous pouvez suivre r\u00e9guli\u00e8rement notre site Web pour les campagnes en cours et les offres sp\u00e9ciales.<\/p>\n<h3>Commandez maintenant<\/h3>\n<p>Vous pouvez proposer le style exotique et vibrant des chemises violettes de style hawa\u00efen dans votre magasin en commandant imm\u00e9diatement des chemises en gros sur notre site Web. N&#8217;oubliez pas, ayez toujours une longueur d&#8217;avance avec Mandella Istanbul et offrez \u00e0 vos clients les meilleurs produits. Avec l&#8217;importance que nous accordons \u00e0 la satisfaction de nos clients, nous vous livrons vos commandes rapidement et en toute s\u00e9curit\u00e9. Renouvelez votre magasin et soyez toujours \u00e0 votre meilleur en achetant en gros chez Mandella Istanbul, o\u00f9 qualit\u00e9 et \u00e9l\u00e9gance se rencontrent !<\/p>\n","protected":false},"excerpt":{"rendered":"<p>Con\u00e7ue exclusivement par Mandella Istanbul, cette chemise violette offre un style estival color\u00e9 et \u00e9nergique. Apportez l&#8217;\u00e9clat de l&#8217;\u00e9t\u00e9 \u00e0 votre garde-robe.<\/p>\n","protected":false},"featured_media":11814,"comment_status":"open","ping_status":"closed","template":"","meta":[],"product_brand":[],"product_cat":[142,177],"product_tag":[],"class_list":{"0":"post-10441","1":"product","2":"type-product","3":"status-publish","4":"has-post-thumbnail","6":"product_cat-vente-en-gros-chemises","7":"product_cat-chemise-a-manches-courtes","8":"pa_beden-l-fr","9":"pa_beden-m-fr","10":"pa_beden-xl-fr","11":"pa_beden-xxl-fr","13":"first","14":"instock","15":"taxable","16":"shipping-taxable","17":"purchasable","18":"product-type-simple"},"_links":{"self":[{"href":"https:\/\/www.mandellaistanbul.com\/fr\/wp-json\/wp\/v2\/product\/10441","targetHints":{"allow":["GET"]}}],"collection":[{"href":"https:\/\/www.mandellaistanbul.com\/fr\/wp-json\/wp\/v2\/product"}],"about":[{"href":"https:\/\/www.mandellaistanbul.com\/fr\/wp-json\/wp\/v2\/types\/product"}],"replies":[{"embeddable":true,"href":"https:\/\/www.mandellaistanbul.com\/fr\/wp-json\/wp\/v2\/comments?post=10441"}],"version-history":[{"count":3,"href":"https:\/\/www.mandellaistanbul.com\/fr\/wp-json\/wp\/v2\/product\/10441\/revisions"}],"predecessor-version":[{"id":18513,"href":"https:\/\/www.mandellaistanbul.com\/fr\/wp-json\/wp\/v2\/product\/10441\/revisions\/18513"}],"wp:featuredmedia":[{"embeddable":true,"href":"https:\/\/www.mandellaistanbul.com\/fr\/wp-json\/wp\/v2\/media\/11814"}],"wp:attachment":[{"href":"https:\/\/www.mandellaistanbul.com\/fr\/wp-json\/wp\/v2\/media?parent=10441"}],"wp:term":[{"taxonomy":"product_brand","embeddable":true,"href":"https:\/\/www.mandellaistanbul.com\/fr\/wp-json\/wp\/v2\/product_brand?post=10441"},{"taxonomy":"product_cat","embeddable":true,"href":"https:\/\/www.mandellaistanbul.com\/fr\/wp-json\/wp\/v2\/product_cat?post=10441"},{"taxonomy":"product_tag","embeddable":true,"href":"https:\/\/www.mandellaistanbul.com\/fr\/wp-json\/wp\/v2\/product_tag?post=10441"}],"curies":[{"name":"wp","href":"https:\/\/api.w.org\/{rel}","templated":true}]}}