{"id":10436,"date":"2022-09-07T11:50:00","date_gmt":"2022-09-07T08:50:00","guid":{"rendered":"https:\/\/www.mandellaistanbul.com\/product\/chemise-noire-de-style-hawaien\/"},"modified":"2024-10-15T21:20:54","modified_gmt":"2024-10-15T18:20:54","slug":"chemise-noire-de-style-hawaien","status":"publish","type":"product","link":"https:\/\/www.mandellaistanbul.com\/fr\/produit\/chemise-noire-de-style-hawaien\/","title":{"rendered":"Chemise noire de style hawa\u00efen"},"content":{"rendered":"<div class=\"flex-shrink-0 flex flex-col relative items-end\">\n<div>\n<div class=\"pt-0\">\n<div class=\"gizmo-bot-avatar flex h-8 w-8 items-center justifier-centre d\u00e9bordement-masqu\u00e9 arrondi-plein\">\n<div class=\"relative p-1 arrondi-sm flex items-center justifier-centre bg-token-main-surface-primary text-token-text-primary h -8 w-8\"><\/div>\n<\/div>\n<\/div>\n<\/div>\n<\/div>\n<div class=\"group\/conversation-turn relative flex w-full min-w-0 flex-col agent-turn\">\n<div class=\"flex-col gap-1 md:gap-3\">\n<div class=\"flex flex-grow flex-col max-w-full\">\n<div class=\"min-h -[20px] text-message flex w-full flex-col items-end gap-2 whitespace-pre-wrap break-words [.text-message+&amp;]:mt-5 overflow-x-auto\" dir=\"auto\" data-message-author-role=\"assistant\" data-message-id=\"7932ee51-4a0c -4ab7-abc7-868a218d81c7\">\n<div class=\"flex w-full flex-col gap-1 empty:hidden first:pt-[3px]\">\n<div class=\"result-streaming markdown prose w-full break-words dark:prose-invert dark\">\n<h3>Chemise noire de style hawa\u00efen\u00a0: chic tropical<\/h3>\n<h4>Collection de chemises noires de style hawa\u00efen en gros de Mandella Istanbul<\/h4>\n<p>Mandella Istanbul est l\u00e0 avec sa collection de chemises noires de style hawa\u00efen en gros, orn\u00e9es de motifs exotiques. Voici ce que vous devez savoir sur ces chemises qui seront appr\u00e9ci\u00e9es par vos clients commerciaux qui souhaitent ajouter une touche sophistiqu\u00e9e et unique \u00e0 votre magasin :<\/p>\n<h3>Mod\u00e8les de chemises noires de style hawa\u00efen<\/h3>\n<p>Mandella Istanbul, la <a href=\"https:\/\/www.mandellaistanbul.com\/toptan-gomlek\/\">chemise noire toptan<\/a> de style hawa\u00efen propose une large gamme de mod\u00e8les. Ces mod\u00e8les, qui ont des motifs tropicaux sur un fond noir classique, plaisent \u00e0 tous les go\u00fbts et enrichissent les garde-robes. Diff\u00e9rentes coupes et styles de col, ces chemises peuvent \u00eatre un choix parfait aussi bien pour un usage quotidien que pour des invitations sp\u00e9ciales. Ces chemises peuvent \u00eatre utilis\u00e9es avec des combinaisons d\u00e9contract\u00e9es et \u00e9l\u00e9gantes, compl\u00e9tant ainsi le style de vos clients.<\/p>\n<h3>Qualit\u00e9 et confort&lt;\/h3 &gt;<\/h3>\n<p>En tant que Mandella Istanbul, nous accordons la priorit\u00e9 \u00e0 la qualit\u00e9 et \u00e0 la satisfaction du client dans chacun de nos produits. Nos chemises noires de style hawa\u00efen sont le reflet de cette compr\u00e9hension. Fabriqu\u00e9es avec des tissus de haute qualit\u00e9 et une finition soign\u00e9e, ces chemises offrent \u00e0 la fois une utilisation durable et confortable. Gr\u00e2ce aux tissus respirants et doux pour la peau, vos clients se sentiront \u00e0 l&#8217;aise toute la journ\u00e9e. Ces chemises sont faciles \u00e0 repasser et \u00e0 entretenir, offrent une utilisation pratique et sont id\u00e9ales pour vos clients qui souhaitent se pr\u00e9parer rapidement.<\/p>\n<h3>Prix des chemises noires de style hawa\u00efen<\/h3>\n<p>Mandella Istanbul propose des chemises noires de style hawa\u00efen \u00e0 des prix de gros abordables. Sans compromettre la qualit\u00e9, nous offrons \u00e0 nos clients commerciaux la possibilit\u00e9 d&#8217;atteindre l&#8217;\u00e9l\u00e9gance avec des options adapt\u00e9es \u00e0 leur budget. Dans notre collection, vous pouvez trouver une large gamme de chemises \u00e0 diff\u00e9rentes gammes de prix et choisir les chemises qui conviennent le mieux au style de votre magasin. Des remises sont effectu\u00e9es pendant certaines p\u00e9riodes et vous pouvez acheter ces chemises \u00e9l\u00e9gantes \u00e0 des prix encore plus abordables avec des campagnes. Vous pouvez suivre r\u00e9guli\u00e8rement notre site Web pour conna\u00eetre les campagnes en cours et les offres sp\u00e9ciales.<\/p>\n<h3>Commander maintenant<\/h3>\n<p>En commandant imm\u00e9diatement des chemises en gros sur notre site Web, vous pouvez porter le look exotique et sophistiqu\u00e9 des chemises noires de style hawa\u00efen dans votre magasin. N&#8217;oubliez pas, ayez toujours une longueur d&#8217;avance avec Mandella Istanbul et offrez \u00e0 vos clients les meilleurs produits. Avec l&#8217;importance que nous accordons \u00e0 la satisfaction de nos clients, nous vous livrons vos commandes rapidement et en toute s\u00e9curit\u00e9. Renouvelez votre boutique et soyez toujours \u00e0 votre meilleur en achetant en gros chez Mandella Istanbul, o\u00f9 qualit\u00e9 et \u00e9l\u00e9gance se rencontrent !<\/p>\n<\/div>\n<\/div>\n<\/div>\n<\/div>\n<\/div>\n<\/div>\n","protected":false},"excerpt":{"rendered":"<p>Con\u00e7ue exclusivement par Mandella Istanbul, la chemise noire de style hawa\u00efen offre un style estival simple et sophistiqu\u00e9. Refl\u00e9ter l&#8217;\u00e9l\u00e9gance de mani\u00e8re minimaliste.<\/p>\n","protected":false},"featured_media":11820,"comment_status":"open","ping_status":"closed","template":"","meta":[],"product_brand":[],"product_cat":[142,177],"product_tag":[],"class_list":{"0":"post-10436","1":"product","2":"type-product","3":"status-publish","4":"has-post-thumbnail","6":"product_cat-vente-en-gros-chemises","7":"product_cat-chemise-a-manches-courtes","8":"pa_beden-l-fr","9":"pa_beden-m-fr","10":"pa_beden-xl-fr","11":"pa_beden-xxl-fr","13":"first","14":"instock","15":"taxable","16":"shipping-taxable","17":"purchasable","18":"product-type-simple"},"_links":{"self":[{"href":"https:\/\/www.mandellaistanbul.com\/fr\/wp-json\/wp\/v2\/product\/10436","targetHints":{"allow":["GET"]}}],"collection":[{"href":"https:\/\/www.mandellaistanbul.com\/fr\/wp-json\/wp\/v2\/product"}],"about":[{"href":"https:\/\/www.mandellaistanbul.com\/fr\/wp-json\/wp\/v2\/types\/product"}],"replies":[{"embeddable":true,"href":"https:\/\/www.mandellaistanbul.com\/fr\/wp-json\/wp\/v2\/comments?post=10436"}],"version-history":[{"count":3,"href":"https:\/\/www.mandellaistanbul.com\/fr\/wp-json\/wp\/v2\/product\/10436\/revisions"}],"predecessor-version":[{"id":18522,"href":"https:\/\/www.mandellaistanbul.com\/fr\/wp-json\/wp\/v2\/product\/10436\/revisions\/18522"}],"wp:featuredmedia":[{"embeddable":true,"href":"https:\/\/www.mandellaistanbul.com\/fr\/wp-json\/wp\/v2\/media\/11820"}],"wp:attachment":[{"href":"https:\/\/www.mandellaistanbul.com\/fr\/wp-json\/wp\/v2\/media?parent=10436"}],"wp:term":[{"taxonomy":"product_brand","embeddable":true,"href":"https:\/\/www.mandellaistanbul.com\/fr\/wp-json\/wp\/v2\/product_brand?post=10436"},{"taxonomy":"product_cat","embeddable":true,"href":"https:\/\/www.mandellaistanbul.com\/fr\/wp-json\/wp\/v2\/product_cat?post=10436"},{"taxonomy":"product_tag","embeddable":true,"href":"https:\/\/www.mandellaistanbul.com\/fr\/wp-json\/wp\/v2\/product_tag?post=10436"}],"curies":[{"name":"wp","href":"https:\/\/api.w.org\/{rel}","templated":true}]}}