{"id":10435,"date":"2022-09-07T11:50:01","date_gmt":"2022-09-07T08:50:01","guid":{"rendered":"https:\/\/www.mandellaistanbul.com\/product\/chemise-noire-de-couleur-unie\/"},"modified":"2024-10-15T20:08:06","modified_gmt":"2024-10-15T17:08:06","slug":"chemise-noire-a-manches-courtes","status":"publish","type":"product","link":"https:\/\/www.mandellaistanbul.com\/fr\/produit\/chemise-noire-a-manches-courtes\/","title":{"rendered":"Chemise noire \u00e0 manches courtes"},"content":{"rendered":"<h3>Chemise noire \u00e0 manches courtes : \u00e9l\u00e9gance classique et intemporelle<\/h3>\n<p><strong>Collection de chemises noires \u00e0 manches courtes en gros de Mandella Istanbul<\/strong><\/p>\n<p>Mandella Istanbul pr\u00e9sente la collection de <a href=\"https:\/\/www.mandellaistanbul.com\/toptan-gomlek\/\">chemises noires \u00e0 manches courtes toptan<\/a>, qui allie \u00e9l\u00e9gance classique et intemporelle \u00e0 une approche de design moderne. Ces chemises, indispensables \u00e0 chaque garde-robe, ajouteront un air sophistiqu\u00e9 \u00e0 la vitrine de votre magasin et impressionneront vos clients. Voici ce que vous devez savoir sur les chemises noires \u00e0 manches courtes :<\/p>\n<h4>Mod\u00e8les de chemises noires \u00e0 manches courtes<\/h4>\n<p>Mandella Istanbul propose une large gamme de mod\u00e8les de chemises noires \u00e0 manches courtes. Id\u00e9als pour un usage professionnel et quotidien, ces mod\u00e8les plaisent \u00e0 diff\u00e9rents styles et ajoutent de l&#8217;\u00e9l\u00e9gance aux garde-robes. Des options allant des designs minimalistes aux finitions d\u00e9taill\u00e9es offrent un style adapt\u00e9 \u00e0 chaque client. La noblesse et l&#8217;\u00e9l\u00e9gance du noir peuvent \u00eatre utilis\u00e9es confortablement dans n&#8217;importe quel environnement et augmentent la vari\u00e9t\u00e9 de produits de votre magasin.<\/p>\n<h4>Qualit\u00e9 et confort<\/h4>\n<p>En tant que Mandella Istanbul, nous accordons la priorit\u00e9 \u00e0 la qualit\u00e9 et \u00e0 la satisfaction du client dans nos produits. Nos chemises noires \u00e0 manches courtes sont fabriqu\u00e9es avec des tissus de haute qualit\u00e9 et une finition soign\u00e9e. Gr\u00e2ce aux tissus doux pour la peau et respirants, vos clients se sentiront \u00e0 l&#8217;aise toute la journ\u00e9e. Ces chemises, faciles \u00e0 repasser et \u00e0 entretenir, offrent une utilisation pratique. Con\u00e7ues pour toutes les saisons, les chemises noires \u00e0 manches courtes offrent \u00e0 la fois \u00e9l\u00e9gance et confort dans toutes les conditions m\u00e9t\u00e9orologiques.<\/p>\n<h4>Prix des chemises noires \u00e0 manches courtes<\/h4>\n<p>Mandella Istanbul offre des options avantageuses aux propri\u00e9taires de magasins en proposant des chemises noires \u00e0 manches courtes \u00e0 des prix de gros abordables. Nous proposons une large gamme de produits \u00e0 des prix abordables \u00e0 nos clients commerciaux sans compromettre la qualit\u00e9. Gr\u00e2ce aux remises et aux campagnes organis\u00e9es \u00e0 certaines p\u00e9riodes, vous pouvez avoir la possibilit\u00e9 d&#8217;acheter des chemises noires \u00e0 manches courtes \u00e0 des prix plus abordables. Nous vous conseillons de suivre r\u00e9guli\u00e8rement notre site Web pour conna\u00eetre les campagnes en cours et les offres sp\u00e9ciales.<\/p>\n<h4>Commandez maintenant<\/h4>\n<p>Vous pouvez afficher l&#8217;\u00e9l\u00e9gance \u00e9l\u00e9gante des chemises noires \u00e0 manches courtes dans votre magasin en passant imm\u00e9diatement une commande en gros sur notre site Web. N&#8217;oubliez pas, ayez toujours une longueur d&#8217;avance avec Mandella Istanbul et offrez \u00e0 vos clients les meilleurs produits. Gr\u00e2ce \u00e0 l&#8217;importance que nous accordons \u00e0 la satisfaction de nos clients, nous vous livrons vos commandes rapidement et en toute s\u00e9curit\u00e9. Renouvelez votre magasin et soyez toujours \u00e0 votre meilleur en faisant des achats en gros chez Mandella Istanbul, o\u00f9 qualit\u00e9 et \u00e9l\u00e9gance se rencontrent !<\/p>\n","protected":false},"excerpt":{"rendered":"<p>Pour un look classique et noble, choisissez une chemise noire de couleur unie. Compl\u00e9tez votre \u00e9l\u00e9gance avec le design particulier du Mandella Istanbul.<\/p>\n","protected":false},"featured_media":11835,"comment_status":"open","ping_status":"closed","template":"","meta":[],"product_brand":[],"product_cat":[142,177],"product_tag":[],"class_list":{"0":"post-10435","1":"product","2":"type-product","3":"status-publish","4":"has-post-thumbnail","6":"product_cat-vente-en-gros-chemises","7":"product_cat-chemise-a-manches-courtes","8":"pa_beden-l-fr","9":"pa_beden-m-fr","10":"pa_beden-xl-fr","11":"pa_beden-xxl-fr","13":"first","14":"instock","15":"taxable","16":"shipping-taxable","17":"purchasable","18":"product-type-simple"},"_links":{"self":[{"href":"https:\/\/www.mandellaistanbul.com\/fr\/wp-json\/wp\/v2\/product\/10435","targetHints":{"allow":["GET"]}}],"collection":[{"href":"https:\/\/www.mandellaistanbul.com\/fr\/wp-json\/wp\/v2\/product"}],"about":[{"href":"https:\/\/www.mandellaistanbul.com\/fr\/wp-json\/wp\/v2\/types\/product"}],"replies":[{"embeddable":true,"href":"https:\/\/www.mandellaistanbul.com\/fr\/wp-json\/wp\/v2\/comments?post=10435"}],"version-history":[{"count":3,"href":"https:\/\/www.mandellaistanbul.com\/fr\/wp-json\/wp\/v2\/product\/10435\/revisions"}],"predecessor-version":[{"id":18417,"href":"https:\/\/www.mandellaistanbul.com\/fr\/wp-json\/wp\/v2\/product\/10435\/revisions\/18417"}],"wp:featuredmedia":[{"embeddable":true,"href":"https:\/\/www.mandellaistanbul.com\/fr\/wp-json\/wp\/v2\/media\/11835"}],"wp:attachment":[{"href":"https:\/\/www.mandellaistanbul.com\/fr\/wp-json\/wp\/v2\/media?parent=10435"}],"wp:term":[{"taxonomy":"product_brand","embeddable":true,"href":"https:\/\/www.mandellaistanbul.com\/fr\/wp-json\/wp\/v2\/product_brand?post=10435"},{"taxonomy":"product_cat","embeddable":true,"href":"https:\/\/www.mandellaistanbul.com\/fr\/wp-json\/wp\/v2\/product_cat?post=10435"},{"taxonomy":"product_tag","embeddable":true,"href":"https:\/\/www.mandellaistanbul.com\/fr\/wp-json\/wp\/v2\/product_tag?post=10435"}],"curies":[{"name":"wp","href":"https:\/\/api.w.org\/{rel}","templated":true}]}}