{"id":10434,"date":"2022-09-07T11:50:01","date_gmt":"2022-09-07T08:50:01","guid":{"rendered":"https:\/\/www.mandellaistanbul.com\/product\/chemise-rouge-a-motif-de-cartes-a-jouer\/"},"modified":"2024-10-07T21:28:33","modified_gmt":"2024-10-07T18:28:33","slug":"chemise-rouge-avec-motif-de-cartes-a-jouer","status":"publish","type":"product","link":"https:\/\/www.mandellaistanbul.com\/fr\/produit\/chemise-rouge-avec-motif-de-cartes-a-jouer\/","title":{"rendered":"Chemise rouge avec motif de cartes \u00e0 jouer"},"content":{"rendered":"<div class=\"flex flex-grow flex-col max-w-full\">\n<div class=\"min-h-[20px] text-message flex w-full flex-col items-end gap-2 whitespace-pre -wrap break-words [.text-message+&#038;]:mt-5 overflow-x-auto\" data-message-author-role=\"assistant\" data-message-id=\"bc08c180-ec8c-4578-9a57-022aaa6fd86d \" dir=\"auto\">\n<div class=\"flex w-full flex-col gap-1 empty:hidden first:pt-[3px]\">\n<div class=\"markdown prose w-full break-words dark:prose -invert dark\">\n<h3>Chemise rouge avec motif de carte : ajoutez de la chance \u00e0 votre style<\/h3>\n<h4>Collection de vente en gros de chemises rouges avec motif de carte de Mandella Istanbul<\/h4>\n<p>Mandella Istanbul est l\u00e0 avec sa vente en gros collection de chemises rouges aux motifs de cartes \u00e0 jouer, o\u00f9 chance et \u00e9l\u00e9gance se rencontrent. Voici ce que vous devez savoir sur ces chemises, id\u00e9ales pour vos clients commerciaux qui souhaitent ajouter de l&#8217;\u00e9nergie et de l&#8217;attention \u00e0 leurs vitrines :<\/p>\n<h3 >Mod\u00e8les de chemises rouges aux motifs de cartes \u00e0 jouer<\/h3>\n<p>Mandella Istanbul propose une large gamme de mod\u00e8les de <a href=\"https:\/\/www.mandellaistanbul.com\/toptan-gomlek\/\">chemises toptan<\/a> rouges aux motifs de cartes \u00e0 jouer. Con\u00e7ues avec diff\u00e9rents motifs et combinaisons de couleurs, ces chemises plaisent \u00e0 tous les go\u00fbts et enrichissent les garde-robes. Ces mod\u00e8les, qui combinent une couleur rouge vibrante et des motifs de cartes \u00e0 jouer porte-bonheur, peuvent \u00eatre utilis\u00e9s confortablement dans n&#8217;importe quel environnement et augmentent la vari\u00e9t\u00e9 de produits de votre magasin. Con\u00e7ues avec des touches \u00e0 la fois classiques et modernes, ces chemises, aident \u00e0 exprimer le style de la meilleure fa\u00e7on.<\/p>\n<h3>Qualit\u00e9 et confort<\/h3>\n<p>En tant que Mandella Istanbul, nous accordons la priorit\u00e9 \u00e0 la qualit\u00e9 et \u00e0 la satisfaction du client dans chacun de nos produits. Nos chemises rouges aux motifs de cartes \u00e0 jouer sont le reflet de cette compr\u00e9hension. Fabriqu\u00e9es avec des tissus de haute qualit\u00e9 et une finition soign\u00e9e, ces chemises offrent \u00e0 la fois une utilisation durable et confortable. Vos clients se sentiront \u00e0 l&#8217;aise toute la journ\u00e9e gr\u00e2ce aux tissus respirants et doux pour la peau. Faciles \u00e0 repasser et \u00e0 entretenir Ces chemises sont pratiques \u00e0 utiliser et sont id\u00e9ales pour vos clients qui souhaitent se pr\u00e9parer rapidement. En m\u00eame temps, ces chemises sont con\u00e7ues pour s&#8217;adapter \u00e0 diverses conditions m\u00e9t\u00e9orologiques, de sorte qu&#8217;elles peuvent \u00eatre port\u00e9es confortablement en toutes saisons.<\/p>\n<h3>Prix des chemises rouges avec motif de cartes \u00e0 jouer<\/h3>\n<p >Mandella Istanbul propose des chemises rouges avec des motifs de cartes \u00e0 jouer \u00e0 des prix de gros abordables. Sans compromettre la qualit\u00e9, nous offrons \u00e0 nos clients commerciaux la possibilit\u00e9 d&#8217;atteindre l&#8217;\u00e9l\u00e9gance avec des options adapt\u00e9es \u00e0 leur budget. Dans notre collection, vous pouvez trouver une large gamme de chemises dans diff\u00e9rentes gammes de prix et choisir les chemises qui conviennent le mieux au style de votre magasin. R\u00e9ductions et campagnes pendant certaines p\u00e9riodes Vous pouvez acheter ces chemises \u00e9l\u00e9gantes \u00e0 des prix encore plus abordables. Vous pouvez suivre r\u00e9guli\u00e8rement notre site Web pour conna\u00eetre les campagnes en cours et les offres sp\u00e9ciales. Vous pouvez \u00e9galement b\u00e9n\u00e9ficier de remises et d&#8217;avantages sp\u00e9ciaux en rejoignant notre programme d&#8217;adh\u00e9sion.<\/p>\n<h3>Commandez maintenant<\/h3>\n<p>Vous pouvez apporter l&#8217;\u00e9nergie et l&#8217;originalit\u00e9 des chemises rouges \u00e0 motifs de cartes \u00e0 jouer \u00e0 votre magasin en commandant imm\u00e9diatement des chemises en gros sur notre site Web. N&#8217;oubliez pas, avec Mandella Istanbul, ayez toujours une longueur d&#8217;avance et proposez les meilleurs produits \u00e0 vos clients. Avec l&#8217;importance que nous accordons \u00e0 la satisfaction de nos clients, nous vous livrons vos commandes rapidement et en toute s\u00e9curit\u00e9. Renouvelez votre magasin et soyez toujours \u00e0 votre meilleur en achetant en gros chez Mandella Istanbul, o\u00f9 qualit\u00e9 et \u00e9l\u00e9gance se rencontrent !<\/p>\n<\/div>\n<\/div>\n<\/div>\n<\/div>\n","protected":false},"excerpt":{"rendered":"<p>Pour un look classique et noble, choisissez une chemise noire de couleur unie. Compl\u00e9tez votre \u00e9l\u00e9gance avec le design particulier du Mandella Istanbul.<\/p>\n","protected":false},"featured_media":11832,"comment_status":"open","ping_status":"closed","template":"","meta":[],"product_brand":[],"product_cat":[142,177],"product_tag":[],"class_list":{"0":"post-10434","1":"product","2":"type-product","3":"status-publish","4":"has-post-thumbnail","6":"product_cat-vente-en-gros-chemises","7":"product_cat-chemise-a-manches-courtes","8":"pa_beden-l-fr","9":"pa_beden-m-fr","10":"pa_beden-xl-fr","11":"pa_beden-xxl-fr","13":"first","14":"instock","15":"taxable","16":"shipping-taxable","17":"purchasable","18":"product-type-simple"},"_links":{"self":[{"href":"https:\/\/www.mandellaistanbul.com\/fr\/wp-json\/wp\/v2\/product\/10434","targetHints":{"allow":["GET"]}}],"collection":[{"href":"https:\/\/www.mandellaistanbul.com\/fr\/wp-json\/wp\/v2\/product"}],"about":[{"href":"https:\/\/www.mandellaistanbul.com\/fr\/wp-json\/wp\/v2\/types\/product"}],"replies":[{"embeddable":true,"href":"https:\/\/www.mandellaistanbul.com\/fr\/wp-json\/wp\/v2\/comments?post=10434"}],"version-history":[{"count":3,"href":"https:\/\/www.mandellaistanbul.com\/fr\/wp-json\/wp\/v2\/product\/10434\/revisions"}],"predecessor-version":[{"id":18104,"href":"https:\/\/www.mandellaistanbul.com\/fr\/wp-json\/wp\/v2\/product\/10434\/revisions\/18104"}],"wp:featuredmedia":[{"embeddable":true,"href":"https:\/\/www.mandellaistanbul.com\/fr\/wp-json\/wp\/v2\/media\/11832"}],"wp:attachment":[{"href":"https:\/\/www.mandellaistanbul.com\/fr\/wp-json\/wp\/v2\/media?parent=10434"}],"wp:term":[{"taxonomy":"product_brand","embeddable":true,"href":"https:\/\/www.mandellaistanbul.com\/fr\/wp-json\/wp\/v2\/product_brand?post=10434"},{"taxonomy":"product_cat","embeddable":true,"href":"https:\/\/www.mandellaistanbul.com\/fr\/wp-json\/wp\/v2\/product_cat?post=10434"},{"taxonomy":"product_tag","embeddable":true,"href":"https:\/\/www.mandellaistanbul.com\/fr\/wp-json\/wp\/v2\/product_tag?post=10434"}],"curies":[{"name":"wp","href":"https:\/\/api.w.org\/{rel}","templated":true}]}}