{"id":10410,"date":"2022-09-07T11:50:06","date_gmt":"2022-09-07T08:50:06","guid":{"rendered":"https:\/\/www.mandellaistanbul.com\/product\/style-africain-noir-chemise-bleue\/"},"modified":"2024-10-13T13:13:32","modified_gmt":"2024-10-13T10:13:32","slug":"chemise-noire-et-bleue-de-style-africain","status":"publish","type":"product","link":"https:\/\/www.mandellaistanbul.com\/fr\/produit\/chemise-noire-et-bleue-de-style-africain\/","title":{"rendered":"Chemise noire et bleue de style africain"},"content":{"rendered":"<h2>Chemises \u00e0 motifs noires et bleues de style africain : d\u00e9couvrez l&#8217;\u00e9l\u00e9gance chez Mandella Istanbul<\/h2>\n<p>Mandella Istanbul ajoute de la couleur et de l&#8217;originalit\u00e9 \u00e0 votre garde-robe avec des chemises \u00e0 motifs noires et bleues de style africain. Compl\u00e9tez votre style avec ces chemises \u00e0 la fois \u00e9l\u00e9gantes et confortables. Voici tout ce que vous devez savoir sur ces chemises sp\u00e9ciales :<\/p>\n<h3>Chemise africaine noire et bleue<\/h3>\n<p><strong>1. Motifs originaux<\/strong> : les chemises africaines noires et bleues ont des motifs uniques qui m\u00e9langent des motifs ethniques avec des touches modernes. Chaque pi\u00e8ce est accrocheuse avec ses motifs artistiques et ses d\u00e9tails raffin\u00e9s.<\/p>\n<p><strong>2. Confortables et \u00e9l\u00e9gantes<\/strong> : fabriqu\u00e9es \u00e0 partir de tissus l\u00e9gers et respirants, ces chemises vous gardent au frais pendant les mois d&#8217;\u00e9t\u00e9. En m\u00eame temps, elles vous permettent de faire la diff\u00e9rence dans chaque environnement avec leurs looks \u00e9l\u00e9gants.<\/p>\n<h3>Prix des chemises \u00e0 motifs africains<\/h3>\n<p>En tant que Mandella Istanbul, nous visons \u00e0 offrir de la qualit\u00e9 \u00e0 des prix abordables. Les prix des chemises toptan \u00e0 motifs africains peuvent varier en fonction de la qualit\u00e9 des mat\u00e9riaux utilis\u00e9s et des d\u00e9tails de la conception. Cependant, nous visons \u00e0 offrir \u00e0 nos clients la meilleure exp\u00e9rience d&#8217;achat avec des options adapt\u00e9es \u00e0 chaque budget.<\/p>\n<h3>Chemise \u00e0 motifs noir et bleu<\/h3>\n<p><strong>1. Large gamme d&#8217;options<\/strong> : les chemises \u00e0 motifs noir et bleu sont propos\u00e9es dans une large gamme avec diff\u00e9rents motifs et motifs. Cette collection, o\u00f9 vous pouvez trouver des mod\u00e8les pour tous les go\u00fbts, ajoutera un nouveau souffle \u00e0 votre style.<\/p>\n<p><strong>2. L&#8217;\u00e9l\u00e9gance dans chaque environnement<\/strong> : que ce soit dans la vie quotidienne ou lors d&#8217;invitations sp\u00e9ciales, les chemises \u00e0 motifs noir et bleu vous permettent de refl\u00e9ter l&#8217;\u00e9l\u00e9gance et la gr\u00e2ce dans chaque environnement. Ces pi\u00e8ces, que vous pouvez facilement combiner, seront le sauveur de votre garde-robe.<\/p>\n<h3>Mod\u00e8les de chemises \u00e0 motifs noir et bleu<\/h3>\n<p><strong>1. Motifs ethniques : Les motifs ethniques inspir\u00e9s du style africain cr\u00e9ent un look saisissant sur un fond noir et bleu. Ces mod\u00e8les sont id\u00e9aux pour mettre en valeur votre style, surtout pendant les mois d&#8217;\u00e9t\u00e9.<\/strong><\/p>\n<p><strong>2. Coupes modernes et classiques<\/strong> : Les mod\u00e8les de chemises \u00e0 motifs noirs et bleus sont propos\u00e9s dans des coupes modernes et classiques. Avec diff\u00e9rentes options de coupe telles que slim fit, regular fit et oversize, vous pouvez choisir le mod\u00e8le qui convient le mieux \u00e0 votre morphologie.<\/p>\n<h3>Prix des chemises \u00e0 motifs noirs et bleus<\/h3>\n<p>En tant que Mandella Istanbul, nous proposons \u00e0 nos clients une large gamme d&#8217;options en termes de prix des chemises \u00e0 motifs noirs et bleus. Vous pouvez trouver des mod\u00e8les adapt\u00e9s \u00e0 chaque budget, avec des prix qui varient en fonction de la qualit\u00e9 et des d\u00e9tails de conception. Ces chemises, que vous pouvez avoir \u00e0 des prix plus abordables avec des campagnes et des remises, offrent de la qualit\u00e9 \u00e0 des conditions \u00e9conomiques.<\/p>\n<h3>Suggestions de combinaison<\/h3>\n<p>Vous pouvez adapter vos chemises \u00e0 motifs noirs et bleus \u00e0 votre style avec diff\u00e9rentes combinaisons\u00a0:<\/p>\n<ul>\n<li><strong>Combinaisons quotidiennes<\/strong>\u00a0: vous pouvez obtenir un look confortable et \u00e9l\u00e9gant en combinant vos chemises \u00e0 motifs noirs et bleus avec un jean ou un short.<\/li>\n<li><strong>Combinaisons de travail<\/strong>\u00a0: vous pouvez obtenir de l&#8217;\u00e9l\u00e9gance dans la vie professionnelle en combinant des chemises \u00e0 motifs noirs et bleus de coupe classique avec un pantalon en tissu et des chaussures en cuir.<\/li>\n<li><strong>Combinaisons de nuit<\/strong>\u00a0: vous pouvez cr\u00e9er un style accrocheur lors d&#8217;invitations de nuit en compl\u00e9tant vos chemises \u00e0 motifs noirs et bleus slim fit avec un pantalon de couleur fonc\u00e9e et des accessoires \u00e9l\u00e9gants.<\/li>\n<\/ul>\n<h3>Qualit\u00e9 Mandella Istanbul<\/h3>\n<p>En tant que Mandella Istanbul, nous produisons chaque chemise avec des tissus soigneusement s\u00e9lectionn\u00e9s et une finition m\u00e9ticuleuse. Avec notre compr\u00e9hension de ne pas faire de compromis sur la qualit\u00e9, nous offrons \u00e0 nos clients des produits durables et confortables. D\u00e9couvrez un style et un confort uniques avec nos chemises \u00e0 motifs noirs et bleus de style africain.<\/p>\n","protected":false},"excerpt":{"rendered":"<p>M\u00e9lang\u00e9e \u00e0 des motifs ethniques, la chemise noire et bleue de style africain vous permet d&#8217;obtenir un look \u00e9l\u00e9gant et vibrant inspir\u00e9 de diff\u00e9rentes cultures gr\u00e2ce au design sp\u00e9cial de Mandella Istanbul.<\/p>\n","protected":false},"featured_media":11847,"comment_status":"open","ping_status":"closed","template":"","meta":[],"product_brand":[],"product_cat":[142,177],"product_tag":[],"class_list":{"0":"post-10410","1":"product","2":"type-product","3":"status-publish","4":"has-post-thumbnail","6":"product_cat-vente-en-gros-chemises","7":"product_cat-chemise-a-manches-courtes","8":"pa_beden-l-fr","9":"pa_beden-m-fr","10":"pa_beden-xl-fr","11":"pa_beden-xxl-fr","13":"first","14":"instock","15":"taxable","16":"shipping-taxable","17":"purchasable","18":"product-type-simple"},"_links":{"self":[{"href":"https:\/\/www.mandellaistanbul.com\/fr\/wp-json\/wp\/v2\/product\/10410","targetHints":{"allow":["GET"]}}],"collection":[{"href":"https:\/\/www.mandellaistanbul.com\/fr\/wp-json\/wp\/v2\/product"}],"about":[{"href":"https:\/\/www.mandellaistanbul.com\/fr\/wp-json\/wp\/v2\/types\/product"}],"replies":[{"embeddable":true,"href":"https:\/\/www.mandellaistanbul.com\/fr\/wp-json\/wp\/v2\/comments?post=10410"}],"version-history":[{"count":3,"href":"https:\/\/www.mandellaistanbul.com\/fr\/wp-json\/wp\/v2\/product\/10410\/revisions"}],"predecessor-version":[{"id":18261,"href":"https:\/\/www.mandellaistanbul.com\/fr\/wp-json\/wp\/v2\/product\/10410\/revisions\/18261"}],"wp:featuredmedia":[{"embeddable":true,"href":"https:\/\/www.mandellaistanbul.com\/fr\/wp-json\/wp\/v2\/media\/11847"}],"wp:attachment":[{"href":"https:\/\/www.mandellaistanbul.com\/fr\/wp-json\/wp\/v2\/media?parent=10410"}],"wp:term":[{"taxonomy":"product_brand","embeddable":true,"href":"https:\/\/www.mandellaistanbul.com\/fr\/wp-json\/wp\/v2\/product_brand?post=10410"},{"taxonomy":"product_cat","embeddable":true,"href":"https:\/\/www.mandellaistanbul.com\/fr\/wp-json\/wp\/v2\/product_cat?post=10410"},{"taxonomy":"product_tag","embeddable":true,"href":"https:\/\/www.mandellaistanbul.com\/fr\/wp-json\/wp\/v2\/product_tag?post=10410"}],"curies":[{"name":"wp","href":"https:\/\/api.w.org\/{rel}","templated":true}]}}