{"id":10408,"date":"2022-09-07T11:50:06","date_gmt":"2022-09-07T08:50:06","guid":{"rendered":"https:\/\/www.mandellaistanbul.com\/product\/chemise-noire-de-style-africain\/"},"modified":"2024-10-08T20:18:29","modified_gmt":"2024-10-08T17:18:29","slug":"chemise-noire-de-style-africain","status":"publish","type":"product","link":"https:\/\/www.mandellaistanbul.com\/fr\/produit\/chemise-noire-de-style-africain\/","title":{"rendered":"Chemise noire de style africain"},"content":{"rendered":"<h2>Chemises noires \u00e0 motifs de style africain : montrez votre style avec Mandella Istanbul<\/h2>\n<p>En tant que Mandella Istanbul, nous sommes fiers de vous pr\u00e9senter des chemises noires \u00e0 motifs de style africain qui vous permettront de refl\u00e9ter votre style unique. Ces chemises ajouteront une touche diff\u00e9rente \u00e0 votre style en offrant \u00e0 la fois \u00e9l\u00e9gance et confort. Voici tout ce que vous devez savoir sur ces merveilleux produits :<\/p>\n<h3>Chemise noire africaine<\/h3>\n<p><strong>1. Motifs uniques<\/strong> : les chemises noires africaines ont des motifs uniques o\u00f9 les motifs ethniques se combinent avec des touches modernes. Chaque pi\u00e8ce attire l&#8217;attention avec ses motifs artistiques et ses d\u00e9tails fins.<\/p>\n<p><strong>2. Confort et \u00e9l\u00e9gance<\/strong> : Fabriqu\u00e9es \u00e0 partir de tissus l\u00e9gers et respirants, ces chemises vous gardent au frais pendant les mois d&#8217;\u00e9t\u00e9. En m\u00eame temps, elles vous permettent de faire la diff\u00e9rence dans chaque environnement avec leurs looks \u00e9l\u00e9gants.<\/p>\n<h3>Prix des chemises \u00e0 motifs africains<\/h3>\n<p>En tant que Mandella Istanbul, nous visons \u00e0 offrir de la qualit\u00e9 \u00e0 des prix abordables. Les prix des chemises \u00e0 motifs africains peuvent varier en fonction de la qualit\u00e9 des mat\u00e9riaux utilis\u00e9s et des d\u00e9tails du design. Cependant, nous souhaitons offrir \u00e0 nos clients la meilleure exp\u00e9rience d&#8217;achat avec des options adapt\u00e9es \u00e0 chaque budget.<\/p>\n<h3>Chemise \u00e0 motifs noirs<\/h3>\n<p><strong>1. Vari\u00e9t\u00e9 et options<\/strong> : Les chemises \u00e0 motifs noirs sont propos\u00e9es dans une large gamme avec diff\u00e9rents motifs et motifs. Cette collection, o\u00f9 vous pourrez trouver des mod\u00e8les adapt\u00e9s \u00e0 tous les go\u00fbts, ajoutera un nouveau souffle \u00e0 votre style.<\/p>\n<p><strong>2. L&#8217;\u00e9l\u00e9gance dans chaque environnement<\/strong> : Que ce soit dans la vie quotidienne ou lors d&#8217;invitations sp\u00e9ciales, les chemises \u00e0 motifs noirs vous permettent de refl\u00e9ter l&#8217;\u00e9l\u00e9gance et la gr\u00e2ce dans chaque environnement. Ces pi\u00e8ces, que vous pourrez facilement combiner, seront le sauveur de votre garde-robe.<\/p>\n<h3>Mod\u00e8les de chemises \u00e0 motifs noirs<\/h3>\n<p><strong>1. Motifs ethniques<\/strong> : Les motifs ethniques inspir\u00e9s du style africain cr\u00e9ent un look saisissant sur un fond noir. Ces mod\u00e8les sont id\u00e9aux pour mettre en valeur votre style, surtout pendant les mois d&#8217;\u00e9t\u00e9.<\/p>\n<p><strong>2. Coupes modernes et classiques : les mod\u00e8les de chemises \u00e0 motifs noirs sont propos\u00e9s dans des coupes modernes et classiques. Avec diff\u00e9rentes options de coupe telles que slim fit, regular fit et oversize, vous pouvez choisir le mod\u00e8le qui convient le mieux \u00e0 votre morphologie.<\/strong><\/p>\n<h3>Prix des chemises \u00e0 motifs noirs<\/h3>\n<p>En tant que Mandella Istanbul, nous proposons \u00e0 nos clients une large gamme d&#8217;options en termes de prix des chemises \u00e0 motifs noirs. Vous pouvez trouver des mod\u00e8les adapt\u00e9s \u00e0 chaque budget, avec des prix variant en fonction de la qualit\u00e9 et des d\u00e9tails de conception. Ces chemises, que vous pouvez avoir \u00e0 des prix plus abordables avec des campagnes et des remises, offrent de la qualit\u00e9 \u00e0 des conditions \u00e9conomiques.<\/p>\n<h3>Suggestions de combinaison<\/h3>\n<p>Vous pouvez adapter vos chemises noires \u00e0 motifs \u00e0 votre style avec diff\u00e9rentes combinaisons\u00a0:<\/p>\n<ul>\n<li><strong>Combinaisons quotidiennes<\/strong>\u00a0: vous pouvez obtenir un look confortable et \u00e9l\u00e9gant en combinant vos chemises noires \u00e0 motifs avec un jean ou un short.<\/li>\n<li><strong>Combinaisons de travail<\/strong>\u00a0: vous pouvez obtenir de l&#8217;\u00e9l\u00e9gance dans la vie professionnelle en combinant des chemises noires \u00e0 motifs de coupe classique avec un pantalon en tissu et des chaussures en cuir.<\/li>\n<li><strong>Combinaisons de nuit<\/strong>\u00a0: vous pouvez cr\u00e9er un style accrocheur lors d&#8217;invitations de nuit en compl\u00e9tant vos chemises noires \u00e0 motifs slim fit avec un pantalon de couleur fonc\u00e9e et des accessoires \u00e9l\u00e9gants.<\/li>\n<\/ul>\n<h3>Qualit\u00e9 Mandella Istanbul<\/h3>\n<p>En tant que Mandella Istanbul, nous produisons chaque chemise avec des tissus soigneusement s\u00e9lectionn\u00e9s et une finition m\u00e9ticuleuse. Gr\u00e2ce \u00e0 notre compr\u00e9hension du fait de ne pas faire de compromis sur la qualit\u00e9, nous offrons \u00e0 nos clients des produits durables et confortables. D\u00e9couvrez un style et un confort uniques avec nos chemises \u00e0 motifs noirs de style africain.<\/p>\n<p>1 produit en s\u00e9rie. (5 PI\u00c8CES)<br \/>\nTailles : ML XL XXL<br \/>\nTissu utilis\u00e9 : 100 % coton<br \/>\nVous ne pouvez commander que la s\u00e9rie. (5 pi\u00e8ces)<\/p>\n","protected":false},"excerpt":{"rendered":"<p>1 Produit de s\u00e9rie. (5 PCS)<br \/>\nTailles : M L XL XXL<br \/>\nTissu utilis\u00e9 : 100% coton<br \/>\nVous ne pouvez commander que des s\u00e9ries. ( 5 pi\u00e8ces)<\/p>\n","protected":false},"featured_media":11841,"comment_status":"open","ping_status":"closed","template":"","meta":[],"product_brand":[],"product_cat":[142,177],"product_tag":[],"class_list":{"0":"post-10408","1":"product","2":"type-product","3":"status-publish","4":"has-post-thumbnail","6":"product_cat-vente-en-gros-chemises","7":"product_cat-chemise-a-manches-courtes","8":"pa_beden-l-fr","9":"pa_beden-m-fr","10":"pa_beden-xl-fr","11":"pa_beden-xxl-fr","13":"first","14":"outofstock","15":"taxable","16":"shipping-taxable","17":"purchasable","18":"product-type-simple"},"_links":{"self":[{"href":"https:\/\/www.mandellaistanbul.com\/fr\/wp-json\/wp\/v2\/product\/10408","targetHints":{"allow":["GET"]}}],"collection":[{"href":"https:\/\/www.mandellaistanbul.com\/fr\/wp-json\/wp\/v2\/product"}],"about":[{"href":"https:\/\/www.mandellaistanbul.com\/fr\/wp-json\/wp\/v2\/types\/product"}],"replies":[{"embeddable":true,"href":"https:\/\/www.mandellaistanbul.com\/fr\/wp-json\/wp\/v2\/comments?post=10408"}],"version-history":[{"count":3,"href":"https:\/\/www.mandellaistanbul.com\/fr\/wp-json\/wp\/v2\/product\/10408\/revisions"}],"predecessor-version":[{"id":18159,"href":"https:\/\/www.mandellaistanbul.com\/fr\/wp-json\/wp\/v2\/product\/10408\/revisions\/18159"}],"wp:featuredmedia":[{"embeddable":true,"href":"https:\/\/www.mandellaistanbul.com\/fr\/wp-json\/wp\/v2\/media\/11841"}],"wp:attachment":[{"href":"https:\/\/www.mandellaistanbul.com\/fr\/wp-json\/wp\/v2\/media?parent=10408"}],"wp:term":[{"taxonomy":"product_brand","embeddable":true,"href":"https:\/\/www.mandellaistanbul.com\/fr\/wp-json\/wp\/v2\/product_brand?post=10408"},{"taxonomy":"product_cat","embeddable":true,"href":"https:\/\/www.mandellaistanbul.com\/fr\/wp-json\/wp\/v2\/product_cat?post=10408"},{"taxonomy":"product_tag","embeddable":true,"href":"https:\/\/www.mandellaistanbul.com\/fr\/wp-json\/wp\/v2\/product_tag?post=10408"}],"curies":[{"name":"wp","href":"https:\/\/api.w.org\/{rel}","templated":true}]}}