{"id":10406,"date":"2022-09-07T11:50:07","date_gmt":"2022-09-07T08:50:07","guid":{"rendered":"https:\/\/www.mandellaistanbul.com\/product\/chemise-bleue-a-motif-diles-hawaiennes\/"},"modified":"2024-10-15T21:34:58","modified_gmt":"2024-10-15T18:34:58","slug":"chemise-bleue-a-motifs-hawaiens","status":"publish","type":"product","link":"https:\/\/www.mandellaistanbul.com\/fr\/produit\/chemise-bleue-a-motifs-hawaiens\/","title":{"rendered":"Chemise Bleue \u00c0 Motifs Hawa\u00efens"},"content":{"rendered":"<h2>Chemises bleues \u00e0 motifs hawa\u00efens\u00a0: fra\u00eecheur estivale et style r\u00e9unis<\/h2>\n<p>Les chemises bleues \u00e0 motifs hawa\u00efens font partie des pi\u00e8ces color\u00e9es et \u00e9nergiques qui se d\u00e9marquent dans la collection d&#8217;\u00e9t\u00e9 de Mandella Istanbul. Refl\u00e9tant la libert\u00e9 de la plage et des \u00eeles tropicales, ces chemises offrent un look confortable et \u00e9l\u00e9gant. Voici des informations plus d\u00e9taill\u00e9es et des suggestions de combinaisons sur cette collection sp\u00e9ciale\u00a0:<\/p>\n<h3>Mod\u00e8les de chemises bleues \u00e0 motifs hawa\u00efens<\/h3>\n<p><strong>1. Imprim\u00e9s tropicaux<\/strong>\u00a0: Les <a href=\"https:\/\/www.mandellaistanbul.com\/toptan-gomlek\/\">chemises toptan<\/a> bleues \u00e0 motifs hawa\u00efens de notre collection sont con\u00e7ues en s&#8217;inspirant de la nature vibrante des \u00eeles tropicales. Des d\u00e9tails tels que des palmiers, des motifs de vagues, des coquillages et des fleurs color\u00e9es ajoutent un air unique \u00e0 nos chemises.<\/p>\n<p><strong>2. <strong>Traces de la mer et du soleil<\/strong> : les chemises bleues \u00e0 motifs hawa\u00efens, portant les traces de la mer, du soleil et des brises fra\u00eeches, refl\u00e8tent l&#8217;\u00e9nergie et la libert\u00e9 de la saison estivale. Les motifs color\u00e9s et les tons vibrants vous permettent d&#8217;attirer l&#8217;attention dans n&#8217;importe quel environnement.<\/strong><\/p>\n<p><strong>3. Designs modernes et \u00e9l\u00e9gants<\/strong> : les chemises bleues \u00e0 motifs hawa\u00efens combin\u00e9es \u00e0 des coupes modernes peuvent \u00eatre facilement pr\u00e9f\u00e9r\u00e9es dans les tenues d\u00e9contract\u00e9es et les combinaisons urbaines. Il pla\u00eet \u00e0 tous les go\u00fbts en offrant diff\u00e9rentes options de coupe pour les hommes et les femmes.<\/p>\n<h3>Prix des chemises bleues \u00e0 motifs hawa\u00efens<\/h3>\n<p>Les prix de nos chemises bleues \u00e0 motifs hawa\u00efens varient en fonction de la qualit\u00e9, du mat\u00e9riau utilis\u00e9 et de l&#8217;originalit\u00e9 du design. Chez Mandella Istanbul, nous veillons \u00e0 proposer des options adapt\u00e9es \u00e0 chaque budget, afin que chacun puisse trouver une option qui refl\u00e8te son style.<\/p>\n<h3>Suggestions de combinaison<\/h3>\n<p>Vous pouvez obtenir un look \u00e9l\u00e9gant et confortable en combinant des chemises bleues \u00e0 motifs hawa\u00efens dans diff\u00e9rents styles\u00a0:<\/p>\n<ul>\n<li><strong>Style plage<\/strong>\u00a0: vous pouvez vous sentir fra\u00eeche et \u00e0 l&#8217;aise lors de vos journ\u00e9es \u00e0 la plage en l&#8217;associant \u00e0 un short ou \u00e0 un bermuda. Vous pouvez obtenir un style tropical en le compl\u00e9tant avec des pantoufles ou des sandales.<\/li>\n<li><strong>Balade en ville<\/strong>\u00a0: vous pouvez obtenir une \u00e9l\u00e9gance confortable en l&#8217;associant \u00e0 un pantalon chino ou \u00e0 un short en jean lors de vos activit\u00e9s quotidiennes en ville. Vous pouvez augmenter votre confort en choisissant des tissus respirants lors des chaudes journ\u00e9es d&#8217;\u00e9t\u00e9.<\/li>\n<li><strong>D\u00eener<\/strong>\u00a0: vous pouvez cr\u00e9er un look \u00e9l\u00e9gant pour le d\u00eener en l&#8217;associant \u00e0 un pantalon en jean ou \u00e0 un short en tissu. Vous pouvez compl\u00e9ter votre style en portant une veste l\u00e9g\u00e8re ou une chemise.<\/li>\n<\/ul>\n<h3>Qualit\u00e9 et assurance Mandella Istanbul<\/h3>\n<p>En tant que Mandella Istanbul, nous produisons chaque chemise avec des tissus soigneusement s\u00e9lectionn\u00e9s et un travail m\u00e9ticuleux. Notre objectif est de vous offrir une exp\u00e9rience d&#8217;achat agr\u00e9able gr\u00e2ce \u00e0 notre approche de service qui donne la priorit\u00e9 \u00e0 la satisfaction du client. Nous proposons toujours une option fiable concernant la qualit\u00e9 des tissus utilis\u00e9s dans nos produits et la durabilit\u00e9 des chemises.<\/p>\n","protected":false},"excerpt":{"rendered":"<p>Refl\u00e9tant l&#8217;esprit de vacances et l&#8217;\u00e9nergie des \u00eeles hawa\u00efennes, la chemise bleue \u00e0 motifs d&#8217;\u00eeles hawa\u00efennes ajoute de la couleur et de la vitalit\u00e9 \u00e0 votre style vestimentaire gr\u00e2ce au design sp\u00e9cial de Mandella Istanbul.<\/p>\n","protected":false},"featured_media":11865,"comment_status":"open","ping_status":"closed","template":"","meta":[],"product_brand":[],"product_cat":[142,177],"product_tag":[],"class_list":{"0":"post-10406","1":"product","2":"type-product","3":"status-publish","4":"has-post-thumbnail","6":"product_cat-vente-en-gros-chemises","7":"product_cat-chemise-a-manches-courtes","8":"pa_beden-l-fr","9":"pa_beden-m-fr","10":"pa_beden-xl-fr","11":"pa_beden-xxl-fr","13":"first","14":"instock","15":"taxable","16":"shipping-taxable","17":"purchasable","18":"product-type-simple"},"_links":{"self":[{"href":"https:\/\/www.mandellaistanbul.com\/fr\/wp-json\/wp\/v2\/product\/10406","targetHints":{"allow":["GET"]}}],"collection":[{"href":"https:\/\/www.mandellaistanbul.com\/fr\/wp-json\/wp\/v2\/product"}],"about":[{"href":"https:\/\/www.mandellaistanbul.com\/fr\/wp-json\/wp\/v2\/types\/product"}],"replies":[{"embeddable":true,"href":"https:\/\/www.mandellaistanbul.com\/fr\/wp-json\/wp\/v2\/comments?post=10406"}],"version-history":[{"count":3,"href":"https:\/\/www.mandellaistanbul.com\/fr\/wp-json\/wp\/v2\/product\/10406\/revisions"}],"predecessor-version":[{"id":18552,"href":"https:\/\/www.mandellaistanbul.com\/fr\/wp-json\/wp\/v2\/product\/10406\/revisions\/18552"}],"wp:featuredmedia":[{"embeddable":true,"href":"https:\/\/www.mandellaistanbul.com\/fr\/wp-json\/wp\/v2\/media\/11865"}],"wp:attachment":[{"href":"https:\/\/www.mandellaistanbul.com\/fr\/wp-json\/wp\/v2\/media?parent=10406"}],"wp:term":[{"taxonomy":"product_brand","embeddable":true,"href":"https:\/\/www.mandellaistanbul.com\/fr\/wp-json\/wp\/v2\/product_brand?post=10406"},{"taxonomy":"product_cat","embeddable":true,"href":"https:\/\/www.mandellaistanbul.com\/fr\/wp-json\/wp\/v2\/product_cat?post=10406"},{"taxonomy":"product_tag","embeddable":true,"href":"https:\/\/www.mandellaistanbul.com\/fr\/wp-json\/wp\/v2\/product_tag?post=10406"}],"curies":[{"name":"wp","href":"https:\/\/api.w.org\/{rel}","templated":true}]}}