{"id":10400,"date":"2022-09-07T11:50:08","date_gmt":"2022-09-07T08:50:08","guid":{"rendered":"https:\/\/www.mandellaistanbul.com\/product\/chemise-noire-a-motifs-verticaux-et-horizontaux\/"},"modified":"2024-10-15T20:09:28","modified_gmt":"2024-10-15T17:09:28","slug":"chemise-noire-a-motifs","status":"publish","type":"product","link":"https:\/\/www.mandellaistanbul.com\/fr\/produit\/chemise-noire-a-motifs\/","title":{"rendered":"Chemise noire \u00e0 motifs"},"content":{"rendered":"<h3>Chemise \u00e0 motifs noirs : le symbole de l&#8217;\u00e9l\u00e9gance et du style<\/h3>\n<h4>Collection de chemises \u00e0 motifs noirs en gros de Mandella Istanbul<\/h4>\n<p>Mandella Istanbul offre \u00e9l\u00e9gance et style avec sa collection de chemises \u00e0 motifs noirs. Les chemises noires d\u00e9cor\u00e9es de motifs accrocheurs offrent un look saisissant dans n&#8217;importe quel environnement. Voici ce que vous devez savoir sur les chemises \u00e0 motifs noirs :<\/p>\n<h3>Mod\u00e8les de chemises \u00e0 motifs noirs<\/h3>\n<p><strong>Divers mod\u00e8les :<\/strong> Mandella Istanbul propose une large gamme de mod\u00e8les de <a href=\"https:\/\/www.mandellaistanbul.com\/toptan-gomlek\/\">chemises en gros<\/a> \u00e0 motifs noirs. Il existe des options qui plaisent \u00e0 tous les go\u00fbts, des coupes classiques aux designs modernes. Il existe des mod\u00e8les adapt\u00e9s \u00e0 chaque style avec diff\u00e9rents styles de col, d\u00e9tails de boutons et options de motifs.<\/p>\n<p><strong>Tissus de qualit\u00e9 :<\/strong> Nos chemises \u00e0 motifs noirs sont fabriqu\u00e9es \u00e0 partir de tissus de qualit\u00e9 et durables. Respirantes et confortables, ces chemises garantissent l&#8217;\u00e9l\u00e9gance aussi bien au quotidien que pour les occasions sp\u00e9ciales. Elles allient la noblesse du noir \u00e0 la vivacit\u00e9 des motifs.<\/p>\n<h3>Chemise \u00e0 motifs noire<\/h3>\n<p><strong>Combinaisons \u00e9l\u00e9gantes :<\/strong> les chemises \u00e0 motifs noires s&#8217;associent parfaitement \u00e0 tous les types de bas, des jeans aux pantalons en tissu. Elles peuvent \u00eatre utilis\u00e9es confortablement dans des combinaisons formelles et d\u00e9contract\u00e9es. Compl\u00e9tant l&#8217;\u00e9l\u00e9gance classique du noir avec les touches modernes des motifs, ces chemises seront l&#8217;une des pi\u00e8ces indispensables de votre garde-robe.<\/p>\n<p><strong>Entretien facile :<\/strong> nos chemises \u00e0 motifs noires sont faciles \u00e0 repasser et tr\u00e8s pratiques \u00e0 entretenir. Elles offrent une grande commodit\u00e9 dans les situations o\u00f9 vous devez vous pr\u00e9parer rapidement. Offrant \u00e0 la fois \u00e9l\u00e9gance et confort, ces chemises vous accompagneront \u00e0 chaque instant.<\/p>\n<h3>Prix des chemises \u00e0 motifs noires<\/h3>\n<p><strong>Prix de gros abordables :<\/strong> Mandella Istanbul propose des chemises \u00e0 motifs noires \u00e0 des prix de gros abordables. Nous offrons la possibilit\u00e9 d&#8217;atteindre l&#8217;\u00e9l\u00e9gance avec des options adapt\u00e9es \u00e0 votre budget sans compromettre la qualit\u00e9. Vous pouvez b\u00e9n\u00e9ficier de l&#8217;avantage de prix abordables lors de vos achats de chemises en gros.<\/p>\n<p><strong>Campagnes et remises :<\/strong> Nous proposons des prix encore plus avantageux avec des campagnes et des remises effectu\u00e9es \u00e0 certaines p\u00e9riodes sur les chemises \u00e0 motifs noirs. Vous pouvez suivre r\u00e9guli\u00e8rement notre site Web pour les campagnes en cours et les offres sp\u00e9ciales. Vous pouvez obtenir des produits de qualit\u00e9 \u00e0 des prix abordables avec Mandella Istanbul.<\/p>\n<h3>La qualit\u00e9 Mandella Istanbul<\/h3>\n<p>Mandella Istanbul accorde la priorit\u00e9 \u00e0 la qualit\u00e9 et \u00e0 la satisfaction du client dans chaque produit. Nos chemises \u00e0 motifs noirs sont le reflet de cette compr\u00e9hension. Ces chemises, produites avec des tissus soigneusement s\u00e9lectionn\u00e9s et une finition m\u00e9ticuleuse, offrent une utilisation durable et confortable. Faites la diff\u00e9rence dans votre magasin en respectant la qualit\u00e9 Mandella Istanbul dans vos commandes de chemises en gros.<\/p>\n<h3>Commandez maintenant<\/h3>\n<p>Vous pouvez apporter l&#8217;\u00e9l\u00e9gance et la gr\u00e2ce des chemises \u00e0 motifs noirs \u00e0 votre magasin en commandant imm\u00e9diatement des chemises en gros sur notre site Web. N&#8217;oubliez pas, ayez toujours une longueur d&#8217;avance avec Mandella Istanbul et offrez les meilleurs produits \u00e0 vos clients. Renouvelez votre boutique et soyez toujours au top en achetant en gros chez Mandella Istanbul, o\u00f9 qualit\u00e9 et \u00e9l\u00e9gance se rencontrent !<\/p>\n<p>Chemise \u00e0 manches courtes 100 % coton.<br \/> Nos produits sont vendus en s\u00e9rie. Il y a 5 produits dans 1 s\u00e9rie.<br \/> Tailles des produits dans la s\u00e9rie<br \/> 1 pi\u00e8ce (M) \u2013 2 pi\u00e8ces (L) \u2013 1 pi\u00e8ce (XL) \u2013 1 pi\u00e8ce (XXL)<\/p>\n<p> Une facture sp\u00e9ciale sera \u00e9mise pour toutes vos commandes.<br \/> Les frais d&#8217;exp\u00e9dition sont diff\u00e9rents pour chaque pays. Une fois la commande termin\u00e9e, des informations sur la cargaison vous seront envoy\u00e9es via Whatsapp.<\/p>\n","protected":false},"excerpt":{"rendered":"<p>1 Produit de s\u00e9rie. (5 PCS)<br \/>\nTailles : M L XL XXL<br \/>\nTissu utilis\u00e9 : 100% coton<br \/>\nVous ne pouvez commander que des s\u00e9ries. ( 5 pi\u00e8ces)<\/p>\n","protected":false},"featured_media":11889,"comment_status":"open","ping_status":"closed","template":"","meta":[],"product_brand":[],"product_cat":[142,177],"product_tag":[],"class_list":{"0":"post-10400","1":"product","2":"type-product","3":"status-publish","4":"has-post-thumbnail","6":"product_cat-vente-en-gros-chemises","7":"product_cat-chemise-a-manches-courtes","8":"pa_beden-l-fr","9":"pa_beden-m-fr","10":"pa_beden-xl-fr","11":"pa_beden-xxl-fr","13":"first","14":"outofstock","15":"taxable","16":"shipping-taxable","17":"purchasable","18":"product-type-simple"},"_links":{"self":[{"href":"https:\/\/www.mandellaistanbul.com\/fr\/wp-json\/wp\/v2\/product\/10400","targetHints":{"allow":["GET"]}}],"collection":[{"href":"https:\/\/www.mandellaistanbul.com\/fr\/wp-json\/wp\/v2\/product"}],"about":[{"href":"https:\/\/www.mandellaistanbul.com\/fr\/wp-json\/wp\/v2\/types\/product"}],"replies":[{"embeddable":true,"href":"https:\/\/www.mandellaistanbul.com\/fr\/wp-json\/wp\/v2\/comments?post=10400"}],"version-history":[{"count":3,"href":"https:\/\/www.mandellaistanbul.com\/fr\/wp-json\/wp\/v2\/product\/10400\/revisions"}],"predecessor-version":[{"id":18422,"href":"https:\/\/www.mandellaistanbul.com\/fr\/wp-json\/wp\/v2\/product\/10400\/revisions\/18422"}],"wp:featuredmedia":[{"embeddable":true,"href":"https:\/\/www.mandellaistanbul.com\/fr\/wp-json\/wp\/v2\/media\/11889"}],"wp:attachment":[{"href":"https:\/\/www.mandellaistanbul.com\/fr\/wp-json\/wp\/v2\/media?parent=10400"}],"wp:term":[{"taxonomy":"product_brand","embeddable":true,"href":"https:\/\/www.mandellaistanbul.com\/fr\/wp-json\/wp\/v2\/product_brand?post=10400"},{"taxonomy":"product_cat","embeddable":true,"href":"https:\/\/www.mandellaistanbul.com\/fr\/wp-json\/wp\/v2\/product_cat?post=10400"},{"taxonomy":"product_tag","embeddable":true,"href":"https:\/\/www.mandellaistanbul.com\/fr\/wp-json\/wp\/v2\/product_tag?post=10400"}],"curies":[{"name":"wp","href":"https:\/\/api.w.org\/{rel}","templated":true}]}}