{"id":10397,"date":"2022-09-07T11:50:09","date_gmt":"2022-09-07T08:50:09","guid":{"rendered":"https:\/\/www.mandellaistanbul.com\/product\/chemise-blanche-a-poche-recto-verso\/"},"modified":"2024-10-15T21:30:35","modified_gmt":"2024-10-15T18:30:35","slug":"chemise-blanche-double-face","status":"publish","type":"product","link":"https:\/\/www.mandellaistanbul.com\/fr\/produit\/chemise-blanche-double-face\/","title":{"rendered":"Chemise Blanche Double Face"},"content":{"rendered":"<p><strong>Chemises blanches r\u00e9versibles\u00a0: o\u00f9 style et fonctionnalit\u00e9 se rencontrent<\/strong><\/p>\n<p>Les chemises blanches r\u00e9versibles sont des mod\u00e8les sp\u00e9ciaux qui combinent \u00e0 la fois \u00e9l\u00e9gance et praticit\u00e9. Ces chemises ajoutent de l&#8217;innovation \u00e0 votre garde-robe en offrant diff\u00e9rents d\u00e9tails des deux c\u00f4t\u00e9s. La collection de <a href=\"https:\/\/www.mandellaistanbul.com\/toptan-gomlek\/\">chemises toptan<\/a> blanches r\u00e9versibles de Mandella Istanbul offre une option enrichie de diverses coupes et d\u00e9tails.<\/p>\n<p><strong>Prix des chemises blanches r\u00e9versibles\u00a0: \u00e9quilibre entre qualit\u00e9 et prix abordable<\/strong><\/p>\n<p>Les prix des chemises blanches r\u00e9versibles de Mandella Istanbul sont abordables et comp\u00e9titifs lorsqu&#8217;ils sont \u00e9valu\u00e9s en termes de qualit\u00e9 et de design. Offrant des options qui plaisent \u00e0 tous les budgets, ces chemises offrent une qualit\u00e9 \u00e9lev\u00e9e \u00e0 des prix abordables. Ces prix, qui offrent \u00e9galement des avantages aux entreprises lors des achats en gros, augmentent la satisfaction des clients.<\/p>\n<p><strong>Mod\u00e8les de chemises avec d\u00e9tails de poche double face : esth\u00e9tique et fonctionnalit\u00e9 r\u00e9unies<\/strong><\/p>\n<p>Les chemises avec d\u00e9tails de poche double face sont des mod\u00e8les sp\u00e9ciaux qui allient facilit\u00e9 d&#8217;utilisation et \u00e9l\u00e9gance. Cette collection de Mandella Istanbul propose des options de chemises enrichies de poches double face et de diff\u00e9rentes combinaisons de couleurs. Il existe diff\u00e9rentes options qui peuvent \u00eatre combin\u00e9es pour un usage quotidien ou pour des occasions sp\u00e9ciales.<\/p>\n<p><strong>Mod\u00e8les de chemises bicolores : des d\u00e9tails qui refl\u00e8tent votre style<\/strong><\/p>\n<p>Les chemises bicolores sont des mod\u00e8les qui allient \u00e9l\u00e9gance et originalit\u00e9 avec diff\u00e9rents blocs de couleurs ou motifs. La collection de chemises bicolores de Mandella Istanbul se distingue par la qualit\u00e9 des mat\u00e9riaux utilis\u00e9s dans les chemises et la s\u00e9lection minutieuse des d\u00e9tails. Ces chemises, qui conviennent \u00e0 tous les styles, offrent confort et \u00e9l\u00e9gance \u00e0 leurs utilisateurs.<\/p>\n<p><strong>Mod\u00e8les de chemises double face : faites la diff\u00e9rence avec vos deux faces<\/strong><\/p>\n<p>Les chemises double face vous permettent de mettre en valeur votre style personnel en proposant diff\u00e9rentes options de couleurs ou de motifs sur chaque face. La collection de chemises double face de Mandella Istanbul offre aux utilisateurs un large \u00e9ventail d&#8217;options. Il existe des mod\u00e8les \u00e9l\u00e9gants et fonctionnels qui peuvent \u00eatre utilis\u00e9s dans la vie quotidienne ou lors d&#8217;occasions sp\u00e9ciales.<\/p>\n<p><strong>Qualit\u00e9 Mandella Istanbul : confiance et satisfaction<\/strong><\/p>\n<p>Mandella Istanbul accorde la priorit\u00e9 \u00e0 la qualit\u00e9 et \u00e0 la satisfaction du client dans les chemises. Chaque chemise est produite avec des mat\u00e9riaux soigneusement s\u00e9lectionn\u00e9s et une finition soign\u00e9e. Id\u00e9ales pour les entreprises, ces chemises r\u00e9pondent \u00e0 la fois aux attentes des utilisateurs et renforcent l&#8217;image de votre entreprise.<\/p>\n<p><strong>Conseils de style sur les chemises blanches double face :<\/strong><\/p>\n<p>Les chemises blanches double face peuvent \u00eatre l&#8217;une des pi\u00e8ces indispensables de votre garde-robe. En r\u00e9fl\u00e9chissant \u00e0 la mani\u00e8re dont vous pouvez utiliser ces chemises dans diff\u00e9rentes combinaisons, vous pouvez faire ressortir encore plus votre style. Voici quelques conseils de style pour vous :<\/p>\n<ol>\n<li><strong>Classique et \u00e9l\u00e9gant<\/strong> : vous pouvez obtenir un look classique et \u00e9l\u00e9gant en combinant une chemise blanche double face avec un pantalon ou un short noir. Cette combinaison peut \u00eatre pr\u00e9f\u00e9r\u00e9e notamment dans les environnements professionnels ou les invitations sp\u00e9ciales.<\/li>\n<li><strong>Style d\u00e9contract\u00e9<\/strong> : pour un usage quotidien, vous pouvez cr\u00e9er un style d\u00e9contract\u00e9 en combinant une chemise blanche double face avec un pantalon en jean ou un short court. Cette combinaison est id\u00e9ale pour celles qui recherchent \u00e0 la fois confort et style.<\/li>\n<li><strong>Sports chic<\/strong> : si vous recherchez un look sportif et \u00e9l\u00e9gant, vous pouvez combiner une chemise blanche double face avec un short de sport ou un pantalon de surv\u00eatement. Ce style convient particuli\u00e8rement \u00e0 celles qui m\u00e8nent une vie active.<\/li>\n<li><strong>Compl\u00e9tez avec des accessoires<\/strong> : vous pouvez personnaliser votre style en compl\u00e9tant votre chemise avec diff\u00e9rents accessoires. Par exemple, vous pouvez obtenir un look unique en l&#8217;associant \u00e0 des accessoires tels qu&#8217;une cravate color\u00e9e, un chapeau ou une montre-bracelet.<\/li>\n<\/ol>\n<p><strong>R\u00e9sultat : l\u00e0 o\u00f9 le style et la fonction se rencontrent<\/strong><\/p>\n<p>Les chemises blanches double face et les chemises bicolores de Mandella Istanbul sont le meilleur moyen d&#8217;ajouter de l&#8217;\u00e9l\u00e9gance et de la fonctionnalit\u00e9 \u00e0 votre garde-robe. Adapt\u00e9es \u00e0 tous les styles et \u00e0 tous les besoins, ces chemises attirent l&#8217;attention avec leurs designs modernes et leurs mat\u00e9riaux de qualit\u00e9. Vous pouvez \u00e9galement parcourir la large gamme de produits de Mandella Istanbul et d\u00e9couvrir des chemises qui correspondent \u00e0 votre style.<\/p>\n<p>Les mod\u00e8les de chemises \u00e0 manches courtes attrayants de Mandella Istanbul.<br \/>\nChemise \u00e0 manches courtes 100 % coton.<br \/>\nNos produits sont vendus en s\u00e9rie. Il y a 5 produits dans 1 s\u00e9rie.<br \/>\nTailles des produits dans la s\u00e9rie<br \/>\n1 pi\u00e8ce (M) \u2013 2 pi\u00e8ces (L) \u2013 1 pi\u00e8ce (XL) \u2013 1 pi\u00e8ce (XXL)<\/p>\n<p>Une facture sp\u00e9ciale sera \u00e9mise pour toutes vos commandes.<br \/>\nLes frais d&#8217;exp\u00e9dition sont diff\u00e9rents pour chaque pays. Une fois la commande termin\u00e9e, des informations sur la cargaison vous seront envoy\u00e9es via Whatsapp.<\/p>\n","protected":false},"excerpt":{"rendered":"<p>1 Produit de s\u00e9rie. (5 PCS)<br \/>\nTailles : M L XL XXL<br \/>\nTissu utilis\u00e9 : 100% coton<br \/>\nVous ne pouvez commander que des s\u00e9ries. ( 5 pi\u00e8ces)<\/p>\n","protected":false},"featured_media":11931,"comment_status":"open","ping_status":"closed","template":"","meta":[],"product_brand":[],"product_cat":[142,177,197],"product_tag":[],"class_list":{"0":"post-10397","1":"product","2":"type-product","3":"status-publish","4":"has-post-thumbnail","6":"product_cat-vente-en-gros-chemises","7":"product_cat-chemise-a-manches-courtes","8":"product_cat-chemises-a-poches","9":"pa_beden-l-fr","10":"pa_beden-m-fr","11":"pa_beden-xl-fr","12":"pa_beden-xxl-fr","14":"first","15":"outofstock","16":"taxable","17":"shipping-taxable","18":"purchasable","19":"product-type-simple"},"_links":{"self":[{"href":"https:\/\/www.mandellaistanbul.com\/fr\/wp-json\/wp\/v2\/product\/10397","targetHints":{"allow":["GET"]}}],"collection":[{"href":"https:\/\/www.mandellaistanbul.com\/fr\/wp-json\/wp\/v2\/product"}],"about":[{"href":"https:\/\/www.mandellaistanbul.com\/fr\/wp-json\/wp\/v2\/types\/product"}],"replies":[{"embeddable":true,"href":"https:\/\/www.mandellaistanbul.com\/fr\/wp-json\/wp\/v2\/comments?post=10397"}],"version-history":[{"count":3,"href":"https:\/\/www.mandellaistanbul.com\/fr\/wp-json\/wp\/v2\/product\/10397\/revisions"}],"predecessor-version":[{"id":18538,"href":"https:\/\/www.mandellaistanbul.com\/fr\/wp-json\/wp\/v2\/product\/10397\/revisions\/18538"}],"wp:featuredmedia":[{"embeddable":true,"href":"https:\/\/www.mandellaistanbul.com\/fr\/wp-json\/wp\/v2\/media\/11931"}],"wp:attachment":[{"href":"https:\/\/www.mandellaistanbul.com\/fr\/wp-json\/wp\/v2\/media?parent=10397"}],"wp:term":[{"taxonomy":"product_brand","embeddable":true,"href":"https:\/\/www.mandellaistanbul.com\/fr\/wp-json\/wp\/v2\/product_brand?post=10397"},{"taxonomy":"product_cat","embeddable":true,"href":"https:\/\/www.mandellaistanbul.com\/fr\/wp-json\/wp\/v2\/product_cat?post=10397"},{"taxonomy":"product_tag","embeddable":true,"href":"https:\/\/www.mandellaistanbul.com\/fr\/wp-json\/wp\/v2\/product_tag?post=10397"}],"curies":[{"name":"wp","href":"https:\/\/api.w.org\/{rel}","templated":true}]}}