{"id":10396,"date":"2022-09-07T11:50:09","date_gmt":"2022-09-07T08:50:09","guid":{"rendered":"https:\/\/www.mandellaistanbul.com\/product\/chemise-marron-a-motifs-darbres\/"},"modified":"2024-10-13T13:10:47","modified_gmt":"2024-10-13T10:10:47","slug":"chemise-brune-a-motifs-darbres","status":"publish","type":"product","link":"https:\/\/www.mandellaistanbul.com\/fr\/produit\/chemise-brune-a-motifs-darbres\/","title":{"rendered":"Chemise marron \u00e0 motif d&#8217;arbres"},"content":{"rendered":"<h2>Chemises \u00e0 motifs d&#8217;arbres et de fleurs\u00a0: l&#8217;\u00e9l\u00e9gance de la nature chez Mandella Istanbul<\/h2>\n<p>Mandella Istanbul continue d&#8217;apporter les motifs uniques de la nature \u00e0 vos v\u00eatements. Ajoutez \u00e0 la fois \u00e9l\u00e9gance et naturel \u00e0 votre garde-robe avec des chemises \u00e0 motifs d&#8217;arbres et de fleurs. Voici tout ce que vous devez savoir sur ces chemises sp\u00e9ciales\u00a0:<\/p>\n<h3>Chemise marron \u00e0 motif d&#8217;arbres<\/h3>\n<p><strong>1. Motifs inspir\u00e9s de la nature<\/strong>\u00a0: les <a href=\"https:\/\/www.mandellaistanbul.com\/toptan-gomlek\/\">chemises toptan<\/a> marron \u00e0 motifs d&#8217;arbres ont des motifs originaux qui refl\u00e8tent la beaut\u00e9 de la nature. Les tons chauds du marron et les motifs d&#8217;arbres mettent en valeur votre \u00e9l\u00e9gance et votre gr\u00e2ce.<\/p>\n<p><strong>2. Confortables et \u00e9l\u00e9gantes<\/strong>\u00a0: fabriqu\u00e9es \u00e0 partir de tissus de haute qualit\u00e9, ces chemises offrent un look \u00e0 la fois confortable et \u00e9l\u00e9gant. Ces chemises, particuli\u00e8rement id\u00e9ales pour les \u00e9v\u00e9nements sur le th\u00e8me de la nature et pour un usage quotidien, compl\u00e8teront votre style.<\/p>\n<h3>Chemise \u00e0 motifs d&#8217;arbres<\/h3>\n<p>La collection de chemises \u00e0 motifs d&#8217;arbres de Mandella Istanbul est propos\u00e9e dans une large gamme avec diff\u00e9rentes options de motifs et de couleurs. Apportant une touche de nature \u00e0 votre garde-robe, ces chemises sont id\u00e9ales pour celles qui recherchent un look original et \u00e9l\u00e9gant.<\/p>\n<h3>Chemise \u00e0 motifs floraux<\/h3>\n<p><strong>1. Motifs color\u00e9s et vibrants<\/strong> : les chemises \u00e0 motifs floraux attirent l&#8217;attention avec leurs couleurs vives et leurs motifs accrocheurs. La collection de chemises \u00e0 motifs floraux de Mandella Istanbul propose des mod\u00e8les pour tous les go\u00fbts.<\/p>\n<p><strong>2. \u00c9l\u00e9gance estivale<\/strong> : les chemises \u00e0 motifs floraux, particuli\u00e8rement appr\u00e9ci\u00e9es pendant les mois d&#8217;\u00e9t\u00e9, offrent une utilisation confortable gr\u00e2ce \u00e0 leurs tissus l\u00e9gers et respirants. Vous pouvez les porter facilement dans tous les environnements, de la plage aux invitations \u00e9l\u00e9gantes.<\/p>\n<h3>Chemise \u00e0 motifs de feuilles<\/h3>\n<p><strong>1. Esth\u00e9tique de la nature : les chemises \u00e0 motifs de feuilles ont des motifs \u00e9l\u00e9gants qui refl\u00e8tent l&#8217;esth\u00e9tique de la nature. Ces chemises sont le choix parfait pour ceux qui recherchent un look naturel et \u00e9l\u00e9gant. <\/strong><\/p>\n<p><strong>2. Diff\u00e9rentes options de couleurs : les chemises \u00e0 motifs de feuilles propos\u00e9es en vert, marron et de nombreuses autres couleurs vous permettent de faire diff\u00e9rentes combinaisons. Ces chemises qui feront la diff\u00e9rence dans votre garde-robe ajouteront du naturel \u00e0 votre style. <\/strong><\/p>\n<h3>Chemise \u00e0 motifs floraux pour hommes<\/h3>\n<p><strong>1. Masculin et \u00e9l\u00e9gant : les chemises pour hommes \u00e0 motifs floraux soulignent l&#8217;\u00e9l\u00e9gance tout en conservant un style masculin. La collection de chemises pour hommes \u00e0 motifs floraux de Mandella Istanbul propose des mod\u00e8les pour tous les go\u00fbts. <\/strong><\/p>\n<p><strong>2. Utilisation quotidienne et sp\u00e9ciale : confortables et \u00e9l\u00e9gantes pour un usage quotidien, ces chemises vous permettent \u00e9galement de refl\u00e9ter votre style lors d&#8217;invitations sp\u00e9ciales. Vous pouvez obtenir de l&#8217;\u00e9l\u00e9gance dans n&#8217;importe quel environnement avec diff\u00e9rentes options de coupe et de motif. <\/strong><\/p>\n<h3>Chemise Palm Tree<\/h3>\n<p><strong>1. Fran\u00e7ais :<\/strong>Chic tropical : les chemises \u00e0 motif palmier attirent l&#8217;attention avec leurs motifs tropicaux et leurs couleurs vives. Ces chemises, particuli\u00e8rement appr\u00e9ci\u00e9es pendant les mois d&#8217;\u00e9t\u00e9 sur les plages et les environnements de vacances, offrent confort et \u00e9l\u00e9gance \u00e0 la fois.<\/p>\n<p><strong>2. Suggestions de combinaison<\/strong> : vous pouvez obtenir une \u00e9l\u00e9gance estivale en combinant vos chemises \u00e0 motif palmier avec des shorts en jean, des pantalons en lin et des sandales. Vous pouvez \u00e9galement compl\u00e9ter votre style avec des accessoires \u00e9l\u00e9gants.<\/p>\n<h3>Qualit\u00e9 Mandella Istanbul<\/h3>\n<p>En tant que Mandella Istanbul, nous produisons chaque chemise avec des tissus soigneusement s\u00e9lectionn\u00e9s et une finition m\u00e9ticuleuse. Gr\u00e2ce \u00e0 notre compr\u00e9hension du fait de ne pas faire de compromis sur la qualit\u00e9, nous proposons \u00e0 nos clients des produits durables et confortables. D\u00e9couvrez un style et un confort uniques avec nos chemises \u00e0 motifs d&#8217;arbres et de fleurs.<\/p>\n<p>Les mod\u00e8les de chemises \u00e0 manches courtes attrayants de Mandella Istanbul.<br \/>\nChemise \u00e0 manches courtes 100 % coton.<br \/>\nNos produits sont vendus en s\u00e9rie. Il y a 5 produits dans 1 s\u00e9rie.<br \/>\nTailles des produits dans la s\u00e9rie<br \/>\n1 pi\u00e8ce (M) \u2013 2 pi\u00e8ces (L) \u2013 1 pi\u00e8ce (XL) \u2013 1 pi\u00e8ce (XXL)<\/p>\n<p>Une facture sp\u00e9ciale sera \u00e9mise pour toutes vos commandes.<br \/>\nLes frais d&#8217;exp\u00e9dition sont diff\u00e9rents pour chaque pays. Une fois la commande termin\u00e9e, des informations sur la cargaison vous seront envoy\u00e9es via Whatsapp.<\/p>\n","protected":false},"excerpt":{"rendered":"<p>1 Produit de s\u00e9rie. (5 PCS)<br \/>\nTailles : M L XL XXL<br \/>\nTissu utilis\u00e9 : 100% coton<br \/>\nVous ne pouvez commander que des s\u00e9ries. ( 5 pi\u00e8ces)<\/p>\n","protected":false},"featured_media":11928,"comment_status":"open","ping_status":"closed","template":"","meta":[],"product_brand":[],"product_cat":[142,177],"product_tag":[],"class_list":{"0":"post-10396","1":"product","2":"type-product","3":"status-publish","4":"has-post-thumbnail","6":"product_cat-vente-en-gros-chemises","7":"product_cat-chemise-a-manches-courtes","8":"pa_beden-l-fr","9":"pa_beden-m-fr","10":"pa_beden-xl-fr","11":"pa_beden-xxl-fr","13":"first","14":"outofstock","15":"taxable","16":"shipping-taxable","17":"purchasable","18":"product-type-simple"},"_links":{"self":[{"href":"https:\/\/www.mandellaistanbul.com\/fr\/wp-json\/wp\/v2\/product\/10396","targetHints":{"allow":["GET"]}}],"collection":[{"href":"https:\/\/www.mandellaistanbul.com\/fr\/wp-json\/wp\/v2\/product"}],"about":[{"href":"https:\/\/www.mandellaistanbul.com\/fr\/wp-json\/wp\/v2\/types\/product"}],"replies":[{"embeddable":true,"href":"https:\/\/www.mandellaistanbul.com\/fr\/wp-json\/wp\/v2\/comments?post=10396"}],"version-history":[{"count":3,"href":"https:\/\/www.mandellaistanbul.com\/fr\/wp-json\/wp\/v2\/product\/10396\/revisions"}],"predecessor-version":[{"id":18259,"href":"https:\/\/www.mandellaistanbul.com\/fr\/wp-json\/wp\/v2\/product\/10396\/revisions\/18259"}],"wp:featuredmedia":[{"embeddable":true,"href":"https:\/\/www.mandellaistanbul.com\/fr\/wp-json\/wp\/v2\/media\/11928"}],"wp:attachment":[{"href":"https:\/\/www.mandellaistanbul.com\/fr\/wp-json\/wp\/v2\/media?parent=10396"}],"wp:term":[{"taxonomy":"product_brand","embeddable":true,"href":"https:\/\/www.mandellaistanbul.com\/fr\/wp-json\/wp\/v2\/product_brand?post=10396"},{"taxonomy":"product_cat","embeddable":true,"href":"https:\/\/www.mandellaistanbul.com\/fr\/wp-json\/wp\/v2\/product_cat?post=10396"},{"taxonomy":"product_tag","embeddable":true,"href":"https:\/\/www.mandellaistanbul.com\/fr\/wp-json\/wp\/v2\/product_tag?post=10396"}],"curies":[{"name":"wp","href":"https:\/\/api.w.org\/{rel}","templated":true}]}}