{"id":10395,"date":"2022-09-07T11:50:09","date_gmt":"2022-09-07T08:50:09","guid":{"rendered":"https:\/\/www.mandellaistanbul.com\/product\/chemise-noire-a-motif-de-roses\/"},"modified":"2024-10-15T20:31:58","modified_gmt":"2024-10-15T17:31:58","slug":"chemise-a-motifs-roses","status":"publish","type":"product","link":"https:\/\/www.mandellaistanbul.com\/fr\/produit\/chemise-a-motifs-roses\/","title":{"rendered":"Chemise \u00e0 motifs roses"},"content":{"rendered":"<h3>Chemise \u00e0 motifs roses : le symbole de l&#8217;\u00e9l\u00e9gance<\/h3>\n<h4>Collection de chemises \u00e0 motifs roses en gros de Mandella Istanbul<\/h4>\n<p>Mandella Istanbul est l\u00e0 avec sa collection de chemises en gros orn\u00e9e de motifs roses \u00e9l\u00e9gants et romantiques. Voici ce que vous devez savoir sur ces chemises qui attireront l&#8217;attention de vos clients commerciaux qui souhaitent ajouter \u00e9l\u00e9gance et sophistication \u00e0 vos vitrines :<\/p>\n<h3>Mod\u00e8les de chemises \u00e0 motifs roses<\/h3>\n<p>Mandella Istanbul propose une large gamme de mod\u00e8les de <a href=\"https:\/\/www.mandellaistanbul.com\/toptan-gomlek\/\">chemises toptan<\/a> \u00e0 motifs roses. Con\u00e7ues avec diff\u00e9rentes options de couleurs et de coupes, ces chemises plaisent \u00e0 tous les go\u00fbts et enrichissent les garde-robes. Con\u00e7ues avec des touches classiques et modernes, ces mod\u00e8les sont id\u00e9aux aussi bien pour un usage quotidien que pour des \u00e9v\u00e9nements sp\u00e9ciaux. Con\u00e7ues avec l&#8217;\u00e9l\u00e9gance et l&#8217;esth\u00e9tique des motifs roses, ces chemises mettent en valeur l&#8217;\u00e9l\u00e9gance et la gr\u00e2ce de chaque client. Ces chemises, qui augmentent la gamme de produits de votre magasin, sont un choix parfait pour les clients \u00e9l\u00e9gants.<\/p>\n<h3>Qualit\u00e9 et confort<\/h3>\n<p>En tant que Mandella Istanbul, nous accordons la priorit\u00e9 \u00e0 la qualit\u00e9 et \u00e0 la satisfaction du client dans chacun de nos produits. Nos chemises \u00e0 motifs roses sont le reflet de cette compr\u00e9hension. Fabriqu\u00e9es avec des tissus de haute qualit\u00e9 et une finition m\u00e9ticuleuse, ces chemises offrent une utilisation durable et confortable. Gr\u00e2ce aux tissus respirants et doux pour la peau, vos clients se sentent \u00e0 l&#8217;aise toute la journ\u00e9e. Ces chemises, faciles \u00e0 repasser et \u00e0 entretenir, offrent une utilisation pratique et sont id\u00e9ales pour vos clients qui souhaitent se pr\u00e9parer rapidement.<\/p>\n<h3>Prix des chemises \u00e0 motifs roses<\/h3>\n<p>Mandella Istanbul propose des chemises \u00e0 motifs roses \u00e0 des prix de gros abordables. Sans compromettre la qualit\u00e9, nous offrons \u00e0 nos clients commerciaux la possibilit\u00e9 de saisir l&#8217;\u00e9l\u00e9gance avec des options adapt\u00e9es \u00e0 leur budget. Vous pouvez trouver une large gamme dans notre collection \u00e0 diff\u00e9rentes gammes de prix et choisir les chemises qui conviennent le mieux au style de votre magasin. Vous pouvez acheter ces chemises \u00e9l\u00e9gantes \u00e0 des prix encore plus abordables avec des remises et des campagnes effectu\u00e9es pendant certaines p\u00e9riodes. Vous pouvez suivre r\u00e9guli\u00e8rement notre site Web pour les campagnes en cours et les offres sp\u00e9ciales.<\/p>\n<h3>Commandez maintenant<\/h3>\n<p>Vous pouvez apporter l&#8217;\u00e9l\u00e9gance et l&#8217;esth\u00e9tique des chemises \u00e0 motifs roses dans votre magasin en commandant imm\u00e9diatement des chemises en gros sur notre site Web. N&#8217;oubliez pas, ayez toujours une longueur d&#8217;avance avec Mandella Istanbul et offrez \u00e0 vos clients les meilleurs produits. Avec l&#8217;importance que nous attachons \u00e0 la satisfaction client, nous vous livrons vos commandes rapidement et en toute s\u00e9curit\u00e9. Renouvelez votre magasin et soyez toujours \u00e0 votre meilleur en achetant en gros chez Mandella Istanbul, o\u00f9 qualit\u00e9 et \u00e9l\u00e9gance se rencontrent !<\/p>\n<p>Chemise \u00e0 manches courtes 100 % coton.<br \/>\nNos produits sont vendus en s\u00e9rie. Il y a 5 produits dans 1 s\u00e9rie.<br \/>\nTailles des produits dans la s\u00e9rie<br \/>\n1 pi\u00e8ce (M) &#8211; 2 pi\u00e8ces ( L ) &#8211; 1 pi\u00e8ce (XL) &#8211; 1 pi\u00e8ce (XXL)<\/p>\n<p>Une facture sp\u00e9ciale sera \u00e9mise pour toutes vos commandes.<br \/>\nIl existe des frais d&#8217;exp\u00e9dition diff\u00e9rents pour chaque pays. Une fois la commande termin\u00e9e, les informations sur la cargaison vous seront envoy\u00e9es via Whatsapp.<\/p>\n","protected":false},"excerpt":{"rendered":"<p>1 Produit de s\u00e9rie. (5 PCS)<br \/>\nTailles : M L XL XXL<br \/>\nTissu utilis\u00e9 : 100% coton<br \/>\nVous ne pouvez commander que des s\u00e9ries. ( 5 pi\u00e8ces)<\/p>\n","protected":false},"featured_media":11922,"comment_status":"open","ping_status":"closed","template":"","meta":[],"product_brand":[],"product_cat":[142,177],"product_tag":[],"class_list":{"0":"post-10395","1":"product","2":"type-product","3":"status-publish","4":"has-post-thumbnail","6":"product_cat-vente-en-gros-chemises","7":"product_cat-chemise-a-manches-courtes","8":"pa_beden-l-fr","9":"pa_beden-m-fr","10":"pa_beden-xl-fr","11":"pa_beden-xxl-fr","13":"first","14":"outofstock","15":"taxable","16":"shipping-taxable","17":"purchasable","18":"product-type-simple"},"_links":{"self":[{"href":"https:\/\/www.mandellaistanbul.com\/fr\/wp-json\/wp\/v2\/product\/10395","targetHints":{"allow":["GET"]}}],"collection":[{"href":"https:\/\/www.mandellaistanbul.com\/fr\/wp-json\/wp\/v2\/product"}],"about":[{"href":"https:\/\/www.mandellaistanbul.com\/fr\/wp-json\/wp\/v2\/types\/product"}],"replies":[{"embeddable":true,"href":"https:\/\/www.mandellaistanbul.com\/fr\/wp-json\/wp\/v2\/comments?post=10395"}],"version-history":[{"count":2,"href":"https:\/\/www.mandellaistanbul.com\/fr\/wp-json\/wp\/v2\/product\/10395\/revisions"}],"predecessor-version":[{"id":18458,"href":"https:\/\/www.mandellaistanbul.com\/fr\/wp-json\/wp\/v2\/product\/10395\/revisions\/18458"}],"wp:featuredmedia":[{"embeddable":true,"href":"https:\/\/www.mandellaistanbul.com\/fr\/wp-json\/wp\/v2\/media\/11922"}],"wp:attachment":[{"href":"https:\/\/www.mandellaistanbul.com\/fr\/wp-json\/wp\/v2\/media?parent=10395"}],"wp:term":[{"taxonomy":"product_brand","embeddable":true,"href":"https:\/\/www.mandellaistanbul.com\/fr\/wp-json\/wp\/v2\/product_brand?post=10395"},{"taxonomy":"product_cat","embeddable":true,"href":"https:\/\/www.mandellaistanbul.com\/fr\/wp-json\/wp\/v2\/product_cat?post=10395"},{"taxonomy":"product_tag","embeddable":true,"href":"https:\/\/www.mandellaistanbul.com\/fr\/wp-json\/wp\/v2\/product_tag?post=10395"}],"curies":[{"name":"wp","href":"https:\/\/api.w.org\/{rel}","templated":true}]}}