{"id":10373,"date":"2022-09-07T11:50:10","date_gmt":"2022-09-07T08:50:10","guid":{"rendered":"https:\/\/www.mandellaistanbul.com\/product\/pocket-black-shirt-two-sided\/"},"modified":"2024-10-15T19:00:48","modified_gmt":"2024-10-15T16:00:48","slug":"chemise-blanche-a-rayures-noires-et-a-poches","status":"publish","type":"product","link":"https:\/\/www.mandellaistanbul.com\/fr\/produit\/chemise-blanche-a-rayures-noires-et-a-poches\/","title":{"rendered":"Chemise blanche \u00e0 rayures noires et \u00e0 poches"},"content":{"rendered":"<h3>Chemise blanche \u00e0 rayures noires et poche : la rencontre de l&#8217;\u00e9l\u00e9gance et du confort<\/h3>\n<h4>Collection de chemises blanches \u00e0 rayures noires et poche de Mandella Istanbul<\/h4>\n<p>Mandella Istanbul \u00e9l\u00e8ve votre style au plus haut niveau avec ses chemises blanches \u00e0 rayures noires et poche. Ces chemises, que vous pouvez pr\u00e9f\u00e9rer aussi bien au quotidien que pour les occasions sp\u00e9ciales, vous permettent d&#8217;atteindre le confort sans compromettre votre \u00e9l\u00e9gance. Voici ce que vous devez savoir sur la chemise blanche \u00e0 rayures noires et poche <a href=\"https:\/\/www.mandellaistanbul.com\/toptan-gomlek\/\">toptan<\/a> :<\/p>\n<h3>Mod\u00e8les de chemises blanches \u00e0 rayures noires et poche<\/h3>\n<p><strong>Diff\u00e9rents mod\u00e8les :<\/strong> les mod\u00e8les de chemises blanches \u00e0 rayures noires et poche de Mandella Istanbul plaisent \u00e0 tous les go\u00fbts avec diff\u00e9rents styles de col et options de coupe. Ces chemises, propos\u00e9es dans des coupes classiques, modernes, slim fit et regular fit, ajouteront un air sophistiqu\u00e9 \u00e0 votre garde-robe.<\/p>\n<p><strong>Tissus de qualit\u00e9 :<\/strong> Ces chemises sont fabriqu\u00e9es \u00e0 partir de tissus de qualit\u00e9 et durables. Elles offrent un confort tout au long de la journ\u00e9e gr\u00e2ce \u00e0 leur structure respirante et confortable. Combinant la fra\u00eecheur des rayures blanches et l&#8217;\u00e9l\u00e9gance des poches noires, ces chemises attireront l&#8217;attention dans n&#8217;importe quel environnement.<\/p>\n<h3>Chemise blanche \u00e0 rayures noires et poches<\/h3>\n<p><strong>Combinaisons \u00e9l\u00e9gantes :<\/strong> Les chemises blanches \u00e0 rayures noires et poches s&#8217;associent parfaitement \u00e0 tous les types de bas, des jeans aux pantalons en tissu. Elles peuvent \u00eatre utilis\u00e9es facilement dans des combinaisons d\u00e9contract\u00e9es ou sp\u00e9ciales. Ces chemises, qui font la diff\u00e9rence avec leurs lignes \u00e9l\u00e9gantes et leurs poches accrocheuses, compl\u00e8tent votre style.<\/p>\n<p><strong>Entretien facile :<\/strong> Nos chemises blanches \u00e0 rayures noires et poches sont faciles \u00e0 repasser et tr\u00e8s pratiques \u00e0 entretenir. Elles offrent une grande commodit\u00e9 dans les situations o\u00f9 vous devez vous pr\u00e9parer rapidement. Offrant \u00e0 la fois \u00e9l\u00e9gance et confort, ces chemises vous accompagneront \u00e0 chaque instant.<\/p>\n<h3>Chemise \u00e0 poche noire \u00e0 rayures blanches Prix<\/h3>\n<p><strong>Prix de gros abordables :<\/strong> Mandella Istanbul propose des chemises \u00e0 poche noire \u00e0 rayures blanches \u00e0 des prix de gros abordables. Nous vous offrons la possibilit\u00e9 d&#8217;atteindre l&#8217;\u00e9l\u00e9gance avec des options adapt\u00e9es \u00e0 votre budget sans compromettre la qualit\u00e9. Vous pouvez b\u00e9n\u00e9ficier de l&#8217;avantage du prix abordable lors de vos achats de chemises en gros.<\/p>\n<p><strong>Campagnes et remises :<\/strong> Nous proposons des prix encore plus avantageux avec des campagnes et des remises effectu\u00e9es \u00e0 certaines p\u00e9riodes sur les chemises \u00e0 poche noire \u00e0 rayures blanches. Vous pouvez suivre r\u00e9guli\u00e8rement notre site Web pour les campagnes en cours et les offres sp\u00e9ciales. Vous pouvez obtenir des produits de qualit\u00e9 \u00e0 des prix abordables avec Mandella Istanbul.<\/p>\n<h3>Qualit\u00e9 Mandella Istanbul<\/h3>\n<p>Mandella Istanbul accorde la priorit\u00e9 \u00e0 la qualit\u00e9 et \u00e0 la satisfaction du client dans chaque produit. Nos chemises \u00e0 poche noire \u00e0 rayures blanches sont le reflet de cette compr\u00e9hension. Ces chemises, produites avec des tissus soigneusement s\u00e9lectionn\u00e9s et une finition m\u00e9ticuleuse, offrent une utilisation durable et confortable. D\u00e9couvrez la qualit\u00e9 Mandella Istanbul dans vos commandes de chemises en gros et faites la diff\u00e9rence dans votre magasin.<\/p>\n<h3>Commandez maintenant<\/h3>\n<p>Vous pouvez apporter l&#8217;\u00e9l\u00e9gance et le style des chemises \u00e0 poches noires \u00e0 rayures blanches \u00e0 votre magasin en commandant imm\u00e9diatement des chemises en gros sur notre site Web. N&#8217;oubliez pas, ayez toujours une longueur d&#8217;avance avec Mandella Istanbul et offrez \u00e0 vos clients les meilleurs produits. Renouvelez votre magasin et soyez toujours \u00e0 votre meilleur en achetant en gros chez Mandella Istanbul, o\u00f9 qualit\u00e9 et style se rencontrent !<\/p>\n<p>Chemise \u00e0 manches courtes 100 % coton.<br \/>\nNos produits sont vendus en s\u00e9rie. Il y a 5 produits dans 1 s\u00e9rie.<br \/>\nTailles des produits dans la s\u00e9rie<br \/>\n1 pi\u00e8ce (M) &#8211; 2 pi\u00e8ces (L) &#8211; 1 pi\u00e8ce (XL) &#8211; 1 pi\u00e8ce (XXL)<\/p>\n<p>Une facture sp\u00e9ciale sera \u00e9mise pour toutes vos commandes.<br \/>\nIl existe des frais d&#8217;exp\u00e9dition diff\u00e9rents pour chaque pays. Une fois la commande termin\u00e9e, des informations sur la cargaison vous seront envoy\u00e9es via Whatsapp.<\/p>\n","protected":false},"excerpt":{"rendered":"<p>1 Produit de s\u00e9rie. (5 PCS)<br \/>\nTailles : M L XL XXL<br \/>\nTissu utilis\u00e9 : 100% coton<br \/>\nVous ne pouvez commander que des s\u00e9ries. ( 5 pi\u00e8ces)<\/p>\n","protected":false},"featured_media":11934,"comment_status":"open","ping_status":"closed","template":"","meta":[],"product_brand":[],"product_cat":[142,177,197],"product_tag":[],"class_list":{"0":"post-10373","1":"product","2":"type-product","3":"status-publish","4":"has-post-thumbnail","6":"product_cat-vente-en-gros-chemises","7":"product_cat-chemise-a-manches-courtes","8":"product_cat-chemises-a-poches","9":"pa_beden-l-fr","10":"pa_beden-m-fr","11":"pa_beden-xl-fr","12":"pa_beden-xxl-fr","14":"first","15":"outofstock","16":"taxable","17":"shipping-taxable","18":"purchasable","19":"product-type-simple"},"_links":{"self":[{"href":"https:\/\/www.mandellaistanbul.com\/fr\/wp-json\/wp\/v2\/product\/10373","targetHints":{"allow":["GET"]}}],"collection":[{"href":"https:\/\/www.mandellaistanbul.com\/fr\/wp-json\/wp\/v2\/product"}],"about":[{"href":"https:\/\/www.mandellaistanbul.com\/fr\/wp-json\/wp\/v2\/types\/product"}],"replies":[{"embeddable":true,"href":"https:\/\/www.mandellaistanbul.com\/fr\/wp-json\/wp\/v2\/comments?post=10373"}],"version-history":[{"count":3,"href":"https:\/\/www.mandellaistanbul.com\/fr\/wp-json\/wp\/v2\/product\/10373\/revisions"}],"predecessor-version":[{"id":18348,"href":"https:\/\/www.mandellaistanbul.com\/fr\/wp-json\/wp\/v2\/product\/10373\/revisions\/18348"}],"wp:featuredmedia":[{"embeddable":true,"href":"https:\/\/www.mandellaistanbul.com\/fr\/wp-json\/wp\/v2\/media\/11934"}],"wp:attachment":[{"href":"https:\/\/www.mandellaistanbul.com\/fr\/wp-json\/wp\/v2\/media?parent=10373"}],"wp:term":[{"taxonomy":"product_brand","embeddable":true,"href":"https:\/\/www.mandellaistanbul.com\/fr\/wp-json\/wp\/v2\/product_brand?post=10373"},{"taxonomy":"product_cat","embeddable":true,"href":"https:\/\/www.mandellaistanbul.com\/fr\/wp-json\/wp\/v2\/product_cat?post=10373"},{"taxonomy":"product_tag","embeddable":true,"href":"https:\/\/www.mandellaistanbul.com\/fr\/wp-json\/wp\/v2\/product_tag?post=10373"}],"curies":[{"name":"wp","href":"https:\/\/api.w.org\/{rel}","templated":true}]}}