{"id":16563,"date":"2024-07-06T16:41:39","date_gmt":"2024-07-06T13:41:39","guid":{"rendered":"https:\/\/www.mandellaistanbul.com\/product\/aslan-kafali-kisa-kollu-gomlek\/"},"modified":"2024-11-07T11:52:33","modified_gmt":"2024-11-07T08:52:33","slug":"aslan-kafali-kisa-kollu-gomlek","status":"publish","type":"product","link":"https:\/\/www.mandellaistanbul.com\/en\/product\/aslan-kafali-kisa-kollu-gomlek\/","title":{"rendered":"Aslan Kafal\u0131 K\u0131sa Kollu G\u00f6mlek"},"content":{"rendered":"<p>Mandella \u0130stanbul&#8217;un \u00c7ekici K\u0131sa Kollu G\u00f6mlek Modelleri.<br \/>\n %100 Pamuk K\u0131sa Kollu G\u00f6mlek.<br \/>\n \u00dcr\u00fcnlerimiz Serili olarak sat\u0131lmaktad\u0131r. 1 Seri i\u00e7erisinde 5 adet \u00fcr\u00fcn vard\u0131r.<br \/>\n Seri i\u00e7erisindeki \u00fcr\u00fcn bedenleri<br \/>\n 1 Adet (M) &#8211; 2 Adet ( L ) &#8211; 1 Adet (XL) &#8211; 1 Adet (XXL)<\/p>\n<p> T\u00fcm sipari\u015flerinizde size \u00f6zel fatura kesilecektir.<br \/>\n Her \u00fclke i\u00e7in farkl\u0131 nakliye \u00fccretleri vard\u0131r. Sipari\u015f tamamland\u0131ktan sonra Kargo ile ilgili bilgiler Whatsapp \u00fczerinden taraf\u0131n\u0131za iletilecektir.<\/p>\n","protected":false},"excerpt":{"rendered":"<p>1 Seri \u00fcr\u00fcn. (5 ADET)<br \/>\n Bedenleri: M L XL XXL<br \/>\n Kullan\u0131lan Kuma\u015f : %100 Pamuk<br \/>\n Sadece Serili olarak sipari\u015f verebilirsiniz. ( 5 Adet)<\/p>\n","protected":false},"featured_media":16334,"comment_status":"open","ping_status":"closed","template":"","meta":[],"product_brand":[],"product_cat":[141,179],"product_tag":[],"class_list":{"0":"post-16563","1":"product","2":"type-product","3":"status-publish","4":"has-post-thumbnail","6":"product_cat-wholesale-shirts","7":"product_cat-short-sleeve-shirt","8":"pa_beden-l","9":"pa_beden-m-en","10":"pa_beden-xl-en","11":"pa_beden-xxl-en","13":"first","14":"instock","15":"taxable","16":"shipping-taxable","17":"purchasable","18":"product-type-simple"},"_links":{"self":[{"href":"https:\/\/www.mandellaistanbul.com\/en\/wp-json\/wp\/v2\/product\/16563","targetHints":{"allow":["GET"]}}],"collection":[{"href":"https:\/\/www.mandellaistanbul.com\/en\/wp-json\/wp\/v2\/product"}],"about":[{"href":"https:\/\/www.mandellaistanbul.com\/en\/wp-json\/wp\/v2\/types\/product"}],"replies":[{"embeddable":true,"href":"https:\/\/www.mandellaistanbul.com\/en\/wp-json\/wp\/v2\/comments?post=16563"}],"version-history":[{"count":1,"href":"https:\/\/www.mandellaistanbul.com\/en\/wp-json\/wp\/v2\/product\/16563\/revisions"}],"predecessor-version":[{"id":17162,"href":"https:\/\/www.mandellaistanbul.com\/en\/wp-json\/wp\/v2\/product\/16563\/revisions\/17162"}],"wp:featuredmedia":[{"embeddable":true,"href":"https:\/\/www.mandellaistanbul.com\/en\/wp-json\/wp\/v2\/media\/16334"}],"wp:attachment":[{"href":"https:\/\/www.mandellaistanbul.com\/en\/wp-json\/wp\/v2\/media?parent=16563"}],"wp:term":[{"taxonomy":"product_brand","embeddable":true,"href":"https:\/\/www.mandellaistanbul.com\/en\/wp-json\/wp\/v2\/product_brand?post=16563"},{"taxonomy":"product_cat","embeddable":true,"href":"https:\/\/www.mandellaistanbul.com\/en\/wp-json\/wp\/v2\/product_cat?post=16563"},{"taxonomy":"product_tag","embeddable":true,"href":"https:\/\/www.mandellaistanbul.com\/en\/wp-json\/wp\/v2\/product_tag?post=16563"}],"curies":[{"name":"wp","href":"https:\/\/api.w.org\/{rel}","templated":true}]}}