{"id":7702,"date":"2017-02-09T14:09:06","date_gmt":"2017-02-09T11:09:06","guid":{"rendered":"https:\/\/www.mandellaistanbul.com\/communication\/"},"modified":"2024-05-23T16:00:27","modified_gmt":"2024-05-23T13:00:27","slug":"contact","status":"publish","type":"page","link":"https:\/\/www.mandellaistanbul.com\/en\/contact\/","title":{"rendered":"Contact"},"content":{"rendered":"\t\t<div data-elementor-type=\"wp-page\" data-elementor-id=\"7702\" class=\"elementor elementor-7702 elementor-1478\">\n\t\t\t\t\t\t<section class=\"elementor-section elementor-top-section elementor-element elementor-element-8459445 elementor-section-boxed elementor-section-height-default elementor-section-height-default\" data-id=\"8459445\" data-element_type=\"section\" data-settings=\"{&quot;background_background&quot;:&quot;classic&quot;}\">\n\t\t\t\t\t\t<div class=\"elementor-container elementor-column-gap-default\">\n\t\t\t\t\t<div class=\"elementor-column elementor-col-20 elementor-top-column elementor-element elementor-element-8459abb\" data-id=\"8459abb\" data-element_type=\"column\">\n\t\t\t<div class=\"elementor-widget-wrap elementor-element-populated\">\n\t\t\t\t\t\t<div class=\"elementor-element elementor-element-8459f1c elementor-widget__width-initial elementor-widget elementor-widget-stm_icon_box\" data-id=\"8459f1c\" data-element_type=\"widget\" data-widget_type=\"stm_icon_box.default\">\n\t\t\t\t<div class=\"elementor-widget-container\">\n\t\t\t\t\t\n\n    <div class=\"icon_box  elementor-consulting-icon-box style_3 clearfix\">\n    <div class=\"icon_box_inner\">\n                    <div class=\"icon  font-color_default border-color_third\"><i\n                        style=\"font-size:16px;  line-height: 48px; \"\n                        class=\"stm-phone_13_2\"><\/i><\/div>\n                            <div class=\"icon_text\">\n                <p style=\"font-weight: 400; letter-spacing: -0.40px;\">Whatsapp Support Line<br \/><a href=\"https:\/\/api.whatsapp.com\/send?phone=905323949235&amp;text=Hello,%20I%20am%20writing%20via%20www.mandellaistanbul.com.%20Can%20you%20help%20me?\" target=\"_blank\" rel=\"noreferrer noopener\"><span class=\"color_15\">+90 532 394 92 35<\/span><\/a><\/p>\n            <\/div>\n            <\/div>\n    <\/div>\n\t\t\t\t<\/div>\n\t\t\t\t<\/div>\n\t\t\t\t\t<\/div>\n\t\t<\/div>\n\t\t\t\t<div class=\"elementor-column elementor-col-20 elementor-top-column elementor-element elementor-element-845a6af\" data-id=\"845a6af\" data-element_type=\"column\">\n\t\t\t<div class=\"elementor-widget-wrap elementor-element-populated\">\n\t\t\t\t\t\t<div class=\"elementor-element elementor-element-845abc2 elementor-widget__width-initial elementor-widget elementor-widget-stm_icon_box\" data-id=\"845abc2\" data-element_type=\"widget\" data-widget_type=\"stm_icon_box.default\">\n\t\t\t\t<div class=\"elementor-widget-container\">\n\t\t\t\t\t\n\n    <div class=\"icon_box  elementor-consulting-icon-box style_3 clearfix\">\n    <div class=\"icon_box_inner\">\n                    <div class=\"icon  font-color_default border-color_third\"><i\n                        style=\"font-size:16px;  line-height: 48px; \"\n                        class=\"far fa-clock\"><\/i><\/div>\n                            <div class=\"icon_text\">\n                <p style=\"font-weight: 400; letter-spacing: -0.40px;\">Monday - Friday: <br \/>08:00 - 19:00<br \/>Saturday: <br \/>09:00 - 19:00<\/p>\n            <\/div>\n            <\/div>\n    <\/div>\n\t\t\t\t<\/div>\n\t\t\t\t<\/div>\n\t\t\t\t\t<\/div>\n\t\t<\/div>\n\t\t\t\t<div class=\"elementor-column elementor-col-20 elementor-top-column elementor-element elementor-element-845adae\" data-id=\"845adae\" data-element_type=\"column\">\n\t\t\t<div class=\"elementor-widget-wrap elementor-element-populated\">\n\t\t\t\t\t\t<div class=\"elementor-element elementor-element-845b2b6 elementor-widget elementor-widget-stm_icon_box\" data-id=\"845b2b6\" data-element_type=\"widget\" data-widget_type=\"stm_icon_box.default\">\n\t\t\t\t<div class=\"elementor-widget-container\">\n\t\t\t\t\t\n\n    <div class=\"icon_box  elementor-consulting-icon-box style_3 clearfix\">\n    <div class=\"icon_box_inner\">\n                    <div class=\"icon  font-color_default border-color_third\"><i\n                        style=\"font-size:16px;  line-height: 48px; \"\n                        class=\"stm-marker\"><\/i><\/div>\n                            <div class=\"icon_text\">\n                <p><a href=\"https:\/\/maps.app.goo.gl\/YpHziV4RGFiEY8qZA\" target=\"_blank\" rel=\"noopener\">Aksaray Neighborhood, K\u00fc\u00e7\u00fck Langa Street, No:35\/A Fatih\/Istanbul<\/a><\/p>\n            <\/div>\n            <\/div>\n    <\/div>\n\t\t\t\t<\/div>\n\t\t\t\t<\/div>\n\t\t\t\t\t<\/div>\n\t\t<\/div>\n\t\t\t\t<div class=\"elementor-column elementor-col-20 elementor-top-column elementor-element elementor-element-efa6e93\" data-id=\"efa6e93\" data-element_type=\"column\">\n\t\t\t<div class=\"elementor-widget-wrap elementor-element-populated\">\n\t\t\t\t\t\t<div class=\"elementor-element elementor-element-d8f9fcd elementor-widget elementor-widget-stm_icon_box\" data-id=\"d8f9fcd\" data-element_type=\"widget\" data-widget_type=\"stm_icon_box.default\">\n\t\t\t\t<div class=\"elementor-widget-container\">\n\t\t\t\t\t\n\n    <div class=\"icon_box  elementor-consulting-icon-box style_3 clearfix\">\n    <div class=\"icon_box_inner\">\n                    <div class=\"icon  font-color_default border-color_third\"><i\n                        style=\"font-size:16px;  line-height: 48px; \"\n                        class=\"stm-marker\"><\/i><\/div>\n                            <div class=\"icon_text\">\n                <p class=\"font_8\"><a href=\"https:\/\/maps.app.goo.gl\/SxgktV8wwpK99CVe9\" target=\"_blank\" rel=\"noopener\">Aksaray Neighborhood, Valide Mosque Street, No:24\/A, Fatih\/Istanbul<\/a><\/p>\n            <\/div>\n            <\/div>\n    <\/div>\n\t\t\t\t<\/div>\n\t\t\t\t<\/div>\n\t\t\t\t\t<\/div>\n\t\t<\/div>\n\t\t\t\t<div class=\"elementor-column elementor-col-20 elementor-top-column elementor-element elementor-element-c13aa57\" data-id=\"c13aa57\" data-element_type=\"column\">\n\t\t\t<div class=\"elementor-widget-wrap elementor-element-populated\">\n\t\t\t\t\t\t<div class=\"elementor-element elementor-element-67b8827 elementor-widget elementor-widget-stm_icon_box\" data-id=\"67b8827\" data-element_type=\"widget\" data-widget_type=\"stm_icon_box.default\">\n\t\t\t\t<div class=\"elementor-widget-container\">\n\t\t\t\t\t\n\n    <div class=\"icon_box  elementor-consulting-icon-box style_3 clearfix\">\n    <div class=\"icon_box_inner\">\n                    <div class=\"icon  font-color_default border-color_third\"><i\n                        style=\"font-size:16px;  line-height: 48px; \"\n                        class=\"stm-marker\"><\/i><\/div>\n                            <div class=\"icon_text\">\n                <p class=\"font_8\"><a href=\"https:\/\/maps.app.goo.gl\/PgF1G6u5JsCrkdMq8\" target=\"_blank\" rel=\"noopener\">29 Nnamdi Azikwe Street Tinubu Square Gbode Plaza No:28 (2nd floor) Mandilas, Lagos, Nijerya<\/a><\/p>\n            <\/div>\n            <\/div>\n    <\/div>\n\t\t\t\t<\/div>\n\t\t\t\t<\/div>\n\t\t\t\t\t<\/div>\n\t\t<\/div>\n\t\t\t\t\t<\/div>\n\t\t<\/section>\n\t\t\t\t<section class=\"elementor-section elementor-top-section elementor-element elementor-element-60e2b37 elementor-section-full_width elementor-section-height-default elementor-section-height-default\" data-id=\"60e2b37\" data-element_type=\"section\">\n\t\t\t\t\t\t<div class=\"elementor-container elementor-column-gap-default\">\n\t\t\t\t\t<div class=\"elementor-column elementor-col-100 elementor-top-column elementor-element elementor-element-7913ccc\" data-id=\"7913ccc\" data-element_type=\"column\">\n\t\t\t<div class=\"elementor-widget-wrap elementor-element-populated\">\n\t\t\t\t\t\t<div class=\"elementor-element elementor-element-5ee0e5d elementor-widget elementor-widget-google_maps\" data-id=\"5ee0e5d\" data-element_type=\"widget\" data-widget_type=\"google_maps.default\">\n\t\t\t\t<div class=\"elementor-widget-container\">\n\t\t\t\t\t\t\t<div class=\"elementor-custom-embed\">\n\t\t\t<iframe loading=\"lazy\"\n\t\t\t\t\tsrc=\"https:\/\/maps.google.com\/maps?q=MANDELLA%20%C4%B0STANBUL&#038;t=m&#038;z=10&#038;output=embed&#038;iwloc=near\"\n\t\t\t\t\ttitle=\"MANDELLA \u0130STANBUL\"\n\t\t\t\t\taria-label=\"MANDELLA \u0130STANBUL\"\n\t\t\t><\/iframe>\n\t\t<\/div>\n\t\t\t\t\t\t<\/div>\n\t\t\t\t<\/div>\n\t\t\t\t\t<\/div>\n\t\t<\/div>\n\t\t\t\t\t<\/div>\n\t\t<\/section>\n\t\t\t\t<section class=\"elementor-section elementor-top-section elementor-element elementor-element-62e0615 elementor-section-boxed elementor-section-height-default elementor-section-height-default\" data-id=\"62e0615\" data-element_type=\"section\">\n\t\t\t\t\t\t<div class=\"elementor-container elementor-column-gap-default\">\n\t\t\t\t\t<div class=\"elementor-column elementor-col-100 elementor-top-column elementor-element elementor-element-e0ebc4d\" data-id=\"e0ebc4d\" data-element_type=\"column\">\n\t\t\t<div class=\"elementor-widget-wrap elementor-element-populated\">\n\t\t\t\t\t\t<div class=\"elementor-element elementor-element-7bcff9f elementor-button-align-stretch elementor-widget elementor-widget-form\" data-id=\"7bcff9f\" data-element_type=\"widget\" data-settings=\"{&quot;button_width&quot;:&quot;25&quot;,&quot;step_next_label&quot;:&quot;Next&quot;,&quot;step_previous_label&quot;:&quot;Previous&quot;,&quot;step_type&quot;:&quot;number_text&quot;,&quot;step_icon_shape&quot;:&quot;circle&quot;}\" data-widget_type=\"form.default\">\n\t\t\t\t<div class=\"elementor-widget-container\">\n\t\t\t\t\t\t\t<form class=\"elementor-form\" method=\"post\" name=\"Contact Form\">\n\t\t\t<input type=\"hidden\" name=\"post_id\" value=\"7702\"\/>\n\t\t\t<input type=\"hidden\" name=\"form_id\" value=\"7bcff9f\"\/>\n\t\t\t<input type=\"hidden\" name=\"referer_title\" value=\"\" \/>\n\n\t\t\t\n\t\t\t<div class=\"elementor-form-fields-wrapper elementor-labels-above\">\n\t\t\t\t\t\t\t\t<div class=\"elementor-field-type-text elementor-field-group elementor-column elementor-field-group-name elementor-col-25 elementor-field-required\">\n\t\t\t\t\t\t\t\t\t\t\t\t\t<input size=\"1\" type=\"text\" name=\"form_fields[name]\" id=\"form-field-name\" class=\"elementor-field elementor-size-sm  elementor-field-textual\" placeholder=\"Name\" required=\"required\" aria-required=\"true\">\n\t\t\t\t\t\t\t\t\t\t\t<\/div>\n\t\t\t\t\t\t\t\t<div class=\"elementor-field-type-email elementor-field-group elementor-column elementor-field-group-email elementor-col-25 elementor-field-required\">\n\t\t\t\t\t\t\t\t\t\t\t\t\t<input size=\"1\" type=\"email\" name=\"form_fields[email]\" id=\"form-field-email\" class=\"elementor-field elementor-size-sm  elementor-field-textual\" placeholder=\"E-Mail\" required=\"required\" aria-required=\"true\">\n\t\t\t\t\t\t\t\t\t\t\t<\/div>\n\t\t\t\t\t\t\t\t<div class=\"elementor-field-type-text elementor-field-group elementor-column elementor-field-group-message elementor-col-25 elementor-field-required\">\n\t\t\t\t\t\t\t\t\t\t\t\t\t<input size=\"1\" type=\"text\" name=\"form_fields[message]\" id=\"form-field-message\" class=\"elementor-field elementor-size-sm  elementor-field-textual\" placeholder=\"Message\" required=\"required\" aria-required=\"true\">\n\t\t\t\t\t\t\t\t\t\t\t<\/div>\n\t\t\t\t\t\t\t\t<div class=\"elementor-field-group elementor-column elementor-field-type-submit elementor-col-25 e-form__buttons\">\n\t\t\t\t\t<button type=\"submit\" class=\"elementor-button elementor-size-sm\">\n\t\t\t\t\t\t<span >\n\t\t\t\t\t\t\t\t\t\t\t\t\t\t\t<span class=\"elementor-align-icon-left elementor-button-icon\">\n\t\t\t\t\t\t\t\t\t<svg aria-hidden=\"true\" class=\"e-font-icon-svg e-fab-telegram-plane\" viewBox=\"0 0 448 512\" xmlns=\"http:\/\/www.w3.org\/2000\/svg\"><path d=\"M446.7 98.6l-67.6 318.8c-5.1 22.5-18.4 28.1-37.3 17.5l-103-75.9-49.7 47.8c-5.5 5.5-10.1 10.1-20.7 10.1l7.4-104.9 190.9-172.5c8.3-7.4-1.8-11.5-12.9-4.1L117.8 284 16.2 252.2c-22.1-6.9-22.5-22.1 4.6-32.7L418.2 66.4c18.4-6.9 34.5 4.1 28.5 32.2z\"><\/path><\/svg>\t\t\t\t\t\t\t\t\t\t\t\t\t\t\t\t\t<\/span>\n\t\t\t\t\t\t\t\t\t\t\t\t\t\t\t\t\t\t\t\t\t\t<span class=\"elementor-button-text\">Send<\/span>\n\t\t\t\t\t\t\t\t\t\t\t\t\t<\/span>\n\t\t\t\t\t<\/button>\n\t\t\t\t<\/div>\n\t\t\t<\/div>\n\t\t<\/form>\n\t\t\t\t\t\t<\/div>\n\t\t\t\t<\/div>\n\t\t\t\t\t<\/div>\n\t\t<\/div>\n\t\t\t\t\t<\/div>\n\t\t<\/section>\n\t\t\t\t<\/div>\n\t\t","protected":false},"excerpt":{"rendered":"<p>Whatsapp Support Line+90 532 394 92 35 Monday &#8211; Friday: 08:00 &#8211; 19:00Saturday: 09:00 &#8211; 19:00 Aksaray Neighborhood, K\u00fc\u00e7\u00fck Langa Street, No:35\/A Fatih\/Istanbul Aksaray Neighborhood, Valide Mosque Street, No:24\/A, Fatih\/Istanbul 29 Nnamdi Azikwe Street Tinubu Square Gbode Plaza No:28 (2nd floor) Mandilas, Lagos, Nijerya<\/p>\n","protected":false},"author":1,"featured_media":0,"parent":0,"menu_order":0,"comment_status":"closed","ping_status":"closed","template":"","meta":{"footnotes":""},"class_list":["post-7702","page","type-page","status-publish","hentry"],"_links":{"self":[{"href":"https:\/\/www.mandellaistanbul.com\/en\/wp-json\/wp\/v2\/pages\/7702","targetHints":{"allow":["GET"]}}],"collection":[{"href":"https:\/\/www.mandellaistanbul.com\/en\/wp-json\/wp\/v2\/pages"}],"about":[{"href":"https:\/\/www.mandellaistanbul.com\/en\/wp-json\/wp\/v2\/types\/page"}],"author":[{"embeddable":true,"href":"https:\/\/www.mandellaistanbul.com\/en\/wp-json\/wp\/v2\/users\/1"}],"replies":[{"embeddable":true,"href":"https:\/\/www.mandellaistanbul.com\/en\/wp-json\/wp\/v2\/comments?post=7702"}],"version-history":[{"count":6,"href":"https:\/\/www.mandellaistanbul.com\/en\/wp-json\/wp\/v2\/pages\/7702\/revisions"}],"predecessor-version":[{"id":15569,"href":"https:\/\/www.mandellaistanbul.com\/en\/wp-json\/wp\/v2\/pages\/7702\/revisions\/15569"}],"wp:attachment":[{"href":"https:\/\/www.mandellaistanbul.com\/en\/wp-json\/wp\/v2\/media?parent=7702"}],"curies":[{"name":"wp","href":"https:\/\/api.w.org\/{rel}","templated":true}]}}